{"id":7463,"date":"2025-09-02T23:33:20","date_gmt":"2025-09-02T21:33:20","guid":{"rendered":"https:\/\/blogsaverroes.juntadeandalucia.es\/ceippicasso\/?page_id=7463"},"modified":"2025-11-05T23:09:43","modified_gmt":"2025-11-05T22:09:43","slug":"equipo-docente-25-26","status":"publish","type":"page","link":"https:\/\/blogsaverroes.juntadeandalucia.es\/ceippicasso\/equipo-docente-25-26\/","title":{"rendered":"Equipo Docente (25-26)"},"content":{"rendered":"<!--themify_builder_content-->\n<div id=\"themify_builder_content-7463\" data-postid=\"7463\" class=\"themify_builder_content themify_builder_content-7463 themify_builder tf_clear\">\n                    <div  data-lazy=\"1\" class=\"module_row themify_builder_row tb_ul7t243 tb_first tf_w\">\n                        <div class=\"row_inner col_align_top tb_col_count_1 tf_box tf_rel\">\n                        <div  data-lazy=\"1\" class=\"module_column tb-column col-full tb_b27h094 first\">\n                            <div  data-lazy=\"1\" class=\"module_subrow themify_builder_sub_row tf_w col_align_top tb_col_count_1 tb_pnae110\">\n                <div  data-lazy=\"1\" class=\"module_column sub_column col-full tb_5g8w300 first\">\n                    <!-- module text -->\n<div  class=\"module module-text tb_dgjv624   \" data-lazy=\"1\">\n        <div  class=\"tb_text_wrap\">\n        <table style=\"border-collapse: collapse;width: 100%\">\n<tbody>\n<tr>\n<td style=\"width: 100%\">\n<h3 style=\"text-align: center;vertical-align: center\">EQUIPO DIRECTIVO<\/h3>\n<\/td>\n<\/tr>\n<\/tbody>\n<\/table>    <\/div>\n<\/div>\n<!-- \/module text -->        <\/div>\n                    <\/div>\n                <\/div>\n                        <\/div>\n        <\/div>\n                        <div  data-lazy=\"1\" class=\"module_row themify_builder_row tb_ei1g484 tf_w\">\n                        <div class=\"row_inner col_align_top tb_col_count_3 tf_box tf_rel\">\n                        <div  data-lazy=\"1\" class=\"module_column tb-column col3-1 tb_r495200 first\">\n                    <!-- module text -->\n<div  class=\"module module-text tb_nn9z404   \" data-lazy=\"1\">\n        <div  class=\"tb_text_wrap\">\n        <h3 style=\"text-align: center\">DIRECCI\u00d3N<\/h3>\n<p style=\"text-align: center\"><span style=\"color: #000000\">D\u00f1a. Estefan\u00eda Pozo D\u00edaz<\/span><\/p>    <\/div>\n<\/div>\n<!-- \/module text -->        <\/div>\n                    <div  data-lazy=\"1\" class=\"module_column tb-column col3-1 tb_4h55820\">\n                    <!-- module text -->\n<div  class=\"module module-text tb_eh0j560   \" data-lazy=\"1\">\n        <div  class=\"tb_text_wrap\">\n        <h3 style=\"text-align: center\">JEFATURA DE ESTUDIOS<\/h3>\n<p style=\"text-align: center\"><span style=\"color: #000000\">D. Daniel Paz Aguilar<\/span><\/p>    <\/div>\n<\/div>\n<!-- \/module text -->        <\/div>\n                    <div  data-lazy=\"1\" class=\"module_column tb-column col3-1 tb_b7fz640 last\">\n                    <!-- module text -->\n<div  class=\"module module-text tb_xrt7464   \" data-lazy=\"1\">\n        <div  class=\"tb_text_wrap\">\n        <h3 style=\"text-align: center\">SECRETAR\u00cdA<\/h3>\n<p style=\"text-align: center\"><span style=\"color: #000000\">D. Juan Jos\u00e9 T\u00e9llez Bernal<\/span><\/p>    <\/div>\n<\/div>\n<!-- \/module text -->        <\/div>\n                        <\/div>\n        <\/div>\n                        <div  data-lazy=\"1\" class=\"module_row themify_builder_row tb_0s2y268 tf_w\">\n                        <div class=\"row_inner col_align_top tb_col_count_1 tf_box tf_rel\">\n                        <div  data-lazy=\"1\" class=\"module_column tb-column col-full tb_9xd0720 first\">\n                    <!-- module text -->\n<div  class=\"module module-text tb_ro4a472   \" data-lazy=\"1\">\n        <div  class=\"tb_text_wrap\">\n        <table style=\"border-collapse: collapse;width: 100%\">\n<tbody>\n<tr>\n<td style=\"width: 100%\">\n<h3 style=\"text-align: center;vertical-align: center\">TUTOR\u00cdAS &#8211; 2025\/2026<\/h3>\n<\/td>\n<\/tr>\n<\/tbody>\n<\/table>    <\/div>\n<\/div>\n<!-- \/module text --><!-- module divider -->\n<div  class=\"module tf_mw module-divider tb_ervj744 solid   \" style=\"border-width: 1px;border-color: #000000;\" data-lazy=\"1\">\n    <\/div>\n<!-- \/module divider -->\n        <\/div>\n                        <\/div>\n        <\/div>\n                        <div  data-lazy=\"1\" class=\"module_row themify_builder_row tb_79l3220 tf_w\">\n                        <div class=\"row_inner col_align_top tb_col_count_2 tf_box tf_rel\">\n                        <div  data-lazy=\"1\" class=\"module_column tb-column tb_gey4400 first\">\n                    <!-- module text -->\n<div  class=\"module module-text tb_k45g680   \" data-lazy=\"1\">\n        <div  class=\"tb_text_wrap\">\n        <h3 style=\"text-align: center\">INFANTIL<\/h3>\n<ul>\n<li style=\"text-align: left\"><span style=\"color: #000000\"><strong>3 a\u00f1os A<\/strong>: D\u00f1a. Mabel Dur\u00e1n Vidal<\/span><\/li>\n<li style=\"text-align: left\"><strong style=\"color: #000000\">3 a\u00f1os B<\/strong><span style=\"color: #000000\">: D\u00f1a. Nuria Rodr\u00edguez Benede<\/span><\/li>\n<li style=\"text-align: left\"><span style=\"color: #000000\"><strong>4 a\u00f1os A<\/strong>: D\u00f1a. Aloha Chac\u00f3n Lago<\/span><\/li>\n<li style=\"text-align: left\"><strong style=\"color: #000000\">4 a\u00f1os B<\/strong><span style=\"color: #000000\">: D\u00f1a. Desir\u00e9e Pozo D\u00edaz<\/span><\/li>\n<li style=\"text-align: left\"><strong style=\"color: #000000\">5 a\u00f1os A<\/strong><span style=\"color: #000000\">: D\u00f1a. Lydia G\u00f3mez Moreno<\/span><\/li>\n<li style=\"text-align: left\"><span style=\"color: #000000\"><strong>5 a\u00f1os B<\/strong>: D\u00f1a. Gloria Corrales Guisado<\/span><\/li>\n<\/ul>    <\/div>\n<\/div>\n<!-- \/module text --><!-- module divider -->\n<div  class=\"module tf_mw module-divider tb_opk6600 solid   \" style=\"border-width: 1px;border-color: #000000;\" data-lazy=\"1\">\n    <\/div>\n<!-- \/module divider -->\n<!-- module text -->\n<div  class=\"module module-text tb_gs14808   \" data-lazy=\"1\">\n        <div  class=\"tb_text_wrap\">\n        <h3 style=\"text-align: center\">AULA TEA<\/h3>\n<ul>\n<li style=\"text-align: left\"><span style=\"color: #000000\"><strong>Aula TEA<\/strong>: D\u00f1a. Alba Garc\u00eda Santoyo<\/span><\/li>\n<\/ul>    <\/div>\n<\/div>\n<!-- \/module text -->        <\/div>\n                    <div  data-lazy=\"1\" class=\"module_column tb-column tb_1krd040 last\">\n                    <!-- module text -->\n<div  class=\"module module-text tb_dhy4004   \" data-lazy=\"1\">\n        <div  class=\"tb_text_wrap\">\n        <h3 style=\"text-align: center\">PRIMARIA<\/h3>\n<ul>\n<li style=\"text-align: left\"><span style=\"color: #000000\"><strong>1\u00baA<\/strong>: D\u00f1a. Cristina B\u00e9jar Rodr\u00edguez<\/span><\/li>\n<li style=\"text-align: left\"><span style=\"color: #000000\"><strong>1\u00baB<\/strong>: D\u00f1a. Patricia Vico Arboledas<\/span><\/li>\n<li style=\"text-align: left\"><span style=\"color: #000000\"><strong>2\u00baA<\/strong>: D\u00f1a. Fina Quir\u00f3s S\u00e1nchez<\/span><\/li>\n<li style=\"text-align: left\"><strong style=\"color: #000000\">2\u00baB<\/strong><span style=\"color: #000000\">: D\u00f1a. Bego\u00f1a L\u00f3pez Santos<\/span><\/li>\n<li style=\"text-align: left\"><span style=\"color: #000000\"><strong>3\u00baA<\/strong>: D\u00f1a. Susana Reina P\u00e9rez<\/span><\/li>\n<li style=\"text-align: left\"><span style=\"color: #000000\"><strong>3\u00baB<\/strong>: D. Eduardo Rom\u00e1n Jaramillo<\/span><\/li>\n<li style=\"text-align: left\"><span style=\"color: #000000\"><strong>4\u00baA<\/strong>: D. Alejandro Vargas Alba<\/span><\/li>\n<li><span style=\"color: #000000\"><strong>4\u00baB<\/strong>: D\u00f1a. Almudena Vargas Alba<\/span><\/li>\n<li><span style=\"color: #000000\"><strong>5\u00baA<\/strong>: D. Daniel Paz Aguilar<\/span><\/li>\n<li><strong style=\"color: #000000\">5\u00baB<\/strong><span style=\"color: #000000\">: D\u00f1a. Marga Castell\u00f3n Narv\u00e1ez<\/span><\/li>\n<li><span style=\"color: #000000\"><strong>6\u00baA<\/strong>: D. Carlos Aguirre Carrascosa<\/span><\/li>\n<li><span style=\"color: #000000\"><strong>6\u00baB<\/strong>: D\u00f1a. Yolanda Baraja Reyes<\/span><\/li>\n<\/ul>    <\/div>\n<\/div>\n<!-- \/module text -->        <\/div>\n                        <\/div>\n        <\/div>\n                        <div  data-lazy=\"1\" class=\"module_row themify_builder_row tb_6vnf006 tf_w\">\n                        <div class=\"row_inner col_align_top tb_col_count_1 tf_box tf_rel\">\n                        <div  data-lazy=\"1\" class=\"module_column tb-column col-full tb_p9xx002 first\">\n                    <!-- module text -->\n<div  class=\"module module-text tb_qv0a602   \" data-lazy=\"1\">\n        <div  class=\"tb_text_wrap\">\n        <table style=\"border-collapse: collapse;width: 100%\">\n<tbody>\n<tr>\n<td style=\"width: 100%\">\n<h3 style=\"text-align: center;vertical-align: center\">ESPECIALISTAS Y ATENCI\u00d3N A LA DIVERSIDAD<\/h3>\n<\/td>\n<\/tr>\n<\/tbody>\n<\/table>    <\/div>\n<\/div>\n<!-- \/module text -->        <\/div>\n                        <\/div>\n        <\/div>\n                        <div  data-lazy=\"1\" class=\"module_row themify_builder_row tb_lpqd609 tf_w\">\n                        <div class=\"row_inner col_align_top tb_col_count_3 tf_box tf_rel\">\n                        <div  data-lazy=\"1\" class=\"module_column tb-column col3-1 tb_zvi8407 first\">\n                    <!-- module text -->\n<div  class=\"module module-text tb_ed4j019   \" data-lazy=\"1\">\n        <div  class=\"tb_text_wrap\">\n        <h3 style=\"text-align: center\">ESPECIALISTAS<\/h3>\n<ul>\n<li style=\"text-align: left\"><span style=\"color: #000000\"><strong>Educaci\u00f3n F\u00edsica<\/strong>:<\/span>\n<ul>\n<li><span style=\"color: #000000\">D. Juan Jos\u00e9 T\u00e9llez Bernal<\/span><\/li>\n<li><span style=\"color: #000000\">D\u00f1a. Alba Pliego Sevilla<\/span><\/li>\n<\/ul>\n<\/li>\n<li style=\"text-align: left\"><span style=\"color: #000000\"><strong>Ingl\u00e9s<\/strong>:<\/span><br>\n<ul>\n<li><span style=\"color: #000000\">D\u00f1a. Fina Quir\u00f3s S\u00e1nchez<\/span><\/li>\n<li><span style=\"color: #000000\">D\u00f1a. Almudena Vargas Alba<\/span><\/li>\n<li><span style=\"color: #000000\">D. Alejandro Vargas Alba<\/span><\/li>\n<\/ul>\n<\/li>\n<li><span style=\"color: #000000\"><strong>Franc\u00e9s<\/strong>:\u00a0<\/span>\n<ul>\n<li><span style=\"color: #000000\">D\u00f1a. Patricia Vico Arboledas<\/span><\/li>\n<\/ul>\n<\/li>\n<li><span style=\"color: #000000\"><strong>M\u00fasica<\/strong>:<\/span>\n<ul>\n<li><span style=\"color: #000000\">D. Eduardo Rom\u00e1n Jaramillo<\/span><\/li>\n<\/ul>\n<\/li>\n<li><span style=\"color: #000000\"><strong>Religi\u00f3n<\/strong>:<\/span>\n<ul>\n<li><span style=\"color: #000000\">D\u00f1a. Almudena Orozco Morata<\/span><\/li>\n<li><span style=\"color: #000000\">D\u00f1a. A\u00edda Torres Lima<\/span><\/li>\n<\/ul>\n<\/li>\n<\/ul>    <\/div>\n<\/div>\n<!-- \/module text -->        <\/div>\n                    <div  data-lazy=\"1\" class=\"module_column tb-column col3-1 tb_vuuj212\">\n                    <!-- module text -->\n<div  class=\"module module-text tb_nrd7246   \" data-lazy=\"1\">\n        <div  class=\"tb_text_wrap\">\n        <h3 style=\"text-align: center\">ATENCI\u00d3N A LA DIVERSIDAD<\/h3>\n<ul>\n<li><span style=\"color: #000000\"><strong>Pedagog\u00eda Terap\u00e9utica<\/strong>:<\/span>\n<ul>\n<li><span style=\"color: #000000\">D\u00f1a. Estefan\u00eda Pozo D\u00edaz<\/span><\/li>\n<li><span style=\"color: #000000\">D\u00f1a. Almudena Perales Reyes<\/span><\/li>\n<li><span style=\"color: #000000\">D\u00f1a. Alba Garc\u00eda Santoyo<\/span><\/li>\n<li><span style=\"color: #000000\">D\u00f1a. Rosa Mac\u00edas Aparicio <strong>(PROA +)<\/strong><\/span><\/li>\n<li><span style=\"color: #000000\">D. Miguel \u00c1ngel Gonz\u00e1lez Siles <strong>(+ Incl)<\/strong><\/span><\/li>\n<\/ul>\n<\/li>\n<li style=\"text-align: left\"><span style=\"color: #000000\"><strong>Audici\u00f3n y Lenguaje<\/strong>:<\/span>\n<ul>\n<li><span style=\"color: #000000\">D. Javier Ruiz Ruiz<\/span><\/li>\n<\/ul>\n<\/li>\n<li><span style=\"color: #000000\"><strong>PTIS<\/strong>:<\/span>\n<ul>\n<li><span style=\"color: #000000\">D\u00f1a. Isabel Palma Medina<\/span><\/li>\n<li><span style=\"color: #000000\">D\u00f1a. Mar\u00eda del Carmen Troya Gerena<\/span><\/li>\n<\/ul>\n<\/li>\n<li><span style=\"color: #000000\"><strong>Orientadora<\/strong>:\u00a0<\/span>\n<ul>\n<li><span style=\"color: #000000\">D\u00f1a. Noelia S\u00e1nchez Conde.<\/span><\/li>\n<li><span style=\"color: #000000\">D\u00f1a. Marta Romero Jaramillo.<\/span><\/li>\n<\/ul>\n<\/li>\n<\/ul>    <\/div>\n<\/div>\n<!-- \/module text -->        <\/div>\n                    <div  data-lazy=\"1\" class=\"module_column tb-column col3-1 tb_719o990 last\">\n                    <!-- module text -->\n<div  class=\"module module-text tb_us9g220   \" data-lazy=\"1\">\n        <div  class=\"tb_text_wrap\">\n        <h3 style=\"text-align: center\">APOYO Y REFUERZO<\/h3>\n<ul>\n<li><span style=\"color: #000000\"><strong>Infantil<\/strong>:<\/span>\n<ul>\n<li><span style=\"color: #000000\">D\u00f1a. Yolanda Chac\u00f3n Fern\u00e1ndez<\/span><\/li>\n<\/ul>\n<\/li>\n<li style=\"text-align: left\"><span style=\"color: #000000\"><strong>Primaria<\/strong>:<\/span>\n<ul>\n<li><span style=\"color: #000000\">D. Fco. Javier Fontana Barrionuevo<\/span><\/li>\n<\/ul>\n<\/li>\n<li><span style=\"color: #000000\"><strong>Primaria<\/strong> (Competencia Matem\u00e1tica)<\/span>\n<ul>\n<li><span style=\"color: #000000\">D. Miguel \u00c1ngel Albertos Cazallas<\/span><\/li>\n<\/ul>\n<\/li>\n<\/ul>    <\/div>\n<\/div>\n<!-- \/module text -->        <\/div>\n                        <\/div>\n        <\/div>\n        <\/div>\n<!--\/themify_builder_content-->&nbsp;<\/p>","protected":false},"excerpt":{"rendered":"<p>EQUIPO DIRECTIVO DIRECCI\u00d3N D\u00f1a. Estefan\u00eda Pozo D\u00edaz JEFATURA DE ESTUDIOS D. Daniel Paz Aguilar SECRETAR\u00cdA D. Juan Jos\u00e9 T\u00e9llez Bernal TUTOR\u00cdAS &#8211; 2025\/2026 INFANTIL 3 a\u00f1os A: D\u00f1a. Mabel Dur\u00e1n Vidal 3 a\u00f1os B: D\u00f1a. Nuria Rodr\u00edguez Benede 4 a\u00f1os A: D\u00f1a. Aloha Chac\u00f3n Lago 4 a\u00f1os B: D\u00f1a. Desir\u00e9e Pozo D\u00edaz 5 a\u00f1os A: [&hellip;]<\/p>\n","protected":false},"author":11887,"featured_media":0,"parent":0,"menu_order":0,"comment_status":"closed","ping_status":"closed","template":"","meta":{"ngg_post_thumbnail":0,"footnotes":"","_mc_calendar":[]},"aioseo_notices":[],"post_mailing_queue_ids":[],"_links":{"self":[{"href":"https:\/\/blogsaverroes.juntadeandalucia.es\/ceippicasso\/wp-json\/wp\/v2\/pages\/7463"}],"collection":[{"href":"https:\/\/blogsaverroes.juntadeandalucia.es\/ceippicasso\/wp-json\/wp\/v2\/pages"}],"about":[{"href":"https:\/\/blogsaverroes.juntadeandalucia.es\/ceippicasso\/wp-json\/wp\/v2\/types\/page"}],"author":[{"embeddable":true,"href":"https:\/\/blogsaverroes.juntadeandalucia.es\/ceippicasso\/wp-json\/wp\/v2\/users\/11887"}],"replies":[{"embeddable":true,"href":"https:\/\/blogsaverroes.juntadeandalucia.es\/ceippicasso\/wp-json\/wp\/v2\/comments?post=7463"}],"version-history":[{"count":17,"href":"https:\/\/blogsaverroes.juntadeandalucia.es\/ceippicasso\/wp-json\/wp\/v2\/pages\/7463\/revisions"}],"predecessor-version":[{"id":7497,"href":"https:\/\/blogsaverroes.juntadeandalucia.es\/ceippicasso\/wp-json\/wp\/v2\/pages\/7463\/revisions\/7497"}],"wp:attachment":[{"href":"https:\/\/blogsaverroes.juntadeandalucia.es\/ceippicasso\/wp-json\/wp\/v2\/media?parent=7463"}],"curies":[{"name":"wp","href":"https:\/\/api.w.org\/{rel}","templated":true}]}}