{"id":64,"date":"2020-01-09T11:41:42","date_gmt":"2020-01-09T10:41:42","guid":{"rendered":"http:\/\/blogsaverroes.juntadeandalucia.es\/pre\/nuevoceipv2\/?page_id=64"},"modified":"2026-01-09T17:28:23","modified_gmt":"2026-01-09T16:28:23","slug":"biblioteca","status":"publish","type":"page","link":"https:\/\/blogsaverroes.juntadeandalucia.es\/ceippintorcristobalruiz\/biblioteca\/","title":{"rendered":"Biblioteca"},"content":{"rendered":"<p>El plan de Fomento a la Lectura y Desarrollo de la Comprensi\u00f3n Lectora se instaur\u00f3 en nuestro colegio en el curso 2004 \u20132005 dentro de&nbsp; Proyecto lector y de fomento de bibliotecas de la Consejer\u00eda de Educaci\u00f3n. Su objetivo principal es motivar a nuestros alumnos para que encuentren la lectura como un medio de entretenimiento y aprendizaje y mejorar su comprensi\u00f3n lectora a trav\u00e9s de una metodolog\u00eda activa y participativa que contar\u00e1 con todos los medios al alcance del centro.<\/p>\n<p>Contamos con un equipo de dos docentes responsables de dinamizar el funcionamiento de nuestra biblioteca escolar, siendo el horario de pr\u00e9stamo de libros el siguiente:<\/p>\n<p><a href=\"https:\/\/drive.google.com\/file\/d\/1bLmOztVXCXruBTakxFqyKuob7BrS4ryp\/view?usp=sharing\"><img loading=\"lazy\" decoding=\"async\" class=\"aligncenter size-medium wp-image-1318\" src=\"https:\/\/blogsaverroes.juntadeandalucia.es\/ceippintorcristobalruiz\/files\/2026\/01\/1-300x197.png\" alt=\"\" width=\"300\" height=\"197\"><\/a><\/p>\n<p>Y el horario de uso de la misma el que encontr\u00e1is aqu\u00ed:<\/p>\n<p style=\"text-align: center\"><a href=\"https:\/\/drive.google.com\/file\/d\/1HQb_Nhm4HnBqwqF_2kPQ94jVqkpg_V0Q\/view?usp=sharing\"><img loading=\"lazy\" decoding=\"async\" class=\"aligncenter size-medium wp-image-1317\" src=\"https:\/\/blogsaverroes.juntadeandalucia.es\/ceippintorcristobalruiz\/files\/2026\/01\/2-300x192.png\" alt=\"\" width=\"300\" height=\"192\"><\/a><\/p>\n","protected":false},"excerpt":{"rendered":"<p>El plan de Fomento a la Lectura y Desarrollo de la Comprensi\u00f3n Lectora se instaur\u00f3 en nuestro colegio en el curso 2004 \u20132005 dentro de&nbsp; Proyecto lector y de fomento de bibliotecas de la Consejer\u00eda de Educaci\u00f3n. Su objetivo principal es motivar a nuestros alumnos para que encuentren la lectura como un medio de entretenimiento [&hellip;]<\/p>\n","protected":false},"author":7051,"featured_media":0,"parent":0,"menu_order":0,"comment_status":"closed","ping_status":"closed","template":"","meta":{"_et_pb_use_builder":"off","_et_pb_old_content":"","_et_gb_content_width":"","ngg_post_thumbnail":0,"footnotes":""},"aioseo_notices":[],"_links":{"self":[{"href":"https:\/\/blogsaverroes.juntadeandalucia.es\/ceippintorcristobalruiz\/wp-json\/wp\/v2\/pages\/64"}],"collection":[{"href":"https:\/\/blogsaverroes.juntadeandalucia.es\/ceippintorcristobalruiz\/wp-json\/wp\/v2\/pages"}],"about":[{"href":"https:\/\/blogsaverroes.juntadeandalucia.es\/ceippintorcristobalruiz\/wp-json\/wp\/v2\/types\/page"}],"author":[{"embeddable":true,"href":"https:\/\/blogsaverroes.juntadeandalucia.es\/ceippintorcristobalruiz\/wp-json\/wp\/v2\/users\/7051"}],"replies":[{"embeddable":true,"href":"https:\/\/blogsaverroes.juntadeandalucia.es\/ceippintorcristobalruiz\/wp-json\/wp\/v2\/comments?post=64"}],"version-history":[{"count":6,"href":"https:\/\/blogsaverroes.juntadeandalucia.es\/ceippintorcristobalruiz\/wp-json\/wp\/v2\/pages\/64\/revisions"}],"predecessor-version":[{"id":1319,"href":"https:\/\/blogsaverroes.juntadeandalucia.es\/ceippintorcristobalruiz\/wp-json\/wp\/v2\/pages\/64\/revisions\/1319"}],"wp:attachment":[{"href":"https:\/\/blogsaverroes.juntadeandalucia.es\/ceippintorcristobalruiz\/wp-json\/wp\/v2\/media?parent=64"}],"curies":[{"name":"wp","href":"https:\/\/api.w.org\/{rel}","templated":true}]}}