{"id":840,"date":"2020-12-18T08:38:52","date_gmt":"2020-12-18T07:38:52","guid":{"rendered":"https:\/\/blogsaverroes.juntadeandalucia.es\/pre\/plantilla-pencil\/?page_id=840"},"modified":"2025-12-24T12:14:12","modified_gmt":"2025-12-24T11:14:12","slug":"ampa","status":"publish","type":"page","link":"https:\/\/blogsaverroes.juntadeandalucia.es\/ceippintorcristobalruiz\/ampa\/","title":{"rendered":"AMPA"},"content":{"rendered":"<p data-start=\"254\" data-end=\"451\">La Asociaci\u00f3n de Madres y Padres del Alumnado <strong data-start=\"300\" data-end=\"318\">AMPA El Pintor<\/strong> del CEIP Pintor Crist\u00f3bal Ruiz es un espacio de participaci\u00f3n, colaboraci\u00f3n y apoyo a toda la comunidad educativa de nuestro centro.<\/p>\n<p data-start=\"453\" data-end=\"786\">Nuestro principal objetivo es <strong data-start=\"483\" data-end=\"566\">contribuir a la mejora de la educaci\u00f3n y el bienestar de nuestros hijos e hijas<\/strong>, colaborando activamente con el profesorado, el equipo directivo y el propio alumnado. Creemos firmemente que la implicaci\u00f3n de las familias es fundamental para construir una escuela m\u00e1s cercana, inclusiva y de calidad.<\/p>\n<p data-start=\"788\" data-end=\"818\">Desde el AMPA trabajamos para:<\/p>\n<ul data-start=\"819\" data-end=\"1200\">\n<li data-start=\"819\" data-end=\"898\">\n<p data-start=\"821\" data-end=\"898\">Apoyar y complementar las actividades educativas y extraescolares del centro.<\/p>\n<\/li>\n<li data-start=\"899\" data-end=\"962\">\n<p data-start=\"901\" data-end=\"962\">Fomentar la participaci\u00f3n de las familias en la vida escolar.<\/p>\n<\/li>\n<li data-start=\"963\" data-end=\"1043\">\n<p data-start=\"965\" data-end=\"1043\">Colaborar en la organizaci\u00f3n de actividades culturales, deportivas y festivas.<\/p>\n<\/li>\n<li data-start=\"1044\" data-end=\"1118\">\n<p data-start=\"1046\" data-end=\"1118\">Canalizar las inquietudes y propuestas de las familias hacia el colegio.<\/p>\n<\/li>\n<li data-start=\"1119\" data-end=\"1200\">\n<p data-start=\"1121\" data-end=\"1200\">Promover valores como el respeto, la convivencia, la igualdad y la solidaridad.<\/p>\n<\/li>\n<\/ul>\n<p data-start=\"1202\" data-end=\"1411\">El AMPA <em data-start=\"1210\" data-end=\"1221\">El Pintor<\/em> est\u00e1 abierta a todas las familias del centro. <strong data-start=\"1268\" data-end=\"1302\">Vuestra participaci\u00f3n es clave<\/strong>: cuantas m\u00e1s personas formemos parte, m\u00e1s ideas, recursos y apoyo podremos aportar a nuestros ni\u00f1os y ni\u00f1as.<\/p>\n<p data-start=\"1413\" data-end=\"1585\">Os animamos a colaborar, participar y formar parte activa de esta asociaci\u00f3n, porque <strong data-start=\"1498\" data-end=\"1532\">educar es una tarea compartida<\/strong> y juntos hacemos crecer nuestra comunidad educativa.<\/p>\n<p data-start=\"1413\" data-end=\"1585\">Pod\u00e9is encontrarnos en Facebook pulsando <a href=\"https:\/\/www.facebook.com\/profile.php?id=100006878140595&amp;locale=es_ES\">aqu\u00ed<\/a>.<\/p>\n","protected":false},"excerpt":{"rendered":"<p>La Asociaci\u00f3n de Madres y Padres del Alumnado AMPA El Pintor del CEIP Pintor Crist\u00f3bal Ruiz es un espacio de participaci\u00f3n, colaboraci\u00f3n y apoyo a toda la comunidad educativa de nuestro centro. Nuestro principal objetivo es contribuir a la mejora de la educaci\u00f3n y el bienestar de nuestros hijos e hijas, colaborando activamente con el [&hellip;]<\/p>\n","protected":false},"author":7051,"featured_media":0,"parent":0,"menu_order":0,"comment_status":"closed","ping_status":"closed","template":"","meta":{"_et_pb_use_builder":"off","_et_pb_old_content":"","_et_gb_content_width":"","ngg_post_thumbnail":0,"footnotes":""},"aioseo_notices":[],"_links":{"self":[{"href":"https:\/\/blogsaverroes.juntadeandalucia.es\/ceippintorcristobalruiz\/wp-json\/wp\/v2\/pages\/840"}],"collection":[{"href":"https:\/\/blogsaverroes.juntadeandalucia.es\/ceippintorcristobalruiz\/wp-json\/wp\/v2\/pages"}],"about":[{"href":"https:\/\/blogsaverroes.juntadeandalucia.es\/ceippintorcristobalruiz\/wp-json\/wp\/v2\/types\/page"}],"author":[{"embeddable":true,"href":"https:\/\/blogsaverroes.juntadeandalucia.es\/ceippintorcristobalruiz\/wp-json\/wp\/v2\/users\/7051"}],"replies":[{"embeddable":true,"href":"https:\/\/blogsaverroes.juntadeandalucia.es\/ceippintorcristobalruiz\/wp-json\/wp\/v2\/comments?post=840"}],"version-history":[{"count":3,"href":"https:\/\/blogsaverroes.juntadeandalucia.es\/ceippintorcristobalruiz\/wp-json\/wp\/v2\/pages\/840\/revisions"}],"predecessor-version":[{"id":1313,"href":"https:\/\/blogsaverroes.juntadeandalucia.es\/ceippintorcristobalruiz\/wp-json\/wp\/v2\/pages\/840\/revisions\/1313"}],"wp:attachment":[{"href":"https:\/\/blogsaverroes.juntadeandalucia.es\/ceippintorcristobalruiz\/wp-json\/wp\/v2\/media?parent=840"}],"curies":[{"name":"wp","href":"https:\/\/api.w.org\/{rel}","templated":true}]}}