{"id":850,"date":"2020-12-18T08:41:27","date_gmt":"2020-12-18T07:41:27","guid":{"rendered":"https:\/\/blogsaverroes.juntadeandalucia.es\/pre\/plantilla-pencil\/?page_id=850"},"modified":"2025-12-24T11:43:43","modified_gmt":"2025-12-24T10:43:43","slug":"planes-y-proyectos","status":"publish","type":"page","link":"https:\/\/blogsaverroes.juntadeandalucia.es\/ceippintorcristobalruiz\/planes-y-proyectos\/","title":{"rendered":"Planes y Proyectos"},"content":{"rendered":"<p>Nuestro centro cuenta con numerosos planes y proyectos, entre los que podemos destacar los siguientes:<\/p>\n<ul>\n<li><span style=\"color: #339966\">Plan de apertura de centros docentes.&nbsp;<\/span><\/li>\n<li><span style=\"color: #339966\">Plan de Salud Laboral y P.R.L.&nbsp;<\/span><\/li>\n<li><span style=\"color: #339966\">Transformaci\u00f3n digital educativa.<\/span><\/li>\n<li><span style=\"color: #339966\">Escuela 4.0. Steam.<\/span><\/li>\n<li><span style=\"color: #339966\">PROA.&nbsp;<\/span><\/li>\n<li><span style=\"color: #339966\">M\u00e1s deporte.&nbsp;<\/span><\/li>\n<li><span style=\"color: #339966\">Red Andaluza Escuela: Espacio de Paz.&nbsp;<\/span><\/li>\n<li><span style=\"color: #339966\">Bibliotecas escolares.&nbsp;<\/span><\/li>\n<li><span style=\"color: #339966\">Programa de centro biling\u00fce &#8211; Ingl\u00e9s.&nbsp;<\/span><\/li>\n<li><span style=\"color: #339966\">Plan de igualdad de g\u00e9nero en educaci\u00f3n de Andaluc\u00eda.&nbsp;<\/span><\/li>\n<li><span style=\"color: #339966\">Bienestar Emocional.&nbsp;<\/span><\/li>\n<li><span style=\"color: #339966\">Programa Escolar de Consumo de Fruta, hortalizas y leche.&nbsp;<\/span><\/li>\n<li><span style=\"color: #339966\">COMUNICA.<\/span><\/li>\n<li><span style=\"color: #339966\">H\u00e1bitos de vida saludable.<\/span><\/li>\n<li><span style=\"color: #339966\">Plan Director.<\/span><\/li>\n<li><span style=\"color: #339966\">Pacto de Estado: Prevenci\u00f3n de la violencia de g\u00e9nero.<\/span><\/li>\n<li><span style=\"color: #339966\">Practicum Grado Maestro.<\/span><\/li>\n<li><span style=\"color: #339966\">Stars &#8220;Sustainable Travel Accerditation and Recognition for Schools&#8221;.<\/span><\/li>\n<\/ul>\n<p>&nbsp;<\/p>\n<p>Para un mayor detalle, pod\u00e9is remitiros a nuestro Plan de Centro, documento que recoge las intenciones, propuestas y concreciones en relaci\u00f3n a la autonom\u00eda pedag\u00f3gica y de gesti\u00f3n de nuestro colegio. Para acceder al mismo pulse <a href=\"https:\/\/drive.google.com\/file\/d\/11pwgReWWUlQ2o2No7iRPo1JoK69Rd19J\/view?usp=sharing\">aqu\u00ed<\/a>.<a href=\"https:\/\/drive.google.com\/file\/d\/1_gACS7KKKTKuNRNFoaOnlUC2H7djox2j\/view?usp=sharing\"><br \/>\n<img loading=\"lazy\" decoding=\"async\" class=\"size-medium wp-image-962 aligncenter\" src=\"https:\/\/blogsaverroes.juntadeandalucia.es\/ceippintorcristobalruiz\/files\/2021\/03\/Logo-del-Centro-sin-fondo-blanco-287x300.png\" alt=\"Pulsa en nuestro logo para acceder a nuestro Plan de Centro\" width=\"287\" height=\"300\"><\/a>&nbsp;<\/p>\n<p>&nbsp;<\/p>\n<p>&nbsp;<\/p>\n<p>&nbsp;<\/p>\n","protected":false},"excerpt":{"rendered":"<p>Nuestro centro cuenta con numerosos planes y proyectos, entre los que podemos destacar los siguientes: Plan de apertura de centros docentes.&nbsp; Plan de Salud Laboral y P.R.L.&nbsp; Transformaci\u00f3n digital educativa. Escuela 4.0. Steam. PROA.&nbsp; M\u00e1s deporte.&nbsp; Red Andaluza Escuela: Espacio de Paz.&nbsp; Bibliotecas escolares.&nbsp; Programa de centro biling\u00fce &#8211; Ingl\u00e9s.&nbsp; Plan de igualdad de g\u00e9nero [&hellip;]<\/p>\n","protected":false},"author":7051,"featured_media":0,"parent":0,"menu_order":0,"comment_status":"closed","ping_status":"closed","template":"","meta":{"_et_pb_use_builder":"off","_et_pb_old_content":"","_et_gb_content_width":"","ngg_post_thumbnail":0,"footnotes":""},"aioseo_notices":[],"_links":{"self":[{"href":"https:\/\/blogsaverroes.juntadeandalucia.es\/ceippintorcristobalruiz\/wp-json\/wp\/v2\/pages\/850"}],"collection":[{"href":"https:\/\/blogsaverroes.juntadeandalucia.es\/ceippintorcristobalruiz\/wp-json\/wp\/v2\/pages"}],"about":[{"href":"https:\/\/blogsaverroes.juntadeandalucia.es\/ceippintorcristobalruiz\/wp-json\/wp\/v2\/types\/page"}],"author":[{"embeddable":true,"href":"https:\/\/blogsaverroes.juntadeandalucia.es\/ceippintorcristobalruiz\/wp-json\/wp\/v2\/users\/7051"}],"replies":[{"embeddable":true,"href":"https:\/\/blogsaverroes.juntadeandalucia.es\/ceippintorcristobalruiz\/wp-json\/wp\/v2\/comments?post=850"}],"version-history":[{"count":16,"href":"https:\/\/blogsaverroes.juntadeandalucia.es\/ceippintorcristobalruiz\/wp-json\/wp\/v2\/pages\/850\/revisions"}],"predecessor-version":[{"id":1300,"href":"https:\/\/blogsaverroes.juntadeandalucia.es\/ceippintorcristobalruiz\/wp-json\/wp\/v2\/pages\/850\/revisions\/1300"}],"wp:attachment":[{"href":"https:\/\/blogsaverroes.juntadeandalucia.es\/ceippintorcristobalruiz\/wp-json\/wp\/v2\/media?parent=850"}],"curies":[{"name":"wp","href":"https:\/\/api.w.org\/{rel}","templated":true}]}}