{"id":867,"date":"2020-12-18T08:55:13","date_gmt":"2020-12-18T07:55:13","guid":{"rendered":"https:\/\/blogsaverroes.juntadeandalucia.es\/pre\/plantilla-pencil\/?page_id=867"},"modified":"2023-01-26T11:41:01","modified_gmt":"2023-01-26T10:41:01","slug":"bilinguismo","status":"publish","type":"page","link":"https:\/\/blogsaverroes.juntadeandalucia.es\/ceippintorcristobalruiz\/bilinguismo\/","title":{"rendered":"Biling\u00fcismo"},"content":{"rendered":"<p>[et_pb_section fb_built=&#8221;1&#8243; _builder_version=&#8221;3.23.3&#8243; custom_padding=&#8221;0px||0px|&#8221; z_index_tablet=&#8221;500&#8243; box_shadow_horizontal_tablet=&#8221;0px&#8221; box_shadow_vertical_tablet=&#8221;0px&#8221; box_shadow_blur_tablet=&#8221;40px&#8221; box_shadow_spread_tablet=&#8221;0px&#8221; global_colors_info=&#8221;{}&#8221;][et_pb_row _builder_version=&#8221;3.25&#8243; background_size=&#8221;initial&#8221; background_position=&#8221;top_left&#8221; background_repeat=&#8221;repeat&#8221; global_colors_info=&#8221;{}&#8221;][et_pb_column type=&#8221;4_4&#8243; _builder_version=&#8221;3.25&#8243; custom_padding=&#8221;|||&#8221; global_colors_info=&#8221;{}&#8221; custom_padding__hover=&#8221;|||&#8221;][et_pb_image src=&#8221;https:\/\/blogsaverroes.juntadeandalucia.es\/ceippintorcristobalruiz\/files\/2020\/01\/cabecera-interior-4.jpg&#8221; title_text=&#8221;cabecera-interior-4&#8243; admin_label=&#8221;Imagen de la portada&#8221; _builder_version=&#8221;4.5.0&#8243; z_index_tablet=&#8221;500&#8243; box_shadow_horizontal_tablet=&#8221;0px&#8221; box_shadow_vertical_tablet=&#8221;0px&#8221; box_shadow_blur_tablet=&#8221;40px&#8221; box_shadow_spread_tablet=&#8221;0px&#8221; global_colors_info=&#8221;{}&#8221;][\/et_pb_image][et_pb_text admin_label=&#8221;Texto descriptivo&#8221; _builder_version=&#8221;4.14.5&#8243; z_index_tablet=&#8221;500&#8243; text_text_shadow_horizontal_length_tablet=&#8221;0px&#8221; text_text_shadow_vertical_length_tablet=&#8221;0px&#8221; text_text_shadow_blur_strength_tablet=&#8221;1px&#8221; link_text_shadow_horizontal_length_tablet=&#8221;0px&#8221; link_text_shadow_vertical_length_tablet=&#8221;0px&#8221; link_text_shadow_blur_strength_tablet=&#8221;1px&#8221; ul_text_shadow_horizontal_length_tablet=&#8221;0px&#8221; ul_text_shadow_vertical_length_tablet=&#8221;0px&#8221; ul_text_shadow_blur_strength_tablet=&#8221;1px&#8221; ol_text_shadow_horizontal_length_tablet=&#8221;0px&#8221; ol_text_shadow_vertical_length_tablet=&#8221;0px&#8221; ol_text_shadow_blur_strength_tablet=&#8221;1px&#8221; quote_text_shadow_horizontal_length_tablet=&#8221;0px&#8221; quote_text_shadow_vertical_length_tablet=&#8221;0px&#8221; quote_text_shadow_blur_strength_tablet=&#8221;1px&#8221; header_text_shadow_horizontal_length_tablet=&#8221;0px&#8221; header_text_shadow_vertical_length_tablet=&#8221;0px&#8221; header_text_shadow_blur_strength_tablet=&#8221;1px&#8221; header_2_text_shadow_horizontal_length_tablet=&#8221;0px&#8221; header_2_text_shadow_vertical_length_tablet=&#8221;0px&#8221; header_2_text_shadow_blur_strength_tablet=&#8221;1px&#8221; header_3_text_shadow_horizontal_length_tablet=&#8221;0px&#8221; header_3_text_shadow_vertical_length_tablet=&#8221;0px&#8221; header_3_text_shadow_blur_strength_tablet=&#8221;1px&#8221; header_4_text_shadow_horizontal_length_tablet=&#8221;0px&#8221; header_4_text_shadow_vertical_length_tablet=&#8221;0px&#8221; header_4_text_shadow_blur_strength_tablet=&#8221;1px&#8221; header_5_text_shadow_horizontal_length_tablet=&#8221;0px&#8221; header_5_text_shadow_vertical_length_tablet=&#8221;0px&#8221; header_5_text_shadow_blur_strength_tablet=&#8221;1px&#8221; header_6_text_shadow_horizontal_length_tablet=&#8221;0px&#8221; header_6_text_shadow_vertical_length_tablet=&#8221;0px&#8221; header_6_text_shadow_blur_strength_tablet=&#8221;1px&#8221; box_shadow_horizontal_tablet=&#8221;0px&#8221; box_shadow_vertical_tablet=&#8221;0px&#8221; box_shadow_blur_tablet=&#8221;40px&#8221; box_shadow_spread_tablet=&#8221;0px&#8221; global_colors_info=&#8221;{}&#8221;]<\/p>\n<h2>Biling\u00fcismo<\/h2>\n<p>La sociedad actual responde a una realidad pluriling\u00fce e intercultural en la que conviven pueblos de distintas culturas que hablan lenguas diversas.<\/p>\n<p>Today&#8217;s society responds to a multilingual and intercultural reality in which people from different cultures and speaking different languages coexist.<\/p>\n<p>Esta afirmaci\u00f3n es especialmente relevante en el contexto en el que se enmarca nuestro centro, donde gran parte de la poblaci\u00f3n procede de otros pa\u00edses (muchas de las familias son en su totalidad de procedencia extranjera o mixta, es decir, uno de los progenitores es de otro pa\u00eds y\/o habla otro idioma) siendo el uso de una e incluso varias lenguas extranjeras algo cotidiano para buena parte de nuestro alumnado y sus familias.<\/p>\n<p>This statement is especially relevant in the context of our school, where a large part of the population comes from other countries (many of the families are of foreign or mixed origin, i.e., one of the parents is from another country and\/or speaks another language) and the use of one or even several foreign languages is a daily occurrence for a large part of our students and their families.<\/p>\n<p>Es por ello, que el desarrollo del Plan Biling\u00fce adquiere en este contexto una gran relevancia, puesto que el conocimiento de una o varias lenguas capacita al alumnado para desenvolverse en la actual sociedad del conocimiento, caracterizada por ser diversa y cambiante. Supone una herramienta fundamental para el desarrollo afectivo, social y profesional.<\/p>\n<p>That is why the development of the Bilingual Plan acquires great relevance in this context, since the knowledge of one or more languages enables students to function in today&#8217;s knowledge society, characterized by its diversity and changeability. It is a fundamental tool for affective, social and professional development.<\/p>\n<p>Os dejamos aqu\u00ed enlaces a documentos de inter\u00e9s que tienen relaci\u00f3n con este proyecto:<\/p>\n<p>We leave here links to documents of interest related to this project:<\/p>\n<blockquote>\n<p>&#8211; <a href=\"https:\/\/drive.google.com\/file\/d\/1osQioYBwi3YoiATLJpJg0Efqty_xKyzK\/view?usp=sharing\">Information Sheet for LANGUAGE Assistants.<\/a><\/p>\n<\/blockquote>\n<p>&nbsp;<\/p>\n<p>[\/et_pb_text][\/et_pb_column][\/et_pb_row][\/et_pb_section]<\/p>\n","protected":false},"excerpt":{"rendered":"<p>Biling\u00fcismo La sociedad actual responde a una realidad pluriling\u00fce e intercultural en la que conviven pueblos de distintas culturas que hablan lenguas diversas. Today&#8217;s society responds to a multilingual and intercultural reality in which people from different cultures and speaking different languages coexist. Esta afirmaci\u00f3n es especialmente relevante en el contexto en el que se [&hellip;]<\/p>\n","protected":false},"author":7051,"featured_media":0,"parent":0,"menu_order":0,"comment_status":"closed","ping_status":"closed","template":"","meta":{"_et_pb_use_builder":"on","_et_pb_old_content":"","_et_gb_content_width":"","ngg_post_thumbnail":0,"footnotes":""},"aioseo_notices":[],"_links":{"self":[{"href":"https:\/\/blogsaverroes.juntadeandalucia.es\/ceippintorcristobalruiz\/wp-json\/wp\/v2\/pages\/867"}],"collection":[{"href":"https:\/\/blogsaverroes.juntadeandalucia.es\/ceippintorcristobalruiz\/wp-json\/wp\/v2\/pages"}],"about":[{"href":"https:\/\/blogsaverroes.juntadeandalucia.es\/ceippintorcristobalruiz\/wp-json\/wp\/v2\/types\/page"}],"author":[{"embeddable":true,"href":"https:\/\/blogsaverroes.juntadeandalucia.es\/ceippintorcristobalruiz\/wp-json\/wp\/v2\/users\/7051"}],"replies":[{"embeddable":true,"href":"https:\/\/blogsaverroes.juntadeandalucia.es\/ceippintorcristobalruiz\/wp-json\/wp\/v2\/comments?post=867"}],"version-history":[{"count":5,"href":"https:\/\/blogsaverroes.juntadeandalucia.es\/ceippintorcristobalruiz\/wp-json\/wp\/v2\/pages\/867\/revisions"}],"predecessor-version":[{"id":1167,"href":"https:\/\/blogsaverroes.juntadeandalucia.es\/ceippintorcristobalruiz\/wp-json\/wp\/v2\/pages\/867\/revisions\/1167"}],"wp:attachment":[{"href":"https:\/\/blogsaverroes.juntadeandalucia.es\/ceippintorcristobalruiz\/wp-json\/wp\/v2\/media?parent=867"}],"curies":[{"name":"wp","href":"https:\/\/api.w.org\/{rel}","templated":true}]}}