{"id":871,"date":"2020-12-18T08:57:29","date_gmt":"2020-12-18T07:57:29","guid":{"rendered":"https:\/\/blogsaverroes.juntadeandalucia.es\/pre\/plantilla-pencil\/?page_id=871"},"modified":"2024-10-01T11:32:10","modified_gmt":"2024-10-01T10:32:10","slug":"comedor-escolar","status":"publish","type":"page","link":"https:\/\/blogsaverroes.juntadeandalucia.es\/ceippintorcristobalruiz\/comedor-escolar\/","title":{"rendered":"Comedor escolar"},"content":{"rendered":"<p>Para la conciliaci\u00f3n de la vida laboral y familiar, nuestro centro desarrolla el <strong>PLAN DE APOYO A LAS FAMILIAS ANDALUZAS<\/strong>.<\/p>\n<p>Gracias a este Plan, m\u00e1s all\u00e1 de la jornada lectiva tradicional, nuestro centro es capaz de ofrecer al alumnado y sus familias una oferta de jornada escolar completa, de forma que encuentren las actividades que necesitan para completar su formaci\u00f3n y para utilizar de una manera educativa su tiempo libre.<\/p>\n<p>&nbsp;<\/p>\n<p><strong>COMEDOR<\/strong><\/p>\n<p>El comedor escolar&nbsp;permite la conciliaci\u00f3n&nbsp;en aquellas familias que no pueden dejar de trabajar para hacerse cargo de sus hijos durante el tiempo de mediod\u00eda. En este sentido es, adem\u00e1s, una&nbsp;medida de protecci\u00f3n&nbsp;que permite que ni\u00f1os y ni\u00f1as no tengan que estar solos en casa durante este tiempo.<\/p>\n<p>Este servicio es una&nbsp;herramienta educativa potente&nbsp;ya que no solo educa en h\u00e1bitos alimentarios saludables y normas de higiene, sino que adem\u00e1s promueve la&nbsp;convivencia y actividades de ocio&nbsp;que contribuyen al desarrollo relacional o social de ni\u00f1os y ni\u00f1as.<\/p>\n<p>Los men\u00fas que se sirven en el comedor escolar siguen las recomendaciones de los organismos responsables en materia de sanidad en cuanto a alimentaci\u00f3n saludable.<\/p>\n<p>&nbsp;<\/p>\n<ul>\n<li><strong><em>HORARIO:<\/em><\/strong> Desde las 14:00h hasta las 16:00h.<\/li>\n<li><strong><em>EMPRESA:&nbsp;<\/em><\/strong>Hermanos Gonz\u00e1lez<\/li>\n<li><strong><em>PRECIO:<\/em><\/strong> Depender\u00e1 de la bonificaci\u00f3n recibida por la familia.<\/li>\n<\/ul>\n<p><strong><em><u>COMEDOR<\/u><\/em><\/strong><\/p>\n<table style=\"width: 74.5883%\">\n<tbody>\n<tr>\n<td style=\"width: 49.4058%\" width=\"288\"><strong><em>\u2105 BONIFICACI\u00d3N<\/em><\/strong><\/td>\n<td style=\"width: 49.236%\" width=\"288\"><strong><em>PRECIO POR D\u00cdA<\/em><\/strong><\/td>\n<\/tr>\n<tr>\n<td style=\"width: 49.4058%\" width=\"288\"><em>0\u2105<\/em><\/td>\n<td style=\"width: 49.236%\" width=\"288\"><em>5.54 \u20ac <\/em><\/td>\n<\/tr>\n<tr>\n<td style=\"width: 49.4058%\" width=\"288\"><em>10\u2105<\/em><\/td>\n<td style=\"width: 49.236%\" width=\"288\"><em>4.98 \u20ac<\/em><\/td>\n<\/tr>\n<tr>\n<td style=\"width: 49.4058%\" width=\"288\"><em>18\u2105<\/em><\/td>\n<td style=\"width: 49.236%\" width=\"288\"><em>4.54 \u20ac<\/em><\/td>\n<\/tr>\n<tr>\n<td style=\"width: 49.4058%\" width=\"288\"><em>26\u2105<\/em><\/td>\n<td style=\"width: 49.236%\" width=\"288\"><em>4.09 \u20ac<\/em><\/td>\n<\/tr>\n<tr>\n<td style=\"width: 49.4058%\" width=\"288\"><em>34\u2105<\/em><\/td>\n<td style=\"width: 49.236%\" width=\"288\"><em>3.65 \u20ac<\/em><\/td>\n<\/tr>\n<tr>\n<td style=\"width: 49.4058%\" width=\"288\"><em>42\u2105<\/em><\/td>\n<td style=\"width: 49.236%\" width=\"288\"><em>3.21 \u20ac<\/em><\/td>\n<\/tr>\n<tr>\n<td style=\"width: 49.4058%\" width=\"288\"><em>50\u2105<\/em><\/td>\n<td style=\"width: 49.236%\" width=\"288\"><em>2.77 \u20ac<\/em><\/td>\n<\/tr>\n<tr>\n<td style=\"width: 49.4058%\" width=\"288\"><em>100\u2105<\/em><\/td>\n<td style=\"width: 49.236%\" width=\"288\"><em>0 \u20ac<\/em><\/td>\n<\/tr>\n<\/tbody>\n<\/table>\n","protected":false},"excerpt":{"rendered":"<p>Para la conciliaci\u00f3n de la vida laboral y familiar, nuestro centro desarrolla el PLAN DE APOYO A LAS FAMILIAS ANDALUZAS. Gracias a este Plan, m\u00e1s all\u00e1 de la jornada lectiva tradicional, nuestro centro es capaz de ofrecer al alumnado y sus familias una oferta de jornada escolar completa, de forma que encuentren las actividades que [&hellip;]<\/p>\n","protected":false},"author":7051,"featured_media":0,"parent":0,"menu_order":0,"comment_status":"closed","ping_status":"closed","template":"","meta":{"_et_pb_use_builder":"off","_et_pb_old_content":"","_et_gb_content_width":"","ngg_post_thumbnail":0,"footnotes":""},"aioseo_notices":[],"_links":{"self":[{"href":"https:\/\/blogsaverroes.juntadeandalucia.es\/ceippintorcristobalruiz\/wp-json\/wp\/v2\/pages\/871"}],"collection":[{"href":"https:\/\/blogsaverroes.juntadeandalucia.es\/ceippintorcristobalruiz\/wp-json\/wp\/v2\/pages"}],"about":[{"href":"https:\/\/blogsaverroes.juntadeandalucia.es\/ceippintorcristobalruiz\/wp-json\/wp\/v2\/types\/page"}],"author":[{"embeddable":true,"href":"https:\/\/blogsaverroes.juntadeandalucia.es\/ceippintorcristobalruiz\/wp-json\/wp\/v2\/users\/7051"}],"replies":[{"embeddable":true,"href":"https:\/\/blogsaverroes.juntadeandalucia.es\/ceippintorcristobalruiz\/wp-json\/wp\/v2\/comments?post=871"}],"version-history":[{"count":8,"href":"https:\/\/blogsaverroes.juntadeandalucia.es\/ceippintorcristobalruiz\/wp-json\/wp\/v2\/pages\/871\/revisions"}],"predecessor-version":[{"id":1288,"href":"https:\/\/blogsaverroes.juntadeandalucia.es\/ceippintorcristobalruiz\/wp-json\/wp\/v2\/pages\/871\/revisions\/1288"}],"wp:attachment":[{"href":"https:\/\/blogsaverroes.juntadeandalucia.es\/ceippintorcristobalruiz\/wp-json\/wp\/v2\/media?parent=871"}],"curies":[{"name":"wp","href":"https:\/\/api.w.org\/{rel}","templated":true}]}}