{"id":1101,"date":"2022-02-24T09:13:46","date_gmt":"2022-02-24T08:13:46","guid":{"rendered":"https:\/\/blogsaverroes.juntadeandalucia.es\/ceippoetamolleja\/?page_id=1101"},"modified":"2026-03-03T17:01:51","modified_gmt":"2026-03-03T16:01:51","slug":"admision","status":"publish","type":"page","link":"https:\/\/blogsaverroes.juntadeandalucia.es\/ceippoetamolleja\/admision\/","title":{"rendered":"Admisi\u00f3n 2026\/2027 (Alumnado de tres a\u00f1os y de nueva incorporaci\u00f3n)"},"content":{"rendered":"<h2 style=\"text-align: center\"><span style=\"font-size: 12pt\">&nbsp;<\/span><\/h2>\n<h2 style=\"text-align: center\"><span style=\"font-size: 14pt\"><span style=\"color: #339966\"><strong>La Presentaci\u00f3n de solicitu<\/strong><\/span><span style=\"color: #339966\"><strong>des: del 1 al 31 de marzo por v\u00eda: Presencial o Telem\u00e1tica.<\/strong><\/span><\/span><\/h2>\n<p><b>1.- PRESENCIAL<\/b><\/p>\n<p><span style=\"font-weight: 400\">En el colegio&nbsp; recogiendo los documentos en la Secretar\u00eda de nuestro Centro de 9:15 h a 11:30 h o de 12:45 h&nbsp; a 13:30 h.<\/span> <span style=\"font-weight: 400\"> Igualmente, podr\u00e1n descargarse el documento en la p\u00e1gina de la Secretar\u00eda Virtual de la Consejer\u00eda de Desarrollo Educativo y Formaci\u00f3n Profesional.<\/span><\/p>\n<p><b>2.- TELEM\u00c1TICA<\/b><\/p>\n<p><span style=\"font-weight: 400\">Dicha presentaci\u00f3n TELEM\u00c1TICA se realizar\u00e1 a trav\u00e9s de la Secretar\u00eda Virtual de la Consejer\u00eda de Desarrollo Educativo y Formaci\u00f3n Profesional.<\/span><\/p>\n<div class=\"entry-content cf\">\n<h2 style=\"text-align: center\"><a href=\"https:\/\/secretariavirtual.juntadeandalucia.es\/secretariavirtual\/accesoTramite\/543\/?\"><span style=\"font-size: 12pt\"><span style=\"color: #339966\"><strong>Para la Presentaci\u00f3n telem\u00e1tica de la solicitud de admisi\u00f3n&nbsp;<\/strong><\/span><\/span><\/a><\/h2>\n<p>&nbsp;<\/p>\n<p style=\"text-align: center\"><a href=\"https:\/\/secretariavirtual.juntadeandalucia.es\/secretariavirtual\/accesoTramite\/543\/?\" target=\"_blank\" rel=\"noopener noreferrer\"><img loading=\"lazy\" decoding=\"async\" class=\"aligncenter wp-image-3311 size-medium\" src=\"https:\/\/blogsaverroes.juntadeandalucia.es\/ceiploscalifas\/files\/2021\/02\/secretaria-virtual-centros-300x167.png\" alt=\"\" width=\"300\" height=\"167\"><\/a><\/p>\n<\/div>\n<h2 style=\"text-align: center\"><span style=\"font-size: 12pt\"><em><a href=\"https:\/\/docs.google.com\/document\/d\/10i-xFgrFraRDa7yavC_wfUll0ynUGAFK\/edit?usp=sharing&amp;ouid=102756085623996221743&amp;rtpof=true&amp;sd=true\"><span style=\"color: #008000\">Comunicado del CEIP POETA MOLLEJA<\/span><span style=\"color: #008000\">&nbsp;las familias <\/span><span style=\"color: #008000\">de la ESCOLARIZACI\u00d3N 2026-2027<\/span><\/a><\/em><\/span><\/h2>\n<div class=\"entry-content cf\">\n<h2 style=\"text-align: center\"><span style=\"font-size: 12pt\"><a href=\"https:\/\/drive.google.com\/file\/d\/1-MenrwGJEV5Qmpad8-Pf4LiK2pCmWHDS\/view?usp=sharing\"><span style=\"color: #3366ff\"><strong>Pod\u00e9is ayudaros del v\u00eddeo explicativo de la Presentaci\u00f3n Telem\u00e1tica. Haz clic AQU\u00cd<\/strong><\/span><\/a><\/span><\/h2>\n<h2>&nbsp;<\/h2>\n<h2 style=\"text-align: center\"><span style=\"font-size: 24pt\"><strong><span style=\"color: #993300\">Normativa.<\/span><\/strong><\/span><\/h2>\n<ul style=\"text-align: center\">\n<li><a href=\"https:\/\/www.juntadeandalucia.es\/boja\/2020\/34\/BOJA20-034-00029-2534-01_00169991.pdf\" target=\"_blank\" rel=\"noopener noreferrer\">Decreto 21\/2020 de 17 de febrero por el que se regulan los criterios y el procedimiento de admisi\u00f3n del alumnado en los centro docentes p\u00fablicos y privados concertados para cursar las ense\u00f1anzas de segundo ciclo de educaci\u00f3n infantil, educaci\u00f3n primaria, educaci\u00f3n especial, educaci\u00f3n secundaria obligatoria y bachillerato<\/a>.<\/li>\n<li><a href=\"https:\/\/www.juntadeandalucia.es\/boja\/2020\/503\/BOJA20-503-00045-3038-01_00170469.pdf\" target=\"_blank\" rel=\"noopener noreferrer\">Orden de 20 de febrero de 2020, por el que se desarrolla el procedimiento de admisi\u00f3n del alumnado, en los centros docentes p\u00fablicos y privados concertados para cursar las ense\u00f1anzas de segundo ciclo de educaci\u00f3n infantil, educaci\u00f3n primaria, educaci\u00f3n especial, educaci\u00f3n secundaria obligatoria y bachillerato<\/a>.<\/li>\n<\/ul>\n<\/div>\n","protected":false},"excerpt":{"rendered":"<p>&nbsp; La Presentaci\u00f3n de solicitudes: del 1 al 31 de marzo por v\u00eda: Presencial o Telem\u00e1tica. 1.- PRESENCIAL En el colegio&nbsp; recogiendo los documentos en la Secretar\u00eda de nuestro Centro de 9:15 h a&#46;&#46;&#46;<\/p>\n","protected":false},"author":13272,"featured_media":1537,"parent":0,"menu_order":0,"comment_status":"closed","ping_status":"closed","template":"","meta":{"ngg_post_thumbnail":0,"footnotes":""},"aioseo_notices":[],"_links":{"self":[{"href":"https:\/\/blogsaverroes.juntadeandalucia.es\/ceippoetamolleja\/wp-json\/wp\/v2\/pages\/1101"}],"collection":[{"href":"https:\/\/blogsaverroes.juntadeandalucia.es\/ceippoetamolleja\/wp-json\/wp\/v2\/pages"}],"about":[{"href":"https:\/\/blogsaverroes.juntadeandalucia.es\/ceippoetamolleja\/wp-json\/wp\/v2\/types\/page"}],"author":[{"embeddable":true,"href":"https:\/\/blogsaverroes.juntadeandalucia.es\/ceippoetamolleja\/wp-json\/wp\/v2\/users\/13272"}],"replies":[{"embeddable":true,"href":"https:\/\/blogsaverroes.juntadeandalucia.es\/ceippoetamolleja\/wp-json\/wp\/v2\/comments?post=1101"}],"version-history":[{"count":37,"href":"https:\/\/blogsaverroes.juntadeandalucia.es\/ceippoetamolleja\/wp-json\/wp\/v2\/pages\/1101\/revisions"}],"predecessor-version":[{"id":1718,"href":"https:\/\/blogsaverroes.juntadeandalucia.es\/ceippoetamolleja\/wp-json\/wp\/v2\/pages\/1101\/revisions\/1718"}],"wp:featuredmedia":[{"embeddable":true,"href":"https:\/\/blogsaverroes.juntadeandalucia.es\/ceippoetamolleja\/wp-json\/wp\/v2\/media\/1537"}],"wp:attachment":[{"href":"https:\/\/blogsaverroes.juntadeandalucia.es\/ceippoetamolleja\/wp-json\/wp\/v2\/media?parent=1101"}],"curies":[{"name":"wp","href":"https:\/\/api.w.org\/{rel}","templated":true}]}}