{"id":1225,"date":"2022-11-16T17:06:18","date_gmt":"2022-11-16T16:06:18","guid":{"rendered":"https:\/\/blogsaverroes.juntadeandalucia.es\/ceippoetamolleja\/?page_id=1225"},"modified":"2022-11-16T22:53:42","modified_gmt":"2022-11-16T21:53:42","slug":"agrupamientos-de-centros-educativos","status":"publish","type":"page","link":"https:\/\/blogsaverroes.juntadeandalucia.es\/ceippoetamolleja\/agrupamientos-de-centros-educativos\/","title":{"rendered":"AGRUPAMIENTOS DE CENTROS EDUCATIVOS."},"content":{"rendered":"<p style=\"text-align: center\"><img loading=\"lazy\" decoding=\"async\" class=\"size-medium wp-image-1232 alignright\" src=\"https:\/\/blogsaverroes.juntadeandalucia.es\/ceippoetamolleja\/files\/2022\/11\/a-300x212.jpg\" alt=\"\" width=\"300\" height=\"212\" srcset=\"https:\/\/blogsaverroes.juntadeandalucia.es\/ceippoetamolleja\/files\/2022\/11\/a-300x212.jpg 300w, https:\/\/blogsaverroes.juntadeandalucia.es\/ceippoetamolleja\/files\/2022\/11\/a.jpg 319w\" sizes=\"(max-width: 300px) 100vw, 300px\" \/>El programa promueve la creaci\u00f3n de <span style=\"color: #008000\"><strong>AGRUPACIONES DE CENTROS EDUCATIVOS<\/strong><\/span>, <strong>todos ellos de diferentes comunidades o ciudades aut\u00f3nomas, mediante la realizaci\u00f3n y puesta en pr\u00e1ctica de proyectos comunes que favorezcan la educaci\u00f3n inclusiva y la innovaci\u00f3n educativa.<\/strong>&nbsp;Se desarrollar\u00e1 a lo largo de los&nbsp;<strong>cursos 2022-2023 y 2023-2024<\/strong>&nbsp;e&nbsp;<strong>implicar\u00e1 movilidades de alumnado y profesorado.<\/strong><\/p>\n<p>&nbsp;<\/p>\n<p style=\"text-align: center\"><strong>Haz clic en la imagen para ver un resumen del <span style=\"color: #ff0000\">ENCUENTRO EN MURCIA<\/span>&nbsp; en noviembre de 2022.<\/strong><\/p>\n<p><a href=\"https:\/\/drive.google.com\/file\/d\/1Dwbnox4AeACFGAiKYmNRd0_eNxmMGqNe\/view?usp=sharing\"><img loading=\"lazy\" decoding=\"async\" class=\"aligncenter wp-image-1226\" src=\"https:\/\/blogsaverroes.juntadeandalucia.es\/ceippoetamolleja\/files\/2022\/11\/Agrupamientos-300x142.jpg\" alt=\"\" width=\"361\" height=\"171\" srcset=\"https:\/\/blogsaverroes.juntadeandalucia.es\/ceippoetamolleja\/files\/2022\/11\/Agrupamientos-300x142.jpg 300w, https:\/\/blogsaverroes.juntadeandalucia.es\/ceippoetamolleja\/files\/2022\/11\/Agrupamientos.jpg 539w\" sizes=\"(max-width: 361px) 100vw, 361px\" \/><\/a><\/p>\n","protected":false},"excerpt":{"rendered":"<p>El programa promueve la creaci\u00f3n de AGRUPACIONES DE CENTROS EDUCATIVOS, todos ellos de diferentes comunidades o ciudades aut\u00f3nomas, mediante la realizaci\u00f3n y puesta en pr\u00e1ctica de proyectos comunes que favorezcan la educaci\u00f3n inclusiva y&#46;&#46;&#46;<\/p>\n","protected":false},"author":13272,"featured_media":0,"parent":0,"menu_order":0,"comment_status":"closed","ping_status":"closed","template":"","meta":{"ngg_post_thumbnail":0,"footnotes":""},"aioseo_notices":[],"_links":{"self":[{"href":"https:\/\/blogsaverroes.juntadeandalucia.es\/ceippoetamolleja\/wp-json\/wp\/v2\/pages\/1225"}],"collection":[{"href":"https:\/\/blogsaverroes.juntadeandalucia.es\/ceippoetamolleja\/wp-json\/wp\/v2\/pages"}],"about":[{"href":"https:\/\/blogsaverroes.juntadeandalucia.es\/ceippoetamolleja\/wp-json\/wp\/v2\/types\/page"}],"author":[{"embeddable":true,"href":"https:\/\/blogsaverroes.juntadeandalucia.es\/ceippoetamolleja\/wp-json\/wp\/v2\/users\/13272"}],"replies":[{"embeddable":true,"href":"https:\/\/blogsaverroes.juntadeandalucia.es\/ceippoetamolleja\/wp-json\/wp\/v2\/comments?post=1225"}],"version-history":[{"count":4,"href":"https:\/\/blogsaverroes.juntadeandalucia.es\/ceippoetamolleja\/wp-json\/wp\/v2\/pages\/1225\/revisions"}],"predecessor-version":[{"id":1233,"href":"https:\/\/blogsaverroes.juntadeandalucia.es\/ceippoetamolleja\/wp-json\/wp\/v2\/pages\/1225\/revisions\/1233"}],"wp:attachment":[{"href":"https:\/\/blogsaverroes.juntadeandalucia.es\/ceippoetamolleja\/wp-json\/wp\/v2\/media?parent=1225"}],"curies":[{"name":"wp","href":"https:\/\/api.w.org\/{rel}","templated":true}]}}