{"id":1405,"date":"2023-09-07T15:51:10","date_gmt":"2023-09-07T14:51:10","guid":{"rendered":"https:\/\/blogsaverroes.juntadeandalucia.es\/ceippoetamolleja\/?page_id=1405"},"modified":"2023-09-07T16:16:12","modified_gmt":"2023-09-07T15:16:12","slug":"comedor-escolar-2","status":"publish","type":"page","link":"https:\/\/blogsaverroes.juntadeandalucia.es\/ceippoetamolleja\/comedor-escolar-2\/","title":{"rendered":"Comedor Escolar"},"content":{"rendered":"<p style=\"text-align: center\"><strong><a href=\"https:\/\/drive.google.com\/file\/d\/1-AoPWO9bEX0axSdm0oEur97lkiHsSaOY\/view?usp=drive_link\"><span style=\"font-size: 14pt;color: #0000ff\"><span style=\"font-size: 18pt\">Haciendo clic en esta imagen en este enlace podr\u00e1n&nbsp; consultar el manual de instrucciones para registrarse, acceder a la plataforma online y adem\u00e1s<\/span> :<\/span><\/a><\/strong><\/p>\n<p style=\"text-align: center\"><strong><span style=\"font-size: 14pt;color: #0000ff\">Consultar los men\u00fas.<\/span><\/strong><\/p>\n<p style=\"text-align: center\"><strong><span style=\"font-size: 14pt;color: #0000ff\">Avisar de la faltas.<\/span><\/strong><\/p>\n<p style=\"text-align: center\"><strong><span style=\"font-size: 14pt;color: #0000ff\">Consultar los recibos<\/span><\/strong><\/p>\n<p><a href=\"https:\/\/drive.google.com\/file\/d\/1-AoPWO9bEX0axSdm0oEur97lkiHsSaOY\/view?usp=drive_link\"><img loading=\"lazy\" decoding=\"async\" class=\"aligncenter size-medium wp-image-1410\" src=\"https:\/\/blogsaverroes.juntadeandalucia.es\/ceippoetamolleja\/files\/2023\/09\/1-300x269.jpg\" alt=\"\" width=\"300\" height=\"269\" srcset=\"https:\/\/blogsaverroes.juntadeandalucia.es\/ceippoetamolleja\/files\/2023\/09\/1-300x269.jpg 300w, https:\/\/blogsaverroes.juntadeandalucia.es\/ceippoetamolleja\/files\/2023\/09\/1.jpg 479w\" sizes=\"(max-width: 300px) 100vw, 300px\" \/><\/a><\/p>\n<p style=\"text-align: center\"><strong><a href=\"https:\/\/drive.google.com\/file\/d\/1-B6X-GyHqCnhMDt0K0hBIQ8WLOZkDymj\/view?usp=drive_link\"><span style=\"font-size: 18pt;color: #000080\">Adem\u00e1s en la Carta de Presentaci\u00f3n de la empresa &#8220;Mediterranea&#8221; podr\u00e1n consultar las condiciones, as\u00ed como los derechos y obligaciones al hacer el uso del Comedor Escolar.<\/span><\/a><\/strong><\/p>\n<p style=\"text-align: center\"><strong><span style=\"color: #ff6600\">Haz clic aqu\u00ed para verla<\/span><\/strong><\/p>\n<p><a href=\"https:\/\/drive.google.com\/file\/d\/1-B6X-GyHqCnhMDt0K0hBIQ8WLOZkDymj\/view?usp=drive_link\"><img loading=\"lazy\" decoding=\"async\" class=\"aligncenter wp-image-1411\" src=\"https:\/\/blogsaverroes.juntadeandalucia.es\/ceippoetamolleja\/files\/2023\/09\/1-1-300x71.jpg\" alt=\"\" width=\"642\" height=\"152\" srcset=\"https:\/\/blogsaverroes.juntadeandalucia.es\/ceippoetamolleja\/files\/2023\/09\/1-1-300x71.jpg 300w, https:\/\/blogsaverroes.juntadeandalucia.es\/ceippoetamolleja\/files\/2023\/09\/1-1-768x181.jpg 768w, https:\/\/blogsaverroes.juntadeandalucia.es\/ceippoetamolleja\/files\/2023\/09\/1-1.jpg 838w\" sizes=\"(max-width: 642px) 100vw, 642px\" \/><\/a><\/p>\n","protected":false},"excerpt":{"rendered":"<p>Haciendo clic en esta imagen en este enlace podr\u00e1n&nbsp; consultar el manual de instrucciones para registrarse, acceder a la plataforma online y adem\u00e1s : Consultar los men\u00fas. Avisar de la faltas. Consultar los recibos&#46;&#46;&#46;<\/p>\n","protected":false},"author":13272,"featured_media":0,"parent":0,"menu_order":0,"comment_status":"closed","ping_status":"closed","template":"","meta":{"ngg_post_thumbnail":0,"footnotes":""},"aioseo_notices":[],"_links":{"self":[{"href":"https:\/\/blogsaverroes.juntadeandalucia.es\/ceippoetamolleja\/wp-json\/wp\/v2\/pages\/1405"}],"collection":[{"href":"https:\/\/blogsaverroes.juntadeandalucia.es\/ceippoetamolleja\/wp-json\/wp\/v2\/pages"}],"about":[{"href":"https:\/\/blogsaverroes.juntadeandalucia.es\/ceippoetamolleja\/wp-json\/wp\/v2\/types\/page"}],"author":[{"embeddable":true,"href":"https:\/\/blogsaverroes.juntadeandalucia.es\/ceippoetamolleja\/wp-json\/wp\/v2\/users\/13272"}],"replies":[{"embeddable":true,"href":"https:\/\/blogsaverroes.juntadeandalucia.es\/ceippoetamolleja\/wp-json\/wp\/v2\/comments?post=1405"}],"version-history":[{"count":6,"href":"https:\/\/blogsaverroes.juntadeandalucia.es\/ceippoetamolleja\/wp-json\/wp\/v2\/pages\/1405\/revisions"}],"predecessor-version":[{"id":1415,"href":"https:\/\/blogsaverroes.juntadeandalucia.es\/ceippoetamolleja\/wp-json\/wp\/v2\/pages\/1405\/revisions\/1415"}],"wp:attachment":[{"href":"https:\/\/blogsaverroes.juntadeandalucia.es\/ceippoetamolleja\/wp-json\/wp\/v2\/media?parent=1405"}],"curies":[{"name":"wp","href":"https:\/\/api.w.org\/{rel}","templated":true}]}}