{"id":1533,"date":"2024-06-02T10:46:22","date_gmt":"2024-06-02T09:46:22","guid":{"rendered":"https:\/\/blogsaverroes.juntadeandalucia.es\/ceippoetamolleja\/?page_id=1533"},"modified":"2025-06-03T12:16:59","modified_gmt":"2025-06-03T11:16:59","slug":"matriculacion","status":"publish","type":"page","link":"https:\/\/blogsaverroes.juntadeandalucia.es\/ceippoetamolleja\/matriculacion\/","title":{"rendered":"MATRICULACI\u00d3N"},"content":{"rendered":"<p><a href=\"https:\/\/www.juntadeandalucia.es\/educacion\/secretariavirtual\/accesoTramite\/365\/\"><img loading=\"lazy\" decoding=\"async\" class=\"aligncenter wp-image-1537\" src=\"https:\/\/blogsaverroes.juntadeandalucia.es\/ceippoetamolleja\/files\/2024\/06\/1-300x73.jpg\" alt=\"\" width=\"486\" height=\"118\" srcset=\"https:\/\/blogsaverroes.juntadeandalucia.es\/ceippoetamolleja\/files\/2024\/06\/1-300x73.jpg 300w, https:\/\/blogsaverroes.juntadeandalucia.es\/ceippoetamolleja\/files\/2024\/06\/1.jpg 406w\" sizes=\"(max-width: 486px) 100vw, 486px\" \/><\/a><\/p>\n<p>&nbsp;<\/p>\n<p>&nbsp;<\/p>\n<p style=\"text-align: center\"><a href=\"https:\/\/drive.google.com\/file\/d\/1iULuUgS06eXXyw5yM-EFw9LzVc1YTDRF\/view?usp=sharing\">Video Tutorial para la Matriculaci\u00f3n<\/a><\/p>\n<p><a href=\"https:\/\/drive.google.com\/file\/d\/1iULuUgS06eXXyw5yM-EFw9LzVc1YTDRF\/view?usp=sharing\"><img loading=\"lazy\" decoding=\"async\" class=\"aligncenter size-medium wp-image-1541\" src=\"https:\/\/blogsaverroes.juntadeandalucia.es\/ceippoetamolleja\/files\/2024\/06\/1-1-300x145.jpg\" alt=\"\" width=\"300\" height=\"145\" srcset=\"https:\/\/blogsaverroes.juntadeandalucia.es\/ceippoetamolleja\/files\/2024\/06\/1-1-300x145.jpg 300w, https:\/\/blogsaverroes.juntadeandalucia.es\/ceippoetamolleja\/files\/2024\/06\/1-1-1024x494.jpg 1024w, https:\/\/blogsaverroes.juntadeandalucia.es\/ceippoetamolleja\/files\/2024\/06\/1-1-768x370.jpg 768w, https:\/\/blogsaverroes.juntadeandalucia.es\/ceippoetamolleja\/files\/2024\/06\/1-1-1536x741.jpg 1536w, https:\/\/blogsaverroes.juntadeandalucia.es\/ceippoetamolleja\/files\/2024\/06\/1-1.jpg 1731w\" sizes=\"(max-width: 300px) 100vw, 300px\" \/><\/a><\/p>\n<p>&nbsp;<\/p>\n<p>&nbsp;<\/p>\n<p><span style=\"font-size: 18pt\"><strong>DOCUMENTACI\u00d3N<\/strong><\/span><\/p>\n<p>&nbsp;<\/p>\n<p style=\"text-align: center\"><a href=\"https:\/\/drive.google.com\/file\/d\/15ZVQUKBndpni1Hdh-XEpkuYZ1aycHu9s\/view?usp=sharing\">COMUNICADO A LAS FAMILIAS<\/a><\/p>\n<p style=\"text-align: center\"><a href=\"https:\/\/drive.google.com\/file\/d\/15Iz1Ok0IvCgtKliC11pcJig4l0jL64w0\/view?usp=sharing\">INSTRUCCIONES<\/a><\/p>\n<p style=\"text-align: center\"><a href=\"https:\/\/drive.google.com\/file\/d\/15gnC_Puhn17RnTQNWJ1o95zoy_N7g6Ok\/view?usp=sharing\">SOLICITUD DE AULA MATINAL, COMEDOR Y ACTIVIDADES EXTRAESCOLARES<\/a><\/p>\n<p style=\"text-align: center\"><a href=\"https:\/\/drive.google.com\/file\/d\/15YZKrNsLbEAYPqIjSCbh1nnb8AOMqDjJ\/view?usp=sharing\">ANEXO TRATAMIENTO DE PROTECCI\u00d3N DE DATOS<\/a><\/p>\n<p style=\"text-align: center\"><a href=\"https:\/\/drive.google.com\/file\/d\/15mBeWkwXKvnxYAhB9cdPn7opskXakyUf\/view?usp=sharing\">ANEXO TIPO DE RELIGI\u00d3N<\/a><\/p>\n<p style=\"text-align: center\"><a href=\"https:\/\/drive.google.com\/file\/d\/15ZR2Ps84Vv2JXSgGiQkxyUCyl6xahclA\/view?usp=sharing\">ANEXO AUTORIZACIONES<\/a><\/p>\n<p style=\"text-align: center\"><a href=\"https:\/\/drive.google.com\/file\/d\/15QEak9ZtIBm0Hw6EvY70nt4CoRkJLg6t\/view?usp=sharing\">ANEXO CUESTIONARIO DE EJECUCI\u00d3N DEL FONDO SOCIAL EUROPEO<\/a><\/p>\n<p>&nbsp;<\/p>\n<p><strong><u>PERIODO MATRICULACI\u00d3N<\/u><\/strong><\/p>\n<p><strong>Estimadas familias:<\/strong><\/p>\n<p>Comunicamos que el pr\u00f3ximo <strong>1 de junio hasta el 10 de junio <\/strong>es el <strong>plazo para la matriculaci\u00f3n <\/strong>de su hijo\/a en nuestro centro.<\/p>\n<p><strong>EL PROCESO DE MATRICULACI\u00d3N ES PARA:<\/strong><\/p>\n<ul>\n<li>Todos los alumnos\/as que ya est\u00e1n en el colegio (menos los alumnos\/as que terminan 6\u00ba E. Primaria salvo los repetidores).<\/li>\n<li>Los alumnos\/as que el pr\u00f3ximo curso empiezan Infantil de 3 a\u00f1os.<\/li>\n<li>Los alumnos\/as procedentes de otro centro.<\/li>\n<\/ul>\n<p><strong>&nbsp;LA MATRICULA SE PUEDE HACER EN PAPEL O TELEM\u00c1TICAMENTE<\/strong>.<\/p>\n<p><strong>En papel, tiene que rellenar la siguiente documentaci\u00f3n que se les facilitar\u00e1 con su hijo\/a, una vez cumplimentado se les har\u00e1 llegar al tutor\/a:<\/strong><\/p>\n<p><strong>OBLIGATORIO<\/strong><\/p>\n<ul>\n<li><strong>ANEXO IV<\/strong> (matricula en Infantil) o <strong>ANEXO V<\/strong> (matricula en Primaria), dependiendo del curso de su hijo\/a el pr\u00f3ximo curso.<\/li>\n<li><strong>ANEXO I<\/strong>, solicitud para cursar ense\u00f1anza de Religi\u00f3n.<\/li>\n<li><strong>Anexo \u201cProtecci\u00f3n de datos\u201d.<\/strong><\/li>\n<li><strong>Impreso de datos personales.<\/strong><\/li>\n<li><strong>Cuestionario <\/strong>de Ejecuci\u00f3n de Fondo Social Europeo (FSE).<\/li>\n<\/ul>\n<p><strong>SOLO EN EL CASO DE QUERER HACER USO EL PR\u00d3XIMO CURSO<\/strong><\/p>\n<ul>\n<li><strong>Anexo II <\/strong>(Solicitud aula matinal, comedor, actividades extraescolares).<\/li>\n<li><strong>Anexo V <\/strong>(Solicitud de gratuidad\/bonificaci\u00f3n aula matinal, comedor o actividades extraescolares).<\/li>\n<\/ul>\n<p><strong>Estos anexos de los Servicios Complementarios (aula matinal, comedor y actividades extraescolares) los pueden recoger en administraci\u00f3n, en horario de 9:30 a 11:30 horas, desde el d\u00eda 31 de mayo hasta el 7 de junio.<\/strong><\/p>\n<p><strong>Para poder realizarla de manera telem\u00e1tica necesitan:<\/strong><\/p>\n<p>&nbsp;<\/p>\n<ul>\n<li>Clave IANDE (en comunicaciones en Pasen\/Ipasen)<\/li>\n<li>Certificado digital<\/li>\n<li>Clave (en Hacienda, Seguridad Social se solicita)<\/li>\n<\/ul>\n<p><strong><em><u>El enlace de acceso a la Secretar\u00eda Virtual es el siguiente:<\/u><\/em><\/strong><\/p>\n<p><a href=\"https:\/\/www.juntadeandalucia.es\/educacion\/secretavirtual\/\">https:\/\/www.juntadeandalucia.es\/educacion\/secretavirtual\/<\/a><\/p>\n<p>En nuestra p\u00e1gina web tambi\u00e9n podr\u00e1n encontrar &nbsp;toda la informaci\u00f3n sobre el proceso de matriculaci\u00f3n y los documentos necesarios.<\/p>\n<p>&nbsp;<\/p>\n","protected":false},"excerpt":{"rendered":"<p>&nbsp; &nbsp; Video Tutorial para la Matriculaci\u00f3n &nbsp; &nbsp; DOCUMENTACI\u00d3N &nbsp; COMUNICADO A LAS FAMILIAS INSTRUCCIONES SOLICITUD DE AULA MATINAL, COMEDOR Y ACTIVIDADES EXTRAESCOLARES ANEXO TRATAMIENTO DE PROTECCI\u00d3N DE DATOS ANEXO TIPO DE RELIGI\u00d3N&#46;&#46;&#46;<\/p>\n","protected":false},"author":13272,"featured_media":0,"parent":0,"menu_order":0,"comment_status":"closed","ping_status":"closed","template":"","meta":{"ngg_post_thumbnail":0,"footnotes":""},"aioseo_notices":[],"_links":{"self":[{"href":"https:\/\/blogsaverroes.juntadeandalucia.es\/ceippoetamolleja\/wp-json\/wp\/v2\/pages\/1533"}],"collection":[{"href":"https:\/\/blogsaverroes.juntadeandalucia.es\/ceippoetamolleja\/wp-json\/wp\/v2\/pages"}],"about":[{"href":"https:\/\/blogsaverroes.juntadeandalucia.es\/ceippoetamolleja\/wp-json\/wp\/v2\/types\/page"}],"author":[{"embeddable":true,"href":"https:\/\/blogsaverroes.juntadeandalucia.es\/ceippoetamolleja\/wp-json\/wp\/v2\/users\/13272"}],"replies":[{"embeddable":true,"href":"https:\/\/blogsaverroes.juntadeandalucia.es\/ceippoetamolleja\/wp-json\/wp\/v2\/comments?post=1533"}],"version-history":[{"count":5,"href":"https:\/\/blogsaverroes.juntadeandalucia.es\/ceippoetamolleja\/wp-json\/wp\/v2\/pages\/1533\/revisions"}],"predecessor-version":[{"id":1542,"href":"https:\/\/blogsaverroes.juntadeandalucia.es\/ceippoetamolleja\/wp-json\/wp\/v2\/pages\/1533\/revisions\/1542"}],"wp:attachment":[{"href":"https:\/\/blogsaverroes.juntadeandalucia.es\/ceippoetamolleja\/wp-json\/wp\/v2\/media?parent=1533"}],"curies":[{"name":"wp","href":"https:\/\/api.w.org\/{rel}","templated":true}]}}