{"id":1568,"date":"2024-12-11T09:49:01","date_gmt":"2024-12-11T08:49:01","guid":{"rendered":"https:\/\/blogsaverroes.juntadeandalucia.es\/ceippoetamolleja\/?page_id=1568"},"modified":"2024-12-11T09:49:01","modified_gmt":"2024-12-11T08:49:01","slug":"proyecto-linguistico-de-centro","status":"publish","type":"page","link":"https:\/\/blogsaverroes.juntadeandalucia.es\/ceippoetamolleja\/proyecto-linguistico-de-centro\/","title":{"rendered":"Proyecto Ling\u00fc\u00edstico de Centro"},"content":{"rendered":"<p>&nbsp;<\/p>\n<p>&nbsp;<\/p>\n<p style=\"text-align: center\"><span style=\"color: #000080;font-size: 14pt\"><em><strong>El Proyecto Ling\u00fc\u00edstico de Centro es un documento en el que se recogen todas las decisiones en torno al uso y a la ense\u00f1anza y aprendizaje de las&nbsp;lenguas y que pretende dar coherencia al tratamiento de las mismas. El PLC posee como objetivo fundamental impulsar y apoyar la puesta e<\/strong><\/em><\/span><span style=\"color: #000080;font-size: 14pt\"><em><strong>n marcha un proyecto&nbsp;global para la mejora de la competencia en comunicaci\u00f3n&nbsp;ling\u00fc\u00edstica&nbsp;en el que participe el profesorado de las distintas \u00e1reas y materias.<\/strong><\/em><\/span><\/p>\n<p style=\"text-align: center\"><a href=\"https:\/\/drive.google.com\/file\/d\/1--XifU0tAeGKeK05DQGgL-ybt8Iv8Z3O\/view?usp=drive_link\"><span style=\"color: #800080\">Haz clic aqu\u00ed o en la imagen para ver su desarrollo.<\/span><\/a><\/p>\n<p>&nbsp;<\/p>\n<p><a href=\"https:\/\/drive.google.com\/file\/d\/1--XifU0tAeGKeK05DQGgL-ybt8Iv8Z3O\/view?usp=drive_link\"><img loading=\"lazy\" decoding=\"async\" class=\"aligncenter size-medium wp-image-1569\" src=\"https:\/\/blogsaverroes.juntadeandalucia.es\/ceippoetamolleja\/files\/2024\/12\/PLC-300x240.jpg\" alt=\"\" width=\"300\" height=\"240\" srcset=\"https:\/\/blogsaverroes.juntadeandalucia.es\/ceippoetamolleja\/files\/2024\/12\/PLC-300x240.jpg 300w, https:\/\/blogsaverroes.juntadeandalucia.es\/ceippoetamolleja\/files\/2024\/12\/PLC-768x614.jpg 768w, https:\/\/blogsaverroes.juntadeandalucia.es\/ceippoetamolleja\/files\/2024\/12\/PLC.jpg 863w\" sizes=\"(max-width: 300px) 100vw, 300px\" \/><\/a><\/p>\n","protected":false},"excerpt":{"rendered":"<p>&nbsp; &nbsp; El Proyecto Ling\u00fc\u00edstico de Centro es un documento en el que se recogen todas las decisiones en torno al uso y a la ense\u00f1anza y aprendizaje de las&nbsp;lenguas y que pretende dar&#46;&#46;&#46;<\/p>\n","protected":false},"author":13272,"featured_media":0,"parent":0,"menu_order":0,"comment_status":"closed","ping_status":"closed","template":"","meta":{"ngg_post_thumbnail":0,"footnotes":""},"aioseo_notices":[],"_links":{"self":[{"href":"https:\/\/blogsaverroes.juntadeandalucia.es\/ceippoetamolleja\/wp-json\/wp\/v2\/pages\/1568"}],"collection":[{"href":"https:\/\/blogsaverroes.juntadeandalucia.es\/ceippoetamolleja\/wp-json\/wp\/v2\/pages"}],"about":[{"href":"https:\/\/blogsaverroes.juntadeandalucia.es\/ceippoetamolleja\/wp-json\/wp\/v2\/types\/page"}],"author":[{"embeddable":true,"href":"https:\/\/blogsaverroes.juntadeandalucia.es\/ceippoetamolleja\/wp-json\/wp\/v2\/users\/13272"}],"replies":[{"embeddable":true,"href":"https:\/\/blogsaverroes.juntadeandalucia.es\/ceippoetamolleja\/wp-json\/wp\/v2\/comments?post=1568"}],"version-history":[{"count":1,"href":"https:\/\/blogsaverroes.juntadeandalucia.es\/ceippoetamolleja\/wp-json\/wp\/v2\/pages\/1568\/revisions"}],"predecessor-version":[{"id":1571,"href":"https:\/\/blogsaverroes.juntadeandalucia.es\/ceippoetamolleja\/wp-json\/wp\/v2\/pages\/1568\/revisions\/1571"}],"wp:attachment":[{"href":"https:\/\/blogsaverroes.juntadeandalucia.es\/ceippoetamolleja\/wp-json\/wp\/v2\/media?parent=1568"}],"curies":[{"name":"wp","href":"https:\/\/api.w.org\/{rel}","templated":true}]}}