{"id":1656,"date":"2025-09-30T12:45:57","date_gmt":"2025-09-30T11:45:57","guid":{"rendered":"https:\/\/blogsaverroes.juntadeandalucia.es\/ceippoetamolleja\/?page_id=1656"},"modified":"2025-09-30T12:50:25","modified_gmt":"2025-09-30T11:50:25","slug":"plan-de-igualdad-pacto-de-estado","status":"publish","type":"page","link":"https:\/\/blogsaverroes.juntadeandalucia.es\/ceippoetamolleja\/plan-de-igualdad-pacto-de-estado\/","title":{"rendered":"Plan de Igualdad &#8211; Pacto de Estado"},"content":{"rendered":"<p style=\"text-align: center\"><span style=\"font-size: 14pt\">El Pacto de Estado contra la Violencia de G\u00e9nero, aprobado por el Pleno del Congreso de los Diputados del d\u00eda 28 de septiembre de 2017, nace de la necesidad de<img loading=\"lazy\" decoding=\"async\" class=\"wp-image-1657 alignright\" src=\"https:\/\/blogsaverroes.juntadeandalucia.es\/ceippoetamolleja\/files\/2025\/09\/Pacto-300x155.jpg\" alt=\"\" width=\"465\" height=\"240\" srcset=\"https:\/\/blogsaverroes.juntadeandalucia.es\/ceippoetamolleja\/files\/2025\/09\/Pacto-300x155.jpg 300w, https:\/\/blogsaverroes.juntadeandalucia.es\/ceippoetamolleja\/files\/2025\/09\/Pacto.jpg 552w\" sizes=\"(max-width: 465px) 100vw, 465px\" \/> aumentar la protecci\u00f3n de las mujeres frente a la violencia de g\u00e9nero y ser m\u00e1s eficaces en la lucha por la eliminaci\u00f3n de esta violencia estructural.<\/span><\/p>\n<p style=\"text-align: center\"><span style=\"font-size: 14pt\">La eliminaci\u00f3n de la violencia contra las mujeres, uno de los problemas m\u00e1s graves y complejos que afronta nuestra sociedad, es una tarea conjunta que requiere la colaboraci\u00f3n y cooperaci\u00f3n de multitud de agentes, tanto p\u00fablicos como privados. Es la sociedad en su totalidad la que debe implicarse para lograr su erradicaci\u00f3n.<\/span><\/p>\n<p style=\"text-align: center\"><span style=\"font-size: 14pt\">En este cometido destaca el papel clave e indispensable de los centros docentes por ser contextos privilegiados para fomentar valores igualitarios, libres de prejuicios y de estereotipos sexistas y para proporcionar modelos de relaciones interpersonales basadas en el respeto y el rechazo de cualquier tipo de violencia.<\/span><\/p>\n<p style=\"text-align: center\"><span style=\"font-size: 14pt\">&nbsp;La Consejer\u00eda de Desarrollo Educativo y Formaci\u00f3n Profesional, con la aportaci\u00f3n presupuestaria del Pacto de Estado contra la Violencia de G\u00e9nero, promueve anualmente la Convocatoria para la realizaci\u00f3n de medidas y actuaciones destinadas a la prevenci\u00f3n de la violencia de g\u00e9nero en los centros docentes p\u00fablicos dependientes de la Junta de Andaluc\u00eda.<\/span><\/p>\n<p style=\"text-align: center\"><span style=\"font-size: 14pt\">En nuestro centro CEIP Poeta Molleja, utilizamos una metodolog\u00eda inclusiva en la que la igualdad es un pilar fundamental. En este sentido realizamos actividades que promueven la igualdad y que luchan en contra de la violencia, los estereotipos, el techo de cristal y otras problem\u00e1ticas que encontramos en nuestra sociedad actual.<\/span><\/p>\n<p style=\"text-align: center\"><span style=\"font-size: 14pt\">La aportaci\u00f3n del Pacto de estado a nuestro centro, junto con la recibida por nuestra AMPA nos ha permitido llevar a cabo talleres de educaci\u00f3n emocional que han sido acogidos con gran entusiasmo por parte de nuestro alumnado.<\/span><\/p>\n","protected":false},"excerpt":{"rendered":"<p>El Pacto de Estado contra la Violencia de G\u00e9nero, aprobado por el Pleno del Congreso de los Diputados del d\u00eda 28 de septiembre de 2017, nace de la necesidad de aumentar la protecci\u00f3n de&#46;&#46;&#46;<\/p>\n","protected":false},"author":13272,"featured_media":0,"parent":0,"menu_order":0,"comment_status":"closed","ping_status":"closed","template":"","meta":{"ngg_post_thumbnail":0,"footnotes":""},"aioseo_notices":[],"_links":{"self":[{"href":"https:\/\/blogsaverroes.juntadeandalucia.es\/ceippoetamolleja\/wp-json\/wp\/v2\/pages\/1656"}],"collection":[{"href":"https:\/\/blogsaverroes.juntadeandalucia.es\/ceippoetamolleja\/wp-json\/wp\/v2\/pages"}],"about":[{"href":"https:\/\/blogsaverroes.juntadeandalucia.es\/ceippoetamolleja\/wp-json\/wp\/v2\/types\/page"}],"author":[{"embeddable":true,"href":"https:\/\/blogsaverroes.juntadeandalucia.es\/ceippoetamolleja\/wp-json\/wp\/v2\/users\/13272"}],"replies":[{"embeddable":true,"href":"https:\/\/blogsaverroes.juntadeandalucia.es\/ceippoetamolleja\/wp-json\/wp\/v2\/comments?post=1656"}],"version-history":[{"count":3,"href":"https:\/\/blogsaverroes.juntadeandalucia.es\/ceippoetamolleja\/wp-json\/wp\/v2\/pages\/1656\/revisions"}],"predecessor-version":[{"id":1662,"href":"https:\/\/blogsaverroes.juntadeandalucia.es\/ceippoetamolleja\/wp-json\/wp\/v2\/pages\/1656\/revisions\/1662"}],"wp:attachment":[{"href":"https:\/\/blogsaverroes.juntadeandalucia.es\/ceippoetamolleja\/wp-json\/wp\/v2\/media?parent=1656"}],"curies":[{"name":"wp","href":"https:\/\/api.w.org\/{rel}","templated":true}]}}