{"id":465,"date":"2020-12-18T08:58:00","date_gmt":"2020-12-18T07:58:00","guid":{"rendered":"https:\/\/blogsaverroes.juntadeandalucia.es\/pre\/plantilla-chalk\/?page_id=465"},"modified":"2025-09-10T15:29:20","modified_gmt":"2025-09-10T14:29:20","slug":"contactar-con-el-centro","status":"publish","type":"page","link":"https:\/\/blogsaverroes.juntadeandalucia.es\/ceippoetamolleja\/contactar-con-el-centro\/","title":{"rendered":"1.- Calendario"},"content":{"rendered":"<p dir=\"ltr\" style=\"text-align: center\"><span style=\"color: #0000ff\"><em><strong>HAZ CLIC EN LA IMAGEN PARA VER CON MAYOR NITIDEZ<\/strong><\/em><\/span><\/p>\n<p><a href=\"https:\/\/drive.google.com\/file\/d\/1dUI6Ul0r8zXiSmS7Yegp1Y7TLz_IUmvR\/view?usp=drive_link\"><img loading=\"lazy\" decoding=\"async\" class=\"aligncenter size-medium wp-image-1650\" src=\"https:\/\/blogsaverroes.juntadeandalucia.es\/ceippoetamolleja\/files\/2025\/09\/Calendario-2025-2026-209x300.jpg\" alt=\"\" width=\"209\" height=\"300\" srcset=\"https:\/\/blogsaverroes.juntadeandalucia.es\/ceippoetamolleja\/files\/2025\/09\/Calendario-2025-2026-209x300.jpg 209w, https:\/\/blogsaverroes.juntadeandalucia.es\/ceippoetamolleja\/files\/2025\/09\/Calendario-2025-2026-714x1024.jpg 714w, https:\/\/blogsaverroes.juntadeandalucia.es\/ceippoetamolleja\/files\/2025\/09\/Calendario-2025-2026-768x1101.jpg 768w, https:\/\/blogsaverroes.juntadeandalucia.es\/ceippoetamolleja\/files\/2025\/09\/Calendario-2025-2026-1071x1536.jpg 1071w, https:\/\/blogsaverroes.juntadeandalucia.es\/ceippoetamolleja\/files\/2025\/09\/Calendario-2025-2026-1429x2048.jpg 1429w, https:\/\/blogsaverroes.juntadeandalucia.es\/ceippoetamolleja\/files\/2025\/09\/Calendario-2025-2026-scaled.jpg 1786w\" sizes=\"(max-width: 209px) 100vw, 209px\" \/><\/a><\/p>\n<p dir=\"ltr\" style=\"text-align: center\"><em><strong><span style=\"font-size: 24pt;color: #0000ff\">J<span style=\"font-size: 18pt;color: #3366ff\">ORNADA ESCOLAR<\/span><\/span><\/strong><\/em><\/p>\n<p dir=\"ltr\" style=\"text-align: center\">&nbsp;<\/p>\n<ul>\n<li style=\"text-align: center\">\n<p dir=\"ltr\" role=\"presentation\"><span style=\"font-size: 18pt;color: #0000ff\">&nbsp;El horario de clases para todo el curso escolar:<\/span><\/p>\n<\/li>\n<li style=\"text-align: center\">\n<p dir=\"ltr\" role=\"presentation\"><span style=\"font-size: 18pt;color: #0000ff\">09:00 h&nbsp; &nbsp; a &nbsp; 14:00&nbsp; h<\/span><\/p>\n<\/li>\n<li>\n<p dir=\"ltr\" style=\"text-align: center\" role=\"presentation\"><span style=\"font-size: 18pt;color: #0000ff\">De lunes a Viernes<\/span><\/p>\n<\/li>\n<\/ul>\n<p>&nbsp;<\/p>\n<p>&nbsp;<\/p>\n<ul>\n<li>\n<p dir=\"ltr\" role=\"presentation\"><span style=\"font-size: 18pt\">Se inicia el 10 de Septiembre del 2025<\/span><\/p>\n<\/li>\n<li style=\"text-align: center\"><span style=\"color: #993300\">A las 12:30 h para el alumnado de nueva incorporaci\u00f3n de Infantil de 3 a\u00f1os.<\/span><\/li>\n<li style=\"text-align: center\"><span style=\"color: #993300\">A las 12:00 para el alumnado de Infantil 4 y 5 a\u00f1os y tambi\u00e9n para el Alumnado del Aula Espec\u00edfica.<\/span><\/li>\n<li style=\"text-align: center\"><span style=\"font-size: 18pt;color: #993300\"><span style=\"font-size: 12pt\">A las 11:30 para el alumnado de Primaria.<\/span><\/span><\/li>\n<li>\n<p dir=\"ltr\" role=\"presentation\"><span style=\"font-size: 18pt\">Finaliza el 22 de Junio del 2026.<\/span><\/p>\n<\/li>\n<\/ul>\n<p dir=\"ltr\">&nbsp;<\/p>\n<ul>\n<li>\n<p dir=\"ltr\" role=\"presentation\"><span style=\"font-size: 18pt;color: #ff9900\">Periodos vacacionales:<\/span><\/p>\n<ul>\n<li>\n<p dir=\"ltr\" role=\"presentation\"><span style=\"font-size: 18pt\">Navidad: del 20 de Diciembre 2025 al 07 de Enero 2026&nbsp; <span style=\"font-size: 12pt\">(ambos inclusive)<\/span>.<\/span><\/p>\n<\/li>\n<li>\n<p dir=\"ltr\" role=\"presentation\"><span style=\"font-size: 18pt\">Semana Santa: del 28 de marzo&nbsp; al 05 de abril 2026 <span style=\"font-size: 12pt\">(ambos inclusive).<\/span><\/span><\/p>\n<\/li>\n<\/ul>\n<\/li>\n<\/ul>\n<p dir=\"ltr\">&nbsp;<\/p>\n<ul>\n<li>\n<p dir=\"ltr\" style=\"text-align: center\" role=\"presentation\"><span style=\"font-size: 18pt\"><span style=\"color: #ff9900\">D\u00edas no lectivos.<\/span>&nbsp;&nbsp;&nbsp;&nbsp;&nbsp;&nbsp;&nbsp;&nbsp;&nbsp;&nbsp;&nbsp;&nbsp;&nbsp;&nbsp;&nbsp;&nbsp;&nbsp;&nbsp;&nbsp;&nbsp;&nbsp;&nbsp;&nbsp;<\/span><span style=\"font-size: 18pt\"><br \/>\n<\/span><\/p>\n<\/li>\n<li><span style=\"font-size: 18pt\">13 de Octubre 2025<\/span><\/li>\n<li>\n<p dir=\"ltr\" role=\"presentation\"><span style=\"font-size: 18pt\">03 y 04 de Noviembre 2025<\/span><\/p>\n<\/li>\n<li>\n<p dir=\"ltr\" role=\"presentation\"><span style=\"font-size: 18pt\">08 de&nbsp; Diciembre 2025&nbsp; &nbsp; &nbsp; &nbsp;<\/span><\/p>\n<\/li>\n<li>\n<p dir=\"ltr\" role=\"presentation\"><span style=\"font-size: 18pt\">02 de Marzo 2026<\/span><span style=\"font-size: 18pt\">&nbsp; &nbsp;&nbsp;<br \/>\n<\/span><\/p>\n<\/li>\n<li><span style=\"font-size: 18pt\">06 de <\/span><span style=\"font-size: 18pt\">abril 2026<\/span><\/li>\n<li>\n<p dir=\"ltr\" role=\"presentation\"><span style=\"font-size: 18pt\">01 y 15 de Mayo 2026<\/span><\/p>\n<\/li>\n<\/ul>\n<p>&nbsp;<\/p>\n<p>&nbsp;<\/p>\n<p>&nbsp;<\/p>\n<p>&nbsp;<\/p>\n<p><!--more--><\/p>\n","protected":false},"excerpt":{"rendered":"<p>HAZ CLIC EN LA IMAGEN PARA VER CON MAYOR NITIDEZ JORNADA ESCOLAR &nbsp; &nbsp;El horario de clases para todo el curso escolar: 09:00 h&nbsp; &nbsp; a &nbsp; 14:00&nbsp; h De lunes a Viernes &nbsp;&#46;&#46;&#46;<\/p>\n","protected":false},"author":13272,"featured_media":1650,"parent":0,"menu_order":0,"comment_status":"closed","ping_status":"closed","template":"","meta":{"ngg_post_thumbnail":0,"footnotes":""},"aioseo_notices":[],"_links":{"self":[{"href":"https:\/\/blogsaverroes.juntadeandalucia.es\/ceippoetamolleja\/wp-json\/wp\/v2\/pages\/465"}],"collection":[{"href":"https:\/\/blogsaverroes.juntadeandalucia.es\/ceippoetamolleja\/wp-json\/wp\/v2\/pages"}],"about":[{"href":"https:\/\/blogsaverroes.juntadeandalucia.es\/ceippoetamolleja\/wp-json\/wp\/v2\/types\/page"}],"author":[{"embeddable":true,"href":"https:\/\/blogsaverroes.juntadeandalucia.es\/ceippoetamolleja\/wp-json\/wp\/v2\/users\/13272"}],"replies":[{"embeddable":true,"href":"https:\/\/blogsaverroes.juntadeandalucia.es\/ceippoetamolleja\/wp-json\/wp\/v2\/comments?post=465"}],"version-history":[{"count":21,"href":"https:\/\/blogsaverroes.juntadeandalucia.es\/ceippoetamolleja\/wp-json\/wp\/v2\/pages\/465\/revisions"}],"predecessor-version":[{"id":1652,"href":"https:\/\/blogsaverroes.juntadeandalucia.es\/ceippoetamolleja\/wp-json\/wp\/v2\/pages\/465\/revisions\/1652"}],"wp:featuredmedia":[{"embeddable":true,"href":"https:\/\/blogsaverroes.juntadeandalucia.es\/ceippoetamolleja\/wp-json\/wp\/v2\/media\/1650"}],"wp:attachment":[{"href":"https:\/\/blogsaverroes.juntadeandalucia.es\/ceippoetamolleja\/wp-json\/wp\/v2\/media?parent=465"}],"curies":[{"name":"wp","href":"https:\/\/api.w.org\/{rel}","templated":true}]}}