{"id":566,"date":"2021-07-12T18:19:25","date_gmt":"2021-07-12T17:19:25","guid":{"rendered":"https:\/\/blogsaverroes.juntadeandalucia.es\/ceippoetamolleja\/?page_id=566"},"modified":"2021-07-22T10:29:59","modified_gmt":"2021-07-22T09:29:59","slug":"historia","status":"publish","type":"page","link":"https:\/\/blogsaverroes.juntadeandalucia.es\/ceippoetamolleja\/historia\/","title":{"rendered":"Historia"},"content":{"rendered":"<p dir=\"ltr\" style=\"text-align: center\">&nbsp;&nbsp;<strong>&nbsp;Existen pocos datos de Diego Molleja Rueda, destacado maestro y poeta villarense.<\/strong><\/p>\n<p dir=\"ltr\" style=\"text-align: center\"><strong>&nbsp;&nbsp;&nbsp;&nbsp;&nbsp;&nbsp;&nbsp;&nbsp;&nbsp;&nbsp;&nbsp;&nbsp;&nbsp;&nbsp;&nbsp;&nbsp;&nbsp;&nbsp;&nbsp;&nbsp;&nbsp;Su primer apellido, su profesi\u00f3n y&nbsp; dedicaci\u00f3n, dan nombre a nuestro Centro:<\/strong><\/p>\n<p dir=\"ltr\">&nbsp;&nbsp;&nbsp;&nbsp;&nbsp;&nbsp;&nbsp;&nbsp;&nbsp;&nbsp;&nbsp;&nbsp;&nbsp;&nbsp;&nbsp;&nbsp;&nbsp;&nbsp;&nbsp;&nbsp;&nbsp;&nbsp;&nbsp;&nbsp;&nbsp;&nbsp;&nbsp;&nbsp;&nbsp;&nbsp;&nbsp;&nbsp;&nbsp;&nbsp;&nbsp;&nbsp;&nbsp;&nbsp;&nbsp;&nbsp;&nbsp;&nbsp;&nbsp;&nbsp;&nbsp;&nbsp;&nbsp;&nbsp;&nbsp;&nbsp;&nbsp;&nbsp;&nbsp;&nbsp;&nbsp;&nbsp;&nbsp;&nbsp;&nbsp;&nbsp;&nbsp;&nbsp;&nbsp;&nbsp;&nbsp;&nbsp;&nbsp;&nbsp;&nbsp;&nbsp;<\/p>\n<h2>&nbsp;&nbsp;&nbsp;&nbsp;&nbsp;&nbsp;&nbsp;&nbsp;&nbsp;&nbsp;&nbsp;&nbsp;&nbsp;&nbsp;&nbsp;&nbsp;&nbsp;&nbsp;&nbsp;&nbsp;&nbsp;&nbsp;&nbsp;&nbsp;&nbsp;&nbsp;&nbsp;&nbsp;&nbsp;&nbsp;&nbsp;<\/h2>\n<p dir=\"ltr\" style=\"text-align: center\"><span style=\"font-size: 36pt\">Diego Molleja Rueda<\/span><\/p>\n<p dir=\"ltr\" style=\"text-align: center\"><span style=\"font-size: 14pt\">(1861 &#8211; 1932)<\/span><\/p>\n<p dir=\"ltr\" style=\"text-align: center\"><span style=\"font-size: 14pt\">Biografia<\/span><\/p>\n<p dir=\"ltr\" style=\"text-align: center\"><span style=\"font-size: 14pt\">Naci\u00f3 en Villa del R\u00edo, el cinco de septiembre de mil ochocientos sesenta y uno.<\/span><\/p>\n<p dir=\"ltr\" style=\"text-align: center\"><span style=\"font-size: 14pt\">&nbsp;Curs\u00f3 la carrera de Magisterio por verdadera vocaci\u00f3n a la ense\u00f1anza, y desde entonces dedic\u00f3 toda su actividad a la educaci\u00f3n de los ni\u00f1os y ni\u00f1as, a quienes amaba.<\/span><\/p>\n<p dir=\"ltr\" style=\"text-align: center\"><span style=\"font-size: 14pt\">La poes\u00eda y la m\u00fasica fueron sus \u00fanicos &#8220;recreos&#8221;.<\/span><\/p>\n<p dir=\"ltr\" style=\"text-align: center\"><span style=\"font-size: 14pt\">Por razones que desconocen, tal vez por deberes de su profesi\u00f3n, abandona su patria chica siendo muy joven, de los veinte a los veinticinco a\u00f1os.<\/span><\/p>\n<p dir=\"ltr\" style=\"text-align: center\"><span style=\"font-size: 14pt\">Vivi\u00f3 en Sanl\u00facar, en Cabra, en Alicante, en \u00c9cija, en C\u00f3rdoba, y por \u00faltimo en Sevilla, hasta su \u00f3bito.<\/span><\/p>\n<p dir=\"ltr\" style=\"text-align: center\"><span style=\"font-size: 14pt\">&nbsp;&nbsp;&nbsp;&nbsp;&nbsp;&nbsp;&nbsp;&nbsp;&nbsp;&nbsp;&nbsp;&nbsp;&nbsp;&nbsp;\u201cUn poeta en la sombra\u201d fue el lema del discurso que D. Jos\u00e9 Priego L\u00f3pez pronunci\u00f3 en la academia de Ciencias, Bellas Letras y Nobles Artes de C\u00f3rdoba, para descubrir al villano inmortal de quien es admirador y amigo:&nbsp;<\/span><\/p>\n<p dir=\"ltr\" style=\"text-align: center\"><span style=\"font-size: 14pt\">&nbsp;&nbsp;&nbsp;&nbsp;&nbsp;&nbsp;&nbsp;&nbsp;&nbsp;&nbsp;&nbsp;&nbsp;&nbsp;&nbsp;\u201cSencillo, con la sencillez de la humildad, agudo de entendimiento, de ardiente fantas\u00eda, noble de coraz\u00f3n, fino de sentir, menudito, magro, manojillo de nervios, abundoso de palabra, de voz robusta, corto de vista y tardo de paso, Este Don Diego discurr\u00eda blandamente por la vida educando muchachos y componiendo versos \u201d.<\/span><\/p>\n<p dir=\"ltr\" style=\"text-align: center\"><span style=\"font-size: 14pt\">&nbsp;En Barcelona cuando la exposici\u00f3n. Se ley\u00f3 la s\u00edntesis de sus trabajos en la sala de actores del Pueblo Espa\u00f1ol. Toda la prensa barcelonesa coincidi\u00f3 en el descubrimiento de un excelente poeta cl\u00e1sico.<\/span><\/p>\n<p dir=\"ltr\" style=\"text-align: center\"><span style=\"font-size: 14pt\">\u00b7 &nbsp; &nbsp; &nbsp; &nbsp;Tambi\u00e9n el Ateneo sevillano tuvo elogios y aplausos para \u00e9l .<\/span><\/p>\n<p dir=\"ltr\">&nbsp;<\/p>\n<p dir=\"ltr\" style=\"text-align: center\"><span style=\"font-size: 14pt\">No le gustaba la ostentaci\u00f3n, -dec\u00eda su hija Mar\u00eda del Valle-, despreciaba la adulaci\u00f3n, m\u00e1xime si era premeditada.&nbsp;<\/span><\/p>\n<p dir=\"ltr\" style=\"text-align: center\"><span style=\"font-size: 14pt\">&nbsp;&nbsp;&nbsp;&nbsp;&nbsp;&nbsp;&nbsp;&nbsp;&nbsp;&nbsp;&nbsp;&nbsp;&nbsp;&nbsp;Viejo ya, conservaba siempre la juventud para el trabajo y adaptaci\u00f3n a las corrientes modernas. Rehuy\u00f3 de la pol\u00edtica, viviendo con independencia.<\/span><\/p>\n<p dir=\"ltr\" style=\"text-align: center\"><span style=\"font-size: 14pt\">&nbsp;&nbsp;&nbsp;&nbsp;&nbsp;&nbsp;&nbsp;&nbsp;&nbsp;&nbsp;&nbsp;&nbsp;&nbsp;&nbsp;\u201cYo-dec\u00eda su hija-, ten\u00eda el presentimiento y la certeza, de que la jubilaci\u00f3n ser\u00eda su muerte. Viv\u00eda confiado en los 72 a\u00f1os; Y cuando le dieron la noticia del decreto de su jubilaci\u00f3n, lo vi palidecer. Corr\u00ed en su auxilio:\u00a1Nada, hija -contest\u00f3- me dan por in\u00fatil!\u201d.<\/span><\/p>\n<p dir=\"ltr\" style=\"text-align: center\"><span style=\"font-size: 14pt\">&nbsp;&nbsp;&nbsp;&nbsp;&nbsp;&nbsp;&nbsp;&nbsp;&nbsp;&nbsp;&nbsp;&nbsp;&nbsp;&nbsp;Su \u00faltima clase la dio el 14 de junio a la que asistieron inspectores y compa\u00f1eros. Estaba fuerte y trabajaba como el primero en energ\u00eda.<\/span><\/p>\n<p dir=\"ltr\" style=\"text-align: center\"><span style=\"font-size: 14pt\">&nbsp;&nbsp;&nbsp;&nbsp;&nbsp;&nbsp;&nbsp;&nbsp;&nbsp;&nbsp;&nbsp;&nbsp;&nbsp;&nbsp;Trat\u00f3 de publicar su libro, pero antes era la Escuela y en ella gastaba todo cuanto llegaba a sus manos, cosa que le impidi\u00f3 ahorrar para haber cumplido su deseo.<\/span><\/p>\n<p dir=\"ltr\" style=\"text-align: center\">&nbsp;<\/p>\n<p dir=\"ltr\" style=\"text-align: center\"><span style=\"font-size: 14pt\">&nbsp;&nbsp;&nbsp;&nbsp;&nbsp;&nbsp;&nbsp;&nbsp;&nbsp;&nbsp;&nbsp;&nbsp;&nbsp;&nbsp;Desde su jubilaci\u00f3n se encerr\u00f3 en gran mutismo y la tristeza, que lo inund\u00f3.&nbsp;<\/span><\/p>\n<p dir=\"ltr\" style=\"text-align: center\"><span style=\"font-size: 14pt\">Se acostaba temprano -cosa rara en \u00e9l- pero era para llorar, como se ha sabido por escritos suyos. \u201c\u00a1Yo no estoy in\u00fatil, estoy en la plenitud mis facultades!\u201d &#8211; dec\u00eda, a la vez que enumeraba, a tantos in\u00fatiles.&nbsp; Empez\u00f3 a sentirse mal y a enfermar; dos enfermedades se ensa\u00f1aron con \u00e9l y minaron su organismo; muri\u00f3.<\/span><\/p>\n<p dir=\"ltr\" style=\"text-align: center\"><span style=\"font-size: 14pt\">Muri\u00f3 sin haber sentido la satisfacci\u00f3n de venir a Villa Del R\u00edo, como tanto anhelaba.<\/span><\/p>\n<p dir=\"ltr\">&nbsp;<\/p>\n","protected":false},"excerpt":{"rendered":"<p>&nbsp;&nbsp;&nbsp;Existen pocos datos de Diego Molleja Rueda, destacado maestro y poeta villarense. &nbsp;&nbsp;&nbsp;&nbsp;&nbsp;&nbsp;&nbsp;&nbsp;&nbsp;&nbsp;&nbsp;&nbsp;&nbsp;&nbsp;&nbsp;&nbsp;&nbsp;&nbsp;&nbsp;&nbsp;&nbsp;Su primer apellido, su profesi\u00f3n y&nbsp; dedicaci\u00f3n, dan nombre a nuestro Centro: &nbsp;&nbsp;&nbsp;&nbsp;&nbsp;&nbsp;&nbsp;&nbsp;&nbsp;&nbsp;&nbsp;&nbsp;&nbsp;&nbsp;&nbsp;&nbsp;&nbsp;&nbsp;&nbsp;&nbsp;&nbsp;&nbsp;&nbsp;&nbsp;&nbsp;&nbsp;&nbsp;&nbsp;&nbsp;&nbsp;&nbsp;&nbsp;&nbsp;&nbsp;&nbsp;&nbsp;&nbsp;&nbsp;&nbsp;&nbsp;&nbsp;&nbsp;&nbsp;&nbsp;&nbsp;&nbsp;&nbsp;&nbsp;&nbsp;&nbsp;&nbsp;&nbsp;&nbsp;&nbsp;&nbsp;&nbsp;&nbsp;&nbsp;&nbsp;&nbsp;&nbsp;&nbsp;&nbsp;&nbsp;&nbsp;&nbsp;&nbsp;&nbsp;&nbsp;&nbsp; &nbsp;&nbsp;&nbsp;&nbsp;&nbsp;&nbsp;&nbsp;&nbsp;&nbsp;&nbsp;&nbsp;&nbsp;&nbsp;&nbsp;&nbsp;&nbsp;&nbsp;&nbsp;&nbsp;&nbsp;&nbsp;&nbsp;&nbsp;&nbsp;&nbsp;&nbsp;&nbsp;&nbsp;&nbsp;&nbsp;&nbsp; Diego Molleja Rueda (1861 &#8211; 1932) Biografia Naci\u00f3&#46;&#46;&#46;<\/p>\n","protected":false},"author":13272,"featured_media":0,"parent":0,"menu_order":0,"comment_status":"closed","ping_status":"closed","template":"","meta":{"ngg_post_thumbnail":0,"footnotes":""},"aioseo_notices":[],"_links":{"self":[{"href":"https:\/\/blogsaverroes.juntadeandalucia.es\/ceippoetamolleja\/wp-json\/wp\/v2\/pages\/566"}],"collection":[{"href":"https:\/\/blogsaverroes.juntadeandalucia.es\/ceippoetamolleja\/wp-json\/wp\/v2\/pages"}],"about":[{"href":"https:\/\/blogsaverroes.juntadeandalucia.es\/ceippoetamolleja\/wp-json\/wp\/v2\/types\/page"}],"author":[{"embeddable":true,"href":"https:\/\/blogsaverroes.juntadeandalucia.es\/ceippoetamolleja\/wp-json\/wp\/v2\/users\/13272"}],"replies":[{"embeddable":true,"href":"https:\/\/blogsaverroes.juntadeandalucia.es\/ceippoetamolleja\/wp-json\/wp\/v2\/comments?post=566"}],"version-history":[{"count":3,"href":"https:\/\/blogsaverroes.juntadeandalucia.es\/ceippoetamolleja\/wp-json\/wp\/v2\/pages\/566\/revisions"}],"predecessor-version":[{"id":754,"href":"https:\/\/blogsaverroes.juntadeandalucia.es\/ceippoetamolleja\/wp-json\/wp\/v2\/pages\/566\/revisions\/754"}],"wp:attachment":[{"href":"https:\/\/blogsaverroes.juntadeandalucia.es\/ceippoetamolleja\/wp-json\/wp\/v2\/media?parent=566"}],"curies":[{"name":"wp","href":"https:\/\/api.w.org\/{rel}","templated":true}]}}