{"id":569,"date":"2021-07-12T18:20:05","date_gmt":"2021-07-12T17:20:05","guid":{"rendered":"https:\/\/blogsaverroes.juntadeandalucia.es\/ceippoetamolleja\/?page_id=569"},"modified":"2021-07-21T18:10:44","modified_gmt":"2021-07-21T17:10:44","slug":"contacta","status":"publish","type":"page","link":"https:\/\/blogsaverroes.juntadeandalucia.es\/ceippoetamolleja\/contacta\/","title":{"rendered":"Contacta"},"content":{"rendered":"<h1 style=\"text-align: center\"><span style=\"color: #0000ff;font-family: georgia, palatino, serif\"><strong>&nbsp;<span style=\"color: #0000ff\"><span style=\"font-size: 24pt\">Direcci\u00f3n<\/span>&nbsp;<\/span><\/strong><\/span><\/h1>\n<h2 style=\"text-align: center\"><span style=\"color: #3366ff\">Calle Juan Parejo, s\/n&nbsp;&nbsp;&nbsp;&nbsp;&nbsp;<\/span><\/h2>\n<h2 style=\"text-align: center\"><span style=\"color: #3366ff\">14640 Villa del R\u00edo<\/span><\/h2>\n<h2 style=\"text-align: center\"><span style=\"color: #3366ff\">&nbsp;(C\u00f3rdoba)&nbsp;<\/span><\/h2>\n<p style=\"text-align: center\">&nbsp;<\/p>\n<h2 style=\"text-align: center\">&nbsp;&nbsp;&nbsp;&nbsp;&nbsp;&nbsp;&nbsp;&nbsp;&nbsp;&nbsp;<span style=\"font-size: 36pt\"><strong>&nbsp;<span style=\"color: #0000ff;font-family: georgia, palatino, serif\">Tel\u00e9fonos<\/span> &nbsp;&nbsp;<\/strong><\/span>&nbsp;&nbsp;<\/h2>\n<h2 style=\"text-align: center\"><span style=\"color: #0000ff\">957.199.566&nbsp;<\/span><\/h2>\n<p>&nbsp;<\/p>\n<h2 style=\"text-align: center\"><span style=\"color: #0000ff;font-family: georgia, palatino, serif\"><strong>&nbsp;<span style=\"color: #0000ff;font-family: georgia, palatino, serif\">Correo Electr\u00f3nico<\/span>&nbsp;&nbsp;<\/strong><\/span><\/h2>\n<p>&nbsp; &nbsp; &nbsp; &nbsp; &nbsp; &nbsp; &nbsp; &nbsp; &nbsp; &nbsp; &nbsp; &nbsp; &nbsp; &nbsp; &nbsp; &nbsp; &nbsp; &nbsp; &nbsp; &nbsp; &nbsp; &nbsp; &nbsp; &nbsp; &nbsp; &nbsp; &nbsp; &nbsp; &nbsp; &nbsp; <span style=\"color: #3366ff\">&nbsp; &nbsp; <\/span><a href=\"mailto:14006643.edu@juntadeandalucia.es\"><span style=\"font-size: 18pt;color: #3366ff\">14006643.edu@juntadeandalucia.es<\/span><\/a><\/p>\n","protected":false},"excerpt":{"rendered":"<p>&nbsp;Direcci\u00f3n&nbsp; Calle Juan Parejo, s\/n&nbsp;&nbsp;&nbsp;&nbsp;&nbsp; 14640 Villa del R\u00edo &nbsp;(C\u00f3rdoba)&nbsp; &nbsp; &nbsp;&nbsp;&nbsp;&nbsp;&nbsp;&nbsp;&nbsp;&nbsp;&nbsp;&nbsp;&nbsp;Tel\u00e9fonos &nbsp;&nbsp;&nbsp;&nbsp; 957.199.566&nbsp; &nbsp; &nbsp;Correo Electr\u00f3nico&nbsp;&nbsp; &nbsp; &nbsp; &nbsp; &nbsp; &nbsp; &nbsp; &nbsp; &nbsp; &nbsp; &nbsp; &nbsp; &nbsp; &nbsp; &nbsp; &nbsp; &nbsp; &nbsp;&#46;&#46;&#46;<\/p>\n","protected":false},"author":13272,"featured_media":0,"parent":0,"menu_order":0,"comment_status":"closed","ping_status":"closed","template":"","meta":{"ngg_post_thumbnail":0,"footnotes":""},"aioseo_notices":[],"_links":{"self":[{"href":"https:\/\/blogsaverroes.juntadeandalucia.es\/ceippoetamolleja\/wp-json\/wp\/v2\/pages\/569"}],"collection":[{"href":"https:\/\/blogsaverroes.juntadeandalucia.es\/ceippoetamolleja\/wp-json\/wp\/v2\/pages"}],"about":[{"href":"https:\/\/blogsaverroes.juntadeandalucia.es\/ceippoetamolleja\/wp-json\/wp\/v2\/types\/page"}],"author":[{"embeddable":true,"href":"https:\/\/blogsaverroes.juntadeandalucia.es\/ceippoetamolleja\/wp-json\/wp\/v2\/users\/13272"}],"replies":[{"embeddable":true,"href":"https:\/\/blogsaverroes.juntadeandalucia.es\/ceippoetamolleja\/wp-json\/wp\/v2\/comments?post=569"}],"version-history":[{"count":3,"href":"https:\/\/blogsaverroes.juntadeandalucia.es\/ceippoetamolleja\/wp-json\/wp\/v2\/pages\/569\/revisions"}],"predecessor-version":[{"id":741,"href":"https:\/\/blogsaverroes.juntadeandalucia.es\/ceippoetamolleja\/wp-json\/wp\/v2\/pages\/569\/revisions\/741"}],"wp:attachment":[{"href":"https:\/\/blogsaverroes.juntadeandalucia.es\/ceippoetamolleja\/wp-json\/wp\/v2\/media?parent=569"}],"curies":[{"name":"wp","href":"https:\/\/api.w.org\/{rel}","templated":true}]}}