{"id":580,"date":"2021-07-12T22:26:14","date_gmt":"2021-07-12T21:26:14","guid":{"rendered":"https:\/\/blogsaverroes.juntadeandalucia.es\/ceippoetamolleja\/?page_id=580"},"modified":"2025-11-25T13:38:34","modified_gmt":"2025-11-25T12:38:34","slug":"proyecto-educativo","status":"publish","type":"page","link":"https:\/\/blogsaverroes.juntadeandalucia.es\/ceippoetamolleja\/proyecto-educativo\/","title":{"rendered":"Proyecto Educativo"},"content":{"rendered":"<p style=\"text-align: center\"><strong>Haz clic en el enlace correspondiente:<\/strong><\/p>\n<p style=\"text-align: center\"><a href=\"https:\/\/drive.google.com\/file\/d\/1-7QfQ8OieV822z7e_UBmkSB2Pv7GYlp4\/view?usp=drive_link\"><strong><span style=\"font-size: 36pt;color: #000080\">PROYECTO EDUCATIVO<\/span><\/strong><\/a><\/p>\n<p style=\"text-align: center\"><span style=\"font-size: 24pt;color: #0000ff\"><strong>ANEXOS<\/strong><\/span><\/p>\n<p style=\"text-align: center\"><a href=\"https:\/\/drive.google.com\/file\/d\/1zD1Khb4Kib_Unzqqlr9PS1nNZogNLvlo\/view?usp=sharing\"><strong><span style=\"font-size: 14pt;color: #3366ff\">Anexo I: Plan de Atenci\u00f3n a la Diversidad.<\/span><\/strong><\/a><\/p>\n<p style=\"text-align: center\"><a href=\"https:\/\/drive.google.com\/file\/d\/19Lr1GDjtrsYMLFXJv2si4eUt6kFf_LMM\/view?usp=sharing\"><strong><span style=\"font-size: 14pt;color: #3366ff\">Anexo II: Plan de Convivencia.<\/span><\/strong><\/a><\/p>\n<p style=\"text-align: center\"><a href=\"https:\/\/drive.google.com\/file\/d\/116q1luKi9tM1qi5kw-L5yulCSMvXuqH3\/view?usp=sharing\"><strong><span style=\"font-size: 14pt;color: #3366ff\">Anexo III: Plan de Orientaci\u00f3n y Acci\u00f3n Tutorial.<\/span><\/strong><\/a><\/p>\n<p style=\"text-align: center\"><a href=\"https:\/\/drive.google.com\/file\/d\/1dUMKZy_cmuCE3wr7moiSY-XbG9zUDfLc\/view?usp=sharing\"><span style=\"color: #3366ff;font-size: 14pt\"><strong>Anexo IV: Plan de Igualdad. <\/strong><\/span><\/a><\/p>\n<p style=\"text-align: center\"><a href=\"https:\/\/drive.google.com\/file\/d\/1qqwh9d7u0yMmJs67hPY5g2_KlpxBjlST\/view?usp=sharing\"><span style=\"color: #3366ff;font-size: 14pt\"><strong>Anexo V: Plan de Acogida y Tr\u00e1nsito<\/strong><\/span><\/a><\/p>\n<p style=\"text-align: center\"><a href=\"https:\/\/drive.google.com\/file\/d\/1BHMWxEikpo9e7DZ6M66UuQh3lgZuSGSV\/view?usp=sharing\"><strong><span style=\"font-size: 14pt;color: #3366ff\">Anexo VI: Plan de Formaci\u00f3n del Profesorado.<\/span><\/strong><\/a><\/p>\n<p style=\"text-align: center\"><a href=\"https:\/\/drive.google.com\/file\/d\/1VTHpy12a5iQRYOuQ0C74YCJlJUzeZQSm\/view?usp=sharing\"><strong><span style=\"font-size: 14pt;color: #3366ff\">Anexo VII: Programaci\u00f3n de Actividades Complementarias y Extraescolares. Viajes Culturales.<\/span><\/strong><\/a><\/p>\n<p style=\"text-align: center\"><a href=\"https:\/\/drive.google.com\/file\/d\/1pcQ4dcA5Ha-wbo19_PXBPlGsoriR1MsL\/view?usp=sharing\"><strong><span style=\"font-size: 14pt;color: #3366ff\">Anexo VIII: Proyecto Ling\u00fc\u00edstico de Centro. PLC.<\/span><\/strong><\/a><\/p>\n<p style=\"text-align: center\"><a href=\"https:\/\/drive.google.com\/file\/d\/1iL_tTYGe4-SeADrsiqd0LarSmR2gTb09\/view?usp=sharing\"><strong><span style=\"font-size: 14pt;color: #3366ff\">Anexo IX: Programa Centro Biling\u00fce.<\/span><\/strong><\/a><\/p>\n<p style=\"text-align: center\"><a href=\"https:\/\/drive.google.com\/file\/d\/1SW6GHF1rJJdIYv2KQZxazg_bTtfmmKu3\/view?usp=sharing\"><strong><span style=\"font-size: 14pt;color: #3366ff\">Anexo X: Agrupaci\u00f3n de Centros Educativos. Red de sostenibilidad y Ciudadan\u00eda global.<\/span><\/strong><\/a><\/p>\n<p style=\"text-align: center\"><a href=\"https:\/\/drive.google.com\/file\/d\/1gEORF_oHvlMiu9hT4zhWpq_H71Zgx3wj\/view?usp=sharing\"><span style=\"font-size: 14pt;color: #3366ff\"><strong>Anexo XI: Plan Anual del E.O.E.<\/strong><\/span><\/a><\/p>\n<p style=\"text-align: center\"><a href=\"https:\/\/drive.google.com\/file\/d\/1nAdVMgLfx9KVFZmSrUY9zoS7u8E3aLoo\/view?usp=sharing\"><strong><span style=\"font-size: 14pt;color: #3366ff\">Anexo XII: Plan General Anual.<\/span><\/strong><\/a><\/p>\n<p style=\"text-align: center\"><a href=\"https:\/\/drive.google.com\/file\/d\/1Zhid5SzI3z-lT5MO2k2YWMWoTeFIPxBS\/view?usp=sharing\"><span style=\"color: #3366ff;font-size: 14pt\"><strong>XIII.- Plan de Actuaci\u00f3n Digital.<\/strong><\/span><\/a><\/p>\n<p style=\"text-align: center\"><a href=\"https:\/\/drive.google.com\/file\/d\/193WJfKNBpvBuDHRtC-bzwj7pFsBD83x-\/view?usp=sharing\"><strong><span style=\"font-size: 14pt;color: #3366ff\">Anexo XIV: Criterios de Evaluaci\u00f3n.<\/span><\/strong><\/a><\/p>\n<p style=\"text-align: center\"><a href=\"https:\/\/drive.google.com\/file\/d\/1hDKOR89_o-ZR0YTUexADgJM7tnOpfwUi\/view?usp=sharing\"><strong><span style=\"font-size: 14pt;color: #3366ff\">Anexo XV: Plan de Trabajo Biblioteca Escolar.<\/span><\/strong><\/a><\/p>\n<p style=\"text-align: center\"><a href=\"https:\/\/drive.google.com\/file\/d\/10I5QZWzXbwEn1r92d3Fi688eGl2VuCpL\/view?usp=sharing\"><strong><span style=\"font-size: 14pt;color: #3366ff\">Anexo XVI: PROA + Transf\u00f3rmate<\/span><\/strong><\/a><\/p>\n<p style=\"text-align: center\"><a href=\"https:\/\/drive.google.com\/file\/d\/1bqEaVIuCvmp71oqO-nTH-L5wV7ZQaNgE\/view?usp=sharing\"><strong><span style=\"font-size: 14pt;color: #3366ff\">Anexo XVII: Plan Lector.<\/span><\/strong><\/a><\/p>\n<p style=\"text-align: center\"><a href=\"https:\/\/drive.google.com\/file\/d\/11fn1zlL6L4EfPUva7Eh26aFPiQ5wDp0a\/view?usp=sharing\"><strong><span style=\"font-size: 14pt;color: #3366ff\">Anexo XVIII: Programa Zona de Transformaci\u00f3n Social.<\/span><\/strong><\/a><\/p>\n<p style=\"text-align: center\"><a href=\"https:\/\/drive.google.com\/file\/d\/1cqR8RRC58jZL_AgOUdZeLsE86IB0tCPK\/view?usp=sharing\"><span style=\"font-size: 14pt\"><strong><span style=\"color: #3366ff\">Anexo XIX.- Plan de Razonamiento Matem\u00e1tico<\/span><\/strong><\/span>.<\/a><\/p>\n<p style=\"text-align: center\">&nbsp;<\/p>\n","protected":false},"excerpt":{"rendered":"<p>Haz clic en el enlace correspondiente: PROYECTO EDUCATIVO ANEXOS Anexo I: Plan de Atenci\u00f3n a la Diversidad. Anexo II: Plan de Convivencia. Anexo III: Plan de Orientaci\u00f3n y Acci\u00f3n Tutorial. Anexo IV: Plan de&#46;&#46;&#46;<\/p>\n","protected":false},"author":13272,"featured_media":0,"parent":0,"menu_order":0,"comment_status":"closed","ping_status":"closed","template":"","meta":{"ngg_post_thumbnail":0,"footnotes":""},"aioseo_notices":[],"_links":{"self":[{"href":"https:\/\/blogsaverroes.juntadeandalucia.es\/ceippoetamolleja\/wp-json\/wp\/v2\/pages\/580"}],"collection":[{"href":"https:\/\/blogsaverroes.juntadeandalucia.es\/ceippoetamolleja\/wp-json\/wp\/v2\/pages"}],"about":[{"href":"https:\/\/blogsaverroes.juntadeandalucia.es\/ceippoetamolleja\/wp-json\/wp\/v2\/types\/page"}],"author":[{"embeddable":true,"href":"https:\/\/blogsaverroes.juntadeandalucia.es\/ceippoetamolleja\/wp-json\/wp\/v2\/users\/13272"}],"replies":[{"embeddable":true,"href":"https:\/\/blogsaverroes.juntadeandalucia.es\/ceippoetamolleja\/wp-json\/wp\/v2\/comments?post=580"}],"version-history":[{"count":66,"href":"https:\/\/blogsaverroes.juntadeandalucia.es\/ceippoetamolleja\/wp-json\/wp\/v2\/pages\/580\/revisions"}],"predecessor-version":[{"id":1688,"href":"https:\/\/blogsaverroes.juntadeandalucia.es\/ceippoetamolleja\/wp-json\/wp\/v2\/pages\/580\/revisions\/1688"}],"wp:attachment":[{"href":"https:\/\/blogsaverroes.juntadeandalucia.es\/ceippoetamolleja\/wp-json\/wp\/v2\/media?parent=580"}],"curies":[{"name":"wp","href":"https:\/\/api.w.org\/{rel}","templated":true}]}}