{"id":589,"date":"2021-07-12T22:28:30","date_gmt":"2021-07-12T21:28:30","guid":{"rendered":"https:\/\/blogsaverroes.juntadeandalucia.es\/ceippoetamolleja\/?page_id=589"},"modified":"2021-07-22T16:06:29","modified_gmt":"2021-07-22T15:06:29","slug":"desarrollo-curricular","status":"publish","type":"page","link":"https:\/\/blogsaverroes.juntadeandalucia.es\/ceippoetamolleja\/desarrollo-curricular\/","title":{"rendered":"Desarrollo Curricular"},"content":{"rendered":"<p style=\"text-align: center\"><span style=\"font-size: 14pt;color: #0000ff\">&nbsp;Por curr\u00edculo&nbsp;se entiende la regulaci\u00f3n de los elementos que determinan los procesos de ense\u00f1anza y aprendizaje para cada una de las ense\u00f1anzas. &#8230; criterios de evaluaci\u00f3n del grado de adquisici\u00f3n de las competencias y del logro de los objetivos de cada ense\u00f1anza y etapa educativa.<\/span><\/p>\n","protected":false},"excerpt":{"rendered":"<p>&nbsp;Por curr\u00edculo&nbsp;se entiende la regulaci\u00f3n de los elementos que determinan los procesos de ense\u00f1anza y aprendizaje para cada una de las ense\u00f1anzas. &#8230; criterios de evaluaci\u00f3n del grado de adquisici\u00f3n de las competencias y&#46;&#46;&#46;<\/p>\n","protected":false},"author":13272,"featured_media":0,"parent":0,"menu_order":0,"comment_status":"closed","ping_status":"closed","template":"","meta":{"ngg_post_thumbnail":0,"footnotes":""},"aioseo_notices":[],"_links":{"self":[{"href":"https:\/\/blogsaverroes.juntadeandalucia.es\/ceippoetamolleja\/wp-json\/wp\/v2\/pages\/589"}],"collection":[{"href":"https:\/\/blogsaverroes.juntadeandalucia.es\/ceippoetamolleja\/wp-json\/wp\/v2\/pages"}],"about":[{"href":"https:\/\/blogsaverroes.juntadeandalucia.es\/ceippoetamolleja\/wp-json\/wp\/v2\/types\/page"}],"author":[{"embeddable":true,"href":"https:\/\/blogsaverroes.juntadeandalucia.es\/ceippoetamolleja\/wp-json\/wp\/v2\/users\/13272"}],"replies":[{"embeddable":true,"href":"https:\/\/blogsaverroes.juntadeandalucia.es\/ceippoetamolleja\/wp-json\/wp\/v2\/comments?post=589"}],"version-history":[{"count":3,"href":"https:\/\/blogsaverroes.juntadeandalucia.es\/ceippoetamolleja\/wp-json\/wp\/v2\/pages\/589\/revisions"}],"predecessor-version":[{"id":790,"href":"https:\/\/blogsaverroes.juntadeandalucia.es\/ceippoetamolleja\/wp-json\/wp\/v2\/pages\/589\/revisions\/790"}],"wp:attachment":[{"href":"https:\/\/blogsaverroes.juntadeandalucia.es\/ceippoetamolleja\/wp-json\/wp\/v2\/media?parent=589"}],"curies":[{"name":"wp","href":"https:\/\/api.w.org\/{rel}","templated":true}]}}