{"id":642,"date":"2021-07-13T22:48:53","date_gmt":"2021-07-13T21:48:53","guid":{"rendered":"https:\/\/blogsaverroes.juntadeandalucia.es\/ceippoetamolleja\/?page_id=642"},"modified":"2023-11-17T09:34:33","modified_gmt":"2023-11-17T08:34:33","slug":"d-a-m-p-a","status":"publish","type":"page","link":"https:\/\/blogsaverroes.juntadeandalucia.es\/ceippoetamolleja\/d-a-m-p-a\/","title":{"rendered":"d.- A.M.P.A."},"content":{"rendered":"<p dir=\"ltr\"><span style=\"color: #ff0000\"><strong>Pendientes de su actualizaci\u00f3n.<\/strong><\/span><\/p>\n<p dir=\"ltr\" style=\"text-align: center\"><span style=\"color: #0000ff;font-size: 14pt\"><strong>ASOCIACI\u00d3N DE MADRES Y PADRES DE ALUMNOS \u201cGUADALQUIVIR\u201d<\/strong><\/span><\/p>\n<p dir=\"ltr\" style=\"text-align: center\"><span style=\"color: #0000ff;font-size: 14pt\"><strong>&nbsp;C.E.I.P. POETA MOLLEJA DE VILLA DEL R\u00cdO<\/strong><\/span><\/p>\n<p dir=\"ltr\" style=\"text-align: center\"><strong>&#8220;La Asociaci\u00f3n de Madres y Padres de Alumnos Guadalquivir&#8221;<\/strong><\/p>\n<p dir=\"ltr\" style=\"text-align: center\"><strong>&nbsp;Pretende establecer una plataforma abierta de participaci\u00f3n y colaboraci\u00f3n en todo lo relativo al quehacer educativo y conseguir que los alumnos y alumnas se formen con los valores propios de una sociedad democr\u00e1tica.<\/strong><\/p>\n<p dir=\"ltr\" style=\"text-align: center\"><strong>Los padres y madres del alumnado al C.E.I.P. &#8220;Poeta Molleja, pueden dirigirse a la Asociaci\u00f3n de Madres y Padres de Alumnos para obtener informaci\u00f3n sobre el funcionamiento de la misma, plantear sus propuestas, hacer sugerencias y aportar todo aquello que se considere beneficioso para la educaci\u00f3n de sus hijos e hijas.<\/strong><\/p>\n<p dir=\"ltr\">Esta asociaci\u00f3n&nbsp; brinda la posibilidad de participar activamente en la escuela y llevar a cabo diferentes actividades extraescolares para los ni\u00f1os y ni\u00f1as.<\/p>\n<p dir=\"ltr\" style=\"text-align: center\"><span style=\"font-size: 14pt\"><strong><span style=\"color: #0000ff\">JUNTA DIRECTIVA<\/span><\/strong><\/span><\/p>\n<p dir=\"ltr\" style=\"text-align: center\"><span style=\"color: #0000ff\"><strong>PRESIDENTA:&nbsp; <\/strong>D.\u00aa CRISTINA CA\u00d1AS PEDERSEN. &nbsp; &nbsp; <\/span><span style=\"color: #0000ff\">&nbsp;<\/span><\/p>\n<p dir=\"ltr\" style=\"text-align: center\"><span style=\"color: #0000ff\"><strong>VICEPRESIDENTA:&nbsp;<\/strong> &nbsp; &nbsp;D.\u00aa MERCEDES R\u00cdOS GONZ\u00c1LEZ<\/span><\/p>\n<p dir=\"ltr\" style=\"text-align: center\"><span style=\"color: #0000ff\"><strong>SECRETARIA:<\/strong>&nbsp; D.\u00aa PILAR POZUELO SOL\u00cdS.<\/span><\/p>\n<p dir=\"ltr\" style=\"text-align: center\"><span style=\"color: #0000ff\"><strong>TESORERA: <\/strong>&nbsp;&nbsp;D.\u00aa&nbsp; EVA MAR\u00cdA MU\u00d1OZ C\u00c1RDENAS.&nbsp; &nbsp;<\/span><\/p>\n<p dir=\"ltr\" style=\"text-align: center\"><span style=\"color: #0000ff\"><strong>VOCAL:<\/strong>&nbsp; &nbsp;D. ANTONIO DUARTE PE\u00d1A.<\/span><\/p>\n<p dir=\"ltr\" style=\"text-align: center\"><span style=\"color: #0000ff\"><strong>VOCAL:<\/strong>&nbsp; D.\u00aa ESTRELLA CANALES MU\u00d1OZ.<\/span><\/p>\n<p dir=\"ltr\" style=\"text-align: center\"><span style=\"color: #0000ff\"><strong>VOCAL:<\/strong>&nbsp; D.\u00aa JUANA MAR\u00cdA PADILLA COBO.<\/span><\/p>\n<p dir=\"ltr\" style=\"text-align: center\"><span style=\"color: #0000ff\"><strong>VOCAL:<\/strong>&nbsp; D.\u00aa JULIANA MAR\u00cdA LEND\u00cdNEZ MONTERO.<\/span><\/p>\n<p dir=\"ltr\" style=\"text-align: center\"><span style=\"color: #0000ff\"><strong>VOCAL:<\/strong>&nbsp; D.\u00aa ANA MONTERO LEAL<\/span><\/p>\n<p dir=\"ltr\" style=\"text-align: center\"><span style=\"color: #0000ff\"><strong>VOCAL:<\/strong>&nbsp; D.\u00aa MAR\u00cdA DOLORES GARC\u00cdA GRANADOS.<\/span><\/p>\n<p dir=\"ltr\" style=\"text-align: center\"><span style=\"color: #0000ff\"><strong>VOCAL:<\/strong>&nbsp; D.\u00aa MERCEDES MART\u00cdNEZ S\u00c1NCHEZ<\/span><\/p>\n<p dir=\"ltr\" style=\"text-align: center\"><span style=\"color: #0000ff\"><strong>VOCAL:<\/strong>&nbsp; D.\u00aa CATALINA QUERO RUIZ<\/span><\/p>\n<p dir=\"ltr\">&nbsp;<\/p>\n","protected":false},"excerpt":{"rendered":"<p>Pendientes de su actualizaci\u00f3n. ASOCIACI\u00d3N DE MADRES Y PADRES DE ALUMNOS \u201cGUADALQUIVIR\u201d &nbsp;C.E.I.P. POETA MOLLEJA DE VILLA DEL R\u00cdO &#8220;La Asociaci\u00f3n de Madres y Padres de Alumnos Guadalquivir&#8221; &nbsp;Pretende establecer una plataforma abierta de&#46;&#46;&#46;<\/p>\n","protected":false},"author":13272,"featured_media":0,"parent":0,"menu_order":0,"comment_status":"closed","ping_status":"closed","template":"","meta":{"ngg_post_thumbnail":0,"footnotes":""},"aioseo_notices":[],"_links":{"self":[{"href":"https:\/\/blogsaverroes.juntadeandalucia.es\/ceippoetamolleja\/wp-json\/wp\/v2\/pages\/642"}],"collection":[{"href":"https:\/\/blogsaverroes.juntadeandalucia.es\/ceippoetamolleja\/wp-json\/wp\/v2\/pages"}],"about":[{"href":"https:\/\/blogsaverroes.juntadeandalucia.es\/ceippoetamolleja\/wp-json\/wp\/v2\/types\/page"}],"author":[{"embeddable":true,"href":"https:\/\/blogsaverroes.juntadeandalucia.es\/ceippoetamolleja\/wp-json\/wp\/v2\/users\/13272"}],"replies":[{"embeddable":true,"href":"https:\/\/blogsaverroes.juntadeandalucia.es\/ceippoetamolleja\/wp-json\/wp\/v2\/comments?post=642"}],"version-history":[{"count":7,"href":"https:\/\/blogsaverroes.juntadeandalucia.es\/ceippoetamolleja\/wp-json\/wp\/v2\/pages\/642\/revisions"}],"predecessor-version":[{"id":1444,"href":"https:\/\/blogsaverroes.juntadeandalucia.es\/ceippoetamolleja\/wp-json\/wp\/v2\/pages\/642\/revisions\/1444"}],"wp:attachment":[{"href":"https:\/\/blogsaverroes.juntadeandalucia.es\/ceippoetamolleja\/wp-json\/wp\/v2\/media?parent=642"}],"curies":[{"name":"wp","href":"https:\/\/api.w.org\/{rel}","templated":true}]}}