{"id":663,"date":"2021-07-13T22:55:18","date_gmt":"2021-07-13T21:55:18","guid":{"rendered":"https:\/\/blogsaverroes.juntadeandalucia.es\/ceippoetamolleja\/?page_id=663"},"modified":"2024-01-19T09:54:15","modified_gmt":"2024-01-19T08:54:15","slug":"e-t-c-p","status":"publish","type":"page","link":"https:\/\/blogsaverroes.juntadeandalucia.es\/ceippoetamolleja\/e-t-c-p\/","title":{"rendered":"E.T.C.P."},"content":{"rendered":"<p style=\"text-align: center\"><span style=\"font-size: 14pt;color: #00ccff\"><strong>E.T.C.P. (EQUIPO T\u00c9CNICO DE COORDINACI\u00d3N PEDAG\u00d3GICA)<\/strong><\/span><\/p>\n<p style=\"text-align: center\">Formado por<\/p>\n<p style=\"text-align: center\"><span style=\"color: #0000ff\">Director:&nbsp; D. Jos\u00e9 Luis Aranda Le\u00f3n.<\/span><\/p>\n<p style=\"text-align: center\"><span style=\"color: #0000ff\">Jefa de Estudios:&nbsp; D\u00aa Dolores Garc\u00eda Navajas.<\/span><\/p>\n<p style=\"text-align: center\"><span style=\"color: #0000ff\">Coordinadores de Ciclo:<\/span><\/p>\n<p style=\"text-align: center\"><span style=\"font-weight: 400;color: #0000ff\">Ciclo de Infantil: D\u00aa Inmaculada Llamas Jim\u00e9nez.<\/span><\/p>\n<p style=\"text-align: center\"><span style=\"font-weight: 400;color: #0000ff\">Primer Ciclo: D\u00aa Mar\u00eda Navarro Padilla.<\/span><\/p>\n<p style=\"text-align: center\"><span style=\"font-weight: 400;color: #0000ff\">Segundo Ciclo: D Juan Luque Leal.<\/span><\/p>\n<p style=\"text-align: center\"><span style=\"font-weight: 400;color: #0000ff\">Tercer Ciclo: D\u00aa Raquel Arenas Latorre.<\/span><\/p>\n<p style=\"text-align: center\"><span style=\"font-weight: 400;color: #0000ff\">Educaci\u00f3n Especial Orientaci\u00f3n: D\u00aa Mar\u00eda Jos\u00e9 Pastor Le\u00f3n.<\/span><\/p>\n<div>El art\u00edculo 89 del Decreto 327\/2010, de 13 de julio, por el que se aprueba el Reglamento Org\u00e1nico de los Institutos de Ense\u00f1anza Secundaria, establece cu\u00e1les ser\u00e1n los \u00f3rganos de coordinaci\u00f3n docente, entre los que se encuentra el&nbsp;<strong>Equipo T\u00e9cnico de Coordinaci\u00f3n Pedag\u00f3gica<\/strong>.<\/div>\n<div>\n<p>El equipo t\u00e9cnico de coordinaci\u00f3n pedag\u00f3gica tendr\u00e1 las siguientes competencias:&nbsp;<\/p>\n<p>a) Establecer las directrices generales para la elaboraci\u00f3n de los aspectos educativos del Plan de Centro y sus modificaciones.<\/p>\n<p>b) Fijar las l\u00edneas generales de actuaci\u00f3n pedag\u00f3gica del proyecto educativo.<\/p>\n<p>c) Asesorar al equipo directivo en la elaboraci\u00f3n del Plan de Centro.<\/p>\n<p>d) Establecer las directrices generales para la elaboraci\u00f3n y revisi\u00f3n de las programaciones did\u00e1cticas de las ense\u00f1anzas encomendadas a los departamentos de coordinaci\u00f3n did\u00e1ctica.<\/p>\n<p>e) Asesorar a los departamentos de coordinaci\u00f3n did\u00e1ctica y al Claustro de Profesorado sobre el aprendizaje y la evaluaci\u00f3n en competencias y velar porque las programaciones de los departamentos de coordinaci\u00f3n did\u00e1ctica, en las materias que les est\u00e1n asignadas, contribuyan al desarrollo de las competencias b\u00e1sicas, a cuyos efectos se establecer\u00e1n estrategias de coordinaci\u00f3n.<\/p>\n<p>f) Elaborar la propuesta de criterios y procedimientos previstos para realizar las medidas y programas de atenci\u00f3n a la diversidad del alumnado, incluidos los programas de diversificaci\u00f3n curricular y los programas cualificaci\u00f3n profesional inicial.<\/p>\n<p>g) Establecer criterios y procedimientos de funcionamiento del aula de convivencia.<\/p>\n<p>h) Velar por el cumplimiento y posterior evaluaci\u00f3n de los aspectos educativos del Plan de Centro.<\/p>\n<p>i) Cualesquiera otras que le sean atribuidas en el proyecto educativo del instituto o por Orden de la persona titular de la Consejer\u00eda competente en materia de educaci\u00f3n.<\/p>\n<\/div>\n","protected":false},"excerpt":{"rendered":"<p>E.T.C.P. (EQUIPO T\u00c9CNICO DE COORDINACI\u00d3N PEDAG\u00d3GICA) Formado por Director:&nbsp; D. Jos\u00e9 Luis Aranda Le\u00f3n. Jefa de Estudios:&nbsp; D\u00aa Dolores Garc\u00eda Navajas. Coordinadores de Ciclo: Ciclo de Infantil: D\u00aa Inmaculada Llamas Jim\u00e9nez. Primer Ciclo: D\u00aa&#46;&#46;&#46;<\/p>\n","protected":false},"author":13272,"featured_media":0,"parent":0,"menu_order":0,"comment_status":"closed","ping_status":"closed","template":"","meta":{"ngg_post_thumbnail":0,"footnotes":""},"aioseo_notices":[],"_links":{"self":[{"href":"https:\/\/blogsaverroes.juntadeandalucia.es\/ceippoetamolleja\/wp-json\/wp\/v2\/pages\/663"}],"collection":[{"href":"https:\/\/blogsaverroes.juntadeandalucia.es\/ceippoetamolleja\/wp-json\/wp\/v2\/pages"}],"about":[{"href":"https:\/\/blogsaverroes.juntadeandalucia.es\/ceippoetamolleja\/wp-json\/wp\/v2\/types\/page"}],"author":[{"embeddable":true,"href":"https:\/\/blogsaverroes.juntadeandalucia.es\/ceippoetamolleja\/wp-json\/wp\/v2\/users\/13272"}],"replies":[{"embeddable":true,"href":"https:\/\/blogsaverroes.juntadeandalucia.es\/ceippoetamolleja\/wp-json\/wp\/v2\/comments?post=663"}],"version-history":[{"count":5,"href":"https:\/\/blogsaverroes.juntadeandalucia.es\/ceippoetamolleja\/wp-json\/wp\/v2\/pages\/663\/revisions"}],"predecessor-version":[{"id":1460,"href":"https:\/\/blogsaverroes.juntadeandalucia.es\/ceippoetamolleja\/wp-json\/wp\/v2\/pages\/663\/revisions\/1460"}],"wp:attachment":[{"href":"https:\/\/blogsaverroes.juntadeandalucia.es\/ceippoetamolleja\/wp-json\/wp\/v2\/media?parent=663"}],"curies":[{"name":"wp","href":"https:\/\/api.w.org\/{rel}","templated":true}]}}