{"id":666,"date":"2021-07-13T22:55:37","date_gmt":"2021-07-13T21:55:37","guid":{"rendered":"https:\/\/blogsaverroes.juntadeandalucia.es\/ceippoetamolleja\/?page_id=666"},"modified":"2021-08-08T11:40:40","modified_gmt":"2021-08-08T10:40:40","slug":"t-d-e","status":"publish","type":"page","link":"https:\/\/blogsaverroes.juntadeandalucia.es\/ceippoetamolleja\/t-d-e\/","title":{"rendered":"T.D.E."},"content":{"rendered":"<p dir=\"ltr\"><img loading=\"lazy\" decoding=\"async\" class=\"size-medium wp-image-834 alignright\" src=\"https:\/\/blogsaverroes.juntadeandalucia.es\/ceippoetamolleja\/files\/2021\/08\/Sin-t\u00edtulo-5-300x154.jpg\" alt=\"\" width=\"300\" height=\"154\" srcset=\"https:\/\/blogsaverroes.juntadeandalucia.es\/ceippoetamolleja\/files\/2021\/08\/Sin-t\u00edtulo-5-300x154.jpg 300w, https:\/\/blogsaverroes.juntadeandalucia.es\/ceippoetamolleja\/files\/2021\/08\/Sin-t\u00edtulo-5.jpg 313w\" sizes=\"(max-width: 300px) 100vw, 300px\" \/>El Programa TDE es un proyecto que la Consejer\u00eda de Educaci\u00f3n pone en marcha, en colaboraci\u00f3n con el Ministerio de Educaci\u00f3n, para reforzar la integraci\u00f3n de las tecnolog\u00edas de la informaci\u00f3n, de la comunicaci\u00f3n y del conocimiento en los centros educativos andaluces. Contempla el uso personalizado de un ultra port\u00e1til por parte de cada alumno y alumna de 5\u00ba y 6\u00ba de primaria, 1\u00ba y 2\u00ba de ESO, acceso a Internet y dotaci\u00f3n de aulas digitales, teniendo como protagonista al profesorado, como incentivador del proceso de ense\u00f1anza-aprendizaje. &nbsp;<\/p>\n<p dir=\"ltr\">Procura la utilizaci\u00f3n de las herramientas web 2.0 en la acci\u00f3n educativa como medio para el desarrollo de la competencia digital del alumnado y, mediante ella, el desarrollo del resto de las competencias b\u00e1sicas y, en consecuencia, la mejora de los resultados educativos del alumnado.<\/p>\n<p dir=\"ltr\">Con esta medida, se da un paso m\u00e1s en el camino para seguir avanzando en la modernizaci\u00f3n tecnol\u00f3gica de los centros andaluces, poniendo al servicio del profesorado herramientas que faciliten el uso de los recursos que oferta la sociedad de la informaci\u00f3n y la comunicaci\u00f3n en la actualidad.<\/p>\n","protected":false},"excerpt":{"rendered":"<p>El Programa TDE es un proyecto que la Consejer\u00eda de Educaci\u00f3n pone en marcha, en colaboraci\u00f3n con el Ministerio de Educaci\u00f3n, para reforzar la integraci\u00f3n de las tecnolog\u00edas de la informaci\u00f3n, de la comunicaci\u00f3n&#46;&#46;&#46;<\/p>\n","protected":false},"author":13272,"featured_media":0,"parent":0,"menu_order":0,"comment_status":"closed","ping_status":"closed","template":"","meta":{"ngg_post_thumbnail":0,"footnotes":""},"aioseo_notices":[],"_links":{"self":[{"href":"https:\/\/blogsaverroes.juntadeandalucia.es\/ceippoetamolleja\/wp-json\/wp\/v2\/pages\/666"}],"collection":[{"href":"https:\/\/blogsaverroes.juntadeandalucia.es\/ceippoetamolleja\/wp-json\/wp\/v2\/pages"}],"about":[{"href":"https:\/\/blogsaverroes.juntadeandalucia.es\/ceippoetamolleja\/wp-json\/wp\/v2\/types\/page"}],"author":[{"embeddable":true,"href":"https:\/\/blogsaverroes.juntadeandalucia.es\/ceippoetamolleja\/wp-json\/wp\/v2\/users\/13272"}],"replies":[{"embeddable":true,"href":"https:\/\/blogsaverroes.juntadeandalucia.es\/ceippoetamolleja\/wp-json\/wp\/v2\/comments?post=666"}],"version-history":[{"count":3,"href":"https:\/\/blogsaverroes.juntadeandalucia.es\/ceippoetamolleja\/wp-json\/wp\/v2\/pages\/666\/revisions"}],"predecessor-version":[{"id":835,"href":"https:\/\/blogsaverroes.juntadeandalucia.es\/ceippoetamolleja\/wp-json\/wp\/v2\/pages\/666\/revisions\/835"}],"wp:attachment":[{"href":"https:\/\/blogsaverroes.juntadeandalucia.es\/ceippoetamolleja\/wp-json\/wp\/v2\/media?parent=666"}],"curies":[{"name":"wp","href":"https:\/\/api.w.org\/{rel}","templated":true}]}}