{"id":669,"date":"2021-07-13T22:56:02","date_gmt":"2021-07-13T21:56:02","guid":{"rendered":"https:\/\/blogsaverroes.juntadeandalucia.es\/ceippoetamolleja\/?page_id=669"},"modified":"2021-08-08T11:27:21","modified_gmt":"2021-08-08T10:27:21","slug":"plan-de-apertura","status":"publish","type":"page","link":"https:\/\/blogsaverroes.juntadeandalucia.es\/ceippoetamolleja\/plan-de-apertura\/","title":{"rendered":"Plan de Apertura"},"content":{"rendered":"<p dir=\"ltr\" style=\"text-align: center\">El Consejo de Gobierno de la Junta de Andaluc\u00eda aprob\u00f3 el 30 de abril de 2002 el Decreto 137\/2002 de Apoyo a las Familias Andaluzas, una norma que estableci\u00f3 una amplia variedad de medidas dirigidas a facilitar la vida familiar y la integraci\u00f3n de mujeres y hombres en la vida laboral en condiciones de igualdad. El Plan de Apertura de Centros, se traduce b\u00e1sicamente en la ampliaci\u00f3n del horario de apertura de los centros docentes y en una mejora de la oferta de: Actividades extraescolares.<\/p>\n<p dir=\"ltr\" style=\"text-align: center\">&nbsp;Servicios educativos complementarios, tales como:<\/p>\n<ul style=\"text-align: center\">\n<li>\n<p dir=\"ltr\" role=\"presentation\"><strong><span style=\"color: #0000ff\">&nbsp;El comedor escolar&nbsp;<\/span><\/strong><\/p>\n<\/li>\n<li>\n<p dir=\"ltr\" role=\"presentation\"><strong><span style=\"color: #0000ff\">&nbsp;La atenci\u00f3n al alumnado a partir de las siete y media de la ma\u00f1ana.<\/span><\/strong><\/p>\n<\/li>\n<\/ul>\n<p dir=\"ltr\" style=\"text-align: center\">ISE Andaluc\u00eda tiene entre sus funciones la contrataci\u00f3n de las empresas que prestan estos servicios complementarios en los centros educativos.<\/p>\n<p dir=\"ltr\" style=\"text-align: center\">Por otra parte, ISE Andaluc\u00eda gestiona la contrataci\u00f3n de las empresas de transporte que prestan el servicio de transporte gratuito al alumnado cuyo centro educativo no se encuentre en su localidad o que tenga dificultades para acceder al mismo.<\/p>\n<p style=\"text-align: center\">Las modificaciones introducidas en las medidas de apoyo a las familias andaluzas, desde su puesta en marcha en el curso 2002\/03,&nbsp; se han hecho en la Orden de 3 de agosto de 2010. Entre las novedades de esta orden, debe destacarse que las bonificaciones para un curso de los precios p\u00fablicos a que hubiera lugar para los servicios de aula matinal, comedor escolar y actividades extraescolares se establecer\u00e1n considerando los ingresos de la unidad familiar del periodo impositivo inmediatamente anterior. Con ello se pretende, vincular de la forma m\u00e1s estrecha posible la bonificaci\u00f3n a la situaci\u00f3n econ\u00f3mica de la familia.<\/p>\n<table style=\"border-collapse: collapse;width: 100%\">\n<tbody>\n<tr>\n<td style=\"width: 33.3333%\">\n<p dir=\"ltr\"><strong>&nbsp;Aula Matinal<\/strong><\/p>\n<p dir=\"ltr\">&nbsp;<\/p>\n<p dir=\"ltr\">Las aulas matinales abren a las 7.30 horas de lunes a viernes, ofreciendo actividades diversas a los estudiantes hasta el comienzo del horario lectivo.<\/p>\n<\/td>\n<td style=\"width: 33.3333%\">\n<p dir=\"ltr\"><strong>Actividades Extraescolares<\/strong><\/p>\n<p dir=\"ltr\">&nbsp;<\/p>\n<p dir=\"ltr\">Las actividades extraescolares tienen lugar en horario de tarde, hasta las 18.00, y abarcan aspectos como:<\/p>\n<ul>\n<li>\n<p dir=\"ltr\" role=\"presentation\">&nbsp;la lectura.<\/p>\n<\/li>\n<li>\n<p dir=\"ltr\" role=\"presentation\">&nbsp;la m\u00fasica.<\/p>\n<\/li>\n<li>\n<p dir=\"ltr\" role=\"presentation\">la inform\u00e1tica.<\/p>\n<\/li>\n<li>\n<p dir=\"ltr\" role=\"presentation\">&nbsp;los idiomas.<\/p>\n<\/li>\n<li>\n<p dir=\"ltr\" role=\"presentation\">&nbsp;el teatro, entre otras actividades l\u00fadicas y formativas.<\/p>\n<\/li>\n<\/ul>\n<\/td>\n<td style=\"width: 33.3333%\">\n<p class=\"zfr3Q CDt4Ke\" dir=\"ltr\" role=\"presentation\"><strong>Transporte Escolar<\/strong><\/p>\n<p dir=\"ltr\" role=\"presentation\">&nbsp;<\/p>\n<p dir=\"ltr\">APAE Andaluc\u00eda gestiona la contrataci\u00f3n de las empresas que prestan el servicio de transporte escolar gratuito al alumnado de centros p\u00fablicos que est\u00e1n obligados a desplazarse por cursar ense\u00f1anzas que no se imparten en sus localidades de residencia.<\/p>\n<\/td>\n<\/tr>\n<\/tbody>\n<\/table>\n<p>&nbsp;<\/p>\n","protected":false},"excerpt":{"rendered":"<p>El Consejo de Gobierno de la Junta de Andaluc\u00eda aprob\u00f3 el 30 de abril de 2002 el Decreto 137\/2002 de Apoyo a las Familias Andaluzas, una norma que estableci\u00f3 una amplia variedad de medidas&#46;&#46;&#46;<\/p>\n","protected":false},"author":13272,"featured_media":0,"parent":0,"menu_order":0,"comment_status":"closed","ping_status":"closed","template":"","meta":{"ngg_post_thumbnail":0,"footnotes":""},"aioseo_notices":[],"_links":{"self":[{"href":"https:\/\/blogsaverroes.juntadeandalucia.es\/ceippoetamolleja\/wp-json\/wp\/v2\/pages\/669"}],"collection":[{"href":"https:\/\/blogsaverroes.juntadeandalucia.es\/ceippoetamolleja\/wp-json\/wp\/v2\/pages"}],"about":[{"href":"https:\/\/blogsaverroes.juntadeandalucia.es\/ceippoetamolleja\/wp-json\/wp\/v2\/types\/page"}],"author":[{"embeddable":true,"href":"https:\/\/blogsaverroes.juntadeandalucia.es\/ceippoetamolleja\/wp-json\/wp\/v2\/users\/13272"}],"replies":[{"embeddable":true,"href":"https:\/\/blogsaverroes.juntadeandalucia.es\/ceippoetamolleja\/wp-json\/wp\/v2\/comments?post=669"}],"version-history":[{"count":3,"href":"https:\/\/blogsaverroes.juntadeandalucia.es\/ceippoetamolleja\/wp-json\/wp\/v2\/pages\/669\/revisions"}],"predecessor-version":[{"id":828,"href":"https:\/\/blogsaverroes.juntadeandalucia.es\/ceippoetamolleja\/wp-json\/wp\/v2\/pages\/669\/revisions\/828"}],"wp:attachment":[{"href":"https:\/\/blogsaverroes.juntadeandalucia.es\/ceippoetamolleja\/wp-json\/wp\/v2\/media?parent=669"}],"curies":[{"name":"wp","href":"https:\/\/api.w.org\/{rel}","templated":true}]}}