{"id":672,"date":"2021-07-13T22:56:18","date_gmt":"2021-07-13T21:56:18","guid":{"rendered":"https:\/\/blogsaverroes.juntadeandalucia.es\/ceippoetamolleja\/?page_id=672"},"modified":"2025-01-20T23:11:00","modified_gmt":"2025-01-20T22:11:00","slug":"escuelas-deportivas","status":"publish","type":"page","link":"https:\/\/blogsaverroes.juntadeandalucia.es\/ceippoetamolleja\/escuelas-deportivas\/","title":{"rendered":"M\u00e1s Deporte"},"content":{"rendered":"<p style=\"text-align: center\"><strong>Ajedrez, F\u00fatbol y Aerobic<\/strong><\/p>\n<div class=\"block block-layout-builder block-field-blocknodeplanes-y-programasfield-planes-descripcion\">\n<div class=\"content\">\n<div class=\"clearfix text-formatted field field--name-field-planes-descripcion field--type-text-long field--label-above\">\n<div class=\"field__item\">\n<p style=\"text-align: center\"><span style=\"color: #0000ff\">El Programa M\u00e1s Deporte da respuesta a las necesidades del alumnado de los centros sostenidos con fondos p\u00fablicos para aumentar la pr\u00e1ctica deportiva y mejorar la conciliaci\u00f3n de la vida familiar y laboral. Viene, en suma, a reforzar las actividades deportivas de los centros docentes en los niveles locales, comarcales, provinciales y auton\u00f3mico, en colaboraci\u00f3n con Ayuntamientos y Diputaciones Provinciales, as\u00ed como con otras entidades colaboradoras y con la Consejer\u00eda de Salud y Consumo y la Consejer\u00eda de Turismo, Cultura y Deporte.<\/span><\/p>\n<p style=\"text-align: center\"><span style=\"color: #0000ff\">A trav\u00e9s del Programa, la pr\u00e1ctica del deporte tambi\u00e9n debe integrar la actividad l\u00fadica mediante juegos recreativos y populares que desarrollen el contacto del alumnado con el entorno, as\u00ed como con sus compa\u00f1eros para maximizar el trato personal y minimizar el uso negativo que se pueda hacer de las Nuevas Tecnolog\u00edas.<\/span><\/p>\n<\/div>\n<\/div>\n<\/div>\n<\/div>\n<div class=\"block block-layout-builder block-field-blocknodeplanes-y-programasfield-planes-objetivos\">\n<div class=\"content\">\n<div class=\"clearfix text-formatted field field--name-field-planes-objetivos field--type-text-long field--label-above\">\n<div class=\"field__label\" style=\"text-align: center\"><span style=\"color: #0000ff\">Objetivos concretos<\/span><\/div>\n<div class=\"field__item\">\n<p>a) Propiciar un marco adecuado, integrado y sistem\u00e1tico de salud din\u00e1mica como un indicador de calidad de vida, educando en h\u00e1bitos que contribuyan a paliar las altas tasas de sobrepeso y obesidad de los ni\u00f1os y ni\u00f1as en Andaluc\u00eda.<\/p>\n<p>b) Reforzar la adquisici\u00f3n, a trav\u00e9s del deporte, de actitudes positivas y valores, tanto individuales como colectivos, permitiendo al alumnado participante estimular y reforzar sus competencias sociales. La pr\u00e1ctica de actividad f\u00edsica impulsar\u00e1 la educaci\u00f3n en la tolerancia y en el respeto a la diversidad, la solidaridad, el compa\u00f1erismo y el juego limpio, la superaci\u00f3n, la cultura del esfuerzo y del compromiso, la cooperaci\u00f3n, el trabajo en equipo, la consideraci\u00f3n de la persona adversaria y del juez-\u00e1rbitro, el respeto al entorno natural y la igualdad de g\u00e9nero.<\/p>\n<p>c) Contribuir a la buena convivencia escolar a trav\u00e9s del conocimiento y la apreciaci\u00f3n de la multiculturalidad y de las diferencias individuales derivadas de las condiciones ps\u00edquicas, f\u00edsicas y sociales del alumnado, como aspecto fundamental del crecimiento personal y social.<\/p>\n<p>d) Valorar los diferentes comportamientos que se manifiestan en la pr\u00e1ctica deportiva y tomar una postura cr\u00edtica ante determinados fen\u00f3menos an\u00f3malos ligados a la misma.<\/p>\n<p>e) Desarrollar la capacidad de movimiento a trav\u00e9s de las habilidades y destrezas que hacen posible la pr\u00e1ctica f\u00edsica, t\u00e9cnica, t\u00e1ctica y ps\u00edquica de cada deporte.<\/p>\n<p>f) Aprender los fundamentos t\u00e9cnicos, t\u00e1cticos y f\u00edsicos e identificar principios de juego que van aumentando progresivamente su complejidad estructural y funcional.<\/p>\n<p>g) Conseguir que el alumnado participante desarrolle, en los roles que asume en cada una de las modalidades deportivas, mecanismos de percepci\u00f3n y decisi\u00f3n que fomenten una capacidad de juego aut\u00f3noma e intencional.<\/p>\n<p>h) Favorecer la cultura deportiva en el centro escolar facilitando el asociacionismo deportivo.<\/p>\n<p>i) Facilitar la introducci\u00f3n y la pr\u00e1ctica de la actividad l\u00fadica, mediante los juegos recreativos y populares, desarrollando el contacto con el entorno y el grupo de iguales.<\/p>\n<\/div>\n<\/div>\n<\/div>\n<\/div>\n","protected":false},"excerpt":{"rendered":"<p>Ajedrez, F\u00fatbol y Aerobic El Programa M\u00e1s Deporte da respuesta a las necesidades del alumnado de los centros sostenidos con fondos p\u00fablicos para aumentar la pr\u00e1ctica deportiva y mejorar la conciliaci\u00f3n de la vida&#46;&#46;&#46;<\/p>\n","protected":false},"author":13272,"featured_media":0,"parent":0,"menu_order":0,"comment_status":"closed","ping_status":"closed","template":"","meta":{"ngg_post_thumbnail":0,"footnotes":""},"aioseo_notices":[],"_links":{"self":[{"href":"https:\/\/blogsaverroes.juntadeandalucia.es\/ceippoetamolleja\/wp-json\/wp\/v2\/pages\/672"}],"collection":[{"href":"https:\/\/blogsaverroes.juntadeandalucia.es\/ceippoetamolleja\/wp-json\/wp\/v2\/pages"}],"about":[{"href":"https:\/\/blogsaverroes.juntadeandalucia.es\/ceippoetamolleja\/wp-json\/wp\/v2\/types\/page"}],"author":[{"embeddable":true,"href":"https:\/\/blogsaverroes.juntadeandalucia.es\/ceippoetamolleja\/wp-json\/wp\/v2\/users\/13272"}],"replies":[{"embeddable":true,"href":"https:\/\/blogsaverroes.juntadeandalucia.es\/ceippoetamolleja\/wp-json\/wp\/v2\/comments?post=672"}],"version-history":[{"count":5,"href":"https:\/\/blogsaverroes.juntadeandalucia.es\/ceippoetamolleja\/wp-json\/wp\/v2\/pages\/672\/revisions"}],"predecessor-version":[{"id":1595,"href":"https:\/\/blogsaverroes.juntadeandalucia.es\/ceippoetamolleja\/wp-json\/wp\/v2\/pages\/672\/revisions\/1595"}],"wp:attachment":[{"href":"https:\/\/blogsaverroes.juntadeandalucia.es\/ceippoetamolleja\/wp-json\/wp\/v2\/media?parent=672"}],"curies":[{"name":"wp","href":"https:\/\/api.w.org\/{rel}","templated":true}]}}