{"id":678,"date":"2021-07-13T22:56:52","date_gmt":"2021-07-13T21:56:52","guid":{"rendered":"https:\/\/blogsaverroes.juntadeandalucia.es\/ceippoetamolleja\/?page_id=678"},"modified":"2021-09-18T12:05:34","modified_gmt":"2021-09-18T11:05:34","slug":"comedor-escolar","status":"publish","type":"page","link":"https:\/\/blogsaverroes.juntadeandalucia.es\/ceippoetamolleja\/comedor-escolar\/","title":{"rendered":"Comedor Escolar"},"content":{"rendered":"<p dir=\"ltr\" style=\"text-align: center\"><a href=\"https:\/\/drive.google.com\/file\/d\/1hCKGEmf5MevZ3FeDhQfmZ4OzxlLsmULZ\/view?usp=sharing\"><span style=\"font-size: 18pt;color: #ff9900\"><em><strong>HAZ CLIC AQU\u00cd PARA VER EL MEN\u00da<\/strong><\/em><\/span><\/a><\/p>\n<p dir=\"ltr\"><img loading=\"lazy\" decoding=\"async\" class=\"size-medium wp-image-831 alignright\" src=\"https:\/\/blogsaverroes.juntadeandalucia.es\/ceippoetamolleja\/files\/2021\/08\/Sin-t\u00edtulo-4-300x175.jpg\" alt=\"\" width=\"300\" height=\"175\" srcset=\"https:\/\/blogsaverroes.juntadeandalucia.es\/ceippoetamolleja\/files\/2021\/08\/Sin-t\u00edtulo-4-300x175.jpg 300w, https:\/\/blogsaverroes.juntadeandalucia.es\/ceippoetamolleja\/files\/2021\/08\/Sin-t\u00edtulo-4-332x194.jpg 332w, https:\/\/blogsaverroes.juntadeandalucia.es\/ceippoetamolleja\/files\/2021\/08\/Sin-t\u00edtulo-4.jpg 384w\" sizes=\"(max-width: 300px) 100vw, 300px\" \/>El 8 de Abril de 2013 comenz\u00f3 a funcionar el Comedor Escolar de nuestro centro.<\/p>\n<p dir=\"ltr\">Los comedores escolares son un servicio complementario que resulta de gran utilidad a padres y madres para ayudarles a conciliar la vida laboral y familiar.<\/p>\n<p dir=\"ltr\">El Servicio se realizar\u00e1 de lunes a viernes en horario de 14.00 a 16.00 horas. Terminado este Servicio los alumnos, son recogidos por sus padres o se incorporan a las Actividades Extraescolares. Los comedores son adem\u00e1s una pieza importante para mejorar mejorar los h\u00e1bitos alimenticios de los ni\u00f1os y ni\u00f1as&nbsp; y as\u00ed poder prevenir problemas de salud como la obesidad.<\/p>\n<p dir=\"ltr\"><img loading=\"lazy\" decoding=\"async\" class=\"size-medium wp-image-830 alignright\" src=\"https:\/\/blogsaverroes.juntadeandalucia.es\/ceippoetamolleja\/files\/2021\/08\/Sin-t\u00edtulo-3-300x168.jpg\" alt=\"\" width=\"300\" height=\"168\" srcset=\"https:\/\/blogsaverroes.juntadeandalucia.es\/ceippoetamolleja\/files\/2021\/08\/Sin-t\u00edtulo-3-300x168.jpg 300w, https:\/\/blogsaverroes.juntadeandalucia.es\/ceippoetamolleja\/files\/2021\/08\/Sin-t\u00edtulo-3-332x186.jpg 332w, https:\/\/blogsaverroes.juntadeandalucia.es\/ceippoetamolleja\/files\/2021\/08\/Sin-t\u00edtulo-3.jpg 378w\" sizes=\"(max-width: 300px) 100vw, 300px\" \/><\/p>\n<p dir=\"ltr\">Los men\u00fas&nbsp; ser\u00e1n entregados a las familias mensualmente.<\/p>\n<p dir=\"ltr\">Precio por d\u00eda de comida con bonificaci\u00f3n del 100%: 0 Euros.<\/p>\n<p dir=\"ltr\">Precio por d\u00eda de comida sin bonificaci\u00f3n: 4,50 Euros.<\/p>\n<p dir=\"ltr\">10% &#8211; 4.05 Euros<\/p>\n<p dir=\"ltr\">18% &#8211; 3.69 Euros<\/p>\n<p dir=\"ltr\">26% &#8211; 3.33 Euros<\/p>\n<p dir=\"ltr\">34% &#8211; 2.97 Euros<\/p>\n<p dir=\"ltr\">42% &#8211; 2.61 Euros<\/p>\n<p dir=\"ltr\">50% &#8211; 2.25 Euros<\/p>\n<p dir=\"ltr\">EL ABONO DE ESTE SERVICIO SE REALIZAR\u00c1 POR ENTIDAD BANCARIA.<\/p>\n<p dir=\"ltr\">NORMAS DE COMPORTAMIENTO EN EL COMEDOR ESCOLAR C.E.I.P. POETA MOLLEJA<\/p>\n<p dir=\"ltr\">\u00b7&nbsp; &nbsp; &nbsp; &nbsp; Se entrar\u00e1 en el comedor de forma ordenada, sin correr, sin gritar, momento en que se revisar\u00e1 la higiene personal.<\/p>\n<p dir=\"ltr\">\u00b7 &nbsp; &nbsp; &nbsp; En ning\u00fan caso se suministrar\u00e1n medicamentos a los ni\u00f1os \/ as.<\/p>\n<p dir=\"ltr\">\u00b7 &nbsp; &nbsp; &nbsp; Una vez dentro del comedor cada alumno\/a se dirigir\u00e1 a su mesa y esperar\u00e1 sentado a que le sirvan. Nadie se levantar\u00e1 hasta que se haya terminado de comer.<\/p>\n<p dir=\"ltr\">\u00b7 &nbsp; &nbsp; &nbsp; Se permanecer\u00e1 sentado a la mesa&nbsp; comiendo&nbsp; tranquilamente, sin gritar ni alborotar, manteniendo actitudes que&nbsp; no perturben a los dem\u00e1s.<\/p>\n<p dir=\"ltr\">\u00b7&nbsp; &nbsp; &nbsp; &nbsp; Durante la comida se hablar\u00e1 en voz baja.<\/p>\n<p dir=\"ltr\">\u00b7 &nbsp; &nbsp; &nbsp; No se permitir\u00e1n actitudes despreciativas hacia la comida que influyan negativamente en los dem\u00e1s.<\/p>\n<p dir=\"ltr\">\u00b7 &nbsp; &nbsp; &nbsp; Durante la comida no podr\u00e1n ir al servicio sin permiso de la Monitora.<\/p>\n<p dir=\"ltr\">\u00b7 &nbsp; &nbsp; &nbsp; Con el fin de que los padres \/ madres puedan programar las cenas de sus hijos \/ as, se informar\u00e1 a los mismos de los men\u00fas que se van a servir.<\/p>\n<p dir=\"ltr\">\u00b7 &nbsp; &nbsp; &nbsp; En caso de no poder comer alg\u00fan alimento se deber\u00e1 traer un certificado m\u00e9dico que as\u00ed lo manifieste.<\/p>\n<p dir=\"ltr\">\u00b7 &nbsp; &nbsp; &nbsp; El incumplimiento de las normas se notificar\u00e1 a los padres \/ madres del alumno\/a y de persistir en la misma actitud se sancionar\u00e1 con la privaci\u00f3n temporal o definitiva del uso del comedor.<\/p>\n<p dir=\"ltr\">\u00b7 &nbsp; &nbsp; &nbsp; No est\u00e1 permitido sacar fuera del comedor ning\u00fan tipo de comida.<\/p>\n<p dir=\"ltr\">\u00b7 &nbsp; &nbsp; &nbsp; El &nbsp; impago del recibo de comedor con llevar\u00e1 el no poder usar este servicio mientras no se ponga al corriente en el pago.<\/p>\n<p dir=\"ltr\">\u00b7 &nbsp; &nbsp; &nbsp; Si un ni\u00f1o no asiste a clase por encontrarse enfermo, tampoco podr\u00e1 venir al comedor.<\/p>\n<p dir=\"ltr\">&nbsp;<\/p>\n<p dir=\"ltr\">&nbsp;<\/p>\n<p dir=\"ltr\">LA DIRECCI\u00d3N<\/p>\n","protected":false},"excerpt":{"rendered":"<p>HAZ CLIC AQU\u00cd PARA VER EL MEN\u00da El 8 de Abril de 2013 comenz\u00f3 a funcionar el Comedor Escolar de nuestro centro. Los comedores escolares son un servicio complementario que resulta de gran utilidad&#46;&#46;&#46;<\/p>\n","protected":false},"author":13272,"featured_media":0,"parent":0,"menu_order":0,"comment_status":"closed","ping_status":"closed","template":"","meta":{"ngg_post_thumbnail":0,"footnotes":""},"aioseo_notices":[],"_links":{"self":[{"href":"https:\/\/blogsaverroes.juntadeandalucia.es\/ceippoetamolleja\/wp-json\/wp\/v2\/pages\/678"}],"collection":[{"href":"https:\/\/blogsaverroes.juntadeandalucia.es\/ceippoetamolleja\/wp-json\/wp\/v2\/pages"}],"about":[{"href":"https:\/\/blogsaverroes.juntadeandalucia.es\/ceippoetamolleja\/wp-json\/wp\/v2\/types\/page"}],"author":[{"embeddable":true,"href":"https:\/\/blogsaverroes.juntadeandalucia.es\/ceippoetamolleja\/wp-json\/wp\/v2\/users\/13272"}],"replies":[{"embeddable":true,"href":"https:\/\/blogsaverroes.juntadeandalucia.es\/ceippoetamolleja\/wp-json\/wp\/v2\/comments?post=678"}],"version-history":[{"count":4,"href":"https:\/\/blogsaverroes.juntadeandalucia.es\/ceippoetamolleja\/wp-json\/wp\/v2\/pages\/678\/revisions"}],"predecessor-version":[{"id":914,"href":"https:\/\/blogsaverroes.juntadeandalucia.es\/ceippoetamolleja\/wp-json\/wp\/v2\/pages\/678\/revisions\/914"}],"wp:attachment":[{"href":"https:\/\/blogsaverroes.juntadeandalucia.es\/ceippoetamolleja\/wp-json\/wp\/v2\/media?parent=678"}],"curies":[{"name":"wp","href":"https:\/\/api.w.org\/{rel}","templated":true}]}}