{"id":691,"date":"2021-07-13T23:00:11","date_gmt":"2021-07-13T22:00:11","guid":{"rendered":"https:\/\/blogsaverroes.juntadeandalucia.es\/ceippoetamolleja\/?page_id=691"},"modified":"2023-05-29T13:18:26","modified_gmt":"2023-05-29T12:18:26","slug":"secretaria","status":"publish","type":"page","link":"https:\/\/blogsaverroes.juntadeandalucia.es\/ceippoetamolleja\/secretaria\/","title":{"rendered":"Secretar\u00eda"},"content":{"rendered":"<p style=\"text-align: left\">&nbsp;&nbsp;&nbsp;&nbsp;&nbsp;&nbsp;&nbsp;&nbsp;&nbsp;&nbsp;&nbsp;&nbsp;&nbsp;&nbsp;&nbsp;&nbsp;&nbsp;&nbsp;&nbsp;&nbsp;&nbsp;&nbsp;&nbsp; &nbsp;&nbsp;&nbsp;&nbsp;&nbsp;&nbsp;&nbsp;&nbsp;&nbsp;&nbsp;&nbsp;&nbsp; <strong>&nbsp; &nbsp; &nbsp; &nbsp; &nbsp; &nbsp; &nbsp; &nbsp; &nbsp; &nbsp; &nbsp; <span style=\"color: #ff6600;font-size: 18pt\">&nbsp; &nbsp; &nbsp;<\/span><\/strong><span style=\"font-size: 18pt;color: #ff6600\"><strong><u>PERIODO MATRICULACI\u00d3N<\/u><\/strong><\/span><\/p>\n<p>&nbsp;<\/p>\n<p>&nbsp;<\/p>\n<p><strong>Estimadas familias:<\/strong><\/p>\n<p>Comunicamos que el pr\u00f3ximo <strong>jueves 1 de junio hasta el 8 de junio <\/strong>es el <strong>plazo para la matriculaci\u00f3n <\/strong>de su hijo\/a en nuestro centro.<\/p>\n<h1><span style=\"color: #ff6600;font-size: 18pt\">EL PROCESO DE MATRUCULACI\u00d3N ES PARA:<\/span><\/h1>\n<ul>\n<li>Todos los alumnos\/as que ya est\u00e1n en el colegio (menos los alumnos\/as que terminan 6\u00ba E. Primaria, salvo repetidores, y el pr\u00f3ximo a\u00f1o ir\u00e1n al<\/li>\n<li>Los alumnos\/as que el pr\u00f3ximo curso empiezan Infantil de 3 a\u00f1os.<\/li>\n<li>Los alumnos\/as procedentes de otro<\/li>\n<\/ul>\n<h1><span style=\"font-size: 18pt;color: #ff6600\">LA MATRICULA SE PUEDE HACER EN PAPEL O TELEM\u00c1TICAMENTE.<\/span><\/h1>\n<p><strong>En papel, tiene que rellenar la siguiente documentaci\u00f3n que se les facilitar\u00e1 con su hijo\/a, una vez cumplimentado se les har\u00e1 llegar al tutor\/a:<\/strong><\/p>\n<h1><span style=\"color: #ff6600;font-size: 18pt\">OBLIGATORIO<\/span><\/h1>\n<ul>\n<li><strong>ANEXO IV <\/strong>(matricula en Infantil) o <strong>ANEXO V <\/strong>(matricula en Primaria), dependiendo del curso de su hijo\/a el pr\u00f3ximo<\/li>\n<li><strong>ANEXO I<\/strong>, solicitud para cursar ense\u00f1anza de Religi\u00f3n.<\/li>\n<\/ul>\n<h1><span style=\"color: #ff6600;font-size: 18pt\">\u00b7&nbsp;&nbsp;&nbsp;&nbsp;&nbsp;&nbsp;&nbsp; Impreso de datos personales.<\/span><\/h1>\n<ul>\n<li><strong>Cuestionario <\/strong>de Ejecuci\u00f3n de Fondo Social Europeo (FSE).<\/li>\n<\/ul>\n<h1><span style=\"color: #ff6600;font-size: 18pt\">SOLO EN EL CASO DE QUERER HACER USO EL PR\u00d3XIMO CURSO<\/span><\/h1>\n<ul>\n<li><strong>Anexo II <\/strong>(Solicitud aula matinal, comedor, actividades extraescolares).<\/li>\n<li><strong>Anexo V <\/strong>(Solicitud de gratuidad\/bonificaci\u00f3n aula matinal, comedor o actividades extraescolares).<\/li>\n<\/ul>\n<h1><span style=\"color: #ff6600;font-size: 18pt\">Estos anexos deben pasar por administraci\u00f3n de 9:30 a 11:30 a recogerlos, de lunes a viernes, hasta el d\u00eda 8 de junio.<\/span><\/h1>\n<p>&nbsp;<\/p>\n<p><span style=\"color: #ff6600;font-size: 18pt\"><strong>Para poder realizarla de manera telem\u00e1tica necesitan:<\/strong><\/span><\/p>\n<p><strong>&nbsp;<\/strong><\/p>\n<ul>\n<li style=\"text-align: left\"><span style=\"font-size: 14pt\">Clave IANDE (en comunicaciones en Pasen\/Ipasen)<\/span><\/li>\n<li style=\"text-align: left\"><span style=\"font-size: 14pt\">Certificado digital<\/span><\/li>\n<li style=\"text-align: left\"><span style=\"font-size: 14pt\">Clave (en Hacienda, Seguridad Social se solicita)<\/span><\/li>\n<\/ul>\n<p style=\"text-align: center\"><span style=\"font-size: 14pt\"><em>El enlace de acceso a la Secretar\u00eda Virtual es el siguiente:<\/em><\/span><\/p>\n<p style=\"text-align: center\"><span style=\"font-size: 14pt\"><a href=\"https:\/\/www.juntadeandalucia.es\/educacion\/secretavirtual\/\">https:\/\/www.juntadeandalucia.es\/educacion\/secretavirtual\/<\/a><\/span><\/p>\n<p style=\"text-align: center\"><span style=\"font-size: 14pt\">En nuestra p\u00e1gina web podr\u00e1n encontrar m\u00e1s informaci\u00f3n al respecto:<\/span><\/p>\n<p style=\"text-align: center\">&nbsp;<\/p>\n<p style=\"text-align: center\">&nbsp;<\/p>\n<p style=\"text-align: center\"><span style=\"font-size: 14pt\">Muchas gracias.<\/span><\/p>\n<p style=\"text-align: center\">&nbsp;<\/p>\n<h1 style=\"text-align: center\"><span style=\"font-size: 18pt\">Reciban un cordial saludo<\/span><\/h1>\n<p style=\"text-align: center\"><span style=\"font-size: 18pt\"><strong>&nbsp;<\/strong><\/span><\/p>\n<p style=\"text-align: center\"><span style=\"font-size: 18pt\"><strong>&nbsp;<\/strong><\/span><\/p>\n<p style=\"text-align: center\"><span style=\"font-size: 18pt\"><strong>&nbsp;<\/strong><\/span><\/p>\n<p style=\"text-align: center\"><span style=\"font-size: 18pt\"><strong>La Direcci\u00f3n.<\/strong><\/span><\/p>\n<p><strong>&nbsp;<\/strong><\/p>\n<p><strong>&nbsp;<\/strong><\/p>\n<p><strong>&nbsp;<\/strong><\/p>\n<p><strong>&nbsp;<\/strong><\/p>\n<p>Villa del R\u00edo, 29 de mayo de 2023<\/p>\n","protected":false},"excerpt":{"rendered":"<p>&nbsp;&nbsp;&nbsp;&nbsp;&nbsp;&nbsp;&nbsp;&nbsp;&nbsp;&nbsp;&nbsp;&nbsp;&nbsp;&nbsp;&nbsp;&nbsp;&nbsp;&nbsp;&nbsp;&nbsp;&nbsp;&nbsp;&nbsp; &nbsp;&nbsp;&nbsp;&nbsp;&nbsp;&nbsp;&nbsp;&nbsp;&nbsp;&nbsp;&nbsp;&nbsp; &nbsp; &nbsp; &nbsp; &nbsp; &nbsp; &nbsp; &nbsp; &nbsp; &nbsp; &nbsp; &nbsp; &nbsp; &nbsp; &nbsp;PERIODO MATRICULACI\u00d3N &nbsp; &nbsp; Estimadas familias: Comunicamos que el pr\u00f3ximo jueves 1 de junio hasta el 8 de junio&#46;&#46;&#46;<\/p>\n","protected":false},"author":13272,"featured_media":0,"parent":0,"menu_order":0,"comment_status":"closed","ping_status":"closed","template":"","meta":{"ngg_post_thumbnail":0,"footnotes":""},"aioseo_notices":[],"_links":{"self":[{"href":"https:\/\/blogsaverroes.juntadeandalucia.es\/ceippoetamolleja\/wp-json\/wp\/v2\/pages\/691"}],"collection":[{"href":"https:\/\/blogsaverroes.juntadeandalucia.es\/ceippoetamolleja\/wp-json\/wp\/v2\/pages"}],"about":[{"href":"https:\/\/blogsaverroes.juntadeandalucia.es\/ceippoetamolleja\/wp-json\/wp\/v2\/types\/page"}],"author":[{"embeddable":true,"href":"https:\/\/blogsaverroes.juntadeandalucia.es\/ceippoetamolleja\/wp-json\/wp\/v2\/users\/13272"}],"replies":[{"embeddable":true,"href":"https:\/\/blogsaverroes.juntadeandalucia.es\/ceippoetamolleja\/wp-json\/wp\/v2\/comments?post=691"}],"version-history":[{"count":4,"href":"https:\/\/blogsaverroes.juntadeandalucia.es\/ceippoetamolleja\/wp-json\/wp\/v2\/pages\/691\/revisions"}],"predecessor-version":[{"id":1394,"href":"https:\/\/blogsaverroes.juntadeandalucia.es\/ceippoetamolleja\/wp-json\/wp\/v2\/pages\/691\/revisions\/1394"}],"wp:attachment":[{"href":"https:\/\/blogsaverroes.juntadeandalucia.es\/ceippoetamolleja\/wp-json\/wp\/v2\/media?parent=691"}],"curies":[{"name":"wp","href":"https:\/\/api.w.org\/{rel}","templated":true}]}}