{"id":798,"date":"2021-07-22T16:24:08","date_gmt":"2021-07-22T15:24:08","guid":{"rendered":"https:\/\/blogsaverroes.juntadeandalucia.es\/ceippoetamolleja\/?page_id=798"},"modified":"2025-01-20T23:04:08","modified_gmt":"2025-01-20T22:04:08","slug":"i-claustro-2","status":"publish","type":"page","link":"https:\/\/blogsaverroes.juntadeandalucia.es\/ceippoetamolleja\/i-claustro-2\/","title":{"rendered":"I.- Claustro"},"content":{"rendered":"<p dir=\"ltr\" style=\"text-align: center\"><strong><span style=\"font-size: 14pt;color: #0000ff\">CAR\u00c1CTER Y COMPOSICI\u00d3N DEL CLAUSTRO DE PROFESORES<\/span><\/strong><\/p>\n<p dir=\"ltr\" style=\"text-align: center\"><span style=\"font-size: 14pt\">\u00b7 &nbsp; &nbsp; &nbsp; &nbsp; El claustro, \u00f3rgano propio de participaci\u00f3n de los maestros en el centro, tiene la responsabilidad de planificar, coordinar, decidir e informar sobre todos los aspectos docentes del mismo.<\/span><\/p>\n<p dir=\"ltr\" style=\"text-align: center\"><span style=\"font-size: 14pt\">\u00b7 &nbsp; &nbsp; &nbsp; &nbsp; El claustro estar\u00e1 integrado por la totalidad de los profesores que presten servicios en el centro.<\/span><\/p>\n<p style=\"text-align: center\">&nbsp;<\/p>\n<p dir=\"ltr\">&nbsp;<\/p>\n<p dir=\"ltr\" style=\"text-align: center\"><strong><span style=\"font-size: 14pt;color: #339966\">SON COMPETENCIAS DEL CLAUSTRO:<\/span><\/strong><\/p>\n<p dir=\"ltr\" style=\"text-align: center\"><span style=\"font-size: 14pt\">a)Formular al equipo directivo y al Consejo Escolar propuestas para la elaboraci\u00f3n del Plan de Centro.<\/span><\/p>\n<p dir=\"ltr\" style=\"text-align: center\"><span style=\"font-size: 14pt\">b)Aprobar y evaluar los aspectos educativos del Plan de Centro.<\/span><\/p>\n<p dir=\"ltr\" style=\"text-align: center\"><span style=\"font-size: 14pt\">&nbsp;c)Aprobar las Programaciones did\u00e1cticas y las propuestas pedag\u00f3gicas.<\/span><\/p>\n<p dir=\"ltr\" style=\"text-align: center\"><span style=\"font-size: 14pt\">d) Fijar criterios referentes a la orientaci\u00f3n y tutor\u00eda del alumnado.<\/span><\/p>\n<p dir=\"ltr\" style=\"text-align: center\"><span style=\"font-size: 14pt\">e)Promover iniciativas en el \u00e1mbito de la experimentaci\u00f3n, de la innovaci\u00f3n y de la investigaci\u00f3n pedag\u00f3gica y en la formaci\u00f3n del profesorado del centro.<\/span><\/p>\n<p dir=\"ltr\" style=\"text-align: center\"><span style=\"font-size: 14pt\">f) Elegir sus representantes en el Consejo Escolar del centro y participar en la selecci\u00f3n del director o directora en los t\u00e9rminos establecidos en la Ley Org\u00e1nica 2\/2006, de 3 de mayo, y dem\u00e1s normativa de aplicaci\u00f3n.<\/span><\/p>\n<p dir=\"ltr\" style=\"text-align: center\"><span style=\"font-size: 14pt\">g)Conocer las candidaturas a la direcci\u00f3n y los proyectos de direcci\u00f3n presentados por las personas candidatas.<\/span><\/p>\n<p dir=\"ltr\" style=\"text-align: center\"><span style=\"font-size: 14pt\">h)Analizar y valorar el funcionamiento general del centro, la evoluci\u00f3n del rendimiento escolar y los resultados de las evaluaciones internas y externas en las que participe el centro.<\/span><\/p>\n<p dir=\"ltr\" style=\"text-align: center\"><span style=\"font-size: 14pt\">i) Informar del reglamento de organizaci\u00f3n y funcionamiento del centro.<\/span><\/p>\n<p dir=\"ltr\" style=\"text-align: center\"><span style=\"font-size: 14pt\">&nbsp;j)Informar de la memoria de autoevaluaci\u00f3n.<\/span><\/p>\n<p dir=\"ltr\" style=\"text-align: center\"><span style=\"font-size: 14pt\">&nbsp;k)Conocer la resoluci\u00f3n de conflictos disciplinarios y la imposici\u00f3n de sanciones y velar para que \u00e9stas se atengan a la normativa vigente.<\/span><\/p>\n<p dir=\"ltr\" style=\"text-align: center\"><span style=\"font-size: 14pt\">&nbsp;l)Promover medidas e iniciativas que favorezcan la convivencia en el centro.<\/span><\/p>\n<p dir=\"ltr\" style=\"text-align: center\"><span style=\"font-size: 14pt\">m)Cualquiera otra que sea atribuida por el reglamento de organizaci\u00f3n y funcionamiento del centro o por Orden de la persona titular de la Consejer\u00eda competente en materia de educaci\u00f3n.<\/span><\/p>\n","protected":false},"excerpt":{"rendered":"<p>CAR\u00c1CTER Y COMPOSICI\u00d3N DEL CLAUSTRO DE PROFESORES \u00b7 &nbsp; &nbsp; &nbsp; &nbsp; El claustro, \u00f3rgano propio de participaci\u00f3n de los maestros en el centro, tiene la responsabilidad de planificar, coordinar, decidir e informar sobre&#46;&#46;&#46;<\/p>\n","protected":false},"author":13272,"featured_media":0,"parent":0,"menu_order":0,"comment_status":"closed","ping_status":"closed","template":"","meta":{"ngg_post_thumbnail":0,"footnotes":""},"aioseo_notices":[],"_links":{"self":[{"href":"https:\/\/blogsaverroes.juntadeandalucia.es\/ceippoetamolleja\/wp-json\/wp\/v2\/pages\/798"}],"collection":[{"href":"https:\/\/blogsaverroes.juntadeandalucia.es\/ceippoetamolleja\/wp-json\/wp\/v2\/pages"}],"about":[{"href":"https:\/\/blogsaverroes.juntadeandalucia.es\/ceippoetamolleja\/wp-json\/wp\/v2\/types\/page"}],"author":[{"embeddable":true,"href":"https:\/\/blogsaverroes.juntadeandalucia.es\/ceippoetamolleja\/wp-json\/wp\/v2\/users\/13272"}],"replies":[{"embeddable":true,"href":"https:\/\/blogsaverroes.juntadeandalucia.es\/ceippoetamolleja\/wp-json\/wp\/v2\/comments?post=798"}],"version-history":[{"count":8,"href":"https:\/\/blogsaverroes.juntadeandalucia.es\/ceippoetamolleja\/wp-json\/wp\/v2\/pages\/798\/revisions"}],"predecessor-version":[{"id":1593,"href":"https:\/\/blogsaverroes.juntadeandalucia.es\/ceippoetamolleja\/wp-json\/wp\/v2\/pages\/798\/revisions\/1593"}],"wp:attachment":[{"href":"https:\/\/blogsaverroes.juntadeandalucia.es\/ceippoetamolleja\/wp-json\/wp\/v2\/media?parent=798"}],"curies":[{"name":"wp","href":"https:\/\/api.w.org\/{rel}","templated":true}]}}