{"id":804,"date":"2021-07-22T16:32:39","date_gmt":"2021-07-22T15:32:39","guid":{"rendered":"https:\/\/blogsaverroes.juntadeandalucia.es\/ceippoetamolleja\/?page_id=804"},"modified":"2025-01-20T23:07:24","modified_gmt":"2025-01-20T22:07:24","slug":"ii-consejo-escolar-2","status":"publish","type":"page","link":"https:\/\/blogsaverroes.juntadeandalucia.es\/ceippoetamolleja\/ii-consejo-escolar-2\/","title":{"rendered":"II.- Consejo Escolar."},"content":{"rendered":"<p dir=\"ltr\" style=\"text-align: center\"><span style=\"color: #0000ff\"><em><strong><span style=\"font-size: 14pt\">La participaci\u00f3n de los padres y las madres de alumnos, maestros y maestras, personal de administraci\u00f3n y servicios y ayuntamientos en el gobierno de los centros se efectuar\u00e1 a trav\u00e9s del consejo escolar del centro.<\/span><\/strong><\/em><\/span><\/p>\n<p dir=\"ltr\" style=\"text-align: center\"><em><span style=\"color: #0000ff\"><strong><span style=\"font-size: 14pt\">El Consejo Escolar del C.E.I.P. &#8220;Poeta Molleja &#8221; de Villa del R\u00edo, est\u00e1 compuesto por los siguientes miembros:<\/span><\/strong><\/span><\/em><\/p>\n<p style=\"text-align: center\"><span style=\"color: #0000ff\">MIEMBROS DEL CONSEJO ESCOLAR CONSTITUIDO EL 16 DE DICIEMBRE DE 2024<\/span><span style=\"color: #0000ff\"><strong>&nbsp;<\/strong><\/span><\/p>\n<ul style=\"text-align: center\">\n<li><span style=\"color: #0000ff\"><strong>Equipo Directivo<\/strong><\/span><\/li>\n<\/ul>\n<p style=\"text-align: center\"><span style=\"color: #0000ff\">Jos\u00e9 Luis Aranda Le\u00f3n (director); Dolores Garc\u00eda Navajas (jefa de Estudios); Andr\u00e9s Cuenca Luque (secretario).<\/span><\/p>\n<ul style=\"text-align: center\">\n<li><span style=\"color: #0000ff\"><strong>Representantes del Profesorado<\/strong><\/span><\/li>\n<\/ul>\n<p style=\"text-align: center\"><span style=\"color: #0000ff\">Antonia Carpio Calleja, Mar\u00eda Jes\u00fas Gallardo Reca, Alfonso Jes\u00fas Herrero Moyano, Estrella Jurado Polo, Inmaculada Llamas Jim\u00e9nez, Juan Luque Leal, Mar\u00eda Navarro Padilla, Mar\u00eda Jos\u00e9 Pastor Le\u00f3n.<\/span><\/p>\n<ul style=\"text-align: center\">\n<li><span style=\"color: #0000ff\"><strong>Representantes de Padres y Madres<\/strong><\/span><\/li>\n<\/ul>\n<p style=\"text-align: center\"><span style=\"color: #0000ff\">Azahara Arjona Castro, Inmaculada Cancio Guill\u00e9n, Dolores Garc\u00eda Granados, Estrella Laguna Carpio, Natalia Leal Aguilera, Manuela Madue\u00f1o G\u00f3mez, Catalina Quero Ruiz, Estrella Yedres Navarro.<\/span><\/p>\n<ul style=\"text-align: center\">\n<li><span style=\"color: #0000ff\"><strong>Representante de la AMPA mayoritaria<\/strong><\/span><\/li>\n<\/ul>\n<p style=\"text-align: center\"><span style=\"color: #0000ff\">Cristina Ca\u00f1as Pedersen<\/span><\/p>\n<ul style=\"text-align: center\">\n<li><span style=\"color: #0000ff\"><strong>Personal de la Administraci\u00f3n y Servicios<\/strong><\/span><\/li>\n<\/ul>\n<p style=\"text-align: center\"><span style=\"color: #0000ff\">Ana Isabel Garc\u00eda Palma.<\/span><\/p>\n<ul style=\"text-align: center\">\n<li><span style=\"color: #0000ff\"><strong>Representante del Ayuntamiento<\/strong><\/span><\/li>\n<\/ul>\n<p style=\"text-align: center\"><span style=\"color: #0000ff\">Juan Cort\u00e9s Lozano.<\/span><\/p>\n<ul>\n<li style=\"text-align: center\"><span style=\"color: #0000ff\"><strong>Personal Atenci\u00f3n Educativa<\/strong><\/span><\/li>\n<\/ul>\n<p>&nbsp;<\/p>\n<p dir=\"ltr\">&nbsp;<\/p>\n<p dir=\"ltr\" style=\"text-align: center\"><span style=\"font-size: 14pt\">EL CONSEJO ESCOLAR TENDR\u00c1 LAS SIGUIENTES COMPETENCIAS;<\/span><\/p>\n<p dir=\"ltr\" style=\"text-align: center\"><span style=\"font-size: 14pt\">a) Evaluar los proyectos y las normas a los que se refiere el cap\u00edtulo II del t\u00edtulo V de la presente Ley org\u00e1nica.<\/span><\/p>\n<p dir=\"ltr\" style=\"text-align: center\"><span style=\"font-size: 14pt\">b) Evaluar la programaci\u00f3n general anual del centro, sin perjuicio de las competencias del Claustro del profesorado, en relaci\u00f3n con la planificaci\u00f3n y organizaci\u00f3n docente.<\/span><\/p>\n<p dir=\"ltr\" style=\"text-align: center\"><span style=\"font-size: 14pt\">c) Conocer las candidaturas a la direcci\u00f3n y los proyectos de direcci\u00f3n presentados por los candidatos.<\/span><\/p>\n<p dir=\"ltr\" style=\"text-align: center\"><span style=\"font-size: 14pt\">d) Participar en la selecci\u00f3n del director del centro, en los t\u00e9rminos que la presente Ley Org\u00e1nica establece. Ser informado del nombramiento y cese de los dem\u00e1s miembros del equipo directivo. En su caso, previo acuerdo de sus miembros, adoptado por mayor\u00eda de dos tercios, proponer la revocaci\u00f3n del nombramiento del director.<\/span><\/p>\n<p dir=\"ltr\" style=\"text-align: center\"><span style=\"font-size: 14pt\">e) Informar sobre la admisi\u00f3n de alumnos y alumnas, con sujeci\u00f3n a lo establecido en esta Ley Org\u00e1nica y disposiciones que la desarrollen.<\/span><\/p>\n<p dir=\"ltr\" style=\"text-align: center\"><span style=\"font-size: 14pt\">f) Conocer la resoluci\u00f3n de conflictos disciplinarios y velar por que se atengan a la normativa vigente. Cuando las medidas disciplinarias adoptadas por el director correspondan a conductas del alumnado que perjudiquen gravemente la convivencia del centro, el Consejo Escolar, a instancia de padres, madres o tutores legales, podr\u00e1 revisar la decisi\u00f3n adoptada y proponer, en su caso, las medidas oportunas.<\/span><\/p>\n<p dir=\"ltr\" style=\"text-align: center\"><span style=\"font-size: 14pt\">g) Proponer medidas e iniciativas que favorezcan la convivencia en el centro, la igualdad entre hombres y mujeres, la igualdad de trato y la no discriminaci\u00f3n por las causas a que se refiere el art\u00edculo 84.3 de la presente Ley Org\u00e1nica, la resoluci\u00f3n pac\u00edfica de conflictos, y la prevenci\u00f3n de la violencia de g\u00e9nero.<\/span><\/p>\n<p dir=\"ltr\" style=\"text-align: center\"><span style=\"font-size: 14pt\">h) Promover la conservaci\u00f3n y renovaci\u00f3n de las instalaciones y del equipo escolar e informar la obtenci\u00f3n de recursos complementarios, de acuerdo con lo establecido en el art\u00edculo 122.3.<\/span><\/p>\n<p dir=\"ltr\" style=\"text-align: center\"><span style=\"font-size: 14pt\">i) Informar las directrices para la colaboraci\u00f3n, con fines educativos y culturales, con las Administraciones locales, con otros centros, entidades y organismos.<\/span><\/p>\n<p dir=\"ltr\" style=\"text-align: center\"><span style=\"font-size: 14pt\">j) Analizar y valorar el funcionamiento general del centro, la evoluci\u00f3n del rendimiento escolar y los resultados de las evaluaciones internas y externas en las que participe el centro.<\/span><\/p>\n<p dir=\"ltr\" style=\"text-align: center\"><span style=\"font-size: 14pt\">k) Elaborar propuestas e informes, a iniciativa propia o a petici\u00f3n de la Administraci\u00f3n competente, sobre el funcionamiento del centro y la mejora de la calidad de la gesti\u00f3n, as\u00ed como sobre aquellos otros aspectos relacionados con la calidad de la misma.<\/span><\/p>\n<p dir=\"ltr\" style=\"text-align: center\"><span style=\"font-size: 14pt\">l) Cualesquiera otras que le sean atribuidas por la Administraci\u00f3n educativa.\u00bb<\/span><\/p>\n<p dir=\"ltr\">&nbsp;<\/p>\n<p dir=\"ltr\">&nbsp;<\/p>\n","protected":false},"excerpt":{"rendered":"<p>La participaci\u00f3n de los padres y las madres de alumnos, maestros y maestras, personal de administraci\u00f3n y servicios y ayuntamientos en el gobierno de los centros se efectuar\u00e1 a trav\u00e9s del consejo escolar del&#46;&#46;&#46;<\/p>\n","protected":false},"author":13272,"featured_media":0,"parent":0,"menu_order":0,"comment_status":"closed","ping_status":"closed","template":"","meta":{"ngg_post_thumbnail":0,"footnotes":""},"aioseo_notices":[],"_links":{"self":[{"href":"https:\/\/blogsaverroes.juntadeandalucia.es\/ceippoetamolleja\/wp-json\/wp\/v2\/pages\/804"}],"collection":[{"href":"https:\/\/blogsaverroes.juntadeandalucia.es\/ceippoetamolleja\/wp-json\/wp\/v2\/pages"}],"about":[{"href":"https:\/\/blogsaverroes.juntadeandalucia.es\/ceippoetamolleja\/wp-json\/wp\/v2\/types\/page"}],"author":[{"embeddable":true,"href":"https:\/\/blogsaverroes.juntadeandalucia.es\/ceippoetamolleja\/wp-json\/wp\/v2\/users\/13272"}],"replies":[{"embeddable":true,"href":"https:\/\/blogsaverroes.juntadeandalucia.es\/ceippoetamolleja\/wp-json\/wp\/v2\/comments?post=804"}],"version-history":[{"count":9,"href":"https:\/\/blogsaverroes.juntadeandalucia.es\/ceippoetamolleja\/wp-json\/wp\/v2\/pages\/804\/revisions"}],"predecessor-version":[{"id":1594,"href":"https:\/\/blogsaverroes.juntadeandalucia.es\/ceippoetamolleja\/wp-json\/wp\/v2\/pages\/804\/revisions\/1594"}],"wp:attachment":[{"href":"https:\/\/blogsaverroes.juntadeandalucia.es\/ceippoetamolleja\/wp-json\/wp\/v2\/media?parent=804"}],"curies":[{"name":"wp","href":"https:\/\/api.w.org\/{rel}","templated":true}]}}