{"id":3219,"date":"2020-07-23T11:10:22","date_gmt":"2020-07-23T11:10:22","guid":{"rendered":"https:\/\/blogsaverroes.juntadeandalucia.es\/ceipposadascarvajal\/?page_id=3219"},"modified":"2023-09-06T08:00:58","modified_gmt":"2023-09-06T08:00:58","slug":"ipasen","status":"publish","type":"page","link":"https:\/\/blogsaverroes.juntadeandalucia.es\/ceipposadascarvajal\/ipasen\/","title":{"rendered":"iPasen"},"content":{"rendered":"<p><!--themify_builder_static--><\/p>\n<p><\/p>\n<h1>\u00bfC\u00f3mo acceder a iPASEN?<\/h1>\n<p><a href=\"https:\/\/blogsaverroes.juntadeandalucia.es\/ceipposadascarvajal\/files\/2020\/07\/unnamed.png\"><img loading=\"lazy\" decoding=\"async\" src=\"https:\/\/blogsaverroes.juntadeandalucia.es\/ceipposadascarvajal\/files\/2020\/07\/unnamed.png\" alt=\"\" width=\"512\" height=\"250\" srcset=\"https:\/\/blogsaverroes.juntadeandalucia.es\/ceipposadascarvajal\/files\/2020\/07\/unnamed.png 512w, https:\/\/blogsaverroes.juntadeandalucia.es\/ceipposadascarvajal\/files\/2020\/07\/unnamed-300x146.png 300w, https:\/\/blogsaverroes.juntadeandalucia.es\/ceipposadascarvajal\/files\/2020\/07\/unnamed-24x12.png 24w, https:\/\/blogsaverroes.juntadeandalucia.es\/ceipposadascarvajal\/files\/2020\/07\/unnamed-36x18.png 36w, https:\/\/blogsaverroes.juntadeandalucia.es\/ceipposadascarvajal\/files\/2020\/07\/unnamed-48x23.png 48w\" sizes=\"(max-width: 512px) 100vw, 512px\" \/><\/a><\/p>\n<p><strong><a href=\"https:\/\/play.google.com\/store\/apps\/details?id=juntadeandalucia.ced.pasen\" target=\"_blank\" rel=\"noopener\">Enlace de descarga para android<\/a><\/strong><\/p>\n<p><strong><a href=\"https:\/\/apps.apple.com\/es\/app\/ipasen\/id511127024?l=en\" target=\"_blank\" rel=\"noopener\">Enlace de descarga para IOS<\/a><\/strong><\/p>\n<p>Para aquellas familias que a\u00fan no dispongan de iPASEN hemos creado esta pesta\u00f1a nueva\u00a0<strong>&#8216;iPASEN \u00bfc\u00f3mo acceder?&#8217;<\/strong>\u00a0para que puedan descargar la aplicaci\u00f3n y autologuearse.<\/p>\n<p><strong>Su usuario<\/strong>\u00a0es: la primera inicial de su nombre + tres primeras letras primer apellido + tres primeras letras segundo apellido + tres \u00faltimas cifras DNI<\/p>\n<p>Por ejemplo, el usuario de Juan Andr\u00e9s G\u00f3mez Soriano cuyo DNI acaba en 666 ser\u00eda\u00a0<strong>jgomsor666<\/strong><\/p>\n<p><em>Una vez se haya instalado la aplicaci\u00f3n y escriba su usuario pulse en \u00abno tengo acceso\u00bb y siga las instrucciones.<\/em><\/p>\n<p><a href=\"http:\/\/www.juntadeandalucia.es\/educacion\/portals\/web\/ced\/pasen\" target=\"_blank\" rel=\"noopener\">Portal PASEN familias de la Consejer\u00eda de<\/a>\u00a0<a href=\"http:\/\/www.juntadeandalucia.es\/educacion\/portals\/web\/ced\/pasen\" target=\"_blank\" rel=\"noopener\">Educaci\u00f3n<\/a><\/p>\n<p>Estimadas familias:<\/p>\n<p><strong>PASEN\u00a0<\/strong>es el servicio de la Consejer\u00eda de Educaci\u00f3n\u00a0que permite la\u00a0comunicaci\u00f3n entre los distintos miembros de la comunidad educativa\u00a0(tutores\/as legales, alumnado, cargos directivos y profesorado) y que ofrece la posibilidad de mantener un di\u00e1logo fluido y cotidiano, a\u00fan para aquellos que por diversos motivos, ya sean personales, laborales o de cualquier otro origen, no puedan llevarlo a cabo del modo tradicional haciendo efectivo el\u00a0<strong>concepto de la\u00a0tutor\u00eda electr\u00f3nica<\/strong>.<\/p>\n<p>Entre las funcionalidades que ofrece entre otras:<\/p>\n<ul>\n<li>Acceso a la\u00a0<strong>Mensajer\u00eda<\/strong>\u00a0interna.<\/li>\n<li>Acceso a la\u00a0<strong>Agenda<\/strong>\u00a0personal.<\/li>\n<li>Consultas de los datos del centro educativo.<\/li>\n<li>Consulta del\u00a0<strong>Calendario<\/strong>\u00a0escolar oficial.<\/li>\n<li>Consulta del\u00a0<strong>Tabl\u00f3n de anuncios.<\/strong><\/li>\n<li>Consulta del\u00a0<strong>Horario escolar<\/strong>\u00a0de sus hijos.<\/li>\n<li><strong>Consulta, justificaci\u00f3n y comunicaci\u00f3n de ausencias de sus hijos.<\/strong><\/li>\n<li>Consulta de las\u00a0<strong>Calificaciones<\/strong>\u00a0en cualquier materia.<\/li>\n<li><strong>Consulta de las actividades evaluables, tareas, controles, etc,<\/strong>\u00a0creados en los Cuadernos de clase del profesorado.<\/li>\n<li><strong>Consulta de las Observaciones<\/strong>\u00a0que se hayan introducido por parte del profesorado sobre la marcha de sus hijos.<\/li>\n<li><strong>Recepci\u00f3n de Notificaciones<\/strong>\u00a0enviadas desde S\u00e9neca por ausencias de sus hijos o cualquier otro tipo de mensaje.<\/li>\n<li><strong>Subida de la foto<\/strong>\u00a0del alumnado a su ficha.<\/li>\n<li>Modificaci\u00f3n de los\u00a0<strong>datos personales.<\/strong><\/li>\n<\/ul>\n<p>Est\u00e1 disponible para web (PASEN) y para tabletas y smartphones (iPASEN).<\/p>\n<p>Pueden acceder dicha aplicaci\u00f3n a trav\u00e9s de la web PASEN o instalando la app en su tablet o smartphone cuyos enlaces de descarga pueden encontrar tanto en la AppStore como en la Google Play. Ello permitir\u00e1 al centro y tambi\u00e9n al profesorado comenzar a comunicarse con las familias enviando avisos de especial relevancia y comenzando a dotar a nuestro centro de nuevos canales de comunicaci\u00f3n.<\/p>\n<p><strong>INSTALACI\u00d3N Y ACCESO A iPASEN por primera vez. Cuando no tengo usuario ni contrase\u00f1a.<\/strong><\/p>\n<p> <center><iframe loading=\"lazy\" src=\"\/\/www.youtube.com\/embed\/9Otuv3WRoD8\" width=\"425\" height=\"350\" frameborder=\"0\" allowfullscreen=\"allowfullscreen\"><\/iframe><\/center><\/p>\n<p style=\"text-align: left;\"><strong>INSTALACI\u00d3N Y ACCESO A iPASEN cuando s\u00e9 el usuario y olvid\u00e9 la contrase\u00f1a.<\/strong><\/p>\n<p style=\"text-align: center;\"><iframe loading=\"lazy\" src=\"\/\/www.youtube.com\/embed\/gl7Ae0x3avI\" width=\"425\" height=\"350\" frameborder=\"0\" allowfullscreen=\"allowfullscreen\"><\/iframe><\/p>\n<p>Si finalmente, tras seguir los pasos de este tutorial tiene probleas de acceso es posible que sea porque el tel\u00e9fono m\u00f3vil asociado a la ficha de su hijo\/a sea err\u00f3neo,\u00a0 pomgas\u00e9 en contacto con el centro telef\u00f3nicamente .<\/p>\n<p>\u00a0<\/p>\n<p><strong>CAMBIO DE CONTRASE\u00d1A\u00a0<\/strong><\/p>\n<div style=\"width: 1080px;\" class=\"wp-video\"><!--[if lt IE 9]><script>document.createElement('video');<\/script><![endif]-->\n<video class=\"wp-video-shortcode\" id=\"video-3219-1\" width=\"1080\" height=\"608\" preload=\"metadata\" controls=\"controls\"><source type=\"video\/mp4\" src=\"https:\/\/blogsaverroes.juntadeandalucia.es\/ceipposadascarvajal\/files\/2023\/09\/Generar-Credenciales-en-IPasen-para-Alumnado_Familias-1.mp4?_=1\" \/><a href=\"https:\/\/blogsaverroes.juntadeandalucia.es\/ceipposadascarvajal\/files\/2023\/09\/Generar-Credenciales-en-IPasen-para-Alumnado_Familias-1.mp4\">https:\/\/blogsaverroes.juntadeandalucia.es\/ceipposadascarvajal\/files\/2023\/09\/Generar-Credenciales-en-IPasen-para-Alumnado_Familias-1.mp4<\/a><\/video><\/div>\n<p><!--\/themify_builder_static--><\/p>\n","protected":false},"excerpt":{"rendered":"<p>\u00bfC\u00f3mo acceder a iPASEN? Enlace de descarga para android Enlace de descarga para IOS Para aquellas familias que a\u00fan no dispongan de iPASEN hemos creado esta pesta\u00f1a nueva\u00a0&#8216;iPASEN \u00bfc\u00f3mo acceder?&#8217;\u00a0para que puedan descargar la aplicaci\u00f3n y autologuearse. Su usuario\u00a0es: la primera inicial de su nombre + tres primeras letras primer apellido + tres primeras letras [&hellip;]<\/p>\n","protected":false},"author":3143,"featured_media":0,"parent":0,"menu_order":0,"comment_status":"closed","ping_status":"closed","template":"","meta":{"_et_pb_use_builder":"","_et_pb_old_content":"","_et_gb_content_width":"","ngg_post_thumbnail":0,"footnotes":"","_mc_calendar":[]},"aioseo_notices":[],"_links":{"self":[{"href":"https:\/\/blogsaverroes.juntadeandalucia.es\/ceipposadascarvajal\/wp-json\/wp\/v2\/pages\/3219"}],"collection":[{"href":"https:\/\/blogsaverroes.juntadeandalucia.es\/ceipposadascarvajal\/wp-json\/wp\/v2\/pages"}],"about":[{"href":"https:\/\/blogsaverroes.juntadeandalucia.es\/ceipposadascarvajal\/wp-json\/wp\/v2\/types\/page"}],"author":[{"embeddable":true,"href":"https:\/\/blogsaverroes.juntadeandalucia.es\/ceipposadascarvajal\/wp-json\/wp\/v2\/users\/3143"}],"replies":[{"embeddable":true,"href":"https:\/\/blogsaverroes.juntadeandalucia.es\/ceipposadascarvajal\/wp-json\/wp\/v2\/comments?post=3219"}],"version-history":[{"count":34,"href":"https:\/\/blogsaverroes.juntadeandalucia.es\/ceipposadascarvajal\/wp-json\/wp\/v2\/pages\/3219\/revisions"}],"predecessor-version":[{"id":5126,"href":"https:\/\/blogsaverroes.juntadeandalucia.es\/ceipposadascarvajal\/wp-json\/wp\/v2\/pages\/3219\/revisions\/5126"}],"wp:attachment":[{"href":"https:\/\/blogsaverroes.juntadeandalucia.es\/ceipposadascarvajal\/wp-json\/wp\/v2\/media?parent=3219"}],"curies":[{"name":"wp","href":"https:\/\/api.w.org\/{rel}","templated":true}]}}