{"id":35,"date":"2015-03-13T08:21:43","date_gmt":"2015-03-13T08:21:43","guid":{"rendered":"http:\/\/blogsaverroes.juntadeandalucia.es\/pre\/ceip\/?page_id=35"},"modified":"2023-08-30T17:12:52","modified_gmt":"2023-08-30T17:12:52","slug":"el-centro-2","status":"publish","type":"page","link":"https:\/\/blogsaverroes.juntadeandalucia.es\/ceipposadascarvajal\/el-centro-2\/","title":{"rendered":"Datos del centro"},"content":{"rendered":"<p><!--themify_builder_static--><\/p>\n<table style=\"height: 34px\">\n<tbody>\n<tr style=\"height: 20px\">\n<td style=\"background-color: #44a2c9;height: 20px\">&nbsp; &nbsp;Datos del Centro&nbsp;&nbsp;<\/td>\n<\/tr>\n<\/tbody>\n<\/table>\n<ul style=\"list-style-type: none\">\n<li style=\"list-style-type: none\"> <b>C\u00f3digo:<\/b>&nbsp;41002268 <\/li>\n<li style=\"list-style-type: none\"> <b>Centro:<\/b>&nbsp;C.E.I.P.&nbsp;Posadas Carvajal <\/li>\n<li style=\"list-style-type: none\"> <b>Domicilio:<\/b>&nbsp;C\/ Virgen de la Asunci\u00f3n, s\/n <\/li>\n<li style=\"list-style-type: none\"> <b>Localidad:<\/b>&nbsp;Hu\u00e9var del Aljarafe <\/li>\n<li style=\"list-style-type: none\"> <b>Provincia:<\/b>&nbsp;Sevilla <\/li>\n<li style=\"list-style-type: none\"> <b>C\u00f3digo postal:<\/b>&nbsp;41830 <\/li>\n<li style=\"list-style-type: none\"> <b>Tel\u00e9fono:<\/b>&nbsp;955759527 <\/li>\n<li style=\"list-style-type: none\"> <b>Tel\u00e9fono corporativo:<\/b>&nbsp;389527 <\/li>\n<li style=\"list-style-type: none\"> <b>email:&nbsp;<\/b>41002268.edu@juntadeandalucia.es <\/li>\n<\/ul>\n<table style=\"height: 34px\">\n<tbody>\n<tr style=\"height: 20px\">\n<td style=\"background-color: #44a2c9;height: 20px\">&nbsp; &nbsp;Oferta Educativa&nbsp;&nbsp;<\/td>\n<\/tr>\n<\/tbody>\n<\/table>\n<ul style=\"list-style-type: none\">\n<li style=\"list-style-type: none\"> <b>Segundo Ciclo de Educaci\u00f3n Infantil<\/b> <\/li>\n<li style=\"list-style-type: none\"> <b>Educaci\u00f3n Primaria<\/b> <\/li>\n<li style=\"list-style-type: none\"> <b>Educaci\u00f3n B\u00e1sica Especial<\/b> <\/li>\n<li style=\"list-style-type: none\"> &nbsp;&nbsp;&nbsp;&nbsp; Educaci\u00f3n especial unidad espec\u00edfica <\/li>\n<li style=\"list-style-type: none\"> &nbsp;&nbsp;&nbsp;&nbsp; Educaci\u00f3n especial apoyo a la integraci\u00f3n <\/li>\n<li style=\"list-style-type: none\"> <b>Primer y Segundo cursos de Educaci\u00f3n Secundaria Obligatoria<\/b> <\/li>\n<\/ul>\n<p><!--\/themify_builder_static--><\/p>\n","protected":false},"excerpt":{"rendered":"<p>&nbsp; &nbsp;Datos del Centro&nbsp;&nbsp; C\u00f3digo:&nbsp;41002268 Centro:&nbsp;C.E.I.P.&nbsp;Posadas Carvajal Domicilio:&nbsp;C\/ Virgen de la Asunci\u00f3n, s\/n Localidad:&nbsp;Hu\u00e9var del Aljarafe Provincia:&nbsp;Sevilla C\u00f3digo postal:&nbsp;41830 Tel\u00e9fono:&nbsp;955759527 Tel\u00e9fono corporativo:&nbsp;389527 email:&nbsp;41002268.edu@juntadeandalucia.es &nbsp; &nbsp;Oferta Educativa&nbsp;&nbsp; Segundo Ciclo de Educaci\u00f3n Infantil Educaci\u00f3n Primaria Educaci\u00f3n B\u00e1sica Especial &nbsp;&nbsp;&nbsp;&nbsp; Educaci\u00f3n especial unidad espec\u00edfica &nbsp;&nbsp;&nbsp;&nbsp; Educaci\u00f3n especial apoyo a la integraci\u00f3n Primer y Segundo cursos de Educaci\u00f3n Secundaria [&hellip;]<\/p>\n","protected":false},"author":1,"featured_media":0,"parent":0,"menu_order":0,"comment_status":"closed","ping_status":"closed","template":"","meta":{"_et_pb_use_builder":"","_et_pb_old_content":"","_et_gb_content_width":"","ngg_post_thumbnail":0,"footnotes":"","_mc_calendar":[]},"aioseo_notices":[],"_links":{"self":[{"href":"https:\/\/blogsaverroes.juntadeandalucia.es\/ceipposadascarvajal\/wp-json\/wp\/v2\/pages\/35"}],"collection":[{"href":"https:\/\/blogsaverroes.juntadeandalucia.es\/ceipposadascarvajal\/wp-json\/wp\/v2\/pages"}],"about":[{"href":"https:\/\/blogsaverroes.juntadeandalucia.es\/ceipposadascarvajal\/wp-json\/wp\/v2\/types\/page"}],"author":[{"embeddable":true,"href":"https:\/\/blogsaverroes.juntadeandalucia.es\/ceipposadascarvajal\/wp-json\/wp\/v2\/users\/1"}],"replies":[{"embeddable":true,"href":"https:\/\/blogsaverroes.juntadeandalucia.es\/ceipposadascarvajal\/wp-json\/wp\/v2\/comments?post=35"}],"version-history":[{"count":115,"href":"https:\/\/blogsaverroes.juntadeandalucia.es\/ceipposadascarvajal\/wp-json\/wp\/v2\/pages\/35\/revisions"}],"predecessor-version":[{"id":5047,"href":"https:\/\/blogsaverroes.juntadeandalucia.es\/ceipposadascarvajal\/wp-json\/wp\/v2\/pages\/35\/revisions\/5047"}],"wp:attachment":[{"href":"https:\/\/blogsaverroes.juntadeandalucia.es\/ceipposadascarvajal\/wp-json\/wp\/v2\/media?parent=35"}],"curies":[{"name":"wp","href":"https:\/\/api.w.org\/{rel}","templated":true}]}}