{"id":44,"date":"2015-03-13T08:42:15","date_gmt":"2015-03-13T08:42:15","guid":{"rendered":"http:\/\/blogsaverroes.juntadeandalucia.es\/pre\/ceip\/?page_id=44"},"modified":"2024-09-09T10:13:05","modified_gmt":"2024-09-09T10:13:05","slug":"planes-y-proyectos","status":"publish","type":"page","link":"https:\/\/blogsaverroes.juntadeandalucia.es\/ceipposadascarvajal\/planes-y-proyectos\/","title":{"rendered":"Planes y Programas"},"content":{"rendered":"<p><!--\/themify_builder_static--><\/p>\n<p>&nbsp;&nbsp; &nbsp;&nbsp; &nbsp;<br \/>\n&nbsp; &nbsp; &nbsp;&nbsp;<a href=\"https:\/\/blogsaverroes.juntadeandalucia.es\/ceipposadascarvajal\/files\/2021\/02\/descarga.png\"><img loading=\"lazy\" decoding=\"async\" class=\"aligncenter\" src=\"https:\/\/blogsaverroes.juntadeandalucia.es\/ceipposadascarvajal\/files\/2021\/02\/descarga.png\" alt=\"\" width=\"583\" height=\"236\"><\/a><\/p>\n<p><b>PLANES Y PROYECTOS EDUCATIVOS.<\/b><\/p>\n<p>Nuestro Centro cuenta con los siguientes&nbsp; <strong>Planes y Programas<\/strong> promovidos desde la Consejer\u00eda de Educaci\u00f3n, Cultura y Deporte:&nbsp;<\/p>\n<p>&nbsp;<\/p>\n<p><a href=\"https:\/\/www.juntadeandalucia.es\/educacion\/eaprendizaje\/cima\/\"><img loading=\"lazy\" decoding=\"async\" class=\"aligncenter wp-image-5306 size-medium\" src=\"https:\/\/blogsaverroes.juntadeandalucia.es\/ceipposadascarvajal\/files\/2024\/09\/Logo-CIMA_max-calidad-300x139.png\" alt=\"\" width=\"300\" height=\"139\"><\/a><\/p>\n<h2 class=\"h2_cima_sidebar\">\u00bfQu\u00e9 es el programa CIMA?<\/h2>\n<p>Se trata de una herramienta pedag\u00f3gica para impulsar la innovaci\u00f3n y transformaci\u00f3n del proyecto educativo del centro (PE) desde el an\u00e1lisis, reflexi\u00f3n y evaluaci\u00f3n participativa garantizando la mejora continua y la personalizaci\u00f3n de los procesos seg\u00fan los centros de inter\u00e9s y necesidades del centro.<\/p>\n<p>El Programa CIMA surge con la misi\u00f3n de promover:<\/p>\n<ul>\n<li>El fomento y la coordinaci\u00f3n de la innovaci\u00f3n educativa a trav\u00e9s de proyectos integrales de transformaci\u00f3n y mejora de los aprendizajes.<\/li>\n<li>La gesti\u00f3n, coordinaci\u00f3n e integraci\u00f3n de las actuaciones y estrategias relativas a la innovaci\u00f3n educativa.<\/li>\n<li>La colaboraci\u00f3n y coordinaci\u00f3n con las instituciones competentes a nivel auton\u00f3mico, nacional e internacional en las tem\u00e1ticas relacionadas con los diferentes \u00e1mbitos de conocimiento y actuaci\u00f3n.<\/li>\n<li>La selecci\u00f3n, el reconocimiento y la difusi\u00f3n de pr\u00e1cticas educativas innovadoras.<\/li>\n<\/ul>\n<p>&nbsp;<\/p>\n<ul>\n<li><strong>Plan de igualdad.<\/strong><\/li>\n<\/ul>\n<p><a href=\"https:\/\/blogsaverroes.juntadeandalucia.es\/ceipposadascarvajal\/files\/2021\/02\/igualdad.jpg\"><img loading=\"lazy\" decoding=\"async\" class=\"aligncenter\" src=\"https:\/\/blogsaverroes.juntadeandalucia.es\/ceipposadascarvajal\/files\/2021\/02\/igualdad.jpg\" alt=\"\" width=\"462\" height=\"327\"><\/a><\/p>\n<ul>\n<li><strong>Plan de apertura.<\/strong><\/li>\n<\/ul>\n<p><a href=\"https:\/\/blogsaverroes.juntadeandalucia.es\/ceipposadascarvajal\/files\/2021\/02\/descarga-2.jpg\"><img loading=\"lazy\" decoding=\"async\" class=\"aligncenter\" src=\"https:\/\/blogsaverroes.juntadeandalucia.es\/ceipposadascarvajal\/files\/2021\/02\/descarga-2.jpg\" alt=\"\" width=\"455\" height=\"332\"><\/a><\/p>\n<p>&nbsp;<\/p>\n<ul>\n<li><strong>Escuela espacio de paz.<\/strong><\/li>\n<\/ul>\n<p><a href=\"https:\/\/blogsaverroes.juntadeandalucia.es\/ceipposadascarvajal\/files\/2021\/02\/descarga.jpg\"><img loading=\"lazy\" decoding=\"async\" class=\"aligncenter\" src=\"https:\/\/blogsaverroes.juntadeandalucia.es\/ceipposadascarvajal\/files\/2021\/02\/descarga.jpg\" alt=\"\" width=\"463\" height=\"307\"><\/a><\/p>\n<ul>\n<li><strong>Programa de Digitalizaci\u00f3n de Centros.<\/strong><\/li>\n<\/ul>\n<p><a href=\"https:\/\/blogsaverroes.juntadeandalucia.es\/ceipposadascarvajal\/files\/2021\/02\/descarga-1.jpg\"><img loading=\"lazy\" decoding=\"async\" class=\"aligncenter\" src=\"https:\/\/blogsaverroes.juntadeandalucia.es\/ceipposadascarvajal\/files\/2021\/02\/descarga-1.jpg\" alt=\"\" width=\"536\" height=\"208\"><\/a><\/p>\n<ul>\n<li><strong>Programa STEAM.<\/strong><\/li>\n<\/ul>\n<p><a href=\"https:\/\/blogsaverroes.juntadeandalucia.es\/ceipposadascarvajal\/files\/2023\/08\/Captura10.jpg\"><img loading=\"lazy\" decoding=\"async\" class=\"aligncenter\" src=\"https:\/\/blogsaverroes.juntadeandalucia.es\/ceipposadascarvajal\/files\/2023\/08\/Captura10.jpg\" alt=\"\" width=\"634\" height=\"477\"><\/a><\/p>\n<ul>\n<li><strong>Creciendo en Salud.<\/strong><\/li>\n<\/ul>\n<p><a href=\"https:\/\/blogsaverroes.juntadeandalucia.es\/ceipposadascarvajal\/files\/2021\/02\/fruta2.jpg\"><img loading=\"lazy\" decoding=\"async\" class=\"aligncenter\" src=\"https:\/\/blogsaverroes.juntadeandalucia.es\/ceipposadascarvajal\/files\/2021\/02\/fruta2.jpg\" alt=\"\" width=\"746\" height=\"261\"><\/a><\/p>\n<p><!--\/themify_builder_static--><\/p>\n","protected":false},"excerpt":{"rendered":"<p>&nbsp;&nbsp; &nbsp;&nbsp; &nbsp; &nbsp; &nbsp; &nbsp;&nbsp; PLANES Y PROYECTOS EDUCATIVOS. Nuestro Centro cuenta con los siguientes&nbsp; Planes y Programas promovidos desde la Consejer\u00eda de Educaci\u00f3n, Cultura y Deporte:&nbsp; &nbsp; \u00bfQu\u00e9 es el programa CIMA? Se trata de una herramienta pedag\u00f3gica para impulsar la innovaci\u00f3n y transformaci\u00f3n del proyecto educativo del centro (PE) desde el an\u00e1lisis, [&hellip;]<\/p>\n","protected":false},"author":1,"featured_media":0,"parent":0,"menu_order":0,"comment_status":"closed","ping_status":"closed","template":"","meta":{"_et_pb_use_builder":"","_et_pb_old_content":"","_et_gb_content_width":"","ngg_post_thumbnail":0,"footnotes":"","_mc_calendar":[]},"aioseo_notices":[],"_links":{"self":[{"href":"https:\/\/blogsaverroes.juntadeandalucia.es\/ceipposadascarvajal\/wp-json\/wp\/v2\/pages\/44"}],"collection":[{"href":"https:\/\/blogsaverroes.juntadeandalucia.es\/ceipposadascarvajal\/wp-json\/wp\/v2\/pages"}],"about":[{"href":"https:\/\/blogsaverroes.juntadeandalucia.es\/ceipposadascarvajal\/wp-json\/wp\/v2\/types\/page"}],"author":[{"embeddable":true,"href":"https:\/\/blogsaverroes.juntadeandalucia.es\/ceipposadascarvajal\/wp-json\/wp\/v2\/users\/1"}],"replies":[{"embeddable":true,"href":"https:\/\/blogsaverroes.juntadeandalucia.es\/ceipposadascarvajal\/wp-json\/wp\/v2\/comments?post=44"}],"version-history":[{"count":85,"href":"https:\/\/blogsaverroes.juntadeandalucia.es\/ceipposadascarvajal\/wp-json\/wp\/v2\/pages\/44\/revisions"}],"predecessor-version":[{"id":5307,"href":"https:\/\/blogsaverroes.juntadeandalucia.es\/ceipposadascarvajal\/wp-json\/wp\/v2\/pages\/44\/revisions\/5307"}],"wp:attachment":[{"href":"https:\/\/blogsaverroes.juntadeandalucia.es\/ceipposadascarvajal\/wp-json\/wp\/v2\/media?parent=44"}],"curies":[{"name":"wp","href":"https:\/\/api.w.org\/{rel}","templated":true}]}}