{"id":77,"date":"2015-03-16T06:54:56","date_gmt":"2015-03-16T06:54:56","guid":{"rendered":"http:\/\/blogsaverroes.juntadeandalucia.es\/pre\/ceip\/?page_id=77"},"modified":"2024-08-31T18:51:07","modified_gmt":"2024-08-31T18:51:07","slug":"secretaria","status":"publish","type":"page","link":"https:\/\/blogsaverroes.juntadeandalucia.es\/ceipposadascarvajal\/secretaria\/","title":{"rendered":"Secretar\u00eda"},"content":{"rendered":"<p><!--themify_builder_static--><\/p>\n<p>La <strong>Secretar\u00eda<\/strong> es la puerta de entrada y canal de informaci\u00f3n a la comunidad educativa, e informa sobre los tr\u00e1mites a realizar, plazos, documentaci\u00f3n, etc., con el objetivo de conseguir una mayor <strong>transparencia, agilidad y eficiencia.<\/strong><br \/>\n&nbsp;<\/p>\n<table style=\"height: 34px\">\n<tbody>\n<tr style=\"height: 20px\">\n<td style=\"background-color: #44a2c9;height: 20px\">&nbsp; &nbsp;Horario de atenci\u00f3n al p\u00fablico&nbsp;&nbsp;<\/td>\n<\/tr>\n<\/tbody>\n<\/table>\n<ul style=\"list-style-type: none\">\n<li style=\"list-style-type: none\"><b>Lunes a Viernes.<\/b>&nbsp;<\/li>\n<li style=\"list-style-type: none\"><b>Horario:<\/b>&nbsp;10:00 a 13:00<\/li>\n<li style=\"list-style-type: none\"><b>Tel\u00e9fono:<\/b>&nbsp;955759527<\/li>\n<li style=\"list-style-type: none\"><b>Tel\u00e9fono corporativo:<\/b>&nbsp;389527<\/li>\n<li style=\"list-style-type: none\"><b>email:&nbsp;<\/b>secretaria@ceipposadascarvajal.org<\/li>\n<\/ul>\n<table style=\"height: 34px\">\n<tbody>\n<tr style=\"height: 20px\">\n<td style=\"background-color: #44a2c9;height: 20px\">&nbsp; &nbsp;Observaciones&nbsp;&nbsp;<\/td>\n<\/tr>\n<\/tbody>\n<\/table>\n<ul style=\"list-style-type: none\">\n<li style=\"list-style-type: none\">&nbsp;<\/li>\n<\/ul>\n<p>Si tiene alguna inquietud sobre alg\u00fan tema en particular puede contactar en el email del centro: <a href=\"mailto:41002268.edu@juntadeandalucia.es\">41002268.edu@juntadeandalucia.es<\/a><\/p>\n<p><strong>Si desea presentar alg\u00fan tipo de documentaci\u00f3n o la solicitud de admisi\u00f3n<\/strong>&nbsp;en nuestro centro en periodo extraordinario use el&nbsp;<a href=\"https:\/\/www.juntadeandalucia.es\/educacion\/secretariavirtual\/accesoTramite\/462\/\" target=\"_blank\" rel=\"noopener\"><strong>Registro Electr\u00f3nico de Centros educativos<\/strong><\/a> identificando nuestro centro con el c\u00f3digo 41002268.<\/p>\n<p>Si lo que desea es&nbsp;<strong>presentar la solicitud de admisi\u00f3n en el centro<\/strong> en periodo extraordinario adjunte al tr\u00e1mite el PDF anexo IX que se adjunta debajo y su empadronamiento colectivo en el municipio de Hu\u00e9var del Aljarafe.<\/p>\n<p>Adem\u00e1s puede realizar sus tr\u00e1mites on-line en la <a href=\"https:\/\/www.juntadeandalucia.es\/educacion\/secretariavirtual\/\">Secretaria Virtual de los centros docentes andaluces.<\/a><\/p>\n<p><a href=\"https:\/\/www.juntadeandalucia.es\/educacion\/secretariavirtual\/\" target=\"_blank\" rel=\"noopener\"><img decoding=\"async\" src=\"https:\/\/www.juntadeandalucia.es\/educacion\/secretariavirtual\/images\/logo_secretaria_virtual.svg\" alt=\"Secretar\u00eda Virtual de los centros docentes andaluces\" width=\"400\"><\/a><\/p>\n<p><!--\/themify_builder_static--><\/p>\n","protected":false},"excerpt":{"rendered":"<p>La Secretar\u00eda es la puerta de entrada y canal de informaci\u00f3n a la comunidad educativa, e informa sobre los tr\u00e1mites a realizar, plazos, documentaci\u00f3n, etc., con el objetivo de conseguir una mayor transparencia, agilidad y eficiencia. &nbsp; &nbsp; &nbsp;Horario de atenci\u00f3n al p\u00fablico&nbsp;&nbsp; Lunes a Viernes.&nbsp; Horario:&nbsp;10:00 a 13:00 Tel\u00e9fono:&nbsp;955759527 Tel\u00e9fono corporativo:&nbsp;389527 email:&nbsp;secretaria@ceipposadascarvajal.org &nbsp; &nbsp;Observaciones&nbsp;&nbsp; [&hellip;]<\/p>\n","protected":false},"author":1,"featured_media":0,"parent":0,"menu_order":0,"comment_status":"closed","ping_status":"closed","template":"","meta":{"_et_pb_use_builder":"","_et_pb_old_content":"","_et_gb_content_width":"","ngg_post_thumbnail":0,"footnotes":"","_mc_calendar":[]},"aioseo_notices":[],"_links":{"self":[{"href":"https:\/\/blogsaverroes.juntadeandalucia.es\/ceipposadascarvajal\/wp-json\/wp\/v2\/pages\/77"}],"collection":[{"href":"https:\/\/blogsaverroes.juntadeandalucia.es\/ceipposadascarvajal\/wp-json\/wp\/v2\/pages"}],"about":[{"href":"https:\/\/blogsaverroes.juntadeandalucia.es\/ceipposadascarvajal\/wp-json\/wp\/v2\/types\/page"}],"author":[{"embeddable":true,"href":"https:\/\/blogsaverroes.juntadeandalucia.es\/ceipposadascarvajal\/wp-json\/wp\/v2\/users\/1"}],"replies":[{"embeddable":true,"href":"https:\/\/blogsaverroes.juntadeandalucia.es\/ceipposadascarvajal\/wp-json\/wp\/v2\/comments?post=77"}],"version-history":[{"count":23,"href":"https:\/\/blogsaverroes.juntadeandalucia.es\/ceipposadascarvajal\/wp-json\/wp\/v2\/pages\/77\/revisions"}],"predecessor-version":[{"id":5294,"href":"https:\/\/blogsaverroes.juntadeandalucia.es\/ceipposadascarvajal\/wp-json\/wp\/v2\/pages\/77\/revisions\/5294"}],"wp:attachment":[{"href":"https:\/\/blogsaverroes.juntadeandalucia.es\/ceipposadascarvajal\/wp-json\/wp\/v2\/media?parent=77"}],"curies":[{"name":"wp","href":"https:\/\/api.w.org\/{rel}","templated":true}]}}