{"id":99,"date":"2015-03-16T07:22:54","date_gmt":"2015-03-16T07:22:54","guid":{"rendered":"http:\/\/blogsaverroes.juntadeandalucia.es\/pre\/ceip\/?page_id=99"},"modified":"2024-09-09T11:58:04","modified_gmt":"2024-09-09T11:58:04","slug":"comedor-escolar","status":"publish","type":"page","link":"https:\/\/blogsaverroes.juntadeandalucia.es\/ceipposadascarvajal\/comedor-escolar\/","title":{"rendered":"Comedor escolar"},"content":{"rendered":"<p>[et_pb_section fb_built=\u00bb1&#8243; _builder_version=\u00bb4.24.2&#8243; _module_preset=\u00bbdefault\u00bb global_colors_info=\u00bb{}\u00bb][et_pb_row _builder_version=\u00bb4.24.2&#8243; _module_preset=\u00bbdefault\u00bb global_colors_info=\u00bb{}\u00bb][et_pb_column type=\u00bb4_4&#8243; _builder_version=\u00bb4.24.2&#8243; _module_preset=\u00bbdefault\u00bb global_colors_info=\u00bb{}\u00bb][\/et_pb_column][\/et_pb_row][et_pb_row _builder_version=\u00bb4.24.2&#8243; _module_preset=\u00bbdefault\u00bb global_colors_info=\u00bb{}\u00bb][et_pb_column type=\u00bb4_4&#8243; _builder_version=\u00bb4.24.2&#8243; _module_preset=\u00bbdefault\u00bb global_colors_info=\u00bb{}\u00bb][et_pb_text _builder_version=\u00bb4.24.2&#8243; _module_preset=\u00bbdefault\u00bb global_colors_info=\u00bb{}\u00bb]<\/p>\n<div class=\"container\">\n<div class=\"vc_row wpb_row vc_row-fluid vc_custom_1458057033586\">\n<div class=\"wpb_column vc_column_container vc_col-sm-12\">\n<div class=\"vc_column-inner \">\n<div class=\"wpb_wrapper\">\n<div class=\"wpb_text_column wpb_content_element \">\n<div class=\"wpb_wrapper\">\n<h5><img loading=\"lazy\" decoding=\"async\" class=\"vc_single_image-img attachment-full aligncenter\" src=\"https:\/\/colectividadeshgonzalez.com\/wp-content\/uploads\/2016\/03\/cat-hnos-gonzalez.png\" alt=\"\" width=\"350\" height=\"214\" \/><\/h5>\n<h5>Nos desvivimos por la salud de los m\u00e1s peque\u00f1os.<\/h5>\n<\/div>\n<\/div>\n<\/div>\n<\/div>\n<\/div>\n<\/div>\n<\/div>\n<div class=\"container\">\n<div class=\"vc_row wpb_row vc_row-fluid vc_custom_1462284973588\">\n<div class=\"wpb_column vc_column_container vc_col-sm-6\">\n<div class=\"vc_column-inner \">\n<div class=\"wpb_wrapper\">\n<div class=\"wpb_text_column wpb_content_element \">\n<div class=\"wpb_wrapper\">\n<h4>Inculcando valores saludables<\/h4>\n<blockquote>\n<p>Nuestro servicio de catering para escuelas infantiles y colegios elabora diariamente los men\u00fas de m\u00e1s de 4000 peque\u00f1as promesas.<\/p>\n<\/blockquote>\n<\/div>\n<\/div>\n<\/div>\n<\/div>\n<\/div>\n<div class=\"wpb_column vc_column_container vc_col-sm-6\">\n<div class=\"vc_column-inner \">\n<div class=\"wpb_wrapper\">\n<div class=\"wpb_single_image wpb_content_element vc_align_left vc_custom_1490826642415\">\n<figure class=\"wpb_wrapper vc_figure\"><a class=\"vc_single_image-wrapper vc_box_border_grey prettyphoto\" href=\"https:\/\/colectividadeshgonzalez.com\/wp-content\/uploads\/2016\/03\/Comedor-Escolar-Sevilla.jpg\" target=\"_self\" rel=\"noopener\" data-rel=\"prettyPhoto[rel-70522-81993552]\"><img decoding=\"async\" loading=\"lazy\" class=\"vc_single_image-img attachment-large aligncenter\" src=\"https:\/\/colectividadeshgonzalez.com\/wp-content\/uploads\/2016\/03\/Comedor-Escolar-Sevilla.jpg\" alt=\"Comedor Escolar Sevilla\" width=\"640\" height=\"344\" \/><\/a><\/figure>\n<\/div>\n<\/div>\n<\/div>\n<\/div>\n<\/div>\n<\/div>\n<div class=\"container\">\n<div class=\"vc_row wpb_row vc_row-fluid vc_custom_1458057033586\">\n<div class=\"wpb_column vc_column_container vc_col-sm-12\">\n<div class=\"vc_column-inner \">\n<div class=\"wpb_wrapper\">\n<div class=\"wpb_text_column wpb_content_element \">\n<div class=\"wpb_wrapper\">\n<p>Nos desvivimos por ofrecerles el mejor servicio posible e inculcarles valores saludables que les permitan crecer sanos porque sabemos que una nutrici\u00f3n correcta en la infancia es fundamental para llegar a tener un desarrollo y crecimiento f\u00edsico e intelectual \u00f3ptimos. Es por ello que nuestros men\u00fas son elaborados cuidadosamente por todo un equipo que lo conforman: nutricionistas expertos en alimentaci\u00f3n infantil, equipo pedi\u00e1trico y cocina.<\/p>\n<p>Para ayudar en la tarea de inculcar valores nutricionales saludables en casa, nuestro equipo elabora la \u201cpropuesta de cena\u201d que complementa nutricionalmente el almuerzo que ha sido servido en vuestro centro ese d\u00eda.<\/p>\n<p>Dicho equipo elabora m\u00e1s de 150 tipos de men\u00fas diferentes que incluyen desde los men\u00fas de introducci\u00f3n a las prote\u00ednas de los beb\u00e9s hasta la correcta alimentaci\u00f3n de nuestros adolescentes en los colegios, incluyendo todas las intolerancias y alergias que nos reportan nuestros centros.<\/p>\n<p>Nuestros men\u00fas de dietas especiales se personalizan para cada alergia, intolerancia alimentaria, ya sea simple o m\u00faltiple, o para cada patolog\u00eda y se toma como referencia el men\u00fa llamado \u201cbasal o normal\u201d con esto se consigue adem\u00e1s de un servicio personalizado para cada alumno y\/o alumna, que dicho men\u00fas sea lo m\u00e1s similar posible, al del resto de sus compa\u00f1eros y compa\u00f1eras, cuesti\u00f3n importante para facilitar la igualdad y evitar la exclusi\u00f3n a la hora del comedor.<\/p>\n<p>El departamento de Nutrici\u00f3n, est\u00e1 disponible para aclaraciones y pone al servicio de las familias y el centro a sus expertos en nutrici\u00f3n mediante correo electr\u00f3nico o tel\u00e9fono. nutricion@\u00a9cateringhgonzalez.com \u2013 TLF: 955644648.<\/p>\n<p><strong>\u00a0\u00a0\u00a0\u00a0<\/strong><\/p>\n<div class=\"wpb_column vc_column_container vc_col-sm-4\">\n<div class=\"vc_column-inner \">\n<div class=\"wpb_wrapper\">\n<div class=\"wpb_single_image wpb_content_element vc_align_left vc_custom_1485735551121\">\n<figure class=\"wpb_wrapper vc_figure\">\n<div class=\"vc_single_image-wrapper vc_box_border_grey\"><img loading=\"lazy\" decoding=\"async\" class=\"vc_single_image-img attachment-full aligncenter\" src=\"https:\/\/colectividadeshgonzalez.com\/wp-content\/uploads\/2016\/03\/cat-hnos-gonzalez.png\" alt=\"\" width=\"350\" height=\"214\" \/><\/div>\n<\/figure>\n<\/div>\n<\/div>\n<\/div>\n<\/div>\n<div class=\"wpb_column vc_column_container vc_col-sm-8\">\n<div class=\"vc_column-inner \">\n<div class=\"wpb_wrapper\">\n<div class=\"wpb_text_column wpb_content_element vc_custom_1491560184868\">\n<div class=\"wpb_wrapper\">\n<h5>Alcolea del R\u00edo, Sevilla<\/h5>\n<h6>95 564 46 48<\/h6>\n<p><img decoding=\"async\" loading=\"lazy\" class=\"alignnone wp-image-71974 aligncenter\" src=\"http:\/\/colectividadeshgonzalez.com\/wp-content\/uploads\/2022\/06\/WhatsApp-Image-2022-06-20-at-2.31.17-PM.jpeg\" alt=\"\" width=\"548\" height=\"128\" \/><\/p>\n<\/div>\n<\/div>\n<\/div>\n<\/div>\n<\/div>\n<\/div>\n<\/div>\n<\/div>\n<\/div>\n<\/div>\n<\/div>\n<\/div>\n<p>[\/et_pb_text][\/et_pb_column][\/et_pb_row][\/et_pb_section]<\/p>\n","protected":false},"excerpt":{"rendered":"<p>Nos desvivimos por la salud de los m\u00e1s peque\u00f1os. Inculcando valores saludables Nuestro servicio de catering para escuelas infantiles y colegios elabora diariamente los men\u00fas de m\u00e1s de 4000 peque\u00f1as promesas. Nos desvivimos por ofrecerles el mejor servicio posible e inculcarles valores saludables que les permitan crecer sanos porque sabemos que una nutrici\u00f3n correcta en [&hellip;]<\/p>\n","protected":false},"author":1,"featured_media":0,"parent":0,"menu_order":0,"comment_status":"closed","ping_status":"closed","template":"","meta":{"_et_pb_use_builder":"on","_et_pb_old_content":"<div class=\"container\"><div class=\"vc_row wpb_row vc_row-fluid vc_custom_1458057033586\"><div class=\"wpb_column vc_column_container vc_col-sm-12\"><div class=\"vc_column-inner \"><div class=\"wpb_wrapper\"><div class=\"wpb_text_column wpb_content_element \"><div class=\"wpb_wrapper\"><h5><img class=\"vc_single_image-img attachment-full aligncenter\" src=\"https:\/\/colectividadeshgonzalez.com\/wp-content\/uploads\/2016\/03\/cat-hnos-gonzalez.png\" alt=\"\" width=\"350\" height=\"214\"><\/h5><h5>Nos desvivimos por la salud de los m\u00e1s peque\u00f1os.<\/h5><\/div><\/div><\/div><\/div><\/div><\/div><\/div><div class=\"container\"><div class=\"vc_row wpb_row vc_row-fluid vc_custom_1462284973588\"><div class=\"wpb_column vc_column_container vc_col-sm-6\"><div class=\"vc_column-inner \"><div class=\"wpb_wrapper\"><div class=\"wpb_text_column wpb_content_element \"><div class=\"wpb_wrapper\"><h4>Inculcando valores saludables<\/h4><blockquote><p>Nuestro servicio de catering para escuelas infantiles y colegios elabora diariamente los men\u00fas de m\u00e1s de 4000 peque\u00f1as promesas.<\/p><\/blockquote><\/div><\/div><\/div><\/div><\/div><div class=\"wpb_column vc_column_container vc_col-sm-6\"><div class=\"vc_column-inner \"><div class=\"wpb_wrapper\"><div class=\"wpb_single_image wpb_content_element vc_align_left vc_custom_1490826642415\"><figure class=\"wpb_wrapper vc_figure\"><a class=\"vc_single_image-wrapper vc_box_border_grey prettyphoto\" href=\"https:\/\/colectividadeshgonzalez.com\/wp-content\/uploads\/2016\/03\/Comedor-Escolar-Sevilla.jpg\" target=\"_self\" rel=\"noopener\" data-rel=\"prettyPhoto[rel-70522-81993552]\"><img class=\"vc_single_image-img attachment-large aligncenter\" src=\"https:\/\/colectividadeshgonzalez.com\/wp-content\/uploads\/2016\/03\/Comedor-Escolar-Sevilla.jpg\" alt=\"Comedor Escolar Sevilla\" width=\"640\" height=\"344\"><\/a><\/figure><\/div><\/div><\/div><\/div><\/div><\/div><div class=\"container\"><div class=\"vc_row wpb_row vc_row-fluid vc_custom_1458057033586\"><div class=\"wpb_column vc_column_container vc_col-sm-12\"><div class=\"vc_column-inner \"><div class=\"wpb_wrapper\"><div class=\"wpb_text_column wpb_content_element \"><div class=\"wpb_wrapper\"><p>Nos desvivimos por ofrecerles el mejor servicio posible e inculcarles valores saludables que les permitan crecer sanos porque sabemos que una nutrici\u00f3n correcta en la infancia es fundamental para llegar a tener un desarrollo y crecimiento f\u00edsico e intelectual \u00f3ptimos. Es por ello que nuestros men\u00fas son elaborados cuidadosamente por todo un equipo que lo conforman: nutricionistas expertos en alimentaci\u00f3n infantil, equipo pedi\u00e1trico y cocina.<\/p><p>Para ayudar en la tarea de inculcar valores nutricionales saludables en casa, nuestro equipo elabora la \u201cpropuesta de cena\u201d que complementa nutricionalmente el almuerzo que ha sido servido en vuestro centro ese d\u00eda.<\/p><p>Dicho equipo elabora m\u00e1s de 150 tipos de men\u00fas diferentes que incluyen desde los men\u00fas de introducci\u00f3n a las prote\u00ednas de los beb\u00e9s hasta la correcta alimentaci\u00f3n de nuestros adolescentes en los colegios, incluyendo todas las intolerancias y alergias que nos reportan nuestros centros.<\/p><p>Nuestros men\u00fas de dietas especiales se personalizan para cada alergia, intolerancia alimentaria, ya sea simple o m\u00faltiple, o para cada patolog\u00eda y se toma como referencia el men\u00fa llamado \u201cbasal o normal\u201d con esto se consigue adem\u00e1s de un servicio personalizado para cada alumno y\/o alumna, que dicho men\u00fas sea lo m\u00e1s similar posible, al del resto de sus compa\u00f1eros y compa\u00f1eras, cuesti\u00f3n importante para facilitar la igualdad y evitar la exclusi\u00f3n a la hora del comedor.<\/p><p>El departamento de Nutrici\u00f3n, est\u00e1 disponible para aclaraciones y pone al servicio de las familias y el centro a sus expertos en nutrici\u00f3n mediante correo electr\u00f3nico o tel\u00e9fono. nutricion@\u00a9cateringhgonzalez.com \u2013 TLF: 955644648.<\/p><p><strong>\u00a0\u00a0\u00a0\u00a0<\/strong><\/p><div class=\"wpb_column vc_column_container vc_col-sm-4\"><div class=\"vc_column-inner \"><div class=\"wpb_wrapper\"><div class=\"wpb_single_image wpb_content_element vc_align_left vc_custom_1485735551121\"><figure class=\"wpb_wrapper vc_figure\"><div class=\"vc_single_image-wrapper vc_box_border_grey\"><img class=\"vc_single_image-img attachment-full aligncenter\" src=\"https:\/\/colectividadeshgonzalez.com\/wp-content\/uploads\/2016\/03\/cat-hnos-gonzalez.png\" alt=\"\" width=\"350\" height=\"214\"><\/div><\/figure><\/div><\/div><\/div><\/div><div class=\"wpb_column vc_column_container vc_col-sm-8\"><div class=\"vc_column-inner \"><div class=\"wpb_wrapper\"><div class=\"wpb_text_column wpb_content_element vc_custom_1491560184868\"><div class=\"wpb_wrapper\"><h5 style=\"text-align: center;\">Alcolea del R\u00edo, Sevilla<\/h5><h6 style=\"text-align: center;\">95 564 46 48<\/h6><p><img class=\"alignnone wp-image-71974 aligncenter\" src=\"http:\/\/colectividadeshgonzalez.com\/wp-content\/uploads\/2022\/06\/WhatsApp-Image-2022-06-20-at-2.31.17-PM.jpeg\" alt=\"\" width=\"548\" height=\"128\"><\/p><\/div><\/div><\/div><\/div><\/div><p>\u00a0<\/p><\/div><\/div><\/div><\/div><\/div><\/div><\/div><p><!--\/themify_builder_static--><\/p>","_et_gb_content_width":"","ngg_post_thumbnail":0,"footnotes":"","_mc_calendar":[]},"aioseo_notices":[],"_links":{"self":[{"href":"https:\/\/blogsaverroes.juntadeandalucia.es\/ceipposadascarvajal\/wp-json\/wp\/v2\/pages\/99"}],"collection":[{"href":"https:\/\/blogsaverroes.juntadeandalucia.es\/ceipposadascarvajal\/wp-json\/wp\/v2\/pages"}],"about":[{"href":"https:\/\/blogsaverroes.juntadeandalucia.es\/ceipposadascarvajal\/wp-json\/wp\/v2\/types\/page"}],"author":[{"embeddable":true,"href":"https:\/\/blogsaverroes.juntadeandalucia.es\/ceipposadascarvajal\/wp-json\/wp\/v2\/users\/1"}],"replies":[{"embeddable":true,"href":"https:\/\/blogsaverroes.juntadeandalucia.es\/ceipposadascarvajal\/wp-json\/wp\/v2\/comments?post=99"}],"version-history":[{"count":94,"href":"https:\/\/blogsaverroes.juntadeandalucia.es\/ceipposadascarvajal\/wp-json\/wp\/v2\/pages\/99\/revisions"}],"predecessor-version":[{"id":5313,"href":"https:\/\/blogsaverroes.juntadeandalucia.es\/ceipposadascarvajal\/wp-json\/wp\/v2\/pages\/99\/revisions\/5313"}],"wp:attachment":[{"href":"https:\/\/blogsaverroes.juntadeandalucia.es\/ceipposadascarvajal\/wp-json\/wp\/v2\/media?parent=99"}],"curies":[{"name":"wp","href":"https:\/\/api.w.org\/{rel}","templated":true}]}}