{"id":2514,"date":"2020-07-23T13:24:24","date_gmt":"2020-07-23T11:24:24","guid":{"rendered":"https:\/\/blogsaverroes.juntadeandalucia.es\/ceipposidonia\/?page_id=2514"},"modified":"2020-07-31T14:06:04","modified_gmt":"2020-07-31T12:06:04","slug":"ubicacion","status":"publish","type":"page","link":"https:\/\/blogsaverroes.juntadeandalucia.es\/ceipposidonia\/centro\/ubicacion\/","title":{"rendered":"DATOS DEL CENTRO"},"content":{"rendered":"\t\t<div data-elementor-type=\"wp-post\" data-elementor-id=\"2514\" class=\"elementor elementor-2514\">\n\t\t\t\t\t\t<section class=\"elementor-section elementor-top-section elementor-element elementor-element-08d8f7d elementor-section-boxed elementor-section-height-default elementor-section-height-default\" data-id=\"08d8f7d\" data-element_type=\"section\">\n\t\t\t\t\t\t<div class=\"elementor-container elementor-column-gap-default\">\n\t\t\t\t\t<div class=\"elementor-column elementor-col-100 elementor-top-column elementor-element elementor-element-32e0731\" data-id=\"32e0731\" data-element_type=\"column\">\n\t\t\t<div class=\"elementor-widget-wrap elementor-element-populated\">\n\t\t\t\t\t\t<div class=\"elementor-element elementor-element-15ccf33 elementor-widget elementor-widget-image\" data-id=\"15ccf33\" data-element_type=\"widget\" data-widget_type=\"image.default\">\n\t\t\t\t<div class=\"elementor-widget-container\">\n\t\t\t\t\t\t\t\t\t\t\t\t\t\t\t<img decoding=\"async\" src=\"https:\/\/blogsaverroes.juntadeandalucia.es\/ceipposidonia\/files\/elementor\/thumbs\/entrada-3-e1592751918816-orcl60gwj0ex0tl38j4a0383d75n6wtrse6in7yh6i.jpg\" title=\"entrada 3\" alt=\"entrada\" loading=\"lazy\" \/>\t\t\t\t\t\t\t\t\t\t\t\t\t\t\t<\/div>\n\t\t\t\t<\/div>\n\t\t\t\t\t<\/div>\n\t\t<\/div>\n\t\t\t\t\t<\/div>\n\t\t<\/section>\n\t\t\t\t<section class=\"elementor-section elementor-top-section elementor-element elementor-element-2f5364e elementor-section-full_width elementor-section-height-default elementor-section-height-default\" data-id=\"2f5364e\" data-element_type=\"section\">\n\t\t\t\t\t\t<div class=\"elementor-container elementor-column-gap-default\">\n\t\t\t\t\t<div class=\"elementor-column elementor-col-100 elementor-top-column elementor-element elementor-element-968519a\" data-id=\"968519a\" data-element_type=\"column\">\n\t\t\t<div class=\"elementor-widget-wrap elementor-element-populated\">\n\t\t\t\t\t\t<div class=\"elementor-element elementor-element-ef4b6f9 elementor-widget elementor-widget-google_maps\" data-id=\"ef4b6f9\" data-element_type=\"widget\" data-widget_type=\"google_maps.default\">\n\t\t\t\t<div class=\"elementor-widget-container\">\n\t\t\t\t\t\t\t<div class=\"elementor-custom-embed\">\n\t\t\t<iframe loading=\"lazy\"\n\t\t\t\t\tsrc=\"https:\/\/maps.google.com\/maps?q=CEIP%20POSIDONIA&#038;t=m&#038;z=18&#038;output=embed&#038;iwloc=near\"\n\t\t\t\t\ttitle=\"CEIP POSIDONIA\"\n\t\t\t\t\taria-label=\"CEIP POSIDONIA\"\n\t\t\t><\/iframe>\n\t\t<\/div>\n\t\t\t\t\t\t<\/div>\n\t\t\t\t<\/div>\n\t\t\t\t\t<\/div>\n\t\t<\/div>\n\t\t\t\t\t<\/div>\n\t\t<\/section>\n\t\t\t\t<section class=\"elementor-section elementor-top-section elementor-element elementor-element-9c42b42 elementor-section-boxed elementor-section-height-default elementor-section-height-default\" data-id=\"9c42b42\" data-element_type=\"section\">\n\t\t\t\t\t\t<div class=\"elementor-container elementor-column-gap-default\">\n\t\t\t\t\t<div class=\"elementor-column elementor-col-100 elementor-top-column elementor-element elementor-element-a419c93\" data-id=\"a419c93\" data-element_type=\"column\">\n\t\t\t<div class=\"elementor-widget-wrap elementor-element-populated\">\n\t\t\t\t\t\t<div class=\"elementor-element elementor-element-16cd337 elementor-widget elementor-widget-text-editor\" data-id=\"16cd337\" data-element_type=\"widget\" data-widget_type=\"text-editor.default\">\n\t\t\t\t<div class=\"elementor-widget-container\">\n\t\t\t\t\t\t\t\t\t<p>El CEIP Posidonia nace en el curso 2012\/13 como respuesta al excedente de escolarizaci\u00f3n que soporta el colegio CEIP Las Salinas. Situado en el barrio de ensanche del n\u00facleo urbano de Roquetas de Mar, en plena expansi\u00f3n en sectores servicios, centros de ocio y deporte, centro comercial y servicio de restauraci\u00f3n y hosteler\u00eda.<br \/><br \/>El barrio de reciente creaci\u00f3n, ocupa centenares de hect\u00e1reas que se limitan por la carretera Alic\u00fan, la l\u00ednea de costa y el casco urbano de Roquetas de Mar. Asentado sobre lagunas de desecaci\u00f3n en su mayor parte pertenecientes a las instalaciones de la Uni\u00f3n Salinera de Espa\u00f1a S.A cuando esta empresa desarrollaba su labor extractiva en este municipio.\u00a0<br \/><br \/>El CEIP nuevo se asienta sobre una parcela de unos 12.150 metros cuadrados de la Avda\/Polonia en Roquetas de Mar de los cu\u00e1les 4679 terminar\u00e1n de ser construidos para albergar las instalaciones. Las calles de acceso son la Avenida Polonia en la que se sit\u00faa la entrada principal al Centro y la calle Dinamarca. Anexo a edificios de pisos de cinco plantas por el oeste y abierto a parcelas de casas de planta baja en el lado este del edificio lo que facilita unas condiciones de luminosidad \u00f3ptimas para el Centro.<\/p>\t\t\t\t\t\t\t\t<\/div>\n\t\t\t\t<\/div>\n\t\t\t\t\t<\/div>\n\t\t<\/div>\n\t\t\t\t\t<\/div>\n\t\t<\/section>\n\t\t\t\t<section class=\"elementor-section elementor-top-section elementor-element elementor-element-be9a0bb elementor-section-boxed elementor-section-height-default elementor-section-height-default\" data-id=\"be9a0bb\" data-element_type=\"section\">\n\t\t\t\t\t\t<div class=\"elementor-container elementor-column-gap-default\">\n\t\t\t\t\t<div class=\"elementor-column elementor-col-100 elementor-top-column elementor-element elementor-element-ee04ae2\" data-id=\"ee04ae2\" data-element_type=\"column\">\n\t\t\t<div class=\"elementor-widget-wrap elementor-element-populated\">\n\t\t\t\t\t\t<div class=\"elementor-element elementor-element-0ba4486 elementor-widget elementor-widget-image\" data-id=\"0ba4486\" data-element_type=\"widget\" data-widget_type=\"image.default\">\n\t\t\t\t<div class=\"elementor-widget-container\">\n\t\t\t\t\t\t\t\t\t\t\t\t<figure class=\"wp-caption\">\n\t\t\t\t\t\t\t\t\t\t<img decoding=\"async\" src=\"https:\/\/blogsaverroes.juntadeandalucia.es\/ceipposidonia\/files\/2020\/07\/barrera-posidonia.png\" title=\"\" alt=\"\" loading=\"lazy\" \/>\t\t\t\t\t\t\t\t\t\t\t<figcaption class=\"widget-image-caption wp-caption-text\">(Barrera de posidonia frente a la costa de Roquetas de Mar)<\/figcaption>\n\t\t\t\t\t\t\t\t\t\t<\/figure>\n\t\t\t\t\t\t\t\t\t<\/div>\n\t\t\t\t<\/div>\n\t\t\t\t\t<\/div>\n\t\t<\/div>\n\t\t\t\t\t<\/div>\n\t\t<\/section>\n\t\t\t\t<section class=\"elementor-section elementor-top-section elementor-element elementor-element-832f7db elementor-section-boxed elementor-section-height-default elementor-section-height-default\" data-id=\"832f7db\" data-element_type=\"section\">\n\t\t\t\t\t\t<div class=\"elementor-container elementor-column-gap-default\">\n\t\t\t\t\t<div class=\"elementor-column elementor-col-100 elementor-top-column elementor-element elementor-element-1bc0744\" data-id=\"1bc0744\" data-element_type=\"column\">\n\t\t\t<div class=\"elementor-widget-wrap elementor-element-populated\">\n\t\t\t\t\t\t<div class=\"elementor-element elementor-element-84e7915 elementor-widget elementor-widget-text-editor\" data-id=\"84e7915\" data-element_type=\"widget\" data-widget_type=\"text-editor.default\">\n\t\t\t\t<div class=\"elementor-widget-container\">\n\t\t\t\t\t\t\t\t\t<p>Recuerda que puedes encontrarnos en la siguiente direcci\u00f3n:<\/p><div class=\"textwidget\"><p>Avenida Polonia 11<\/p><p>04740, Roquetas de Mar,<\/p><p>Almer\u00eda (Spain)<\/p><\/div>\t\t\t\t\t\t\t\t<\/div>\n\t\t\t\t<\/div>\n\t\t\t\t\t<\/div>\n\t\t<\/div>\n\t\t\t\t\t<\/div>\n\t\t<\/section>\n\t\t\t\t<section class=\"elementor-section elementor-top-section elementor-element elementor-element-3b9924c elementor-section-boxed elementor-section-height-default elementor-section-height-default\" data-id=\"3b9924c\" data-element_type=\"section\">\n\t\t\t\t\t\t<div class=\"elementor-container elementor-column-gap-default\">\n\t\t\t\t\t<div class=\"elementor-column elementor-col-100 elementor-top-column elementor-element elementor-element-fbf8921\" data-id=\"fbf8921\" data-element_type=\"column\">\n\t\t\t<div class=\"elementor-widget-wrap elementor-element-populated\">\n\t\t\t\t\t\t<div class=\"elementor-element elementor-element-528a448 elementor-widget elementor-widget-text-editor\" data-id=\"528a448\" data-element_type=\"widget\" data-widget_type=\"text-editor.default\">\n\t\t\t\t<div class=\"elementor-widget-container\">\n\t\t\t\t\t\t\t\t\t<h5 style=\"text-align: center\">Localizaci\u00f3n GPS:<\/h5><h5 class=\"section-hero-header-title-title GLOBAL__gm2-headline-5\" style=\"text-align: center\"><span style=\"font-size: 20pt;color: #808080\">36\u00b046&#8217;36.2&#8243;N\u00a0 2\u00b036&#8217;24.3&#8243;W<\/span><\/h5><div><h5 class=\"section-hero-header-title-subtitle\" style=\"text-align: center\"><span style=\"font-size: 20pt;color: #808080\">36.776731, -2.606759<\/span><\/h5><\/div>\t\t\t\t\t\t\t\t<\/div>\n\t\t\t\t<\/div>\n\t\t\t\t\t<\/div>\n\t\t<\/div>\n\t\t\t\t\t<\/div>\n\t\t<\/section>\n\t\t\t\t<section class=\"elementor-section elementor-top-section elementor-element elementor-element-36b91fd elementor-section-boxed elementor-section-height-default elementor-section-height-default\" data-id=\"36b91fd\" data-element_type=\"section\">\n\t\t\t\t\t\t<div class=\"elementor-container elementor-column-gap-default\">\n\t\t\t\t\t<div class=\"elementor-column elementor-col-100 elementor-top-column elementor-element elementor-element-3926abc\" data-id=\"3926abc\" data-element_type=\"column\">\n\t\t\t<div class=\"elementor-widget-wrap elementor-element-populated\">\n\t\t\t\t\t\t<div class=\"elementor-element elementor-element-09666e5 elementor-widget elementor-widget-spacer\" data-id=\"09666e5\" data-element_type=\"widget\" data-widget_type=\"spacer.default\">\n\t\t\t\t<div class=\"elementor-widget-container\">\n\t\t\t\t\t\t\t<div class=\"elementor-spacer\">\n\t\t\t<div class=\"elementor-spacer-inner\"><\/div>\n\t\t<\/div>\n\t\t\t\t\t\t<\/div>\n\t\t\t\t<\/div>\n\t\t\t\t\t<\/div>\n\t\t<\/div>\n\t\t\t\t\t<\/div>\n\t\t<\/section>\n\t\t\t\t<section class=\"elementor-section elementor-top-section elementor-element elementor-element-38d41c9 elementor-section-boxed elementor-section-height-default elementor-section-height-default\" data-id=\"38d41c9\" data-element_type=\"section\">\n\t\t\t\t\t\t<div class=\"elementor-container elementor-column-gap-default\">\n\t\t\t\t\t<div class=\"elementor-column elementor-col-100 elementor-top-column elementor-element elementor-element-4e9fe96\" data-id=\"4e9fe96\" data-element_type=\"column\">\n\t\t\t<div class=\"elementor-widget-wrap elementor-element-populated\">\n\t\t\t\t\t\t<div class=\"elementor-element elementor-element-c3681b1 elementor-widget elementor-widget-text-editor\" data-id=\"c3681b1\" data-element_type=\"widget\" data-widget_type=\"text-editor.default\">\n\t\t\t\t<div class=\"elementor-widget-container\">\n\t\t\t\t\t\t\t\t\t<h1 style=\"text-align: center\"><strong><span style=\"text-decoration: underline;color: #000080\">UN POCO DE HISTORIA<\/span><\/strong><\/h1><p><span style=\"font-size: small\"><span style=\"color: #0000ff;font-size: 12pt\">\u00a0 \u00a0Nuestro centro fue inaugurado el d\u00eda 18 de abril de 2013 con la presencia de autoridades de la Junta de Andaluc\u00eda, Consejer\u00eda de Educaci\u00f3n, Delegaci\u00f3n Territorial, Ayuntamiento, directores y directoras de los Centros Educativos de la zona, AMPA y prensa.<\/span><br \/><span style=\"color: #0000ff;font-size: 12pt\">\u00a0 \u00a0En el curso en el que se inaugur\u00f3, el\u00a0<strong>CEIP Posidonia<\/strong>\u00a0ten\u00eda matriculado al alumnado de Infantil, \u00a0aunque fue construido para albergar en un futuro a\u00a0<strong>tres l\u00edneas por nivel educativo<\/strong>, 9 de educaci\u00f3n infantil y 18 de educaci\u00f3n primaria. Las instalaciones tienen una capacidad para matricular a\u00a0<strong>675 alumnos<\/strong>\u00a0<strong>y alumnas<\/strong>.<\/span><br \/><span style=\"color: #0000ff;font-size: 12pt\">\u00a0 \u00a0El d\u00eda de su inauguraci\u00f3n, la Consejera de Educaci\u00f3n, D\u00f1a. Mar Moreno Ruiz recibi\u00f3 a la prensa tras lo cual se procedi\u00f3 a visitar el Centro junto con el Alcalde, D. Gabriel Amat Ayll\u00f3n y resto de comitiva. Al final del recorrido se procedi\u00f3 a la inauguraci\u00f3n oficial con diversos discursos a cargo de las autoridades competentes.<\/span><br \/><\/span><\/p><p><a href=\"https:\/\/www.diariodealmeria.es\/almeria\/Autopista-educativa_0_689931421.html#.UXF8ufH_WZE.blogger\" target=\"_blank\" rel=\"noopener\"><span style=\"text-decoration: underline\">Si pinchas aqu\u00ed<\/span>, puedes leer la noticia tal y como apareci\u00f3 ese d\u00eda en el peri\u00f3dico Diario de Almer\u00eda.<\/a><\/p>\t\t\t\t\t\t\t\t<\/div>\n\t\t\t\t<\/div>\n\t\t\t\t\t<\/div>\n\t\t<\/div>\n\t\t\t\t\t<\/div>\n\t\t<\/section>\n\t\t\t\t<\/div>\n\t\t","protected":false},"excerpt":{"rendered":"<p>[googlemaps https:\/\/maps.google.com\/maps?q=CEIP%20POSIDONIA&amp;t=m&amp;z=18&amp;output=embed&amp;iwloc=near&amp;w=425&amp;h=350] El CEIP Posidonia nace en el curso 2012\/13 como respuesta al excedente de escolarizaci\u00f3n que soporta el colegio CEIP Las Salinas. Situado en el barrio de ensanche del n\u00facleo urbano de Roquetas de Mar, en plena expansi\u00f3n en sectores servicios, centros de ocio y deporte, centro comercial y servicio de restauraci\u00f3n y hosteler\u00eda. El barrio de reciente creaci\u00f3n, ocupa centenares de hect\u00e1reas que se limitan por la carretera Alic\u00fan, la l\u00ednea de costa y el casco urbano de Roquetas de Mar. Asentado sobre lagunas de desecaci\u00f3n en su mayor parte pertenecientes a las instalaciones de la Uni\u00f3n Salinera de Espa\u00f1a S.A cuando esta empresa desarrollaba su labor extractiva en este municipio.\u00a0 El CEIP nuevo se asienta sobre una parcela de unos 12.150 metros cuadrados de la Avda\/Polonia en Roquetas de Mar de los cu\u00e1les 4679 terminar\u00e1n de ser construidos para albergar las instalaciones. Las calles de acceso son la Avenida Polonia en la que se sit\u00faa la entrada principal al Centro y la calle Dinamarca. Anexo a edificios de pisos de cinco plantas por el oeste y abierto a parcelas de casas de planta baja en el lado este del edificio lo que facilita unas condiciones de luminosidad&#46;&#46;&#46;<\/p>\n","protected":false},"author":3608,"featured_media":0,"parent":2433,"menu_order":1,"comment_status":"closed","ping_status":"closed","template":"","meta":{"ngg_post_thumbnail":0,"footnotes":"","_mc_calendar":[]},"aioseo_notices":[],"_links":{"self":[{"href":"https:\/\/blogsaverroes.juntadeandalucia.es\/ceipposidonia\/wp-json\/wp\/v2\/pages\/2514"}],"collection":[{"href":"https:\/\/blogsaverroes.juntadeandalucia.es\/ceipposidonia\/wp-json\/wp\/v2\/pages"}],"about":[{"href":"https:\/\/blogsaverroes.juntadeandalucia.es\/ceipposidonia\/wp-json\/wp\/v2\/types\/page"}],"author":[{"embeddable":true,"href":"https:\/\/blogsaverroes.juntadeandalucia.es\/ceipposidonia\/wp-json\/wp\/v2\/users\/3608"}],"replies":[{"embeddable":true,"href":"https:\/\/blogsaverroes.juntadeandalucia.es\/ceipposidonia\/wp-json\/wp\/v2\/comments?post=2514"}],"version-history":[{"count":18,"href":"https:\/\/blogsaverroes.juntadeandalucia.es\/ceipposidonia\/wp-json\/wp\/v2\/pages\/2514\/revisions"}],"predecessor-version":[{"id":2749,"href":"https:\/\/blogsaverroes.juntadeandalucia.es\/ceipposidonia\/wp-json\/wp\/v2\/pages\/2514\/revisions\/2749"}],"up":[{"embeddable":true,"href":"https:\/\/blogsaverroes.juntadeandalucia.es\/ceipposidonia\/wp-json\/wp\/v2\/pages\/2433"}],"wp:attachment":[{"href":"https:\/\/blogsaverroes.juntadeandalucia.es\/ceipposidonia\/wp-json\/wp\/v2\/media?parent=2514"}],"curies":[{"name":"wp","href":"https:\/\/api.w.org\/{rel}","templated":true}]}}