{"id":2596,"date":"2020-07-26T20:04:50","date_gmt":"2020-07-26T18:04:50","guid":{"rendered":"https:\/\/blogsaverroes.juntadeandalucia.es\/ceipposidonia\/?page_id=2596"},"modified":"2025-03-14T11:15:10","modified_gmt":"2025-03-14T10:15:10","slug":"tramites","status":"publish","type":"page","link":"https:\/\/blogsaverroes.juntadeandalucia.es\/ceipposidonia\/tramites\/","title":{"rendered":"TR\u00c1MITES"},"content":{"rendered":"\t\t<div data-elementor-type=\"wp-post\" data-elementor-id=\"2596\" class=\"elementor elementor-2596\">\n\t\t\t\t\t\t<section class=\"elementor-section elementor-top-section elementor-element elementor-element-7658fb7 elementor-section-boxed elementor-section-height-default elementor-section-height-default\" data-id=\"7658fb7\" data-element_type=\"section\">\n\t\t\t\t\t\t<div class=\"elementor-container elementor-column-gap-default\">\n\t\t\t\t\t<div class=\"elementor-column elementor-col-100 elementor-top-column elementor-element elementor-element-6b64484\" data-id=\"6b64484\" data-element_type=\"column\">\n\t\t\t<div class=\"elementor-widget-wrap elementor-element-populated\">\n\t\t\t\t\t\t<div class=\"elementor-element elementor-element-32cc7df elementor-widget elementor-widget-text-editor\" data-id=\"32cc7df\" data-element_type=\"widget\" data-widget_type=\"text-editor.default\">\n\t\t\t\t<div class=\"elementor-widget-container\">\n\t\t\t\t\t\t\t\t\t<p>Para evitar el desplazamiento al centro se pone a disposici\u00f3n de la comunidad educativa del CEIP Posidonia estos enlaces para tramitar telem\u00e1ticamente los siguientes asuntos:<\/p>\t\t\t\t\t\t\t\t<\/div>\n\t\t\t\t<\/div>\n\t\t\t\t\t<\/div>\n\t\t<\/div>\n\t\t\t\t\t<\/div>\n\t\t<\/section>\n\t\t\t\t<section class=\"elementor-section elementor-top-section elementor-element elementor-element-0a6d675 elementor-section-boxed elementor-section-height-default elementor-section-height-default\" data-id=\"0a6d675\" data-element_type=\"section\">\n\t\t\t\t\t\t<div class=\"elementor-container elementor-column-gap-default\">\n\t\t\t\t\t<div class=\"elementor-column elementor-col-100 elementor-top-column elementor-element elementor-element-891eb75\" data-id=\"891eb75\" data-element_type=\"column\">\n\t\t\t<div class=\"elementor-widget-wrap elementor-element-populated\">\n\t\t\t\t\t\t<div class=\"elementor-element elementor-element-f1a778a elementor-align-center elementor-widget elementor-widget-button\" data-id=\"f1a778a\" data-element_type=\"widget\" data-widget_type=\"button.default\">\n\t\t\t\t<div class=\"elementor-widget-container\">\n\t\t\t\t\t\t\t\t\t<div class=\"elementor-button-wrapper\">\n\t\t\t\t\t<a class=\"elementor-button elementor-button-link elementor-size-lg\" href=\"https:\/\/blogsaverroes.juntadeandalucia.es\/ceipposidonia\/clave-ipasen\/\">\n\t\t\t\t\t\t<span class=\"elementor-button-content-wrapper\">\n\t\t\t\t\t\t\t\t\t<span class=\"elementor-button-text\">Claves para la aplicaci\u00f3n iPASEN<\/span>\n\t\t\t\t\t<\/span>\n\t\t\t\t\t<\/a>\n\t\t\t\t<\/div>\n\t\t\t\t\t\t\t\t<\/div>\n\t\t\t\t<\/div>\n\t\t\t\t<div class=\"elementor-element elementor-element-5d52c35 elementor-align-center elementor-widget elementor-widget-button\" data-id=\"5d52c35\" data-element_type=\"widget\" data-widget_type=\"button.default\">\n\t\t\t\t<div class=\"elementor-widget-container\">\n\t\t\t\t\t\t\t\t\t<div class=\"elementor-button-wrapper\">\n\t\t\t\t\t<a class=\"elementor-button elementor-button-link elementor-size-lg\" href=\"https:\/\/blogsaverroes.juntadeandalucia.es\/ceipposidonia\/tramites\/alta-servicios\/\">\n\t\t\t\t\t\t<span class=\"elementor-button-content-wrapper\">\n\t\t\t\t\t\t\t\t\t<span class=\"elementor-button-text\">Solicitud Servicios Complementarios (comedor, aula matinal, act.extraescolares)<\/span>\n\t\t\t\t\t<\/span>\n\t\t\t\t\t<\/a>\n\t\t\t\t<\/div>\n\t\t\t\t\t\t\t\t<\/div>\n\t\t\t\t<\/div>\n\t\t\t\t<div class=\"elementor-element elementor-element-a6761ab elementor-align-center elementor-widget elementor-widget-button\" data-id=\"a6761ab\" data-element_type=\"widget\" data-widget_type=\"button.default\">\n\t\t\t\t<div class=\"elementor-widget-container\">\n\t\t\t\t\t\t\t\t\t<div class=\"elementor-button-wrapper\">\n\t\t\t\t\t<a class=\"elementor-button elementor-button-link elementor-size-lg\" href=\"https:\/\/blogsaverroes.juntadeandalucia.es\/ceipposidonia\/tramites\/expone-solicita\/\">\n\t\t\t\t\t\t<span class=\"elementor-button-content-wrapper\">\n\t\t\t\t\t\t\t\t\t<span class=\"elementor-button-text\">Cambio de d\u00edas de uso de Servicios Complementarios<\/span>\n\t\t\t\t\t<\/span>\n\t\t\t\t\t<\/a>\n\t\t\t\t<\/div>\n\t\t\t\t\t\t\t\t<\/div>\n\t\t\t\t<\/div>\n\t\t\t\t<div class=\"elementor-element elementor-element-63efbc5 elementor-align-center elementor-widget elementor-widget-button\" data-id=\"63efbc5\" data-element_type=\"widget\" data-widget_type=\"button.default\">\n\t\t\t\t<div class=\"elementor-widget-container\">\n\t\t\t\t\t\t\t\t\t<div class=\"elementor-button-wrapper\">\n\t\t\t\t\t<a class=\"elementor-button elementor-button-link elementor-size-lg\" href=\"https:\/\/blogsaverroes.juntadeandalucia.es\/ceipposidonia\/tramites\/expone-solicita\/\">\n\t\t\t\t\t\t<span class=\"elementor-button-content-wrapper\">\n\t\t\t\t\t\t\t\t\t<span class=\"elementor-button-text\">Baja de Servicios Complementarios (comedor, aula matinal, act.extraescolares)<\/span>\n\t\t\t\t\t<\/span>\n\t\t\t\t\t<\/a>\n\t\t\t\t<\/div>\n\t\t\t\t\t\t\t\t<\/div>\n\t\t\t\t<\/div>\n\t\t\t\t<div class=\"elementor-element elementor-element-64403dd elementor-align-center elementor-widget elementor-widget-button\" data-id=\"64403dd\" data-element_type=\"widget\" data-widget_type=\"button.default\">\n\t\t\t\t<div class=\"elementor-widget-container\">\n\t\t\t\t\t\t\t\t\t<div class=\"elementor-button-wrapper\">\n\t\t\t\t\t<a class=\"elementor-button elementor-button-link elementor-size-lg\" href=\"https:\/\/blogsaverroes.juntadeandalucia.es\/ceipposidonia\/tramites\/expone-solicita\/\">\n\t\t\t\t\t\t<span class=\"elementor-button-content-wrapper\">\n\t\t\t\t\t\t\t\t\t<span class=\"elementor-button-text\">Solicitud Certificado de Matr\u00edcula<\/span>\n\t\t\t\t\t<\/span>\n\t\t\t\t\t<\/a>\n\t\t\t\t<\/div>\n\t\t\t\t\t\t\t\t<\/div>\n\t\t\t\t<\/div>\n\t\t\t\t<div class=\"elementor-element elementor-element-9c18945 elementor-align-center elementor-widget elementor-widget-button\" data-id=\"9c18945\" data-element_type=\"widget\" data-widget_type=\"button.default\">\n\t\t\t\t<div class=\"elementor-widget-container\">\n\t\t\t\t\t\t\t\t\t<div class=\"elementor-button-wrapper\">\n\t\t\t\t\t<a class=\"elementor-button elementor-button-link elementor-size-lg\" href=\"https:\/\/blogsaverroes.juntadeandalucia.es\/ceipposidonia\/tramites\/expone-solicita\/\">\n\t\t\t\t\t\t<span class=\"elementor-button-content-wrapper\">\n\t\t\t\t\t\t\t\t\t<span class=\"elementor-button-text\">Entrega al centro de documentos para la Orientadora<\/span>\n\t\t\t\t\t<\/span>\n\t\t\t\t\t<\/a>\n\t\t\t\t<\/div>\n\t\t\t\t\t\t\t\t<\/div>\n\t\t\t\t<\/div>\n\t\t\t\t<div class=\"elementor-element elementor-element-a45ef0a elementor-align-center elementor-widget elementor-widget-button\" data-id=\"a45ef0a\" data-element_type=\"widget\" data-widget_type=\"button.default\">\n\t\t\t\t<div class=\"elementor-widget-container\">\n\t\t\t\t\t\t\t\t\t<div class=\"elementor-button-wrapper\">\n\t\t\t\t\t<a class=\"elementor-button elementor-button-link elementor-size-lg\" href=\"https:\/\/blogsaverroes.juntadeandalucia.es\/ceipposidonia\/tramites\/expone-solicita\/\">\n\t\t\t\t\t\t<span class=\"elementor-button-content-wrapper\">\n\t\t\t\t\t\t\t\t\t<span class=\"elementor-button-text\">Entrega Convenio Custodia Cuidado de Menores<\/span>\n\t\t\t\t\t<\/span>\n\t\t\t\t\t<\/a>\n\t\t\t\t<\/div>\n\t\t\t\t\t\t\t\t<\/div>\n\t\t\t\t<\/div>\n\t\t\t\t<div class=\"elementor-element elementor-element-09b4c66 elementor-align-center elementor-widget elementor-widget-button\" data-id=\"09b4c66\" data-element_type=\"widget\" data-widget_type=\"button.default\">\n\t\t\t\t<div class=\"elementor-widget-container\">\n\t\t\t\t\t\t\t\t\t<div class=\"elementor-button-wrapper\">\n\t\t\t\t\t<a class=\"elementor-button elementor-button-link elementor-size-lg\" href=\"https:\/\/blogsaverroes.juntadeandalucia.es\/ceipposidonia\/tramites\/hoja-inscripcion-ampa\/\">\n\t\t\t\t\t\t<span class=\"elementor-button-content-wrapper\">\n\t\t\t\t\t\t\t\t\t<span class=\"elementor-button-text\">Inscripci\u00f3n AMPA Poseid\u00f3n <br>(Asociaci\u00f3n Madres y Padres de Alumnado)<\/span>\n\t\t\t\t\t<\/span>\n\t\t\t\t\t<\/a>\n\t\t\t\t<\/div>\n\t\t\t\t\t\t\t\t<\/div>\n\t\t\t\t<\/div>\n\t\t\t\t\t<\/div>\n\t\t<\/div>\n\t\t\t\t\t<\/div>\n\t\t<\/section>\n\t\t\t\t<\/div>\n\t\t","protected":false},"excerpt":{"rendered":"<p>Para evitar el desplazamiento al centro se pone a disposici\u00f3n de la comunidad educativa del CEIP Posidonia estos enlaces para tramitar telem\u00e1ticamente los siguientes asuntos: Claves para la aplicaci\u00f3n iPASEN Solicitud Servicios Complementarios (comedor, aula matinal, act.extraescolares) Cambio de d\u00edas de uso de Servicios Complementarios Baja de Servicios Complementarios (comedor, aula matinal, act.extraescolares) Solicitud Certificado de Matr\u00edcula Entrega al centro de documentos para la Orientadora Entrega Convenio Custodia Cuidado de Menores Inscripci\u00f3n AMPA Poseid\u00f3n (Asociaci\u00f3n Madres y Padres de Alumnado)<\/p>\n","protected":false},"author":3608,"featured_media":0,"parent":0,"menu_order":0,"comment_status":"closed","ping_status":"closed","template":"","meta":{"ngg_post_thumbnail":0,"footnotes":"","_mc_calendar":[]},"aioseo_notices":[],"_links":{"self":[{"href":"https:\/\/blogsaverroes.juntadeandalucia.es\/ceipposidonia\/wp-json\/wp\/v2\/pages\/2596"}],"collection":[{"href":"https:\/\/blogsaverroes.juntadeandalucia.es\/ceipposidonia\/wp-json\/wp\/v2\/pages"}],"about":[{"href":"https:\/\/blogsaverroes.juntadeandalucia.es\/ceipposidonia\/wp-json\/wp\/v2\/types\/page"}],"author":[{"embeddable":true,"href":"https:\/\/blogsaverroes.juntadeandalucia.es\/ceipposidonia\/wp-json\/wp\/v2\/users\/3608"}],"replies":[{"embeddable":true,"href":"https:\/\/blogsaverroes.juntadeandalucia.es\/ceipposidonia\/wp-json\/wp\/v2\/comments?post=2596"}],"version-history":[{"count":23,"href":"https:\/\/blogsaverroes.juntadeandalucia.es\/ceipposidonia\/wp-json\/wp\/v2\/pages\/2596\/revisions"}],"predecessor-version":[{"id":6867,"href":"https:\/\/blogsaverroes.juntadeandalucia.es\/ceipposidonia\/wp-json\/wp\/v2\/pages\/2596\/revisions\/6867"}],"wp:attachment":[{"href":"https:\/\/blogsaverroes.juntadeandalucia.es\/ceipposidonia\/wp-json\/wp\/v2\/media?parent=2596"}],"curies":[{"name":"wp","href":"https:\/\/api.w.org\/{rel}","templated":true}]}}