{"id":2866,"date":"2020-08-03T13:09:53","date_gmt":"2020-08-03T11:09:53","guid":{"rendered":"https:\/\/blogsaverroes.juntadeandalucia.es\/ceipposidonia\/?page_id=2866"},"modified":"2026-02-24T10:38:06","modified_gmt":"2026-02-24T09:38:06","slug":"oferta-educativa","status":"publish","type":"page","link":"https:\/\/blogsaverroes.juntadeandalucia.es\/ceipposidonia\/centro\/oferta-educativa\/","title":{"rendered":"OFERTA EDUCATIVA Y SERVICIOS"},"content":{"rendered":"\t\t<div data-elementor-type=\"wp-post\" data-elementor-id=\"2866\" class=\"elementor elementor-2866\">\n\t\t\t\t\t\t<section class=\"elementor-section elementor-top-section elementor-element elementor-element-5e0b53a elementor-section-boxed elementor-section-height-default elementor-section-height-default\" data-id=\"5e0b53a\" data-element_type=\"section\">\n\t\t\t\t\t\t<div class=\"elementor-container elementor-column-gap-default\">\n\t\t\t\t\t<div class=\"elementor-column elementor-col-100 elementor-top-column elementor-element elementor-element-25d477c\" data-id=\"25d477c\" data-element_type=\"column\">\n\t\t\t<div class=\"elementor-widget-wrap elementor-element-populated\">\n\t\t\t\t\t\t<div class=\"elementor-element elementor-element-9869d3c elementor-widget elementor-widget-text-editor\" data-id=\"9869d3c\" data-element_type=\"widget\" data-widget_type=\"text-editor.default\">\n\t\t\t\t<div class=\"elementor-widget-container\">\n\t\t\t\t\t\t\t\t\t<h5>OFERTA EDUCATIVA<\/h5><p>Nuestro Centro fue inaugurado en el curso escolar <strong>2012\/13<\/strong> s\u00f3lo con la Etapa de Educaci\u00f3n Infantil, contando en ese momento con las siguientes unidades:<\/p><ul><li>Infantil de tres a\u00f1os: 3 unidades.<\/li><li>Infantil de cuatro a\u00f1os: 2 unidades.<\/li><li>Infantil de cinco a\u00f1os: 2 unidades.<\/li><\/ul><p>Este curso<strong> 2025\/2026<\/strong>\u00a0se dispone de las siguientes unidades:<\/p><ul><li>Infantil de tres a\u00f1os: 3\u00a0unidades.<\/li><li>Infantil de cuatro a\u00f1os: 3 unidades.<\/li><li>Infantil de cinco a\u00f1os: 3 unidades.<\/li><li>Primero de Primaria: 3 unidades.<\/li><li>Segundo de Primaria: 3 unidades.<\/li><li>Tercero de Primaria: 4 unidades.<\/li><li>Cuarto de Primaria: 4 unidades.<\/li><li>Quinto de Primaria: 4 unidades<\/li><li>Sexto de Primaria: 4 unidades<\/li><li>Aulas TEA (Trastorno del Espectro Autista): 2 unidades.<\/li><li>Aula Espec\u00edfica: 1 unidad<\/li><\/ul>\t\t\t\t\t\t\t\t<\/div>\n\t\t\t\t<\/div>\n\t\t\t\t\t<\/div>\n\t\t<\/div>\n\t\t\t\t\t<\/div>\n\t\t<\/section>\n\t\t\t\t<section class=\"elementor-section elementor-top-section elementor-element elementor-element-8c998d7 elementor-section-boxed elementor-section-height-default elementor-section-height-default\" data-id=\"8c998d7\" data-element_type=\"section\">\n\t\t\t\t\t\t<div class=\"elementor-container elementor-column-gap-default\">\n\t\t\t\t\t<div class=\"elementor-column elementor-col-100 elementor-top-column elementor-element elementor-element-50c9006\" data-id=\"50c9006\" data-element_type=\"column\">\n\t\t\t<div class=\"elementor-widget-wrap elementor-element-populated\">\n\t\t\t\t\t\t<div class=\"elementor-element elementor-element-8b3b909 elementor-widget-divider--view-line elementor-widget elementor-widget-divider\" data-id=\"8b3b909\" data-element_type=\"widget\" data-widget_type=\"divider.default\">\n\t\t\t\t<div class=\"elementor-widget-container\">\n\t\t\t\t\t\t\t<div class=\"elementor-divider\">\n\t\t\t<span class=\"elementor-divider-separator\">\n\t\t\t\t\t\t<\/span>\n\t\t<\/div>\n\t\t\t\t\t\t<\/div>\n\t\t\t\t<\/div>\n\t\t\t\t\t<\/div>\n\t\t<\/div>\n\t\t\t\t\t<\/div>\n\t\t<\/section>\n\t\t\t\t<section class=\"elementor-section elementor-top-section elementor-element elementor-element-90ec3ea elementor-section-boxed elementor-section-height-default elementor-section-height-default\" data-id=\"90ec3ea\" data-element_type=\"section\">\n\t\t\t\t\t\t<div class=\"elementor-container elementor-column-gap-default\">\n\t\t\t\t\t<div class=\"elementor-column elementor-col-100 elementor-top-column elementor-element elementor-element-0c6151f\" data-id=\"0c6151f\" data-element_type=\"column\">\n\t\t\t<div class=\"elementor-widget-wrap elementor-element-populated\">\n\t\t\t\t\t\t<div class=\"elementor-element elementor-element-8827083 elementor-widget elementor-widget-text-editor\" data-id=\"8827083\" data-element_type=\"widget\" data-widget_type=\"text-editor.default\">\n\t\t\t\t<div class=\"elementor-widget-container\">\n\t\t\t\t\t\t\t\t\t<h5>SERVICIOS COMPLEMENTARIOS PLAN FAMILIA<\/h5>\n<p>Dentro del Plan de Apertura del Plan de Familia el Centro ofrece los servicios &nbsp;propios:<\/p>\n<ul>\n<li><strong>Servicio de Aula Matinal: <\/strong>La recepci\u00f3n del alumnado se realiza de 7:30h a 8:40h.<\/li>\n<li><strong>Servicio de Comedor:<\/strong>&nbsp;con su horario de 14:00 a 16:00h (2 turnos). Pudi\u00e9ndose recoger al alumnado hasta 3\u00ba primaria a partir de las 15:00h y al resto del alumnado a las 16:00h.<\/li><li><b>Servicio de Aula de Mediod\u00eda o Aula de Espera:<\/b> De lunes a viernes de 14:00 a 15:00h.<\/li><li><strong>Servicio de actividades extraescolares: <\/strong>de lunes a jueves en horario de 16:00 a 18:00 horas.\n<ul>\n<li style=\"list-style-type: none\">\n<ul>\n<li style=\"list-style-type: none\">\n<ul>\n<li>Lunes y mi\u00e9rcoles de 16:00 a 17:00: Ingl\u00e9s Infantil y 1\u00ba y 2\u00ba Primaria.<\/li><li>Lunes y mi\u00e9rcoles de 16:00 a 17:00: Refuerzo para 3\u00ba, 4\u00ba, 5\u00ba y 6\u00ba Primaria.<\/li><li>Martes y jueves de 16:00 a 17:00: Baile Infantil y 1\u00ba y 2\u00ba Primaria.<\/li>\n<li>Martes y jueves de 16:00 a 17:00: Ingl\u00e9s 3\u00ba, 4\u00ba, 5\u00ba y 6\u00ba Primaria.<\/li>\n<\/ul>\n<\/li>\n<\/ul>\n<\/li>\n<\/ul>\n<\/li>\n<\/ul>\t\t\t\t\t\t\t\t<\/div>\n\t\t\t\t<\/div>\n\t\t\t\t\t<\/div>\n\t\t<\/div>\n\t\t\t\t\t<\/div>\n\t\t<\/section>\n\t\t\t\t<section class=\"elementor-section elementor-top-section elementor-element elementor-element-7dc4f86 elementor-section-boxed elementor-section-height-default elementor-section-height-default\" data-id=\"7dc4f86\" data-element_type=\"section\">\n\t\t\t\t\t\t<div class=\"elementor-container elementor-column-gap-default\">\n\t\t\t\t\t<div class=\"elementor-column elementor-col-100 elementor-top-column elementor-element elementor-element-8fa2011\" data-id=\"8fa2011\" data-element_type=\"column\">\n\t\t\t<div class=\"elementor-widget-wrap elementor-element-populated\">\n\t\t\t\t\t\t<div class=\"elementor-element elementor-element-65069d4 elementor-widget elementor-widget-image\" data-id=\"65069d4\" data-element_type=\"widget\" data-widget_type=\"image.default\">\n\t\t\t\t<div class=\"elementor-widget-container\">\n\t\t\t\t\t\t\t\t\t\t\t\t\t\t\t<img decoding=\"async\" width=\"150\" height=\"66\" src=\"https:\/\/blogsaverroes.juntadeandalucia.es\/ceipposidonia\/files\/2020\/06\/logo-cole-sin-fondo-e1592417035740.png\" class=\"attachment-large size-large wp-image-2272\" alt=\"logocole\" srcset=\"https:\/\/blogsaverroes.juntadeandalucia.es\/ceipposidonia\/files\/2020\/06\/logo-cole-sin-fondo-e1592417035740.png 150w, https:\/\/blogsaverroes.juntadeandalucia.es\/ceipposidonia\/files\/2020\/06\/logo-cole-sin-fondo-e1592417035740-24x11.png 24w, https:\/\/blogsaverroes.juntadeandalucia.es\/ceipposidonia\/files\/2020\/06\/logo-cole-sin-fondo-e1592417035740-36x16.png 36w, https:\/\/blogsaverroes.juntadeandalucia.es\/ceipposidonia\/files\/2020\/06\/logo-cole-sin-fondo-e1592417035740-48x21.png 48w\" sizes=\"(max-width: 150px) 100vw, 150px\" \/>\t\t\t\t\t\t\t\t\t\t\t\t\t\t\t<\/div>\n\t\t\t\t<\/div>\n\t\t\t\t\t<\/div>\n\t\t<\/div>\n\t\t\t\t\t<\/div>\n\t\t<\/section>\n\t\t\t\t<\/div>\n\t\t","protected":false},"excerpt":{"rendered":"<p>OFERTA EDUCATIVA Nuestro Centro fue inaugurado en el curso escolar 2012\/13 s\u00f3lo con la Etapa de Educaci\u00f3n Infantil, contando en ese momento con las siguientes unidades: Infantil de tres a\u00f1os: 3 unidades. Infantil de cuatro a\u00f1os: 2 unidades. Infantil de cinco a\u00f1os: 2 unidades. Este curso 2025\/2026\u00a0se dispone de las siguientes unidades: Infantil de tres a\u00f1os: 3\u00a0unidades. Infantil de cuatro a\u00f1os: 3 unidades. Infantil de cinco a\u00f1os: 3 unidades. Primero de Primaria: 3 unidades. Segundo de Primaria: 3 unidades. Tercero de Primaria: 4 unidades. Cuarto de Primaria: 4 unidades. Quinto de Primaria: 4 unidades Sexto de Primaria: 4 unidades Aulas TEA (Trastorno del Espectro Autista): 2 unidades. Aula Espec\u00edfica: 1 unidad SERVICIOS COMPLEMENTARIOS PLAN FAMILIA Dentro del Plan de Apertura del Plan de Familia el Centro ofrece los servicios &nbsp;propios: Servicio de Aula Matinal: La recepci\u00f3n del alumnado se realiza de 7:30h a 8:40h. Servicio de Comedor:&nbsp;con su horario de 14:00 a 16:00h (2 turnos). Pudi\u00e9ndose recoger al alumnado hasta 3\u00ba primaria a partir de las 15:00h y al resto del alumnado a las 16:00h. Servicio de Aula de Mediod\u00eda o Aula de Espera: De lunes a viernes de 14:00 a 15:00h. Servicio de actividades extraescolares: de lunes a jueves&#46;&#46;&#46;<\/p>\n","protected":false},"author":3608,"featured_media":0,"parent":2433,"menu_order":6,"comment_status":"closed","ping_status":"closed","template":"","meta":{"ngg_post_thumbnail":0,"footnotes":"","_mc_calendar":[]},"aioseo_notices":[],"_links":{"self":[{"href":"https:\/\/blogsaverroes.juntadeandalucia.es\/ceipposidonia\/wp-json\/wp\/v2\/pages\/2866"}],"collection":[{"href":"https:\/\/blogsaverroes.juntadeandalucia.es\/ceipposidonia\/wp-json\/wp\/v2\/pages"}],"about":[{"href":"https:\/\/blogsaverroes.juntadeandalucia.es\/ceipposidonia\/wp-json\/wp\/v2\/types\/page"}],"author":[{"embeddable":true,"href":"https:\/\/blogsaverroes.juntadeandalucia.es\/ceipposidonia\/wp-json\/wp\/v2\/users\/3608"}],"replies":[{"embeddable":true,"href":"https:\/\/blogsaverroes.juntadeandalucia.es\/ceipposidonia\/wp-json\/wp\/v2\/comments?post=2866"}],"version-history":[{"count":5,"href":"https:\/\/blogsaverroes.juntadeandalucia.es\/ceipposidonia\/wp-json\/wp\/v2\/pages\/2866\/revisions"}],"predecessor-version":[{"id":7227,"href":"https:\/\/blogsaverroes.juntadeandalucia.es\/ceipposidonia\/wp-json\/wp\/v2\/pages\/2866\/revisions\/7227"}],"up":[{"embeddable":true,"href":"https:\/\/blogsaverroes.juntadeandalucia.es\/ceipposidonia\/wp-json\/wp\/v2\/pages\/2433"}],"wp:attachment":[{"href":"https:\/\/blogsaverroes.juntadeandalucia.es\/ceipposidonia\/wp-json\/wp\/v2\/media?parent=2866"}],"curies":[{"name":"wp","href":"https:\/\/api.w.org\/{rel}","templated":true}]}}