{"id":2872,"date":"2020-08-03T13:41:53","date_gmt":"2020-08-03T11:41:53","guid":{"rendered":"https:\/\/blogsaverroes.juntadeandalucia.es\/ceipposidonia\/?page_id=2872"},"modified":"2020-08-03T14:24:24","modified_gmt":"2020-08-03T12:24:24","slug":"quienes-somos","status":"publish","type":"page","link":"https:\/\/blogsaverroes.juntadeandalucia.es\/ceipposidonia\/centro\/quienes-somos\/","title":{"rendered":"QUIENES SOMOS"},"content":{"rendered":"\t\t<div data-elementor-type=\"wp-post\" data-elementor-id=\"2872\" class=\"elementor elementor-2872\">\n\t\t\t\t\t\t<section class=\"elementor-section elementor-top-section elementor-element elementor-element-9969241 elementor-section-boxed elementor-section-height-default elementor-section-height-default\" data-id=\"9969241\" data-element_type=\"section\">\n\t\t\t\t\t\t<div class=\"elementor-container elementor-column-gap-default\">\n\t\t\t\t\t<div class=\"elementor-column elementor-col-100 elementor-top-column elementor-element elementor-element-409fd06\" data-id=\"409fd06\" data-element_type=\"column\">\n\t\t\t<div class=\"elementor-widget-wrap elementor-element-populated\">\n\t\t\t\t\t\t<div class=\"elementor-element elementor-element-2df9e44 elementor-widget elementor-widget-text-editor\" data-id=\"2df9e44\" data-element_type=\"widget\" data-widget_type=\"text-editor.default\">\n\t\t\t\t<div class=\"elementor-widget-container\">\n\t\t\t\t\t\t\t\t\t<p>El equipo humano que forma parte de nuestro centro para el curso 2020 -2021 est\u00e1 formado por las siguientes personas:<\/p>\t\t\t\t\t\t\t\t<\/div>\n\t\t\t\t<\/div>\n\t\t\t\t\t<\/div>\n\t\t<\/div>\n\t\t\t\t\t<\/div>\n\t\t<\/section>\n\t\t\t\t<section class=\"elementor-section elementor-top-section elementor-element elementor-element-ca4ef4f elementor-section-boxed elementor-section-height-default elementor-section-height-default\" data-id=\"ca4ef4f\" data-element_type=\"section\">\n\t\t\t\t\t\t<div class=\"elementor-container elementor-column-gap-default\">\n\t\t\t\t\t<div class=\"elementor-column elementor-col-100 elementor-top-column elementor-element elementor-element-3421e01\" data-id=\"3421e01\" data-element_type=\"column\">\n\t\t\t<div class=\"elementor-widget-wrap elementor-element-populated\">\n\t\t\t\t\t\t<div class=\"elementor-element elementor-element-9910037 elementor-widget elementor-widget-text-editor\" data-id=\"9910037\" data-element_type=\"widget\" data-widget_type=\"text-editor.default\">\n\t\t\t\t<div class=\"elementor-widget-container\">\n\t\t\t\t\t\t\t\t\t<h5>EQUIPO DIRECTIVO<\/h5><ul><li>Direcci\u00f3n\u2026\u2026\u2026\u2026\u2026\u2026&#8230;&#8230;.\u2026\u2026\u2026\u2026..D\u00aa Mar\u00eda Isabel Ba\u00f1ares Alegr\u00eda.<\/li><li>Jefatura de Estudios&#8230;&#8230;&#8230;&#8230;&#8230;.D\u00aa Eugenia Su\u00e1rez Fern\u00e1ndez.<\/li><li>Secretar\u00eda&#8230;&#8230;&#8230;&#8230;&#8230;&#8230;&#8230;&#8230;&#8230;&#8230;&#8230;.D\u00aa Roc\u00edo Molina Gallardo.<\/li><\/ul>\t\t\t\t\t\t\t\t<\/div>\n\t\t\t\t<\/div>\n\t\t\t\t<div class=\"elementor-element elementor-element-b3801e1 elementor-widget elementor-widget-text-editor\" data-id=\"b3801e1\" data-element_type=\"widget\" data-widget_type=\"text-editor.default\">\n\t\t\t\t<div class=\"elementor-widget-container\">\n\t\t\t\t\t\t\t\t\t<h5>CLAUSTRO<\/h5><ul><li>Tutor\u00eda Infantil 3 a\u00f1os A \u2026\u2026\u2026\u2026\u2026\u2026&#8230;&#8230;.\u2026\u2026\u2026\u2026.<\/li><li>Tutor\u00eda Infantil 3 a\u00f1os B \u2026\u2026\u2026\u2026\u2026\u2026&#8230;&#8230;.\u2026\u2026\u2026\u2026.<\/li><li>Tutor\u00eda Infantil 3 a\u00f1os C \u2026\u2026\u2026\u2026\u2026\u2026&#8230;&#8230;.\u2026\u2026\u2026\u2026.<\/li><\/ul><ul><li>Tutor\u00eda Infantil 4 a\u00f1os A \u2026\u2026\u2026\u2026\u2026\u2026&#8230;&#8230;.\u2026\u2026\u2026\u2026.<\/li><li>Tutor\u00eda Infantil 4 a\u00f1os B \u2026\u2026\u2026\u2026\u2026\u2026&#8230;&#8230;.\u2026\u2026\u2026\u2026.<\/li><li>Tutor\u00eda Infantil 4 a\u00f1os C \u2026\u2026\u2026\u2026\u2026\u2026&#8230;&#8230;.\u2026\u2026\u2026\u2026.<\/li><li>Tutor\u00eda Infantil 4 a\u00f1os D \u2026\u2026\u2026\u2026\u2026\u2026&#8230;&#8230;.\u2026\u2026\u2026\u2026.<\/li><\/ul><ul><li>Tutor\u00eda Infantil 5 a\u00f1os A \u2026\u2026\u2026\u2026\u2026\u2026&#8230;&#8230;.\u2026\u2026\u2026\u2026.<\/li><li>Tutor\u00eda Infantil 5 a\u00f1os B \u2026\u2026\u2026\u2026\u2026\u2026&#8230;&#8230;.\u2026\u2026\u2026\u2026.<\/li><li>Tutor\u00eda Infantil 5 a\u00f1os C \u2026\u2026\u2026\u2026\u2026\u2026&#8230;&#8230;.\u2026\u2026\u2026\u2026.<\/li><\/ul><div><ul><li>Tutor\u00eda Primaria 1\u00ba A\u00a0 \u2026\u2026\u2026\u2026\u2026\u2026&#8230;&#8230;.\u2026\u2026\u2026\u2026&#8230;..<\/li><li>Tutor\u00eda Primaria 1\u00ba B\u00a0 &#8230;.\u2026\u2026\u2026\u2026\u2026\u2026&#8230;&#8230;.\u2026\u2026\u2026\u2026.<\/li><li>Tutor\u00eda Primaria 1\u00ba C\u00a0 &#8230;.\u2026\u2026\u2026\u2026\u2026\u2026&#8230;&#8230;.\u2026\u2026\u2026\u2026.<\/li><\/ul><ul><li>Tutor\u00eda Primaria 2\u00ba A\u00a0 \u2026\u2026\u2026\u2026\u2026\u2026&#8230;&#8230;.\u2026\u2026\u2026\u2026&#8230;..<\/li><li>Tutor\u00eda Primaria 2\u00ba B\u00a0 &#8230;.\u2026\u2026\u2026\u2026\u2026\u2026&#8230;&#8230;.\u2026\u2026\u2026\u2026.<\/li><li>Tutor\u00eda Primaria 2\u00ba C\u00a0 &#8230;.\u2026\u2026\u2026\u2026\u2026\u2026&#8230;&#8230;.\u2026\u2026\u2026\u2026.<\/li><\/ul><ul><li>Tutor\u00eda Primaria 3\u00ba A\u00a0 \u2026\u2026\u2026\u2026\u2026\u2026&#8230;&#8230;.\u2026\u2026\u2026\u2026&#8230;..<\/li><li>Tutor\u00eda Primaria 3\u00ba B\u00a0 &#8230;.\u2026\u2026\u2026\u2026\u2026\u2026&#8230;&#8230;.\u2026\u2026\u2026\u2026.<\/li><li>Tutor\u00eda Primaria 3\u00ba C\u00a0 &#8230;.\u2026\u2026\u2026\u2026\u2026\u2026&#8230;&#8230;.\u2026\u2026\u2026\u2026.<\/li><\/ul><ul><li>Tutor\u00eda Primaria 4\u00ba A\u00a0 \u2026\u2026\u2026\u2026\u2026\u2026&#8230;&#8230;.\u2026\u2026\u2026\u2026&#8230;..<\/li><li>Tutor\u00eda Primaria 4\u00ba B\u00a0 &#8230;.\u2026\u2026\u2026\u2026\u2026\u2026&#8230;&#8230;.\u2026\u2026\u2026\u2026.<\/li><li>Tutor\u00eda Primaria 4\u00ba C\u00a0 &#8230;.\u2026\u2026\u2026\u2026\u2026\u2026&#8230;&#8230;.\u2026\u2026\u2026\u2026.<\/li><li>Tutor\u00eda Primaria 4\u00ba D\u00a0 \u2026\u2026\u2026\u2026\u2026\u2026&#8230;&#8230;.\u2026\u2026\u2026\u2026&#8230;..<\/li><\/ul><ul><li>Tutor\u00eda Primaria 5\u00ba A\u00a0 &#8230;.\u2026\u2026\u2026\u2026\u2026\u2026&#8230;&#8230;.\u2026\u2026\u2026\u2026.<\/li><li>Tutor\u00eda Primaria 5\u00ba B\u00a0 &#8230;.\u2026\u2026\u2026\u2026\u2026\u2026&#8230;&#8230;.\u2026\u2026\u2026\u2026.<\/li><li>Tutor\u00eda Primaria 5\u00ba C\u00a0 \u2026\u2026\u2026\u2026\u2026\u2026&#8230;&#8230;.\u2026\u2026\u2026\u2026&#8230;..<\/li><li>Tutor\u00eda Primaria 5\u00ba D\u00a0 &#8230;.\u2026\u2026\u2026\u2026\u2026\u2026&#8230;&#8230;.\u2026\u2026\u2026\u2026.<\/li><\/ul><ul><li>Tutor\u00eda Primaria 6\u00ba A\u00a0 &#8230;.\u2026\u2026\u2026\u2026\u2026\u2026&#8230;&#8230;.\u2026\u2026\u2026\u2026.<\/li><li>Tutor\u00eda Primaria 6\u00ba B\u00a0 &#8230;.\u2026\u2026\u2026\u2026\u2026\u2026&#8230;&#8230;.\u2026\u2026\u2026\u2026.<\/li><li>Tutor\u00eda Primaria 6\u00ba C\u00a0 \u2026\u2026\u2026\u2026\u2026\u2026&#8230;&#8230;.\u2026\u2026\u2026\u2026&#8230;..<\/li><li>Tutor\u00eda Primaria 6\u00ba D\u00a0 &#8230;.\u2026\u2026\u2026\u2026\u2026\u2026&#8230;&#8230;.\u2026\u2026\u2026\u2026.<\/li><\/ul><ul><li>Tutor\u00eda Aula TEA 1\u00a0 &#8230;.\u2026\u2026\u2026\u2026\u2026\u2026&#8230;&#8230;.\u2026\u2026\u2026\u2026&#8230;..<\/li><li>Tutor\u00eda Aula TEA 2\u00a0 &#8230;&#8230;&#8230;&#8230;&#8230;&#8230;&#8230;&#8230;&#8230;&#8230;&#8230;&#8230;&#8230;&#8230;<\/li><\/ul><ul><li>Especialista sin tutor\u00eda\u00a0 &#8230;&#8230;&#8230;&#8230;&#8230;&#8230;&#8230;&#8230;&#8230;&#8230;&#8230;..<\/li><li>Especialista sin tutor\u00eda\u00a0 &#8230;&#8230;&#8230;&#8230;&#8230;&#8230;&#8230;&#8230;&#8230;&#8230;&#8230;..<\/li><li>Especialista sin tutor\u00eda\u00a0 &#8230;&#8230;&#8230;&#8230;&#8230;&#8230;&#8230;&#8230;&#8230;&#8230;&#8230;..<\/li><li>Especialista sin tutor\u00eda\u00a0 &#8230;&#8230;&#8230;&#8230;&#8230;&#8230;&#8230;&#8230;&#8230;&#8230;&#8230;..<\/li><li>Especialista sin tutor\u00eda\u00a0 &#8230;&#8230;&#8230;&#8230;&#8230;&#8230;&#8230;&#8230;&#8230;&#8230;&#8230;..<\/li><li>Especialista sin tutor\u00eda\u00a0 &#8230;&#8230;&#8230;&#8230;&#8230;&#8230;&#8230;&#8230;&#8230;&#8230;&#8230;..<\/li><li>Especialista sin tutor\u00eda\u00a0 &#8230;&#8230;&#8230;&#8230;&#8230;&#8230;&#8230;&#8230;&#8230;&#8230;&#8230;..<\/li><li>Especialista sin tutor\u00eda\u00a0 &#8230;&#8230;&#8230;&#8230;&#8230;&#8230;&#8230;&#8230;&#8230;&#8230;&#8230;..<\/li><\/ul><\/div>\t\t\t\t\t\t\t\t<\/div>\n\t\t\t\t<\/div>\n\t\t\t\t<div class=\"elementor-element elementor-element-7a5d4f5 elementor-widget elementor-widget-text-editor\" data-id=\"7a5d4f5\" data-element_type=\"widget\" data-widget_type=\"text-editor.default\">\n\t\t\t\t<div class=\"elementor-widget-container\">\n\t\t\t\t\t\t\t\t\t<h5>P.A.S. (PERSONAL DE ADMINISTRACI\u00d3N Y SERVICIOS)<\/h5><ul><li>Conserje\u00a0 &#8230;&#8230;&#8230;&#8230;&#8230;&#8230;&#8230;..\u2026\u2026\u2026\u2026\u2026\u2026&#8230;&#8230;.\u2026\u2026\u2026&#8230;&#8230;&#8230;&#8230;&#8230;&#8230;.<\/li><li>Monitora apoyo administrativo\u00a0 .\u2026\u2026&#8230;&#8230;.\u2026\u2026&#8230;&#8230;&#8230;&#8230;&#8230;..<\/li><li>Auxiliar de conversaci\u00f3n centros bil\u00edng\u00fces\u00a0 &#8230;..\u2026\u2026\u2026\u2026.<\/li><\/ul>\t\t\t\t\t\t\t\t<\/div>\n\t\t\t\t<\/div>\n\t\t\t\t<div class=\"elementor-element elementor-element-ae65c56 elementor-widget elementor-widget-text-editor\" data-id=\"ae65c56\" data-element_type=\"widget\" data-widget_type=\"text-editor.default\">\n\t\t\t\t<div class=\"elementor-widget-container\">\n\t\t\t\t\t\t\t\t\t<h5>CONSEJO ESCOLAR<\/h5><p>Sector equipo directivo:<\/p><ul><li>D\u00aa Mar\u00eda Isabel Ba\u00f1ares Alegr\u00eda (Direcci\u00f3n)<\/li><li>D\u00aa Eugenia Su\u00e1rez Fern\u00e1ndez (Jefatura de Estudios)<\/li><li>D\u00aa Roc\u00edo Molina Gallardo (Secretar\u00eda)<\/li><\/ul><p>Sector profesorado:<\/p><ul><li>\u00a0<\/li><\/ul><p>Sector familias:<\/p><ul><li>\u00a0<\/li><\/ul><p>Sector personal administraci\u00f3n y servicios:<\/p><ul><li>\u00a0<\/li><\/ul><p>Sector ayuntamiento:<\/p><ul><li>\u00a0<\/li><\/ul>\t\t\t\t\t\t\t\t<\/div>\n\t\t\t\t<\/div>\n\t\t\t\t\t<\/div>\n\t\t<\/div>\n\t\t\t\t\t<\/div>\n\t\t<\/section>\n\t\t\t\t<\/div>\n\t\t","protected":false},"excerpt":{"rendered":"<p>El equipo humano que forma parte de nuestro centro para el curso 2020 -2021 est\u00e1 formado por las siguientes personas: EQUIPO DIRECTIVO Direcci\u00f3n\u2026\u2026\u2026\u2026\u2026\u2026&#8230;&#8230;.\u2026\u2026\u2026\u2026..D\u00aa Mar\u00eda Isabel Ba\u00f1ares Alegr\u00eda. Jefatura de Estudios&#8230;&#8230;&#8230;&#8230;&#8230;.D\u00aa Eugenia Su\u00e1rez Fern\u00e1ndez. Secretar\u00eda&#8230;&#8230;&#8230;&#8230;&#8230;&#8230;&#8230;&#8230;&#8230;&#8230;&#8230;.D\u00aa Roc\u00edo Molina Gallardo. CLAUSTRO Tutor\u00eda Infantil 3 a\u00f1os A \u2026\u2026\u2026\u2026\u2026\u2026&#8230;&#8230;.\u2026\u2026\u2026\u2026. Tutor\u00eda Infantil 3 a\u00f1os B \u2026\u2026\u2026\u2026\u2026\u2026&#8230;&#8230;.\u2026\u2026\u2026\u2026. Tutor\u00eda Infantil 3 a\u00f1os C \u2026\u2026\u2026\u2026\u2026\u2026&#8230;&#8230;.\u2026\u2026\u2026\u2026. Tutor\u00eda Infantil 4 a\u00f1os A \u2026\u2026\u2026\u2026\u2026\u2026&#8230;&#8230;.\u2026\u2026\u2026\u2026. Tutor\u00eda Infantil 4 a\u00f1os B \u2026\u2026\u2026\u2026\u2026\u2026&#8230;&#8230;.\u2026\u2026\u2026\u2026. Tutor\u00eda Infantil 4 a\u00f1os C \u2026\u2026\u2026\u2026\u2026\u2026&#8230;&#8230;.\u2026\u2026\u2026\u2026. Tutor\u00eda Infantil 4 a\u00f1os D \u2026\u2026\u2026\u2026\u2026\u2026&#8230;&#8230;.\u2026\u2026\u2026\u2026. Tutor\u00eda Infantil 5 a\u00f1os A \u2026\u2026\u2026\u2026\u2026\u2026&#8230;&#8230;.\u2026\u2026\u2026\u2026. Tutor\u00eda Infantil 5 a\u00f1os B \u2026\u2026\u2026\u2026\u2026\u2026&#8230;&#8230;.\u2026\u2026\u2026\u2026. Tutor\u00eda Infantil 5 a\u00f1os C \u2026\u2026\u2026\u2026\u2026\u2026&#8230;&#8230;.\u2026\u2026\u2026\u2026. Tutor\u00eda Primaria 1\u00ba A\u00a0 \u2026\u2026\u2026\u2026\u2026\u2026&#8230;&#8230;.\u2026\u2026\u2026\u2026&#8230;.. Tutor\u00eda Primaria 1\u00ba B\u00a0 &#8230;.\u2026\u2026\u2026\u2026\u2026\u2026&#8230;&#8230;.\u2026\u2026\u2026\u2026. Tutor\u00eda Primaria 1\u00ba C\u00a0 &#8230;.\u2026\u2026\u2026\u2026\u2026\u2026&#8230;&#8230;.\u2026\u2026\u2026\u2026. Tutor\u00eda Primaria 2\u00ba A\u00a0 \u2026\u2026\u2026\u2026\u2026\u2026&#8230;&#8230;.\u2026\u2026\u2026\u2026&#8230;.. Tutor\u00eda Primaria 2\u00ba B\u00a0 &#8230;.\u2026\u2026\u2026\u2026\u2026\u2026&#8230;&#8230;.\u2026\u2026\u2026\u2026. Tutor\u00eda Primaria 2\u00ba C\u00a0 &#8230;.\u2026\u2026\u2026\u2026\u2026\u2026&#8230;&#8230;.\u2026\u2026\u2026\u2026. Tutor\u00eda Primaria 3\u00ba A\u00a0 \u2026\u2026\u2026\u2026\u2026\u2026&#8230;&#8230;.\u2026\u2026\u2026\u2026&#8230;.. Tutor\u00eda Primaria 3\u00ba B\u00a0 &#8230;.\u2026\u2026\u2026\u2026\u2026\u2026&#8230;&#8230;.\u2026\u2026\u2026\u2026. Tutor\u00eda Primaria 3\u00ba C\u00a0 &#8230;.\u2026\u2026\u2026\u2026\u2026\u2026&#8230;&#8230;.\u2026\u2026\u2026\u2026. Tutor\u00eda Primaria 4\u00ba A\u00a0 \u2026\u2026\u2026\u2026\u2026\u2026&#8230;&#8230;.\u2026\u2026\u2026\u2026&#8230;.. Tutor\u00eda Primaria 4\u00ba B\u00a0 &#8230;.\u2026\u2026\u2026\u2026\u2026\u2026&#8230;&#8230;.\u2026\u2026\u2026\u2026. Tutor\u00eda Primaria 4\u00ba C\u00a0 &#8230;.\u2026\u2026\u2026\u2026\u2026\u2026&#8230;&#8230;.\u2026\u2026\u2026\u2026. Tutor\u00eda Primaria 4\u00ba D\u00a0 \u2026\u2026\u2026\u2026\u2026\u2026&#8230;&#8230;.\u2026\u2026\u2026\u2026&#8230;.. Tutor\u00eda Primaria 5\u00ba A\u00a0 &#8230;.\u2026\u2026\u2026\u2026\u2026\u2026&#8230;&#8230;.\u2026\u2026\u2026\u2026. Tutor\u00eda Primaria 5\u00ba B\u00a0 &#8230;.\u2026\u2026\u2026\u2026\u2026\u2026&#8230;&#8230;.\u2026\u2026\u2026\u2026. Tutor\u00eda Primaria 5\u00ba C\u00a0 \u2026\u2026\u2026\u2026\u2026\u2026&#8230;&#8230;.\u2026\u2026\u2026\u2026&#8230;.. Tutor\u00eda Primaria 5\u00ba D\u00a0 &#8230;.\u2026\u2026\u2026\u2026\u2026\u2026&#8230;&#8230;.\u2026\u2026\u2026\u2026. Tutor\u00eda Primaria 6\u00ba A\u00a0 &#8230;.\u2026\u2026\u2026\u2026\u2026\u2026&#8230;&#8230;.\u2026\u2026\u2026\u2026. Tutor\u00eda Primaria 6\u00ba B\u00a0 &#8230;.\u2026\u2026\u2026\u2026\u2026\u2026&#8230;&#8230;.\u2026\u2026\u2026\u2026. Tutor\u00eda Primaria 6\u00ba C\u00a0 \u2026\u2026\u2026\u2026\u2026\u2026&#8230;&#8230;.\u2026\u2026\u2026\u2026&#8230;.. Tutor\u00eda Primaria&#46;&#46;&#46;<\/p>\n","protected":false},"author":3608,"featured_media":0,"parent":2433,"menu_order":2,"comment_status":"closed","ping_status":"closed","template":"","meta":{"ngg_post_thumbnail":0,"footnotes":"","_mc_calendar":[]},"aioseo_notices":[],"_links":{"self":[{"href":"https:\/\/blogsaverroes.juntadeandalucia.es\/ceipposidonia\/wp-json\/wp\/v2\/pages\/2872"}],"collection":[{"href":"https:\/\/blogsaverroes.juntadeandalucia.es\/ceipposidonia\/wp-json\/wp\/v2\/pages"}],"about":[{"href":"https:\/\/blogsaverroes.juntadeandalucia.es\/ceipposidonia\/wp-json\/wp\/v2\/types\/page"}],"author":[{"embeddable":true,"href":"https:\/\/blogsaverroes.juntadeandalucia.es\/ceipposidonia\/wp-json\/wp\/v2\/users\/3608"}],"replies":[{"embeddable":true,"href":"https:\/\/blogsaverroes.juntadeandalucia.es\/ceipposidonia\/wp-json\/wp\/v2\/comments?post=2872"}],"version-history":[{"count":3,"href":"https:\/\/blogsaverroes.juntadeandalucia.es\/ceipposidonia\/wp-json\/wp\/v2\/pages\/2872\/revisions"}],"predecessor-version":[{"id":2877,"href":"https:\/\/blogsaverroes.juntadeandalucia.es\/ceipposidonia\/wp-json\/wp\/v2\/pages\/2872\/revisions\/2877"}],"up":[{"embeddable":true,"href":"https:\/\/blogsaverroes.juntadeandalucia.es\/ceipposidonia\/wp-json\/wp\/v2\/pages\/2433"}],"wp:attachment":[{"href":"https:\/\/blogsaverroes.juntadeandalucia.es\/ceipposidonia\/wp-json\/wp\/v2\/media?parent=2872"}],"curies":[{"name":"wp","href":"https:\/\/api.w.org\/{rel}","templated":true}]}}