{"id":3061,"date":"2020-08-08T20:46:52","date_gmt":"2020-08-08T18:46:52","guid":{"rendered":"https:\/\/blogsaverroes.juntadeandalucia.es\/ceipposidonia\/?page_id=3061"},"modified":"2020-08-08T20:48:58","modified_gmt":"2020-08-08T18:48:58","slug":"4-primaria-udi2","status":"publish","type":"page","link":"https:\/\/blogsaverroes.juntadeandalucia.es\/ceipposidonia\/udis\/udis-anteriores\/udis-19-20\/4-primaria-udi2\/","title":{"rendered":"19\/20 4\u00ba PRIMARIA UDI 2"},"content":{"rendered":"\t\t<div data-elementor-type=\"wp-post\" data-elementor-id=\"3061\" class=\"elementor elementor-3061\">\n\t\t\t\t\t\t<section class=\"elementor-section elementor-top-section elementor-element elementor-element-9c3db65 elementor-section-boxed elementor-section-height-default elementor-section-height-default\" data-id=\"9c3db65\" data-element_type=\"section\">\n\t\t\t\t\t\t<div class=\"elementor-container elementor-column-gap-default\">\n\t\t\t\t\t<div class=\"elementor-column elementor-col-100 elementor-top-column elementor-element elementor-element-7b0309b\" data-id=\"7b0309b\" data-element_type=\"column\">\n\t\t\t<div class=\"elementor-widget-wrap elementor-element-populated\">\n\t\t\t\t\t\t<div class=\"elementor-element elementor-element-aa025a3 elementor-widget elementor-widget-heading\" data-id=\"aa025a3\" data-element_type=\"widget\" data-widget_type=\"heading.default\">\n\t\t\t\t<div class=\"elementor-widget-container\">\n\t\t\t\t\t<h3 class=\"elementor-heading-title elementor-size-default\">CURSO 19\/20. 4\u00ba DE PRIMARIA. UDI 2: ME CUIDO<\/h3>\t\t\t\t<\/div>\n\t\t\t\t<\/div>\n\t\t\t\t\t<\/div>\n\t\t<\/div>\n\t\t\t\t\t<\/div>\n\t\t<\/section>\n\t\t\t\t<section class=\"elementor-section elementor-top-section elementor-element elementor-element-22a429c elementor-section-boxed elementor-section-height-default elementor-section-height-default\" data-id=\"22a429c\" data-element_type=\"section\">\n\t\t\t\t\t\t<div class=\"elementor-container elementor-column-gap-default\">\n\t\t\t\t\t<div class=\"elementor-column elementor-col-100 elementor-top-column elementor-element elementor-element-3381f6d\" data-id=\"3381f6d\" data-element_type=\"column\">\n\t\t\t<div class=\"elementor-widget-wrap elementor-element-populated\">\n\t\t\t\t\t\t<div class=\"elementor-element elementor-element-9539b05 elementor-widget elementor-widget-text-editor\" data-id=\"9539b05\" data-element_type=\"widget\" data-widget_type=\"text-editor.default\">\n\t\t\t\t<div class=\"elementor-widget-container\">\n\t\t\t\t\t\t\t\t\t<p><span style=\"color: #993300;font-size: medium\">En la UDI 1, llamada \u00abMe cuido\u00bb, los chicos y chicas de 4\u00ba del CEIP Posidonia hemos trabajado la alimentaci\u00f3n y los aparatos y sistemas. Adem\u00e1s de la asignatura de Naturales, tambi\u00e9n vimos la publicidad en Sociales, la exposici\u00f3n oral y el anuncio en Lengua, o los diagramas de sectores en Matem\u00e1ticas y Pl\u00e1stica. Nos pareci\u00f3 interesante concienciar al resto del colegio para intentar un consumo saludable y cuidar el medio ambiente, as\u00ed que analizamos la basura que generamos en el recreo. Fue un poco asqueroso, pero nos dimos cuenta de la cantidad de pl\u00e1stico, papel de aluminio o fruta y otros alimentos o bebidas que tiramos enteros. \u00a1Encontramos hasta una caca de perro, que no sabemos c\u00f3mo hab\u00eda llegado all\u00ed! Recogimos toda esa informaci\u00f3n en un v\u00eddeo que esperamos que os guste.<\/span><\/p>\t\t\t\t\t\t\t\t<\/div>\n\t\t\t\t<\/div>\n\t\t\t\t\t<\/div>\n\t\t<\/div>\n\t\t\t\t\t<\/div>\n\t\t<\/section>\n\t\t\t\t<section class=\"elementor-section elementor-top-section elementor-element elementor-element-a2cd7e6 elementor-section-boxed elementor-section-height-default elementor-section-height-default\" data-id=\"a2cd7e6\" data-element_type=\"section\">\n\t\t\t\t\t\t<div class=\"elementor-container elementor-column-gap-default\">\n\t\t\t\t\t<div class=\"elementor-column elementor-col-100 elementor-top-column elementor-element elementor-element-1d83a15\" data-id=\"1d83a15\" data-element_type=\"column\">\n\t\t\t<div class=\"elementor-widget-wrap elementor-element-populated\">\n\t\t\t\t\t\t<div class=\"elementor-element elementor-element-d4e7870 elementor-widget elementor-widget-video\" data-id=\"d4e7870\" data-element_type=\"widget\" data-settings=\"{&quot;youtube_url&quot;:&quot;https:\\\/\\\/youtu.be\\\/LGr1fm1Zc0o&quot;,&quot;video_type&quot;:&quot;youtube&quot;,&quot;controls&quot;:&quot;yes&quot;}\" data-widget_type=\"video.default\">\n\t\t\t\t<div class=\"elementor-widget-container\">\n\t\t\t\t\t\t\t<div class=\"elementor-wrapper elementor-open-inline\">\n\t\t\t<div class=\"elementor-video\"><\/div>\t\t<\/div>\n\t\t\t\t\t\t<\/div>\n\t\t\t\t<\/div>\n\t\t\t\t\t<\/div>\n\t\t<\/div>\n\t\t\t\t\t<\/div>\n\t\t<\/section>\n\t\t\t\t<\/div>\n\t\t","protected":false},"excerpt":{"rendered":"<p>CURSO 19\/20. 4\u00ba DE PRIMARIA. UDI 2: ME CUIDO En la UDI 1, llamada \u00abMe cuido\u00bb, los chicos y chicas de 4\u00ba del CEIP Posidonia hemos trabajado la alimentaci\u00f3n y los aparatos y sistemas. Adem\u00e1s de la asignatura de Naturales, tambi\u00e9n vimos la publicidad en Sociales, la exposici\u00f3n oral y el anuncio en Lengua, o los diagramas de sectores en Matem\u00e1ticas y Pl\u00e1stica. Nos pareci\u00f3 interesante concienciar al resto del colegio para intentar un consumo saludable y cuidar el medio ambiente, as\u00ed que analizamos la basura que generamos en el recreo. Fue un poco asqueroso, pero nos dimos cuenta de la cantidad de pl\u00e1stico, papel de aluminio o fruta y otros alimentos o bebidas que tiramos enteros. \u00a1Encontramos hasta una caca de perro, que no sabemos c\u00f3mo hab\u00eda llegado all\u00ed! Recogimos toda esa informaci\u00f3n en un v\u00eddeo que esperamos que os guste. https:\/\/youtu.be\/LGr1fm1Zc0o<\/p>\n","protected":false},"author":3608,"featured_media":0,"parent":3003,"menu_order":4,"comment_status":"closed","ping_status":"closed","template":"","meta":{"ngg_post_thumbnail":0,"footnotes":"","_mc_calendar":[]},"aioseo_notices":[],"_links":{"self":[{"href":"https:\/\/blogsaverroes.juntadeandalucia.es\/ceipposidonia\/wp-json\/wp\/v2\/pages\/3061"}],"collection":[{"href":"https:\/\/blogsaverroes.juntadeandalucia.es\/ceipposidonia\/wp-json\/wp\/v2\/pages"}],"about":[{"href":"https:\/\/blogsaverroes.juntadeandalucia.es\/ceipposidonia\/wp-json\/wp\/v2\/types\/page"}],"author":[{"embeddable":true,"href":"https:\/\/blogsaverroes.juntadeandalucia.es\/ceipposidonia\/wp-json\/wp\/v2\/users\/3608"}],"replies":[{"embeddable":true,"href":"https:\/\/blogsaverroes.juntadeandalucia.es\/ceipposidonia\/wp-json\/wp\/v2\/comments?post=3061"}],"version-history":[{"count":2,"href":"https:\/\/blogsaverroes.juntadeandalucia.es\/ceipposidonia\/wp-json\/wp\/v2\/pages\/3061\/revisions"}],"predecessor-version":[{"id":3063,"href":"https:\/\/blogsaverroes.juntadeandalucia.es\/ceipposidonia\/wp-json\/wp\/v2\/pages\/3061\/revisions\/3063"}],"up":[{"embeddable":true,"href":"https:\/\/blogsaverroes.juntadeandalucia.es\/ceipposidonia\/wp-json\/wp\/v2\/pages\/3003"}],"wp:attachment":[{"href":"https:\/\/blogsaverroes.juntadeandalucia.es\/ceipposidonia\/wp-json\/wp\/v2\/media?parent=3061"}],"curies":[{"name":"wp","href":"https:\/\/api.w.org\/{rel}","templated":true}]}}