{"id":3083,"date":"2020-08-10T13:00:36","date_gmt":"2020-08-10T11:00:36","guid":{"rendered":"https:\/\/blogsaverroes.juntadeandalucia.es\/ceipposidonia\/?page_id=3083"},"modified":"2020-08-10T13:02:38","modified_gmt":"2020-08-10T11:02:38","slug":"inf4-udi2","status":"publish","type":"page","link":"https:\/\/blogsaverroes.juntadeandalucia.es\/ceipposidonia\/udis\/udis-anteriores\/udis-18-19\/inf4-udi2\/","title":{"rendered":"18\/19 INFANTIL 4 A\u00d1OS. UDI 2"},"content":{"rendered":"\t\t<div data-elementor-type=\"wp-post\" data-elementor-id=\"3083\" class=\"elementor elementor-3083\">\n\t\t\t\t\t\t<section class=\"elementor-section elementor-top-section elementor-element elementor-element-6319400 elementor-section-boxed elementor-section-height-default elementor-section-height-default\" data-id=\"6319400\" data-element_type=\"section\">\n\t\t\t\t\t\t<div class=\"elementor-container elementor-column-gap-default\">\n\t\t\t\t\t<div class=\"elementor-column elementor-col-100 elementor-top-column elementor-element elementor-element-4234b5c\" data-id=\"4234b5c\" data-element_type=\"column\">\n\t\t\t<div class=\"elementor-widget-wrap elementor-element-populated\">\n\t\t\t\t\t\t<div class=\"elementor-element elementor-element-d38cb3b elementor-widget elementor-widget-heading\" data-id=\"d38cb3b\" data-element_type=\"widget\" data-widget_type=\"heading.default\">\n\t\t\t\t<div class=\"elementor-widget-container\">\n\t\t\t\t\t<h3 class=\"elementor-heading-title elementor-size-default\">CURSO 2018\/19. INFANTIL 4 A\u00d1OS. UDI 2: EMERGENCIAS 112<\/h3>\t\t\t\t<\/div>\n\t\t\t\t<\/div>\n\t\t\t\t\t<\/div>\n\t\t<\/div>\n\t\t\t\t\t<\/div>\n\t\t<\/section>\n\t\t\t\t<section class=\"elementor-section elementor-top-section elementor-element elementor-element-d42bc20 elementor-section-boxed elementor-section-height-default elementor-section-height-default\" data-id=\"d42bc20\" data-element_type=\"section\">\n\t\t\t\t\t\t<div class=\"elementor-container elementor-column-gap-default\">\n\t\t\t\t\t<div class=\"elementor-column elementor-col-100 elementor-top-column elementor-element elementor-element-3b0ba09\" data-id=\"3b0ba09\" data-element_type=\"column\">\n\t\t\t<div class=\"elementor-widget-wrap elementor-element-populated\">\n\t\t\t\t\t\t<div class=\"elementor-element elementor-element-d35ff3d elementor-widget elementor-widget-text-editor\" data-id=\"d35ff3d\" data-element_type=\"widget\" data-widget_type=\"text-editor.default\">\n\t\t\t\t<div class=\"elementor-widget-container\">\n\t\t\t\t\t\t\t\t\t<p>Con la aparici\u00f3n de un malet\u00edn m\u00e9dico en las clases de 4 a\u00f1os, decidimos investigar, descubrir y aprender sobre esta tem\u00e1tica. Hemos aprendido c\u00f3mo prevenir los accidentes en casa, cu\u00e1les son los servicios de emergencia, quienes trabajan en el hospital, qu\u00e9 m\u00e1quinas se usan y c\u00f3mo nos curan.<\/p>\t\t\t\t\t\t\t\t<\/div>\n\t\t\t\t<\/div>\n\t\t\t\t\t<\/div>\n\t\t<\/div>\n\t\t\t\t\t<\/div>\n\t\t<\/section>\n\t\t\t\t<section class=\"elementor-section elementor-top-section elementor-element elementor-element-79e0807 elementor-section-boxed elementor-section-height-default elementor-section-height-default\" data-id=\"79e0807\" data-element_type=\"section\">\n\t\t\t\t\t\t<div class=\"elementor-container elementor-column-gap-default\">\n\t\t\t\t\t<div class=\"elementor-column elementor-col-100 elementor-top-column elementor-element elementor-element-2dc6914\" data-id=\"2dc6914\" data-element_type=\"column\">\n\t\t\t<div class=\"elementor-widget-wrap elementor-element-populated\">\n\t\t\t\t\t\t<div class=\"elementor-element elementor-element-abb905f elementor-widget elementor-widget-video\" data-id=\"abb905f\" data-element_type=\"widget\" data-settings=\"{&quot;youtube_url&quot;:&quot;https:\\\/\\\/youtu.be\\\/o35GLyjkyqU&quot;,&quot;video_type&quot;:&quot;youtube&quot;,&quot;controls&quot;:&quot;yes&quot;}\" data-widget_type=\"video.default\">\n\t\t\t\t<div class=\"elementor-widget-container\">\n\t\t\t\t\t\t\t<div class=\"elementor-wrapper elementor-open-inline\">\n\t\t\t<div class=\"elementor-video\"><\/div>\t\t<\/div>\n\t\t\t\t\t\t<\/div>\n\t\t\t\t<\/div>\n\t\t\t\t\t<\/div>\n\t\t<\/div>\n\t\t\t\t\t<\/div>\n\t\t<\/section>\n\t\t\t\t<\/div>\n\t\t","protected":false},"excerpt":{"rendered":"<p>CURSO 2018\/19. INFANTIL 4 A\u00d1OS. UDI 2: EMERGENCIAS 112 Con la aparici\u00f3n de un malet\u00edn m\u00e9dico en las clases de 4 a\u00f1os, decidimos investigar, descubrir y aprender sobre esta tem\u00e1tica. Hemos aprendido c\u00f3mo prevenir los accidentes en casa, cu\u00e1les son los servicios de emergencia, quienes trabajan en el hospital, qu\u00e9 m\u00e1quinas se usan y c\u00f3mo nos curan. https:\/\/youtu.be\/o35GLyjkyqU<\/p>\n","protected":false},"author":3608,"featured_media":0,"parent":3070,"menu_order":2,"comment_status":"closed","ping_status":"closed","template":"","meta":{"ngg_post_thumbnail":0,"footnotes":"","_mc_calendar":[]},"aioseo_notices":[],"_links":{"self":[{"href":"https:\/\/blogsaverroes.juntadeandalucia.es\/ceipposidonia\/wp-json\/wp\/v2\/pages\/3083"}],"collection":[{"href":"https:\/\/blogsaverroes.juntadeandalucia.es\/ceipposidonia\/wp-json\/wp\/v2\/pages"}],"about":[{"href":"https:\/\/blogsaverroes.juntadeandalucia.es\/ceipposidonia\/wp-json\/wp\/v2\/types\/page"}],"author":[{"embeddable":true,"href":"https:\/\/blogsaverroes.juntadeandalucia.es\/ceipposidonia\/wp-json\/wp\/v2\/users\/3608"}],"replies":[{"embeddable":true,"href":"https:\/\/blogsaverroes.juntadeandalucia.es\/ceipposidonia\/wp-json\/wp\/v2\/comments?post=3083"}],"version-history":[{"count":2,"href":"https:\/\/blogsaverroes.juntadeandalucia.es\/ceipposidonia\/wp-json\/wp\/v2\/pages\/3083\/revisions"}],"predecessor-version":[{"id":3085,"href":"https:\/\/blogsaverroes.juntadeandalucia.es\/ceipposidonia\/wp-json\/wp\/v2\/pages\/3083\/revisions\/3085"}],"up":[{"embeddable":true,"href":"https:\/\/blogsaverroes.juntadeandalucia.es\/ceipposidonia\/wp-json\/wp\/v2\/pages\/3070"}],"wp:attachment":[{"href":"https:\/\/blogsaverroes.juntadeandalucia.es\/ceipposidonia\/wp-json\/wp\/v2\/media?parent=3083"}],"curies":[{"name":"wp","href":"https:\/\/api.w.org\/{rel}","templated":true}]}}