{"id":3261,"date":"2020-08-28T14:27:38","date_gmt":"2020-08-28T12:27:38","guid":{"rendered":"https:\/\/blogsaverroes.juntadeandalucia.es\/ceipposidonia\/?page_id=3261"},"modified":"2020-08-31T13:15:46","modified_gmt":"2020-08-31T11:15:46","slug":"clave-ipasen","status":"publish","type":"page","link":"https:\/\/blogsaverroes.juntadeandalucia.es\/ceipposidonia\/tramites\/clave-ipasen\/","title":{"rendered":"SOLICITAR CLAVE iPASEN"},"content":{"rendered":"\t\t<div data-elementor-type=\"wp-post\" data-elementor-id=\"3261\" class=\"elementor elementor-3261\">\n\t\t\t\t\t\t<section class=\"elementor-section elementor-top-section elementor-element elementor-element-11d35b17 elementor-section-boxed elementor-section-height-default elementor-section-height-default\" data-id=\"11d35b17\" data-element_type=\"section\">\n\t\t\t\t\t\t<div class=\"elementor-container elementor-column-gap-default\">\n\t\t\t\t\t<div class=\"elementor-column elementor-col-100 elementor-top-column elementor-element elementor-element-3eb770dc\" data-id=\"3eb770dc\" data-element_type=\"column\">\n\t\t\t<div class=\"elementor-widget-wrap elementor-element-populated\">\n\t\t\t\t\t\t<div class=\"elementor-element elementor-element-259dc72c elementor-widget elementor-widget-heading\" data-id=\"259dc72c\" data-element_type=\"widget\" data-widget_type=\"heading.default\">\n\t\t\t\t<div class=\"elementor-widget-container\">\n\t\t\t\t\t<h3 class=\"elementor-heading-title elementor-size-default\">APLICACI\u00d3N iPASEN<\/h3>\t\t\t\t<\/div>\n\t\t\t\t<\/div>\n\t\t\t\t<div class=\"elementor-element elementor-element-d65a8af elementor-widget elementor-widget-text-editor\" data-id=\"d65a8af\" data-element_type=\"widget\" data-widget_type=\"text-editor.default\">\n\t\t\t\t<div class=\"elementor-widget-container\">\n\t\t\t\t\t\t\t\t\t<p><span style=\"color: #000000\">iPasen, es la versi\u00f3n para Android o IOS de PASEN, la aplicaci\u00f3n de acceso al seguimiento educativo de los alumnos y alumnas andaluces. <\/span><br \/><span style=\"color: #000000\">Con iPasen, los padres, madres y tutores\/as legales pueden hacer un seguimiento de las calificaciones, las faltas del alumnado, comunicarse con el tutor, recibir informaci\u00f3n del centro, autorizar salidas y excursiones, etc..<\/span><\/p><div><span style=\"color: #000000\">Para instalar la aplicaci\u00f3n es necesario descargar la App desde <a href=\"https:\/\/play.google.com\/store\/apps\/details?id=juntadeandalucia.ced.pasen&amp;hl=es\" target=\"_blank\" rel=\"nofollow noopener\">Google Play Store<\/a> o <a href=\"https:\/\/apps.apple.com\/es\/app\/ipasen\/id511127024\" target=\"_blank\" rel=\"nofollow noopener\">APP Store<\/a> seg\u00fan su dispositivo. Compruebe en los ajustes tener activadas las notificaciones.<br \/><\/span><\/div>\t\t\t\t\t\t\t\t<\/div>\n\t\t\t\t<\/div>\n\t\t\t\t<div class=\"elementor-element elementor-element-0fd221d elementor-widget elementor-widget-spacer\" data-id=\"0fd221d\" data-element_type=\"widget\" data-widget_type=\"spacer.default\">\n\t\t\t\t<div class=\"elementor-widget-container\">\n\t\t\t\t\t\t\t<div class=\"elementor-spacer\">\n\t\t\t<div class=\"elementor-spacer-inner\"><\/div>\n\t\t<\/div>\n\t\t\t\t\t\t<\/div>\n\t\t\t\t<\/div>\n\t\t\t\t<div class=\"elementor-element elementor-element-978238f elementor-widget elementor-widget-text-editor\" data-id=\"978238f\" data-element_type=\"widget\" data-widget_type=\"text-editor.default\">\n\t\t\t\t<div class=\"elementor-widget-container\">\n\t\t\t\t\t\t\t\t\t<p style=\"text-align: center\"><strong><span style=\"text-decoration: underline\"><span style=\"color: #000000;text-decoration: underline\">Madres\/Padres o Tutores legales de alumnado nuevo en el centro:<\/span><\/span><\/strong><\/p><p class=\"yiv1069282516gmail-western\"><span style=\"color: #000000\">Pueden generarse credencial pulsando en <b>\u201cNo estoy registrado\u201d<\/b> y completando los datos que les soliciten. Tal y como aparece en el siguiente videotutorial sobre autologin:<\/span><\/p><p class=\"yiv1069282516gmail-western\"><a href=\"https:\/\/www.youtube.com\/watch?v=bjQmLlB_v14\" target=\"_blank\" rel=\"nofollow noopener\">https:\/\/www.youtube.com\/watch?v=bjQmLlB_v14<\/a><\/p><p class=\"yiv1069282516gmail-western\" align=\"center\"><span style=\"color: #000000\"><u><b>Ya ten\u00eda acceso a iPasen pero NO recuerdo el usuario o contrase\u00f1a<\/b><\/u><\/span><\/p><p class=\"yiv1069282516gmail-western\" style=\"text-align: left\" align=\"center\"><span style=\"color: #000000\">En este caso, se puede recuperar contrase\u00f1a pulsando en \u201c<b>\u00bfolvid\u00f3 contrase\u00f1a?\u201d<\/b><\/span><\/p><p class=\"yiv1069282516gmail-western\" style=\"text-align: left\" align=\"left\"><span style=\"color: #000000\">Nos pedir\u00e1 el usuario IdEA. En la mayor\u00eda de los casos, el usuario se forma con:<\/span><\/p><p class=\"yiv1069282516gmail-western\" style=\"text-align: left\" align=\"left\"><span style=\"color: #000000\">&#8211; Primera letra del nombre<\/span><\/p><p class=\"yiv1069282516gmail-western\" style=\"text-align: left\" align=\"left\"><span style=\"color: #000000\">&#8211; Tres primeras letras del primer apellido<\/span><\/p><p class=\"yiv1069282516gmail-western\" style=\"text-align: left\" align=\"left\"><span style=\"color: #000000\">&#8211; Tres primeras letras del segundo apellido<\/span><\/p><p class=\"yiv1069282516gmail-western\" style=\"text-align: left\" align=\"left\"><span style=\"color: #000000\">&#8211; 3 \u00faltimos n\u00fameros del DNI<\/span><\/p>\t\t\t\t\t\t\t\t<\/div>\n\t\t\t\t<\/div>\n\t\t\t\t<div class=\"elementor-element elementor-element-34f94ca3 elementor-widget elementor-widget-text-editor\" data-id=\"34f94ca3\" data-element_type=\"widget\" data-widget_type=\"text-editor.default\">\n\t\t\t\t<div class=\"elementor-widget-container\">\n\t\t\t\t\t\t\t\t\t<p>Si eres madre\/padre o tutor\/a legal de un alumno o alumna del CEIP Posidonia y no puedes recuperar contrase\u00f1a, puedes solicitar tu clave de la aplicaci\u00f3n iPasen a trav\u00e9s de nuestro correo electr\u00f3nico:<\/p><p><a href=\"mailto:04009381.edu@juntadeandalucia.es\" target=\"_blank\" rel=\"nofollow noopener\">04009381.edu@juntadeandalucia.es<\/a><\/p><p>Indica el curso y el nombre y apellidos del alumno o alumna, as\u00ed como el nombre completo del padre\/madre o tutor\/a legal y su DNI<\/p>\t\t\t\t\t\t\t\t<\/div>\n\t\t\t\t<\/div>\n\t\t\t\t<div class=\"elementor-element elementor-element-4e767e3e elementor-widget elementor-widget-image\" data-id=\"4e767e3e\" data-element_type=\"widget\" data-widget_type=\"image.default\">\n\t\t\t\t<div class=\"elementor-widget-container\">\n\t\t\t\t\t\t\t\t\t\t\t\t\t\t\t<img decoding=\"async\" width=\"150\" height=\"66\" src=\"https:\/\/blogsaverroes.juntadeandalucia.es\/ceipposidonia\/files\/2020\/06\/logo-cole-sin-fondo-e1592417035740.png\" class=\"attachment-full size-full wp-image-2272\" alt=\"logocole\" srcset=\"https:\/\/blogsaverroes.juntadeandalucia.es\/ceipposidonia\/files\/2020\/06\/logo-cole-sin-fondo-e1592417035740.png 150w, https:\/\/blogsaverroes.juntadeandalucia.es\/ceipposidonia\/files\/2020\/06\/logo-cole-sin-fondo-e1592417035740-24x11.png 24w, https:\/\/blogsaverroes.juntadeandalucia.es\/ceipposidonia\/files\/2020\/06\/logo-cole-sin-fondo-e1592417035740-36x16.png 36w, https:\/\/blogsaverroes.juntadeandalucia.es\/ceipposidonia\/files\/2020\/06\/logo-cole-sin-fondo-e1592417035740-48x21.png 48w\" sizes=\"(max-width: 150px) 100vw, 150px\" \/>\t\t\t\t\t\t\t\t\t\t\t\t\t\t\t<\/div>\n\t\t\t\t<\/div>\n\t\t\t\t\t<\/div>\n\t\t<\/div>\n\t\t\t\t\t<\/div>\n\t\t<\/section>\n\t\t\t\t<\/div>\n\t\t","protected":false},"excerpt":{"rendered":"<p>APLICACI\u00d3N iPASEN iPasen, es la versi\u00f3n para Android o IOS de PASEN, la aplicaci\u00f3n de acceso al seguimiento educativo de los alumnos y alumnas andaluces. Con iPasen, los padres, madres y tutores\/as legales pueden hacer un seguimiento de las calificaciones, las faltas del alumnado, comunicarse con el tutor, recibir informaci\u00f3n del centro, autorizar salidas y excursiones, etc.. Para instalar la aplicaci\u00f3n es necesario descargar la App desde Google Play Store o APP Store seg\u00fan su dispositivo. Compruebe en los ajustes tener activadas las notificaciones. Madres\/Padres o Tutores legales de alumnado nuevo en el centro: Pueden generarse credencial pulsando en \u201cNo estoy registrado\u201d y completando los datos que les soliciten. Tal y como aparece en el siguiente videotutorial sobre autologin: https:\/\/www.youtube.com\/watch?v=bjQmLlB_v14 Ya ten\u00eda acceso a iPasen pero NO recuerdo el usuario o contrase\u00f1a En este caso, se puede recuperar contrase\u00f1a pulsando en \u201c\u00bfolvid\u00f3 contrase\u00f1a?\u201d Nos pedir\u00e1 el usuario IdEA. En la mayor\u00eda de los casos, el usuario se forma con: &#8211; Primera letra del nombre &#8211; Tres primeras letras del primer apellido &#8211; Tres primeras letras del segundo apellido &#8211; 3 \u00faltimos n\u00fameros del DNI Si eres madre\/padre o tutor\/a legal de un alumno o alumna del CEIP Posidonia y no&#46;&#46;&#46;<\/p>\n","protected":false},"author":3608,"featured_media":0,"parent":2596,"menu_order":1,"comment_status":"closed","ping_status":"closed","template":"","meta":{"ngg_post_thumbnail":0,"footnotes":"","_mc_calendar":[]},"aioseo_notices":[],"_links":{"self":[{"href":"https:\/\/blogsaverroes.juntadeandalucia.es\/ceipposidonia\/wp-json\/wp\/v2\/pages\/3261"}],"collection":[{"href":"https:\/\/blogsaverroes.juntadeandalucia.es\/ceipposidonia\/wp-json\/wp\/v2\/pages"}],"about":[{"href":"https:\/\/blogsaverroes.juntadeandalucia.es\/ceipposidonia\/wp-json\/wp\/v2\/types\/page"}],"author":[{"embeddable":true,"href":"https:\/\/blogsaverroes.juntadeandalucia.es\/ceipposidonia\/wp-json\/wp\/v2\/users\/3608"}],"replies":[{"embeddable":true,"href":"https:\/\/blogsaverroes.juntadeandalucia.es\/ceipposidonia\/wp-json\/wp\/v2\/comments?post=3261"}],"version-history":[{"count":3,"href":"https:\/\/blogsaverroes.juntadeandalucia.es\/ceipposidonia\/wp-json\/wp\/v2\/pages\/3261\/revisions"}],"predecessor-version":[{"id":3349,"href":"https:\/\/blogsaverroes.juntadeandalucia.es\/ceipposidonia\/wp-json\/wp\/v2\/pages\/3261\/revisions\/3349"}],"up":[{"embeddable":true,"href":"https:\/\/blogsaverroes.juntadeandalucia.es\/ceipposidonia\/wp-json\/wp\/v2\/pages\/2596"}],"wp:attachment":[{"href":"https:\/\/blogsaverroes.juntadeandalucia.es\/ceipposidonia\/wp-json\/wp\/v2\/media?parent=3261"}],"curies":[{"name":"wp","href":"https:\/\/api.w.org\/{rel}","templated":true}]}}