{"id":3270,"date":"2020-08-28T18:26:42","date_gmt":"2020-08-28T16:26:42","guid":{"rendered":"https:\/\/blogsaverroes.juntadeandalucia.es\/ceipposidonia\/?page_id=3270"},"modified":"2020-08-28T19:01:46","modified_gmt":"2020-08-28T17:01:46","slug":"expone-solicita","status":"publish","type":"page","link":"https:\/\/blogsaverroes.juntadeandalucia.es\/ceipposidonia\/tramites\/expone-solicita\/","title":{"rendered":"Expone-Solicita"},"content":{"rendered":"\t\t<div data-elementor-type=\"wp-post\" data-elementor-id=\"3270\" class=\"elementor elementor-3270\">\n\t\t\t\t\t\t<section class=\"elementor-section elementor-top-section elementor-element elementor-element-4255786 elementor-section-boxed elementor-section-height-default elementor-section-height-default\" data-id=\"4255786\" data-element_type=\"section\">\n\t\t\t\t\t\t<div class=\"elementor-container elementor-column-gap-default\">\n\t\t\t\t\t<div class=\"elementor-column elementor-col-100 elementor-top-column elementor-element elementor-element-e08d53a\" data-id=\"e08d53a\" data-element_type=\"column\">\n\t\t\t<div class=\"elementor-widget-wrap elementor-element-populated\">\n\t\t\t\t\t\t<div class=\"elementor-element elementor-element-67797c0 elementor-widget elementor-widget-heading\" data-id=\"67797c0\" data-element_type=\"widget\" data-widget_type=\"heading.default\">\n\t\t\t\t<div class=\"elementor-widget-container\">\n\t\t\t\t\t<h2 class=\"elementor-heading-title elementor-size-default\">PRESENTACI\u00d3N ELECTR\u00d3NICA GENERAL<\/h2>\t\t\t\t<\/div>\n\t\t\t\t<\/div>\n\t\t\t\t\t<\/div>\n\t\t<\/div>\n\t\t\t\t\t<\/div>\n\t\t<\/section>\n\t\t\t\t<section class=\"elementor-section elementor-top-section elementor-element elementor-element-0847d6c elementor-section-boxed elementor-section-height-default elementor-section-height-default\" data-id=\"0847d6c\" data-element_type=\"section\">\n\t\t\t\t\t\t<div class=\"elementor-container elementor-column-gap-default\">\n\t\t\t\t\t<div class=\"elementor-column elementor-col-100 elementor-top-column elementor-element elementor-element-ad9a85c\" data-id=\"ad9a85c\" data-element_type=\"column\">\n\t\t\t<div class=\"elementor-widget-wrap elementor-element-populated\">\n\t\t\t\t\t\t<div class=\"elementor-element elementor-element-788fa52 elementor-widget elementor-widget-text-editor\" data-id=\"788fa52\" data-element_type=\"widget\" data-widget_type=\"text-editor.default\">\n\t\t\t\t<div class=\"elementor-widget-container\">\n\t\t\t\t\t\t\t\t\t<p>Se accede a trav\u00e9s de la p\u00e1gina web de la <span style=\"text-decoration: underline;color: #008000\"><a style=\"color: #008000;text-decoration: underline\" href=\"https:\/\/www.juntadeandalucia.es\/educacion\/secretariavirtual\/accesoTramite\/462\/\">Secretar\u00eda Virtual de la Junta de Andaluc\u00eda (pincha aqu\u00ed).<\/a><\/span><\/p><p><a href=\"https:\/\/www.juntadeandalucia.es\/educacion\/secretariavirtual\/accesoTramite\/462\/\"><img decoding=\"async\" class=\"wp-image-3273 alignleft\" src=\"https:\/\/blogsaverroes.juntadeandalucia.es\/ceipposidonia\/files\/2020\/08\/acceso-tramite-e1598633208575-300x185.png\" alt=\"\" width=\"185\" height=\"114\" srcset=\"https:\/\/blogsaverroes.juntadeandalucia.es\/ceipposidonia\/files\/2020\/08\/acceso-tramite-e1598633208575-300x185.png 300w, https:\/\/blogsaverroes.juntadeandalucia.es\/ceipposidonia\/files\/2020\/08\/acceso-tramite-e1598633208575-768x472.png 768w, https:\/\/blogsaverroes.juntadeandalucia.es\/ceipposidonia\/files\/2020\/08\/acceso-tramite-e1598633208575-24x15.png 24w, https:\/\/blogsaverroes.juntadeandalucia.es\/ceipposidonia\/files\/2020\/08\/acceso-tramite-e1598633208575-36x22.png 36w, https:\/\/blogsaverroes.juntadeandalucia.es\/ceipposidonia\/files\/2020\/08\/acceso-tramite-e1598633208575-48x30.png 48w, https:\/\/blogsaverroes.juntadeandalucia.es\/ceipposidonia\/files\/2020\/08\/acceso-tramite-e1598633208575.png 920w\" sizes=\"(max-width: 185px) 100vw, 185px\" \/><\/a><\/p><p>Se puede acceder con:<\/p><p style=\"padding-left: 40px\">&#8211; Certificado Digital<br \/>&#8211; Autenticaci\u00f3n \u2013 Idea (usuario y contrase\u00f1a de Pasen)<br \/>&#8211; Autenticaci\u00f3n Cl@ve<\/p><p>Tras comprobar tus datos de contacto (recuerda rellenar todas las casillas con un asterisco rojo), aparecer\u00e1 un buscador de centros (Denominaci\u00f3n: CEIP Posidonia). Pulse en la lupa y seleccione el centro.<\/p><p>A continuaci\u00f3n, cumplimentar el apartado de \u201cExpone\u201d y \u201cSolicita\u201d. El remitente puede ser: alumnado, familia de alumnado, persona f\u00edsica u otros.<br \/>Se puede subir un archivo de m\u00e1ximo 10 MB. Recomendamos un archivo PDF. (APPs m\u00f3viles gratuitas como CamScanner convierten foto en PDF)<\/p><p><span style=\"text-decoration: underline;color: #ff0000\"><strong>Importante:<\/strong><\/span> para que nos llegue correctamente se debe <span style=\"text-decoration: underline\"><strong>Firmar y presentar<\/strong><\/span> la solicitud mediante confirmaci\u00f3n por SMS.<\/p><p>Ante cualquier problema no dude en ponerse en contacto con la Secretar\u00eda del centro en el tel\u00e9fono: <strong>600 149 011<\/strong><\/p>\t\t\t\t\t\t\t\t<\/div>\n\t\t\t\t<\/div>\n\t\t\t\t\t<\/div>\n\t\t<\/div>\n\t\t\t\t\t<\/div>\n\t\t<\/section>\n\t\t\t\t<section class=\"elementor-section elementor-top-section elementor-element elementor-element-7ebe3e2 elementor-section-boxed elementor-section-height-default elementor-section-height-default\" data-id=\"7ebe3e2\" data-element_type=\"section\">\n\t\t\t\t\t\t<div class=\"elementor-container elementor-column-gap-default\">\n\t\t\t\t\t<div class=\"elementor-column elementor-col-100 elementor-top-column elementor-element elementor-element-0a19db4\" data-id=\"0a19db4\" data-element_type=\"column\">\n\t\t\t<div class=\"elementor-widget-wrap elementor-element-populated\">\n\t\t\t\t\t\t<div class=\"elementor-element elementor-element-d2fbb11 elementor-widget elementor-widget-image\" data-id=\"d2fbb11\" data-element_type=\"widget\" data-widget_type=\"image.default\">\n\t\t\t\t<div class=\"elementor-widget-container\">\n\t\t\t\t\t\t\t\t\t\t\t\t\t\t\t<img decoding=\"async\" width=\"267\" height=\"117\" src=\"https:\/\/blogsaverroes.juntadeandalucia.es\/ceipposidonia\/files\/2020\/06\/logo-cole-sin-fondo-1.png\" class=\"attachment-large size-large wp-image-2708\" alt=\"\" srcset=\"https:\/\/blogsaverroes.juntadeandalucia.es\/ceipposidonia\/files\/2020\/06\/logo-cole-sin-fondo-1.png 267w, https:\/\/blogsaverroes.juntadeandalucia.es\/ceipposidonia\/files\/2020\/06\/logo-cole-sin-fondo-1-24x11.png 24w, https:\/\/blogsaverroes.juntadeandalucia.es\/ceipposidonia\/files\/2020\/06\/logo-cole-sin-fondo-1-36x16.png 36w, https:\/\/blogsaverroes.juntadeandalucia.es\/ceipposidonia\/files\/2020\/06\/logo-cole-sin-fondo-1-48x21.png 48w\" sizes=\"(max-width: 267px) 100vw, 267px\" \/>\t\t\t\t\t\t\t\t\t\t\t\t\t\t\t<\/div>\n\t\t\t\t<\/div>\n\t\t\t\t\t<\/div>\n\t\t<\/div>\n\t\t\t\t\t<\/div>\n\t\t<\/section>\n\t\t\t\t<\/div>\n\t\t","protected":false},"excerpt":{"rendered":"<p>PRESENTACI\u00d3N ELECTR\u00d3NICA GENERAL Se accede a trav\u00e9s de la p\u00e1gina web de la Secretar\u00eda Virtual de la Junta de Andaluc\u00eda (pincha aqu\u00ed). Se puede acceder con: &#8211; Certificado Digital&#8211; Autenticaci\u00f3n \u2013 Idea (usuario y contrase\u00f1a de Pasen)&#8211; Autenticaci\u00f3n Cl@ve Tras comprobar tus datos de contacto (recuerda rellenar todas las casillas con un asterisco rojo), aparecer\u00e1 un buscador de centros (Denominaci\u00f3n: CEIP Posidonia). Pulse en la lupa y seleccione el centro. A continuaci\u00f3n, cumplimentar el apartado de \u201cExpone\u201d y \u201cSolicita\u201d. El remitente puede ser: alumnado, familia de alumnado, persona f\u00edsica u otros.Se puede subir un archivo de m\u00e1ximo 10 MB. Recomendamos un archivo PDF. (APPs m\u00f3viles gratuitas como CamScanner convierten foto en PDF) Importante: para que nos llegue correctamente se debe Firmar y presentar la solicitud mediante confirmaci\u00f3n por SMS. Ante cualquier problema no dude en ponerse en contacto con la Secretar\u00eda del centro en el tel\u00e9fono: 600 149 011<\/p>\n","protected":false},"author":3608,"featured_media":0,"parent":2596,"menu_order":2,"comment_status":"closed","ping_status":"closed","template":"","meta":{"ngg_post_thumbnail":0,"footnotes":"","_mc_calendar":[]},"aioseo_notices":[],"_links":{"self":[{"href":"https:\/\/blogsaverroes.juntadeandalucia.es\/ceipposidonia\/wp-json\/wp\/v2\/pages\/3270"}],"collection":[{"href":"https:\/\/blogsaverroes.juntadeandalucia.es\/ceipposidonia\/wp-json\/wp\/v2\/pages"}],"about":[{"href":"https:\/\/blogsaverroes.juntadeandalucia.es\/ceipposidonia\/wp-json\/wp\/v2\/types\/page"}],"author":[{"embeddable":true,"href":"https:\/\/blogsaverroes.juntadeandalucia.es\/ceipposidonia\/wp-json\/wp\/v2\/users\/3608"}],"replies":[{"embeddable":true,"href":"https:\/\/blogsaverroes.juntadeandalucia.es\/ceipposidonia\/wp-json\/wp\/v2\/comments?post=3270"}],"version-history":[{"count":4,"href":"https:\/\/blogsaverroes.juntadeandalucia.es\/ceipposidonia\/wp-json\/wp\/v2\/pages\/3270\/revisions"}],"predecessor-version":[{"id":3277,"href":"https:\/\/blogsaverroes.juntadeandalucia.es\/ceipposidonia\/wp-json\/wp\/v2\/pages\/3270\/revisions\/3277"}],"up":[{"embeddable":true,"href":"https:\/\/blogsaverroes.juntadeandalucia.es\/ceipposidonia\/wp-json\/wp\/v2\/pages\/2596"}],"wp:attachment":[{"href":"https:\/\/blogsaverroes.juntadeandalucia.es\/ceipposidonia\/wp-json\/wp\/v2\/media?parent=3270"}],"curies":[{"name":"wp","href":"https:\/\/api.w.org\/{rel}","templated":true}]}}