{"id":3285,"date":"2020-08-28T19:19:33","date_gmt":"2020-08-28T17:19:33","guid":{"rendered":"https:\/\/blogsaverroes.juntadeandalucia.es\/ceipposidonia\/?page_id=3285"},"modified":"2020-08-28T19:39:26","modified_gmt":"2020-08-28T17:39:26","slug":"udi-fisioterapia","status":"publish","type":"page","link":"https:\/\/blogsaverroes.juntadeandalucia.es\/ceipposidonia\/udis\/udis-anteriores\/primeras-udis\/udi-fisioterapia\/","title":{"rendered":"UDI CL\u00cdNICA DE FISIOTERAPIA"},"content":{"rendered":"\t\t<div data-elementor-type=\"wp-post\" data-elementor-id=\"3285\" class=\"elementor elementor-3285\">\n\t\t\t\t\t\t<section class=\"elementor-section elementor-top-section elementor-element elementor-element-40ce4ef3 elementor-section-boxed elementor-section-height-default elementor-section-height-default\" data-id=\"40ce4ef3\" data-element_type=\"section\">\n\t\t\t\t\t\t<div class=\"elementor-container elementor-column-gap-default\">\n\t\t\t\t\t<div class=\"elementor-column elementor-col-100 elementor-top-column elementor-element elementor-element-38d4927b\" data-id=\"38d4927b\" data-element_type=\"column\">\n\t\t\t<div class=\"elementor-widget-wrap elementor-element-populated\">\n\t\t\t\t\t\t<div class=\"elementor-element elementor-element-16a1456f elementor-widget elementor-widget-heading\" data-id=\"16a1456f\" data-element_type=\"widget\" data-widget_type=\"heading.default\">\n\t\t\t\t<div class=\"elementor-widget-container\">\n\t\t\t\t\t<h2 class=\"elementor-heading-title elementor-size-default\">UDI: CL\u00cdNICA DE FISIOTERAPIA POSIDONIA<\/h2>\t\t\t\t<\/div>\n\t\t\t\t<\/div>\n\t\t\t\t<div class=\"elementor-element elementor-element-3b00dbfc elementor-widget elementor-widget-text-editor\" data-id=\"3b00dbfc\" data-element_type=\"widget\" data-widget_type=\"text-editor.default\">\n\t\t\t\t<div class=\"elementor-widget-container\">\n\t\t\t\t\t\t\t\t\t<div class=\"paragraph\"><strong><span style=\"font-size: medium\"><span style=\"font-size: small\"><span style=\"font-size: large\">\u00bfPOR QU\u00c9 SE PLANTEA ESTA UNIDAD DID\u00c1CTICA INTEGRADA? <\/span><\/span><\/span><\/strong><\/div><div class=\"paragraph\"><p>El planteamiento de esta UDI queda justificado dado que se elabora teniendo presentes dos de los <strong>objetivos generales del \u00e1rea de Educaci\u00f3n F\u00edsica <\/strong><em>(Orden 17 de marzo de 2015)<\/em>, por un lado, el conocimiento del propio cuerpo y de sus posibilidades motrices, ampliando este conocimiento al cuerpo de los dem\u00e1s y, por otro lado, la adquisici\u00f3n de h\u00e1bitos de ejercicio f\u00edsico y h\u00e1bitos posturales para adoptar una actitud cr\u00edtica ante pr\u00e1cticas perjudiciales para la salud.<\/p><p>Resulta obvio que los elementos curriculares de esta UDI, es decir, los objetivos, contenidos, criterios de evaluaci\u00f3n, indicadores y competencias clave, as\u00ed como, la metodolog\u00eda utilizada, depender\u00e1n del grupo de alumnos con el que se plantee (1\u00ba, 2\u00ba o 3er nivel de Ed. Primaria). Del mismo modo, no todos los grupos realizar\u00e1n todas las tareas que se exponen a continuaci\u00f3n, aunque si tomar\u00e1n parte en su desarrollo o participar\u00e1n como agentes externos.<\/p><p>El planteamiento de la misma pretende despertar el inter\u00e9s del alumnado hacia el conocimiento del cuerpo y los h\u00e1bitos posturales creando, para ello, un curso de formaci\u00f3n hasta convertirse en fisioterapeutas profesionales, cuyo fin \u00faltimo es la apertura de una cl\u00ednica de masajes relajantes para el resto del alumnado del centro.<\/p><p>La formaci\u00f3n de los alumnos hasta llegar a la apertura de la cl\u00ednica tendr\u00e1 un <strong>car\u00e1cter l\u00fadico<\/strong>, a trav\u00e9s de juegos y actividades. Adem\u00e1s, el <strong>trabajo en equipo, el compa\u00f1erismo y la cooperaci\u00f3n<\/strong> son la base para apertura de una cl\u00ednica en la que todos adquieren el t\u00edtulo de \u201csocios\u201d.<\/p><\/div><p class=\"wsite-content-title\" style=\"text-align: center\"><span style=\"color: #000000\"><strong><span style=\"font-size: medium\"><span style=\"font-size: x-large\"><span style=\"font-size: large\">\u00bfC\u00d3MO SE DESARROLLA ESTA UDI?<br \/><\/span><\/span><\/span><\/strong><\/span><\/p><div class=\"paragraph\"><p><strong><span style=\"font-size: large\">TAREA 1: CURSO DE FORMACI\u00d3N DE FISIOTERAPEUTAS <\/span><\/strong><\/p><p>Esta tarea se realiza con los tres niveles (1\u00ba, 2\u00ba, y 3\u00ba). Se busca que los alumnos se conviertan en fisioterapeutas \u201cprofesionales\u201d y, como ocurre en la formaci\u00f3n adulta, para llegar a ser fisioterapeutas tendr\u00e1n que realizar un curso de formaci\u00f3n \u201cuna carrera\u201d con la que adquirir los conocimientos necesarios sobre las partes del cuerpo, t\u00e9cnicas de masaje, an\u00e1lisis de fichas sobre los pacientes, razones por las que se acude al fisioterapeuta (accidentes en la clase de educaci\u00f3n f\u00edsica), t\u00e9cnicas de relajaci\u00f3n\u2026<\/p><\/div><div class=\"paragraph\"><p>Se plantean, para ello, una serie de <strong>ACTIVIDADES<\/strong> a trav\u00e9s de juegos.<\/p><p><strong>Actividad 1<\/strong>: Conocer las partes del cuerpo, principales articulaciones y m\u00fasculos, y reconocer dichas partes en el cuerpo de los compa\u00f1eros.\u00a0<\/p><p><img fetchpriority=\"high\" decoding=\"async\" class=\"size-medium wp-image-3288 alignleft\" src=\"https:\/\/blogsaverroes.juntadeandalucia.es\/ceipposidonia\/files\/2020\/08\/2923601_orig-300x169.jpg\" alt=\"\" width=\"300\" height=\"169\" srcset=\"https:\/\/blogsaverroes.juntadeandalucia.es\/ceipposidonia\/files\/2020\/08\/2923601_orig-300x169.jpg 300w, https:\/\/blogsaverroes.juntadeandalucia.es\/ceipposidonia\/files\/2020\/08\/2923601_orig-768x431.jpg 768w, https:\/\/blogsaverroes.juntadeandalucia.es\/ceipposidonia\/files\/2020\/08\/2923601_orig-1024x575.jpg 1024w, https:\/\/blogsaverroes.juntadeandalucia.es\/ceipposidonia\/files\/2020\/08\/2923601_orig-24x13.jpg 24w, https:\/\/blogsaverroes.juntadeandalucia.es\/ceipposidonia\/files\/2020\/08\/2923601_orig-36x20.jpg 36w, https:\/\/blogsaverroes.juntadeandalucia.es\/ceipposidonia\/files\/2020\/08\/2923601_orig-48x27.jpg 48w, https:\/\/blogsaverroes.juntadeandalucia.es\/ceipposidonia\/files\/2020\/08\/2923601_orig.jpg 1100w\" sizes=\"(max-width: 300px) 100vw, 300px\" \/> <img decoding=\"async\" class=\"size-medium wp-image-3289 alignleft\" src=\"https:\/\/blogsaverroes.juntadeandalucia.es\/ceipposidonia\/files\/2020\/08\/5413917_orig-300x169.jpg\" alt=\"\" width=\"300\" height=\"169\" srcset=\"https:\/\/blogsaverroes.juntadeandalucia.es\/ceipposidonia\/files\/2020\/08\/5413917_orig-300x169.jpg 300w, https:\/\/blogsaverroes.juntadeandalucia.es\/ceipposidonia\/files\/2020\/08\/5413917_orig-768x431.jpg 768w, https:\/\/blogsaverroes.juntadeandalucia.es\/ceipposidonia\/files\/2020\/08\/5413917_orig-1024x575.jpg 1024w, https:\/\/blogsaverroes.juntadeandalucia.es\/ceipposidonia\/files\/2020\/08\/5413917_orig-24x13.jpg 24w, https:\/\/blogsaverroes.juntadeandalucia.es\/ceipposidonia\/files\/2020\/08\/5413917_orig-36x20.jpg 36w, https:\/\/blogsaverroes.juntadeandalucia.es\/ceipposidonia\/files\/2020\/08\/5413917_orig-48x27.jpg 48w, https:\/\/blogsaverroes.juntadeandalucia.es\/ceipposidonia\/files\/2020\/08\/5413917_orig.jpg 1100w\" sizes=\"(max-width: 300px) 100vw, 300px\" \/> <img decoding=\"async\" class=\"size-medium wp-image-3290 alignleft\" src=\"https:\/\/blogsaverroes.juntadeandalucia.es\/ceipposidonia\/files\/2020\/08\/6422825_orig-300x169.jpg\" alt=\"\" width=\"300\" height=\"169\" srcset=\"https:\/\/blogsaverroes.juntadeandalucia.es\/ceipposidonia\/files\/2020\/08\/6422825_orig-300x169.jpg 300w, https:\/\/blogsaverroes.juntadeandalucia.es\/ceipposidonia\/files\/2020\/08\/6422825_orig-768x431.jpg 768w, https:\/\/blogsaverroes.juntadeandalucia.es\/ceipposidonia\/files\/2020\/08\/6422825_orig-1024x575.jpg 1024w, https:\/\/blogsaverroes.juntadeandalucia.es\/ceipposidonia\/files\/2020\/08\/6422825_orig-24x13.jpg 24w, https:\/\/blogsaverroes.juntadeandalucia.es\/ceipposidonia\/files\/2020\/08\/6422825_orig-36x20.jpg 36w, https:\/\/blogsaverroes.juntadeandalucia.es\/ceipposidonia\/files\/2020\/08\/6422825_orig-48x27.jpg 48w, https:\/\/blogsaverroes.juntadeandalucia.es\/ceipposidonia\/files\/2020\/08\/6422825_orig.jpg 1100w\" sizes=\"(max-width: 300px) 100vw, 300px\" \/><\/p><p><strong>Actividad 2<\/strong>: Conocer la importancia de un buen calentamiento.<\/p><\/div><p><img loading=\"lazy\" decoding=\"async\" class=\"aligncenter size-full wp-image-3291\" src=\"https:\/\/blogsaverroes.juntadeandalucia.es\/ceipposidonia\/files\/2020\/08\/1185594.png\" alt=\"\" width=\"208\" height=\"118\" srcset=\"https:\/\/blogsaverroes.juntadeandalucia.es\/ceipposidonia\/files\/2020\/08\/1185594.png 208w, https:\/\/blogsaverroes.juntadeandalucia.es\/ceipposidonia\/files\/2020\/08\/1185594-24x14.png 24w, https:\/\/blogsaverroes.juntadeandalucia.es\/ceipposidonia\/files\/2020\/08\/1185594-36x20.png 36w, https:\/\/blogsaverroes.juntadeandalucia.es\/ceipposidonia\/files\/2020\/08\/1185594-48x27.png 48w\" sizes=\"(max-width: 208px) 100vw, 208px\" \/><\/p><p><strong>Actividad 3<\/strong>: Conocer t\u00e9cnicas de masaje y relajaci\u00f3n.\u00a0<\/p><p><img loading=\"lazy\" decoding=\"async\" class=\"size-full wp-image-3292 alignleft\" src=\"https:\/\/blogsaverroes.juntadeandalucia.es\/ceipposidonia\/files\/2020\/08\/1517481.jpg\" alt=\"\" width=\"288\" height=\"162\" srcset=\"https:\/\/blogsaverroes.juntadeandalucia.es\/ceipposidonia\/files\/2020\/08\/1517481.jpg 288w, https:\/\/blogsaverroes.juntadeandalucia.es\/ceipposidonia\/files\/2020\/08\/1517481-24x14.jpg 24w, https:\/\/blogsaverroes.juntadeandalucia.es\/ceipposidonia\/files\/2020\/08\/1517481-36x20.jpg 36w, https:\/\/blogsaverroes.juntadeandalucia.es\/ceipposidonia\/files\/2020\/08\/1517481-48x27.jpg 48w\" sizes=\"(max-width: 288px) 100vw, 288px\" \/> <img loading=\"lazy\" decoding=\"async\" class=\"size-medium wp-image-3293 alignleft\" src=\"https:\/\/blogsaverroes.juntadeandalucia.es\/ceipposidonia\/files\/2020\/08\/3573116.jpg\" alt=\"\" width=\"284\" height=\"160\" srcset=\"https:\/\/blogsaverroes.juntadeandalucia.es\/ceipposidonia\/files\/2020\/08\/3573116.jpg 284w, https:\/\/blogsaverroes.juntadeandalucia.es\/ceipposidonia\/files\/2020\/08\/3573116-24x14.jpg 24w, https:\/\/blogsaverroes.juntadeandalucia.es\/ceipposidonia\/files\/2020\/08\/3573116-36x20.jpg 36w, https:\/\/blogsaverroes.juntadeandalucia.es\/ceipposidonia\/files\/2020\/08\/3573116-48x27.jpg 48w\" sizes=\"(max-width: 284px) 100vw, 284px\" \/> <img loading=\"lazy\" decoding=\"async\" class=\"size-medium wp-image-3294 alignleft\" src=\"https:\/\/blogsaverroes.juntadeandalucia.es\/ceipposidonia\/files\/2020\/08\/7125494_orig-300x169.jpg\" alt=\"\" width=\"300\" height=\"169\" srcset=\"https:\/\/blogsaverroes.juntadeandalucia.es\/ceipposidonia\/files\/2020\/08\/7125494_orig-300x169.jpg 300w, https:\/\/blogsaverroes.juntadeandalucia.es\/ceipposidonia\/files\/2020\/08\/7125494_orig-768x431.jpg 768w, https:\/\/blogsaverroes.juntadeandalucia.es\/ceipposidonia\/files\/2020\/08\/7125494_orig-1024x575.jpg 1024w, https:\/\/blogsaverroes.juntadeandalucia.es\/ceipposidonia\/files\/2020\/08\/7125494_orig-24x13.jpg 24w, https:\/\/blogsaverroes.juntadeandalucia.es\/ceipposidonia\/files\/2020\/08\/7125494_orig-36x20.jpg 36w, https:\/\/blogsaverroes.juntadeandalucia.es\/ceipposidonia\/files\/2020\/08\/7125494_orig-48x27.jpg 48w, https:\/\/blogsaverroes.juntadeandalucia.es\/ceipposidonia\/files\/2020\/08\/7125494_orig.jpg 1100w\" sizes=\"(max-width: 300px) 100vw, 300px\" \/><\/p><p>\u00a0<\/p><p>\u00a0<\/p><p>Esta tarea culmina con la realizaci\u00f3n de una prueba escrita de conocimientos y la entrega de una diploma de realizaci\u00f3n del curso.<\/p><p>\u00a0<\/p><p><strong><span style=\"font-size: medium\">TAREA 2: PROCESO DE APERTURA DE LA CL\u00cdNICA DE FISIOTERAPIA \u00abPOSIDONIA\u00bb<\/span><\/strong><\/p><p>Esta tarea se realiza con los grupos de 3\u00ba. El trabajo cooperativo y en equipo\u00a0es fundamental a la hora de realizarla pues los alumnos tendr\u00e1n que decidir el nombre de su cl\u00ednica, el logo relacionado con el cuerpo, el lugar donde abrir\u00e1n la cl\u00ednica y los papeles que desempe\u00f1ar\u00e1n cada uno en la misma. Adem\u00e1s, promocionar\u00e1n su cl\u00ednica y ofrecer\u00e1n la posibilidad de acudir a la misma en el horario de su clase de Educaci\u00f3n F\u00edsica a los grupos de 1\u00ba, 2\u00ba y 5 a\u00f1os de Infantil.<\/p><p>En este proceso de apertura se realizan las siguientes <strong>ACTIVIDADES<\/strong>:<\/p><p><strong>Actividad 1<\/strong>: Decidir el nombre, el logo de la cl\u00ednica y el lugar de apertura.<\/p><p><img loading=\"lazy\" decoding=\"async\" class=\"aligncenter size-full wp-image-3295\" src=\"https:\/\/blogsaverroes.juntadeandalucia.es\/ceipposidonia\/files\/2020\/08\/1450030033.png\" alt=\"\" width=\"117\" height=\"107\" srcset=\"https:\/\/blogsaverroes.juntadeandalucia.es\/ceipposidonia\/files\/2020\/08\/1450030033.png 117w, https:\/\/blogsaverroes.juntadeandalucia.es\/ceipposidonia\/files\/2020\/08\/1450030033-24x22.png 24w, https:\/\/blogsaverroes.juntadeandalucia.es\/ceipposidonia\/files\/2020\/08\/1450030033-36x33.png 36w, https:\/\/blogsaverroes.juntadeandalucia.es\/ceipposidonia\/files\/2020\/08\/1450030033-48x44.png 48w\" sizes=\"(max-width: 117px) 100vw, 117px\" \/><\/p><p><strong>Actividad 2<\/strong>: Establecer los puestos a desempe\u00f1ar en una cl\u00ednica y en la organizaci\u00f3n de su apertura.<\/p><p>En la cl\u00ednica se requieren diferentes puestos: gu\u00edas, recepcionistas, fisioterapeutas de manos, de espalda y cara. Para decidir su puesto distribuidos en parejas act\u00faan de fisioterapeutas y pacientes y se eval\u00faan mutuamente, decidiendo as\u00ed cual ser\u00eda el puesto m\u00e1s adecuado de cada uno de ellos en la cl\u00ednica, siempre teniendo en cuenta tambi\u00e9n su inter\u00e9s por ocupar uno u otro puesto.<\/p><p>\u00a0\u00a0 <img loading=\"lazy\" decoding=\"async\" class=\"alignnone size-full wp-image-3296\" src=\"https:\/\/blogsaverroes.juntadeandalucia.es\/ceipposidonia\/files\/2020\/08\/2094493.jpg\" alt=\"\" width=\"101\" height=\"179\" srcset=\"https:\/\/blogsaverroes.juntadeandalucia.es\/ceipposidonia\/files\/2020\/08\/2094493.jpg 101w, https:\/\/blogsaverroes.juntadeandalucia.es\/ceipposidonia\/files\/2020\/08\/2094493-14x24.jpg 14w, https:\/\/blogsaverroes.juntadeandalucia.es\/ceipposidonia\/files\/2020\/08\/2094493-20x36.jpg 20w, https:\/\/blogsaverroes.juntadeandalucia.es\/ceipposidonia\/files\/2020\/08\/2094493-27x48.jpg 27w\" sizes=\"(max-width: 101px) 100vw, 101px\" \/> \u00a0 \u00a0 <img loading=\"lazy\" decoding=\"async\" class=\"alignnone size-full wp-image-3297\" src=\"https:\/\/blogsaverroes.juntadeandalucia.es\/ceipposidonia\/files\/2020\/08\/3881028.jpg\" alt=\"\" width=\"93\" height=\"167\" srcset=\"https:\/\/blogsaverroes.juntadeandalucia.es\/ceipposidonia\/files\/2020\/08\/3881028.jpg 93w, https:\/\/blogsaverroes.juntadeandalucia.es\/ceipposidonia\/files\/2020\/08\/3881028-13x24.jpg 13w, https:\/\/blogsaverroes.juntadeandalucia.es\/ceipposidonia\/files\/2020\/08\/3881028-20x36.jpg 20w, https:\/\/blogsaverroes.juntadeandalucia.es\/ceipposidonia\/files\/2020\/08\/3881028-27x48.jpg 27w\" sizes=\"(max-width: 93px) 100vw, 93px\" \/> \u00a0 \u00a0 <img loading=\"lazy\" decoding=\"async\" class=\"alignnone size-full wp-image-3298\" src=\"https:\/\/blogsaverroes.juntadeandalucia.es\/ceipposidonia\/files\/2020\/08\/7849159.jpg\" alt=\"\" width=\"101\" height=\"179\" srcset=\"https:\/\/blogsaverroes.juntadeandalucia.es\/ceipposidonia\/files\/2020\/08\/7849159.jpg 101w, https:\/\/blogsaverroes.juntadeandalucia.es\/ceipposidonia\/files\/2020\/08\/7849159-14x24.jpg 14w, https:\/\/blogsaverroes.juntadeandalucia.es\/ceipposidonia\/files\/2020\/08\/7849159-20x36.jpg 20w, https:\/\/blogsaverroes.juntadeandalucia.es\/ceipposidonia\/files\/2020\/08\/7849159-27x48.jpg 27w\" sizes=\"(max-width: 101px) 100vw, 101px\" \/><\/p><p><strong>Actividad 3<\/strong>: Elaborar los carteles y decoraci\u00f3n de la cl\u00ednica.<\/p><p><span style=\"color: #000000\"><strong>Actividad 4<\/strong>: Dar a conocer los servicios de fisioterapia de su cl\u00ednica al resto del centro.<\/span><\/p><p>\u00a0<\/p><p><strong><span style=\"font-size: large\">TAREA 3: APERTURA DE LA CL\u00cdNICA<\/span><\/strong><br \/><br \/>Esta unidad did\u00e1ctica se cierra con la apertura y puesta en marcha de la cl\u00ednica. Para ello, el alumnado una vez que han dado a conocer su cl\u00ednica e informado de sus servicios a las clases del centro para que acudan a su cl\u00ednica abrir\u00e1n sus puertas.<\/p><p>\u00a0\u00a0 <img loading=\"lazy\" decoding=\"async\" class=\"alignnone size-full wp-image-3299\" src=\"https:\/\/blogsaverroes.juntadeandalucia.es\/ceipposidonia\/files\/2020\/08\/5571960.jpg\" alt=\"\" width=\"233\" height=\"130\" srcset=\"https:\/\/blogsaverroes.juntadeandalucia.es\/ceipposidonia\/files\/2020\/08\/5571960.jpg 233w, https:\/\/blogsaverroes.juntadeandalucia.es\/ceipposidonia\/files\/2020\/08\/5571960-24x13.jpg 24w, https:\/\/blogsaverroes.juntadeandalucia.es\/ceipposidonia\/files\/2020\/08\/5571960-36x20.jpg 36w, https:\/\/blogsaverroes.juntadeandalucia.es\/ceipposidonia\/files\/2020\/08\/5571960-48x27.jpg 48w\" sizes=\"(max-width: 233px) 100vw, 233px\" \/> \u00a0\u00a0 <img loading=\"lazy\" decoding=\"async\" class=\"alignnone size-medium wp-image-3300\" src=\"https:\/\/blogsaverroes.juntadeandalucia.es\/ceipposidonia\/files\/2020\/08\/6958656.jpg\" alt=\"\" width=\"236\" height=\"132\" srcset=\"https:\/\/blogsaverroes.juntadeandalucia.es\/ceipposidonia\/files\/2020\/08\/6958656.jpg 236w, https:\/\/blogsaverroes.juntadeandalucia.es\/ceipposidonia\/files\/2020\/08\/6958656-24x13.jpg 24w, https:\/\/blogsaverroes.juntadeandalucia.es\/ceipposidonia\/files\/2020\/08\/6958656-36x20.jpg 36w, https:\/\/blogsaverroes.juntadeandalucia.es\/ceipposidonia\/files\/2020\/08\/6958656-48x27.jpg 48w\" sizes=\"(max-width: 236px) 100vw, 236px\" \/><\/p><p>La no disponibilidad de horario con los grupos de 3\u00ba y el inter\u00e9s de los grupos de niveles inferiores de participar en el trabajo en la cl\u00ednica, planteamos la posibilidad de solicitar tambi\u00e9n trabajo y que sean los alumnos de 1\u00ba y de 2\u00ba quienes ofrezcan sus servicios a los grupos de Infantil de 3 y 4 a\u00f1os.<\/p><p>\u00a0\u00a0\u00a0 <img loading=\"lazy\" decoding=\"async\" class=\"alignnone size-full wp-image-3301\" src=\"https:\/\/blogsaverroes.juntadeandalucia.es\/ceipposidonia\/files\/2020\/08\/2168582.jpg\" alt=\"\" width=\"236\" height=\"132\" srcset=\"https:\/\/blogsaverroes.juntadeandalucia.es\/ceipposidonia\/files\/2020\/08\/2168582.jpg 236w, https:\/\/blogsaverroes.juntadeandalucia.es\/ceipposidonia\/files\/2020\/08\/2168582-24x13.jpg 24w, https:\/\/blogsaverroes.juntadeandalucia.es\/ceipposidonia\/files\/2020\/08\/2168582-36x20.jpg 36w, https:\/\/blogsaverroes.juntadeandalucia.es\/ceipposidonia\/files\/2020\/08\/2168582-48x27.jpg 48w\" sizes=\"(max-width: 236px) 100vw, 236px\" \/>\u00a0 \u00a0\u00a0 <img loading=\"lazy\" decoding=\"async\" class=\"alignnone size-full wp-image-3302\" src=\"https:\/\/blogsaverroes.juntadeandalucia.es\/ceipposidonia\/files\/2020\/08\/6761961.png\" alt=\"\" width=\"247\" height=\"140\" srcset=\"https:\/\/blogsaverroes.juntadeandalucia.es\/ceipposidonia\/files\/2020\/08\/6761961.png 247w, https:\/\/blogsaverroes.juntadeandalucia.es\/ceipposidonia\/files\/2020\/08\/6761961-24x14.png 24w, https:\/\/blogsaverroes.juntadeandalucia.es\/ceipposidonia\/files\/2020\/08\/6761961-36x20.png 36w, https:\/\/blogsaverroes.juntadeandalucia.es\/ceipposidonia\/files\/2020\/08\/6761961-48x27.png 48w\" sizes=\"(max-width: 247px) 100vw, 247px\" \/><\/p><p>\u00a0<\/p>\t\t\t\t\t\t\t\t<\/div>\n\t\t\t\t<\/div>\n\t\t\t\t<div class=\"elementor-element elementor-element-c3aa25a elementor-widget elementor-widget-image\" data-id=\"c3aa25a\" data-element_type=\"widget\" data-widget_type=\"image.default\">\n\t\t\t\t<div class=\"elementor-widget-container\">\n\t\t\t\t\t\t\t\t\t\t\t\t\t\t\t<img loading=\"lazy\" decoding=\"async\" width=\"150\" height=\"66\" src=\"https:\/\/blogsaverroes.juntadeandalucia.es\/ceipposidonia\/files\/2020\/06\/logo-cole-sin-fondo-e1592417035740.png\" class=\"attachment-full size-full wp-image-2272\" alt=\"logocole\" srcset=\"https:\/\/blogsaverroes.juntadeandalucia.es\/ceipposidonia\/files\/2020\/06\/logo-cole-sin-fondo-e1592417035740.png 150w, https:\/\/blogsaverroes.juntadeandalucia.es\/ceipposidonia\/files\/2020\/06\/logo-cole-sin-fondo-e1592417035740-24x11.png 24w, https:\/\/blogsaverroes.juntadeandalucia.es\/ceipposidonia\/files\/2020\/06\/logo-cole-sin-fondo-e1592417035740-36x16.png 36w, https:\/\/blogsaverroes.juntadeandalucia.es\/ceipposidonia\/files\/2020\/06\/logo-cole-sin-fondo-e1592417035740-48x21.png 48w\" sizes=\"(max-width: 150px) 100vw, 150px\" \/>\t\t\t\t\t\t\t\t\t\t\t\t\t\t\t<\/div>\n\t\t\t\t<\/div>\n\t\t\t\t\t<\/div>\n\t\t<\/div>\n\t\t\t\t\t<\/div>\n\t\t<\/section>\n\t\t\t\t<\/div>\n\t\t","protected":false},"excerpt":{"rendered":"<p>UDI: CL\u00cdNICA DE FISIOTERAPIA POSIDONIA \u00bfPOR QU\u00c9 SE PLANTEA ESTA UNIDAD DID\u00c1CTICA INTEGRADA? El planteamiento de esta UDI queda justificado dado que se elabora teniendo presentes dos de los objetivos generales del \u00e1rea de Educaci\u00f3n F\u00edsica (Orden 17 de marzo de 2015), por un lado, el conocimiento del propio cuerpo y de sus posibilidades motrices, ampliando este conocimiento al cuerpo de los dem\u00e1s y, por otro lado, la adquisici\u00f3n de h\u00e1bitos de ejercicio f\u00edsico y h\u00e1bitos posturales para adoptar una actitud cr\u00edtica ante pr\u00e1cticas perjudiciales para la salud. Resulta obvio que los elementos curriculares de esta UDI, es decir, los objetivos, contenidos, criterios de evaluaci\u00f3n, indicadores y competencias clave, as\u00ed como, la metodolog\u00eda utilizada, depender\u00e1n del grupo de alumnos con el que se plantee (1\u00ba, 2\u00ba o 3er nivel de Ed. Primaria). Del mismo modo, no todos los grupos realizar\u00e1n todas las tareas que se exponen a continuaci\u00f3n, aunque si tomar\u00e1n parte en su desarrollo o participar\u00e1n como agentes externos. El planteamiento de la misma pretende despertar el inter\u00e9s del alumnado hacia el conocimiento del cuerpo y los h\u00e1bitos posturales creando, para ello, un curso de formaci\u00f3n hasta convertirse en fisioterapeutas profesionales, cuyo fin \u00faltimo es la apertura de una&#46;&#46;&#46;<\/p>\n","protected":false},"author":3608,"featured_media":0,"parent":3282,"menu_order":1,"comment_status":"closed","ping_status":"closed","template":"","meta":{"ngg_post_thumbnail":0,"footnotes":"","_mc_calendar":[]},"aioseo_notices":[],"_links":{"self":[{"href":"https:\/\/blogsaverroes.juntadeandalucia.es\/ceipposidonia\/wp-json\/wp\/v2\/pages\/3285"}],"collection":[{"href":"https:\/\/blogsaverroes.juntadeandalucia.es\/ceipposidonia\/wp-json\/wp\/v2\/pages"}],"about":[{"href":"https:\/\/blogsaverroes.juntadeandalucia.es\/ceipposidonia\/wp-json\/wp\/v2\/types\/page"}],"author":[{"embeddable":true,"href":"https:\/\/blogsaverroes.juntadeandalucia.es\/ceipposidonia\/wp-json\/wp\/v2\/users\/3608"}],"replies":[{"embeddable":true,"href":"https:\/\/blogsaverroes.juntadeandalucia.es\/ceipposidonia\/wp-json\/wp\/v2\/comments?post=3285"}],"version-history":[{"count":2,"href":"https:\/\/blogsaverroes.juntadeandalucia.es\/ceipposidonia\/wp-json\/wp\/v2\/pages\/3285\/revisions"}],"predecessor-version":[{"id":3303,"href":"https:\/\/blogsaverroes.juntadeandalucia.es\/ceipposidonia\/wp-json\/wp\/v2\/pages\/3285\/revisions\/3303"}],"up":[{"embeddable":true,"href":"https:\/\/blogsaverroes.juntadeandalucia.es\/ceipposidonia\/wp-json\/wp\/v2\/pages\/3282"}],"wp:attachment":[{"href":"https:\/\/blogsaverroes.juntadeandalucia.es\/ceipposidonia\/wp-json\/wp\/v2\/media?parent=3285"}],"curies":[{"name":"wp","href":"https:\/\/api.w.org\/{rel}","templated":true}]}}