{"id":3368,"date":"2020-08-31T15:42:40","date_gmt":"2020-08-31T13:42:40","guid":{"rendered":"https:\/\/blogsaverroes.juntadeandalucia.es\/ceipposidonia\/?page_id=3368"},"modified":"2025-03-14T11:40:27","modified_gmt":"2025-03-14T10:40:27","slug":"alta-servicios","status":"publish","type":"page","link":"https:\/\/blogsaverroes.juntadeandalucia.es\/ceipposidonia\/tramites\/alta-servicios\/","title":{"rendered":"ALTA SERVICIOS COMPLEMENTARIOS"},"content":{"rendered":"\t\t<div data-elementor-type=\"wp-post\" data-elementor-id=\"3368\" class=\"elementor elementor-3368\">\n\t\t\t\t\t\t<section class=\"elementor-section elementor-top-section elementor-element elementor-element-cd06fdc elementor-section-boxed elementor-section-height-default elementor-section-height-default\" data-id=\"cd06fdc\" data-element_type=\"section\">\n\t\t\t\t\t\t<div class=\"elementor-container elementor-column-gap-default\">\n\t\t\t\t\t<div class=\"elementor-column elementor-col-100 elementor-top-column elementor-element elementor-element-c1afdd3\" data-id=\"c1afdd3\" data-element_type=\"column\">\n\t\t\t<div class=\"elementor-widget-wrap elementor-element-populated\">\n\t\t\t\t\t\t<div class=\"elementor-element elementor-element-16b7e3b elementor-widget elementor-widget-heading\" data-id=\"16b7e3b\" data-element_type=\"widget\" data-widget_type=\"heading.default\">\n\t\t\t\t<div class=\"elementor-widget-container\">\n\t\t\t\t\t<h2 class=\"elementor-heading-title elementor-size-default\">C\u00d3MO SOLICITAR SERVICIOS COMPLEMENTARIOS DEL PLAN FAMILIA<\/h2>\t\t\t\t<\/div>\n\t\t\t\t<\/div>\n\t\t\t\t\t<\/div>\n\t\t<\/div>\n\t\t\t\t\t<\/div>\n\t\t<\/section>\n\t\t\t\t<section class=\"elementor-section elementor-top-section elementor-element elementor-element-c1890e6 elementor-section-boxed elementor-section-height-default elementor-section-height-default\" data-id=\"c1890e6\" data-element_type=\"section\">\n\t\t\t\t\t\t<div class=\"elementor-container elementor-column-gap-default\">\n\t\t\t\t\t<div class=\"elementor-column elementor-col-100 elementor-top-column elementor-element elementor-element-0c8bf19\" data-id=\"0c8bf19\" data-element_type=\"column\">\n\t\t\t<div class=\"elementor-widget-wrap elementor-element-populated\">\n\t\t\t\t\t\t<div class=\"elementor-element elementor-element-fcbb192 elementor-widget elementor-widget-text-editor\" data-id=\"fcbb192\" data-element_type=\"widget\" data-widget_type=\"text-editor.default\">\n\t\t\t\t<div class=\"elementor-widget-container\">\n\t\t\t\t\t\t\t\t\t<p>Para solicitar el alta en alguno de los servicios del Plan Familia (aula matinal, comedor o actividades extraescolares) se debe rellenar el siguiente documento en pdf:<\/p>\t\t\t\t\t\t\t\t<\/div>\n\t\t\t\t<\/div>\n\t\t\t\t<div class=\"elementor-element elementor-element-a0417ed elementor-widget elementor-widget-image\" data-id=\"a0417ed\" data-element_type=\"widget\" data-widget_type=\"image.default\">\n\t\t\t\t<div class=\"elementor-widget-container\">\n\t\t\t\t\t\t\t\t\t\t\t\t\t\t\t\t<a href=\"https:\/\/blogsaverroes.juntadeandalucia.es\/ceipposidonia\/files\/2025\/03\/solicitudCompleta.pdf\" target=\"_blank\">\n\t\t\t\t\t\t\t<img decoding=\"async\" width=\"300\" height=\"113\" src=\"https:\/\/blogsaverroes.juntadeandalucia.es\/ceipposidonia\/files\/2020\/07\/pdf-download-icon-300x113.png\" class=\"attachment-medium size-medium wp-image-2733\" alt=\"\" srcset=\"https:\/\/blogsaverroes.juntadeandalucia.es\/ceipposidonia\/files\/2020\/07\/pdf-download-icon-300x113.png 300w, https:\/\/blogsaverroes.juntadeandalucia.es\/ceipposidonia\/files\/2020\/07\/pdf-download-icon-768x289.png 768w, https:\/\/blogsaverroes.juntadeandalucia.es\/ceipposidonia\/files\/2020\/07\/pdf-download-icon-24x9.png 24w, https:\/\/blogsaverroes.juntadeandalucia.es\/ceipposidonia\/files\/2020\/07\/pdf-download-icon-36x14.png 36w, https:\/\/blogsaverroes.juntadeandalucia.es\/ceipposidonia\/files\/2020\/07\/pdf-download-icon-48x18.png 48w, https:\/\/blogsaverroes.juntadeandalucia.es\/ceipposidonia\/files\/2020\/07\/pdf-download-icon.png 860w\" sizes=\"(max-width: 300px) 100vw, 300px\" \/>\t\t\t\t\t\t\t\t<\/a>\n\t\t\t\t\t\t\t\t\t\t\t\t\t\t\t<\/div>\n\t\t\t\t<\/div>\n\t\t\t\t<div class=\"elementor-element elementor-element-b02cffe elementor-widget elementor-widget-text-editor\" data-id=\"b02cffe\" data-element_type=\"widget\" data-widget_type=\"text-editor.default\">\n\t\t\t\t<div class=\"elementor-widget-container\">\n\t\t\t\t\t\t\t\t\t<p>Una vez relleno el documento se debe descargar, firmar, escanear y enviar a trav\u00e9s de una <a href=\"https:\/\/blogsaverroes.juntadeandalucia.es\/ceipposidonia\/tramites\/expone-solicita\/\">presentaci\u00f3n electr\u00f3nica general<\/a> <a href=\"https:\/\/blogsaverroes.juntadeandalucia.es\/ceipposidonia\/tramites\/expone-solicita\/\">(instrucciones pinchando aqu\u00ed) <\/a>junto con la documentaci\u00f3n que acredite la situaci\u00f3n laboral:<\/p><div class=\"t pg-1m0 pg-1x0 pg-1h4 pg-1y4 pg-1ff2 pg-1fs0 pg-1fc0 pg-1sc0 pg-1ls0 pg-1ws0\"><strong><span style=\"text-decoration: underline\"><span class=\"pg-1fc3 pg-1sc0\">T<\/span><span class=\"pg-1fc3 pg-1sc0\">r<\/span><span class=\"pg-1fc3 pg-1sc0\">ab<\/span><span class=\"pg-1fc3 pg-1sc0\">aj<\/span><span class=\"pg-1fc3 pg-1sc0\">a<\/span><span class=\"pg-1fc3 pg-1sc0\">d<\/span><span class=\"pg-1fc3 pg-1sc0\">o<\/span><span class=\"pg-1fc3 pg-1sc0\">r<\/span><span class=\"pg-1fc3 pg-1sc0\">e<\/span><span class=\"pg-1fc3 pg-1sc0\">s<\/span> <span class=\"pg-1fc3 pg-1sc0\">p<\/span><span class=\"pg-1fc3 pg-1sc0\">o<\/span><span class=\"pg-1fc3 pg-1sc0\">r<\/span> <span class=\"pg-1fc3 pg-1sc0\">c<\/span><span class=\"pg-1fc3 pg-1sc0\">u<\/span><span class=\"pg-1fc3 pg-1sc0\">e<\/span><span class=\"pg-1fc3 pg-1sc0\">n<\/span><span class=\"pg-1fc3 pg-1sc0\">t<\/span><span class=\"pg-1fc3 pg-1sc0\">a <\/span><span class=\"pg-1fc3 pg-1sc0\">aj<\/span><span class=\"pg-1fc3 pg-1sc0\">e<\/span><span class=\"pg-1fc3 pg-1sc0\">n<\/span><\/span><span class=\"pg-1fc3 pg-1sc0\"><span style=\"text-decoration: underline\">a<\/span> <\/span><\/strong><span class=\"pg-1fc3 pg-1sc0\">\u2013<\/span> <span class=\"pg-1fc3 pg-1sc0\">2<\/span> <span class=\"pg-1fc3 pg-1sc0\">d<\/span><span class=\"pg-1fc3 pg-1sc0\">o<\/span><span class=\"pg-1fc3 pg-1sc0\">c<\/span><span class=\"pg-1fc3 pg-1sc0\">u<\/span><span class=\"pg-1fc3 pg-1sc0\">m<\/span><span class=\"pg-1fc3 pg-1sc0\">e<\/span><span class=\"pg-1fc3 pg-1sc0\">n<\/span><span class=\"pg-1fc3 pg-1sc0\">t<\/span><span class=\"pg-1fc3 pg-1sc0\">o<\/span><span class=\"pg-1fc3 pg-1sc0\">s<\/span><span class=\"pg-1fc3 pg-1sc0\">:<\/span><\/div><div class=\"t pg-1m0 pg-1x0 pg-1h5 pg-1y5 pg-1ff2 pg-1fs2 pg-1fc0 pg-1sc0 pg-1ls0 pg-1ws0\">1. Informe de <span class=\"pg-1ff1\">Vida Laboral<\/span> o Certi\ufb01cado de la Unidad de Personal en caso de funcionarios.<\/div><div class=\"t pg-1m0 pg-1x0 pg-1h5 pg-1y7 pg-1ff2 pg-1fs2 pg-1fc0 pg-1sc0 pg-1ls0 pg-1ws0\">2. <span class=\"pg-1ff1\">Certi\ufb01cado de empresa con sello de empresa y \ufb01rma <span class=\"pg-1ff2\">donde aparezca: la <\/span><\/span>duraci\u00f3n de la jornada y <span class=\"pg-1ff1\">horario de trabajo<span class=\"pg-1ff2\">. <\/span><\/span><\/div><div class=\"t pg-1m0 pg-1x4 pg-1h5 pg-1y9 pg-1ff2 pg-1fs2 pg-1fc0 pg-1sc0 pg-1ls0 pg-1ws0\">Ejemplo 1: La jornada escolar es de 9:00 a 14:00h por lo que <span class=\"pg-1fc3 pg-1sc0\">t<\/span><span class=\"pg-1fc3 pg-1sc0\">o<\/span><span class=\"pg-1fc3 pg-1sc0\">d<\/span><span class=\"pg-1fc3 pg-1sc0\">o<\/span> <span class=\"pg-1fc3 pg-1sc0\">h<\/span><span class=\"pg-1fc3 pg-1sc0\">o<\/span><span class=\"pg-1fc3 pg-1sc0\">r<\/span><span class=\"pg-1fc3 pg-1sc0\">a<\/span><span class=\"pg-1fc3 pg-1sc0\">r<\/span><span class=\"pg-1fc3 pg-1sc0\">i<\/span>o de trabajo en nuestra localidad que coincida con dicha jornada, <span class=\"pg-1fc3 pg-1sc0\">n<\/span><span class=\"pg-1fc3 pg-1sc0\">o<\/span> <span class=\"pg-1fc3 pg-1sc0\">c<\/span><span class=\"pg-1fc3 pg-1sc0\">e<\/span><span class=\"pg-1fc3 pg-1sc0\">rti<\/span><span class=\"pg-1fc3 pg-1sc0\">\ufb01<\/span><span class=\"pg-1fc3 pg-1sc0\">c<\/span><span class=\"pg-1fc3 pg-1sc0\">a <\/span>la necesidad del servicio. Por lo cual, ser\u00eda desestimada.<\/div><div class=\"t pg-1m0 pg-1x4 pg-1h5 pg-1yd pg-1ff2 pg-1fs2 pg-1fc0 pg-1sc0 pg-1ls0 pg-1ws0\">Ejemplo 2: La jornada laboral del certi\ufb01cado es de 8:00 a 15:00, por lo cual, no puede atender a su hijo\/a en la hora de entrada\/salida del centro y ser\u00eda candidato a necesitar el servicio de Aula matinal y Comedor.<\/div><div class=\"t pg-1m0 pg-1x0 pg-1h4 pg-1y10 pg-1ff2 pg-1fs0 pg-1fc0 pg-1sc0 pg-1ls0 pg-1ws0\"><strong><span style=\"text-decoration: underline\"><span class=\"pg-1fc3 pg-1sc0\">A<\/span><span class=\"pg-1fc3 pg-1sc0\">u<\/span><span class=\"pg-1fc3 pg-1sc0\">t<\/span><span class=\"pg-1fc3 pg-1sc0\">\u00f3<\/span><span class=\"pg-1fc3 pg-1sc0\">n<\/span><span class=\"pg-1fc3 pg-1sc0\">o<\/span><span class=\"pg-1fc3 pg-1sc0\">m<\/span><span class=\"pg-1fc3 pg-1sc0\">o<\/span><span class=\"pg-1fc3 pg-1sc0\">s<\/span><\/span> <\/strong><span class=\"pg-1fc3 pg-1sc0\">\u2013<\/span> <span class=\"pg-1fc3 pg-1sc0\">3<\/span> <span class=\"pg-1fc3 pg-1sc0\">d<\/span><span class=\"pg-1fc3 pg-1sc0\">o<\/span><span class=\"pg-1fc3 pg-1sc0\">c<\/span><span class=\"pg-1fc3 pg-1sc0\">u<\/span><span class=\"pg-1fc3 pg-1sc0\">m<\/span><span class=\"pg-1fc3 pg-1sc0\">e<\/span><span class=\"pg-1fc3 pg-1sc0\">n<\/span><span class=\"pg-1fc3 pg-1sc0\">t<\/span><span class=\"pg-1fc3 pg-1sc0\">o<\/span><span class=\"pg-1fc3 pg-1sc0\">s<\/span><span class=\"pg-1fc3 pg-1sc0\">:<\/span><\/div><div class=\"t pg-1m0 pg-1x0 pg-1h5 pg-1y11 pg-1ff2 pg-1fs2 pg-1fc0 pg-1sc0 pg-1ls0 pg-1ws0\">1. <span class=\"pg-1fc3 pg-1sc0\">I<\/span><span class=\"pg-1fc3 pg-1sc0\">n<\/span><span class=\"pg-1fc3 pg-1sc0\">f<\/span><span class=\"pg-1fc3 pg-1sc0\">o<\/span><span class=\"pg-1fc3 pg-1sc0\">r<\/span><span class=\"pg-1fc3 pg-1sc0\">m<\/span><span class=\"pg-1fc3 pg-1sc0\">e<\/span> de<span class=\"pg-1ff1\"> Vida laboral actualizado<span class=\"pg-1ff2\">.<\/span><\/span><\/div><div class=\"t pg-1m0 pg-1x0 pg-1h5 pg-1y12 pg-1ff2 pg-1fs2 pg-1fc0 pg-1sc0 pg-1ls0 pg-1ws0\">2. <span class=\"pg-1fc3 pg-1sc0\">D<\/span><span class=\"pg-1fc3 pg-1sc0\">e<\/span><span class=\"pg-1fc3 pg-1sc0\">c<\/span><span class=\"pg-1fc3 pg-1sc0\">l<\/span><span class=\"pg-1fc3 pg-1sc0\">ar<\/span><span class=\"pg-1fc3 pg-1sc0\">a<\/span>ci\u00f3n responsable del <span class=\"pg-1ff1\">horario de la actividad<span class=\"pg-1ff2\">. En el que quede <\/span><\/span><span class=\"pg-1fc3 pg-1sc0\">c<\/span><span class=\"pg-1fc3 pg-1sc0\">o<\/span><span class=\"pg-1fc3 pg-1sc0\">n<\/span><span class=\"pg-1fc3 pg-1sc0\">s<\/span><span class=\"pg-1fc3 pg-1sc0\">t<\/span><span class=\"pg-1fc3 pg-1sc0\">a<\/span>ncia de la imposibilidad de atenci\u00f3n del alumno en el horario de trabajo i<span class=\"pg-1fc3 pg-1sc0\">n<\/span><span class=\"pg-1fc3 pg-1sc0\">d<\/span><span class=\"pg-1fc3 pg-1sc0\">i<\/span><span class=\"pg-1fc3 pg-1sc0\">c<\/span><span class=\"pg-1fc3 pg-1sc0\">a<\/span>do.<\/div><div class=\"t pg-1m0 pg-1x0 pg-1h5 pg-1y15 pg-1ff2 pg-1fs2 pg-1fc0 pg-1sc0 pg-1ls0 pg-1ws0\">3. Y <span class=\"pg-1ff1\"><span class=\"pg-1fc3 pg-1sc0\">u<\/span><span class=\"pg-1fc3 pg-1sc0\">n<\/span><span class=\"pg-1fc3 pg-1sc0\">o <\/span><\/span>de estos documentos:<\/div><div class=\"t pg-1m0 pg-1x7 pg-1h5 pg-1y17 pg-1ff3 pg-1fs2 pg-1fc0 pg-1sc0 pg-1ls0 pg-1ws0\" style=\"padding-left: 40px\">&#8211; <span class=\"pg-1ff2\">Certi\ufb01cado de Alta en el impuesto de actividades econ\u00f3micas.<\/span><\/div><div class=\"t pg-1m0 pg-1x7 pg-1h5 pg-1y18 pg-1ff3 pg-1fs2 pg-1fc0 pg-1sc0 pg-1ls0 pg-1ws0\" style=\"padding-left: 40px\">&#8211; <span class=\"pg-1ff2\">Alta en el censo de empresarios o copia autenticada de la licencia de <\/span>apertura.<\/div><div class=\"t pg-1m0 pg-1x7 pg-1h5 pg-1y1a pg-1ff3 pg-1fs2 pg-1fc0 pg-1sc0 pg-1ls0 pg-1ws0\" style=\"padding-left: 40px\">&#8211; <span class=\"pg-1ff2\">Alta en la Seguridad Social<\/span><\/div><div class=\"t pg-1m0 pg-1x0 pg-1h4 pg-1y1b pg-1ff2 pg-1fs0 pg-1fc0 pg-1sc0 pg-1ls0 pg-1ws0\"><span style=\"text-decoration: underline\"><strong><span class=\"pg-1fc3 pg-1sc0\">E<\/span><span class=\"pg-1fc3 pg-1sc0\">s<\/span><span class=\"pg-1fc3 pg-1sc0\">t<\/span><span class=\"pg-1fc3 pg-1sc0\">u<\/span><span class=\"pg-1fc3 pg-1sc0\">d<\/span><span class=\"pg-1fc3 pg-1sc0\">i<\/span><span class=\"pg-1fc3 pg-1sc0\">an<\/span><span class=\"pg-1fc3 pg-1sc0\">t<\/span><span class=\"pg-1fc3 pg-1sc0\">e<\/span><span class=\"pg-1fc3 pg-1sc0\">s<\/span><\/strong><\/span> <span class=\"pg-1fc3 pg-1sc0\">\u2013<\/span> <span class=\"pg-1fc3 pg-1sc0\">1<\/span> <span class=\"pg-1fc3 pg-1sc0\">d<\/span><span class=\"pg-1fc3 pg-1sc0\">o<\/span><span class=\"pg-1fc3 pg-1sc0\">c<\/span><span class=\"pg-1fc3 pg-1sc0\">u<\/span><span class=\"pg-1fc3 pg-1sc0\">m<\/span><span class=\"pg-1fc3 pg-1sc0\">e<\/span><span class=\"pg-1fc3 pg-1sc0\">n<\/span><span class=\"pg-1fc3 pg-1sc0\">t<\/span><span class=\"pg-1fc3 pg-1sc0\">o<\/span><span class=\"pg-1fc3 pg-1sc0\">:<\/span><\/div><div class=\"t pg-1m0 pg-1x4 pg-1h5 pg-1y1c pg-1ff1 pg-1fs2 pg-1fc0 pg-1sc0 pg-1ls0 pg-1ws0\">1. Certi\ufb01cado<span class=\"pg-1ff2\"> actual de estudios y <span class=\"pg-1ff1\">horario en el que quede constancia de la <\/span><\/span>imposibilidad de atenci\u00f3n al futuro usuario\/a del servicio.<\/div><div>\u00a0<\/div><div><strong><span style=\"text-decoration: underline\">Guarda y custodia<\/span><\/strong>:<\/div><div><div class=\"t pg-2m0 pg-2x3 pg-2h4 pg-2y3 pg-2ff2 pg-2fs1 pg-2fc1 pg-2sc0 pg-2ls0 pg-2ws0\"><span class=\"pg-2ff3 pg-2fs2 pg-2fc0\">Cuando la guarda y <\/span>custodia sea ejercida por solo uno de los representantes legales deber\u00e1 presentar una copia compulsada del libro de familia o el documento judicial acreditativo de esa circunstancia.<\/div><\/div><div>\u00a0<\/div><div><p>\u00a0<strong>Otras circunstancias consultar en Secretar\u00eda del centro<\/strong><\/p><p>Para las presentaciones a lo largo del curso, se podr\u00e1 solicitar la <strong>bonificaci\u00f3n<\/strong> hasta 3 d\u00edas despu\u00e9s del inicio del servicio.<\/p><\/div>\t\t\t\t\t\t\t\t<\/div>\n\t\t\t\t<\/div>\n\t\t\t\t\t<\/div>\n\t\t<\/div>\n\t\t\t\t\t<\/div>\n\t\t<\/section>\n\t\t\t\t<section class=\"elementor-section elementor-top-section elementor-element elementor-element-54673cf elementor-section-boxed elementor-section-height-default elementor-section-height-default\" data-id=\"54673cf\" data-element_type=\"section\">\n\t\t\t\t\t\t<div class=\"elementor-container elementor-column-gap-default\">\n\t\t\t\t\t<div class=\"elementor-column elementor-col-100 elementor-top-column elementor-element elementor-element-30a0371\" data-id=\"30a0371\" data-element_type=\"column\">\n\t\t\t<div class=\"elementor-widget-wrap elementor-element-populated\">\n\t\t\t\t\t\t\t<\/div>\n\t\t<\/div>\n\t\t\t\t\t<\/div>\n\t\t<\/section>\n\t\t\t\t<section class=\"elementor-section elementor-top-section elementor-element elementor-element-d8a70ec elementor-section-boxed elementor-section-height-default elementor-section-height-default\" data-id=\"d8a70ec\" data-element_type=\"section\">\n\t\t\t\t\t\t<div class=\"elementor-container elementor-column-gap-default\">\n\t\t\t\t\t<div class=\"elementor-column elementor-col-100 elementor-top-column elementor-element elementor-element-58cd2d3\" data-id=\"58cd2d3\" data-element_type=\"column\">\n\t\t\t<div class=\"elementor-widget-wrap elementor-element-populated\">\n\t\t\t\t\t\t<div class=\"elementor-element elementor-element-5ef395d elementor-widget elementor-widget-image\" data-id=\"5ef395d\" data-element_type=\"widget\" data-widget_type=\"image.default\">\n\t\t\t\t<div class=\"elementor-widget-container\">\n\t\t\t\t\t\t\t\t\t\t\t\t\t\t\t<img decoding=\"async\" width=\"267\" height=\"117\" src=\"https:\/\/blogsaverroes.juntadeandalucia.es\/ceipposidonia\/files\/2020\/06\/logo-cole-sin-fondo-1.png\" class=\"attachment-large size-large wp-image-2708\" alt=\"\" srcset=\"https:\/\/blogsaverroes.juntadeandalucia.es\/ceipposidonia\/files\/2020\/06\/logo-cole-sin-fondo-1.png 267w, https:\/\/blogsaverroes.juntadeandalucia.es\/ceipposidonia\/files\/2020\/06\/logo-cole-sin-fondo-1-24x11.png 24w, https:\/\/blogsaverroes.juntadeandalucia.es\/ceipposidonia\/files\/2020\/06\/logo-cole-sin-fondo-1-36x16.png 36w, https:\/\/blogsaverroes.juntadeandalucia.es\/ceipposidonia\/files\/2020\/06\/logo-cole-sin-fondo-1-48x21.png 48w\" sizes=\"(max-width: 267px) 100vw, 267px\" \/>\t\t\t\t\t\t\t\t\t\t\t\t\t\t\t<\/div>\n\t\t\t\t<\/div>\n\t\t\t\t\t<\/div>\n\t\t<\/div>\n\t\t\t\t\t<\/div>\n\t\t<\/section>\n\t\t\t\t<\/div>\n\t\t","protected":false},"excerpt":{"rendered":"<p>C\u00d3MO SOLICITAR SERVICIOS COMPLEMENTARIOS DEL PLAN FAMILIA Para solicitar el alta en alguno de los servicios del Plan Familia (aula matinal, comedor o actividades extraescolares) se debe rellenar el siguiente documento en pdf: Una vez relleno el documento se debe descargar, firmar, escanear y enviar a trav\u00e9s de una presentaci\u00f3n electr\u00f3nica general (instrucciones pinchando aqu\u00ed) junto con la documentaci\u00f3n que acredite la situaci\u00f3n laboral: Trabajadores por cuenta ajena \u2013 2 documentos:1. Informe de Vida Laboral o Certi\ufb01cado de la Unidad de Personal en caso de funcionarios.2. Certi\ufb01cado de empresa con sello de empresa y \ufb01rma donde aparezca: la duraci\u00f3n de la jornada y horario de trabajo. Ejemplo 1: La jornada escolar es de 9:00 a 14:00h por lo que todo horario de trabajo en nuestra localidad que coincida con dicha jornada, no certi\ufb01ca la necesidad del servicio. Por lo cual, ser\u00eda desestimada.Ejemplo 2: La jornada laboral del certi\ufb01cado es de 8:00 a 15:00, por lo cual, no puede atender a su hijo\/a en la hora de entrada\/salida del centro y ser\u00eda candidato a necesitar el servicio de Aula matinal y Comedor.Aut\u00f3nomos \u2013 3 documentos:1. Informe de Vida laboral actualizado.2. Declaraci\u00f3n responsable del horario de la actividad. En el que quede&#46;&#46;&#46;<\/p>\n","protected":false},"author":3608,"featured_media":0,"parent":2596,"menu_order":5,"comment_status":"closed","ping_status":"closed","template":"","meta":{"ngg_post_thumbnail":0,"footnotes":"","_mc_calendar":[]},"aioseo_notices":[],"_links":{"self":[{"href":"https:\/\/blogsaverroes.juntadeandalucia.es\/ceipposidonia\/wp-json\/wp\/v2\/pages\/3368"}],"collection":[{"href":"https:\/\/blogsaverroes.juntadeandalucia.es\/ceipposidonia\/wp-json\/wp\/v2\/pages"}],"about":[{"href":"https:\/\/blogsaverroes.juntadeandalucia.es\/ceipposidonia\/wp-json\/wp\/v2\/types\/page"}],"author":[{"embeddable":true,"href":"https:\/\/blogsaverroes.juntadeandalucia.es\/ceipposidonia\/wp-json\/wp\/v2\/users\/3608"}],"replies":[{"embeddable":true,"href":"https:\/\/blogsaverroes.juntadeandalucia.es\/ceipposidonia\/wp-json\/wp\/v2\/comments?post=3368"}],"version-history":[{"count":9,"href":"https:\/\/blogsaverroes.juntadeandalucia.es\/ceipposidonia\/wp-json\/wp\/v2\/pages\/3368\/revisions"}],"predecessor-version":[{"id":6871,"href":"https:\/\/blogsaverroes.juntadeandalucia.es\/ceipposidonia\/wp-json\/wp\/v2\/pages\/3368\/revisions\/6871"}],"up":[{"embeddable":true,"href":"https:\/\/blogsaverroes.juntadeandalucia.es\/ceipposidonia\/wp-json\/wp\/v2\/pages\/2596"}],"wp:attachment":[{"href":"https:\/\/blogsaverroes.juntadeandalucia.es\/ceipposidonia\/wp-json\/wp\/v2\/media?parent=3368"}],"curies":[{"name":"wp","href":"https:\/\/api.w.org\/{rel}","templated":true}]}}