{"id":3548,"date":"2020-09-17T10:19:40","date_gmt":"2020-09-17T08:19:40","guid":{"rendered":"https:\/\/blogsaverroes.juntadeandalucia.es\/ceipposidonia\/?page_id=3548"},"modified":"2026-02-17T12:53:52","modified_gmt":"2026-02-17T11:53:52","slug":"horario-secretaria","status":"publish","type":"page","link":"https:\/\/blogsaverroes.juntadeandalucia.es\/ceipposidonia\/centro\/horario-secretaria\/","title":{"rendered":"HORARIO SECRETAR\u00cdA"},"content":{"rendered":"\t\t<div data-elementor-type=\"wp-page\" data-elementor-id=\"3548\" class=\"elementor elementor-3548\">\n\t\t\t\t\t\t<section class=\"elementor-section elementor-top-section elementor-element elementor-element-2cf96fbe elementor-section-boxed elementor-section-height-default elementor-section-height-default\" data-id=\"2cf96fbe\" data-element_type=\"section\">\n\t\t\t\t\t\t<div class=\"elementor-container elementor-column-gap-default\">\n\t\t\t\t\t<div class=\"elementor-column elementor-col-100 elementor-top-column elementor-element elementor-element-64722a2e\" data-id=\"64722a2e\" data-element_type=\"column\">\n\t\t\t<div class=\"elementor-widget-wrap elementor-element-populated\">\n\t\t\t\t\t\t<div class=\"elementor-element elementor-element-104be2dd elementor-widget elementor-widget-heading\" data-id=\"104be2dd\" data-element_type=\"widget\" data-widget_type=\"heading.default\">\n\t\t\t\t<div class=\"elementor-widget-container\">\n\t\t\t\t\t<h2 class=\"elementor-heading-title elementor-size-default\">SECRETAR\u00cdA 2025\/26<\/h2>\t\t\t\t<\/div>\n\t\t\t\t<\/div>\n\t\t\t\t<div class=\"elementor-element elementor-element-25ef2d19 elementor-widget elementor-widget-text-editor\" data-id=\"25ef2d19\" data-element_type=\"widget\" data-widget_type=\"text-editor.default\">\n\t\t\t\t<div class=\"elementor-widget-container\">\n\t\t\t\t\t\t\t\t\t<p><span style=\"color: #000000\">Durante el curso 2025\/26 el horario de secretar\u00eda es el siguiente:<br \/><\/span><\/p><p style=\"text-align: center\"><span style=\"font-size: 14pt\"><strong>De lunes a viernes de 9:05 a 11:30 horas.<\/strong><\/span><\/p><p><span style=\"font-size: 12pt\">E-mail: 04009381.edu@juntadeandalucia.es<\/span><\/p><p><span style=\"font-size: 14pt\"><strong>Tlfn: 600 149 011<\/strong><\/span><\/p><p>En nuestro centro la mayor parte de los tr\u00e1mites se pueden realizar de manera telem\u00e1tica. Antes de solicitar cita compruebe si es posible realizarlo online a trav\u00e9s de la pesta\u00f1a de <a title=\"TR\u00c1MITES\" href=\"https:\/\/blogsaverroes.juntadeandalucia.es\/ceipposidonia\/tramites\/\"><span style=\"text-decoration: underline\">TR\u00c1MITES<\/span><\/a> que est\u00e1 en el men\u00fa superior de esta p\u00e1gina o bien <span style=\"text-decoration: underline\"><a title=\"TR\u00c1MITES\" href=\"https:\/\/blogsaverroes.juntadeandalucia.es\/ceipposidonia\/tramites\/\">pinchando aqu\u00ed<\/a><\/span>.<\/p>\t\t\t\t\t\t\t\t<\/div>\n\t\t\t\t<\/div>\n\t\t\t\t<div class=\"elementor-element elementor-element-1b381a3b elementor-widget elementor-widget-image\" data-id=\"1b381a3b\" data-element_type=\"widget\" data-widget_type=\"image.default\">\n\t\t\t\t<div class=\"elementor-widget-container\">\n\t\t\t\t\t\t\t\t\t\t\t\t\t\t\t<img decoding=\"async\" width=\"150\" height=\"66\" src=\"https:\/\/blogsaverroes.juntadeandalucia.es\/ceipposidonia\/files\/2020\/06\/logo-cole-sin-fondo-e1592417035740.png\" class=\"attachment-medium size-medium wp-image-2272\" alt=\"logocole\" srcset=\"https:\/\/blogsaverroes.juntadeandalucia.es\/ceipposidonia\/files\/2020\/06\/logo-cole-sin-fondo-e1592417035740.png 150w, https:\/\/blogsaverroes.juntadeandalucia.es\/ceipposidonia\/files\/2020\/06\/logo-cole-sin-fondo-e1592417035740-24x11.png 24w, https:\/\/blogsaverroes.juntadeandalucia.es\/ceipposidonia\/files\/2020\/06\/logo-cole-sin-fondo-e1592417035740-36x16.png 36w, https:\/\/blogsaverroes.juntadeandalucia.es\/ceipposidonia\/files\/2020\/06\/logo-cole-sin-fondo-e1592417035740-48x21.png 48w\" sizes=\"(max-width: 150px) 100vw, 150px\" \/>\t\t\t\t\t\t\t\t\t\t\t\t\t\t\t<\/div>\n\t\t\t\t<\/div>\n\t\t\t\t<div class=\"elementor-element elementor-element-6738f223 animated-slow elementor-widget-divider--view-line elementor-invisible elementor-widget elementor-widget-divider\" data-id=\"6738f223\" data-element_type=\"widget\" data-settings=\"{&quot;_animation&quot;:&quot;rubberBand&quot;}\" data-widget_type=\"divider.default\">\n\t\t\t\t<div class=\"elementor-widget-container\">\n\t\t\t\t\t\t\t<div class=\"elementor-divider\">\n\t\t\t<span class=\"elementor-divider-separator\">\n\t\t\t\t\t\t<\/span>\n\t\t<\/div>\n\t\t\t\t\t\t<\/div>\n\t\t\t\t<\/div>\n\t\t\t\t\t<\/div>\n\t\t<\/div>\n\t\t\t\t\t<\/div>\n\t\t<\/section>\n\t\t\t\t<\/div>\n\t\t","protected":false},"excerpt":{"rendered":"<p>SECRETAR\u00cdA 2025\/26 Durante el curso 2025\/26 el horario de secretar\u00eda es el siguiente: De lunes a viernes de 9:05 a 11:30 horas. E-mail: 04009381.edu@juntadeandalucia.es Tlfn: 600 149 011 En nuestro centro la mayor parte de los tr\u00e1mites se pueden realizar de manera telem\u00e1tica. Antes de solicitar cita compruebe si es posible realizarlo online a trav\u00e9s de la pesta\u00f1a de TR\u00c1MITES que est\u00e1 en el men\u00fa superior de esta p\u00e1gina o bien pinchando aqu\u00ed.<\/p>\n","protected":false},"author":10296,"featured_media":0,"parent":2433,"menu_order":0,"comment_status":"closed","ping_status":"closed","template":"","meta":{"ngg_post_thumbnail":0,"footnotes":"","_mc_calendar":[]},"aioseo_notices":[],"_links":{"self":[{"href":"https:\/\/blogsaverroes.juntadeandalucia.es\/ceipposidonia\/wp-json\/wp\/v2\/pages\/3548"}],"collection":[{"href":"https:\/\/blogsaverroes.juntadeandalucia.es\/ceipposidonia\/wp-json\/wp\/v2\/pages"}],"about":[{"href":"https:\/\/blogsaverroes.juntadeandalucia.es\/ceipposidonia\/wp-json\/wp\/v2\/types\/page"}],"author":[{"embeddable":true,"href":"https:\/\/blogsaverroes.juntadeandalucia.es\/ceipposidonia\/wp-json\/wp\/v2\/users\/10296"}],"replies":[{"embeddable":true,"href":"https:\/\/blogsaverroes.juntadeandalucia.es\/ceipposidonia\/wp-json\/wp\/v2\/comments?post=3548"}],"version-history":[{"count":26,"href":"https:\/\/blogsaverroes.juntadeandalucia.es\/ceipposidonia\/wp-json\/wp\/v2\/pages\/3548\/revisions"}],"predecessor-version":[{"id":7201,"href":"https:\/\/blogsaverroes.juntadeandalucia.es\/ceipposidonia\/wp-json\/wp\/v2\/pages\/3548\/revisions\/7201"}],"up":[{"embeddable":true,"href":"https:\/\/blogsaverroes.juntadeandalucia.es\/ceipposidonia\/wp-json\/wp\/v2\/pages\/2433"}],"wp:attachment":[{"href":"https:\/\/blogsaverroes.juntadeandalucia.es\/ceipposidonia\/wp-json\/wp\/v2\/media?parent=3548"}],"curies":[{"name":"wp","href":"https:\/\/api.w.org\/{rel}","templated":true}]}}