{"id":3805,"date":"2021-03-18T10:19:08","date_gmt":"2021-03-18T09:19:08","guid":{"rendered":"https:\/\/blogsaverroes.juntadeandalucia.es\/ceipposidonia\/?page_id=3805"},"modified":"2021-12-11T18:39:13","modified_gmt":"2021-12-11T17:39:13","slug":"udis-inf-5as","status":"publish","type":"page","link":"https:\/\/blogsaverroes.juntadeandalucia.es\/ceipposidonia\/udis\/udis-anteriores\/udis-2020-21\/udis-inf-5as\/","title":{"rendered":"UDIS INF 5As"},"content":{"rendered":"\t\t<div data-elementor-type=\"wp-page\" data-elementor-id=\"3805\" class=\"elementor elementor-3805\">\n\t\t\t\t\t\t<section class=\"elementor-section elementor-top-section elementor-element elementor-element-4b3b586 elementor-section-boxed elementor-section-height-default elementor-section-height-default\" data-id=\"4b3b586\" data-element_type=\"section\">\n\t\t\t\t\t\t<div class=\"elementor-container elementor-column-gap-default\">\n\t\t\t\t\t<div class=\"elementor-column elementor-col-100 elementor-top-column elementor-element elementor-element-2f28885\" data-id=\"2f28885\" data-element_type=\"column\">\n\t\t\t<div class=\"elementor-widget-wrap elementor-element-populated\">\n\t\t\t\t\t\t<div class=\"elementor-element elementor-element-ac63504 elementor-widget elementor-widget-heading\" data-id=\"ac63504\" data-element_type=\"widget\" data-widget_type=\"heading.default\">\n\t\t\t\t<div class=\"elementor-widget-container\">\n\t\t\t\t\t<h2 class=\"elementor-heading-title elementor-size-default\">INFANTIL 3, 4 Y 5 A\u00d1OS. UDI: LOS SUPERH\u00c9ROES<\/h2>\t\t\t\t<\/div>\n\t\t\t\t<\/div>\n\t\t\t\t<div class=\"elementor-element elementor-element-47b0986 elementor-widget elementor-widget-text-editor\" data-id=\"47b0986\" data-element_type=\"widget\" data-widget_type=\"text-editor.default\">\n\t\t\t\t<div class=\"elementor-widget-container\">\n\t\t\t\t\t\t\t\t\t<p><span style=\"color: #000000\">UDI de los superh\u00e9roes: los ni\u00f1os y ni\u00f1as de Infantil del CEIP Posidonia han realizado una exposici\u00f3n en clase sobre sus caracter\u00edsticas, valores y un cuento.<\/span><\/p>\t\t\t\t\t\t\t\t<\/div>\n\t\t\t\t<\/div>\n\t\t\t\t<div class=\"elementor-element elementor-element-fabdfde elementor-widget elementor-widget-video\" data-id=\"fabdfde\" data-element_type=\"widget\" data-settings=\"{&quot;youtube_url&quot;:&quot;https:\\\/\\\/youtu.be\\\/cr3kMjPWvCE&quot;,&quot;video_type&quot;:&quot;youtube&quot;,&quot;controls&quot;:&quot;yes&quot;}\" data-widget_type=\"video.default\">\n\t\t\t\t<div class=\"elementor-widget-container\">\n\t\t\t\t\t\t\t<div class=\"elementor-wrapper elementor-open-inline\">\n\t\t\t<div class=\"elementor-video\"><\/div>\t\t<\/div>\n\t\t\t\t\t\t<\/div>\n\t\t\t\t<\/div>\n\t\t\t\t<div class=\"elementor-element elementor-element-86b4976 elementor-widget elementor-widget-image\" data-id=\"86b4976\" data-element_type=\"widget\" data-widget_type=\"image.default\">\n\t\t\t\t<div class=\"elementor-widget-container\">\n\t\t\t\t\t\t\t\t\t\t\t\t\t\t\t<img decoding=\"async\" width=\"150\" height=\"66\" src=\"https:\/\/blogsaverroes.juntadeandalucia.es\/ceipposidonia\/files\/2020\/06\/logo-cole-sin-fondo-e1592417035740.png\" class=\"attachment-medium size-medium wp-image-2272\" alt=\"logocole\" srcset=\"https:\/\/blogsaverroes.juntadeandalucia.es\/ceipposidonia\/files\/2020\/06\/logo-cole-sin-fondo-e1592417035740.png 150w, https:\/\/blogsaverroes.juntadeandalucia.es\/ceipposidonia\/files\/2020\/06\/logo-cole-sin-fondo-e1592417035740-24x11.png 24w, https:\/\/blogsaverroes.juntadeandalucia.es\/ceipposidonia\/files\/2020\/06\/logo-cole-sin-fondo-e1592417035740-36x16.png 36w, https:\/\/blogsaverroes.juntadeandalucia.es\/ceipposidonia\/files\/2020\/06\/logo-cole-sin-fondo-e1592417035740-48x21.png 48w\" sizes=\"(max-width: 150px) 100vw, 150px\" \/>\t\t\t\t\t\t\t\t\t\t\t\t\t\t\t<\/div>\n\t\t\t\t<\/div>\n\t\t\t\t<div class=\"elementor-element elementor-element-7d1cb26 animated-slow elementor-widget-divider--view-line elementor-invisible elementor-widget elementor-widget-divider\" data-id=\"7d1cb26\" data-element_type=\"widget\" data-settings=\"{&quot;_animation&quot;:&quot;rubberBand&quot;}\" data-widget_type=\"divider.default\">\n\t\t\t\t<div class=\"elementor-widget-container\">\n\t\t\t\t\t\t\t<div class=\"elementor-divider\">\n\t\t\t<span class=\"elementor-divider-separator\">\n\t\t\t\t\t\t<\/span>\n\t\t<\/div>\n\t\t\t\t\t\t<\/div>\n\t\t\t\t<\/div>\n\t\t\t\t\t<\/div>\n\t\t<\/div>\n\t\t\t\t\t<\/div>\n\t\t<\/section>\n\t\t\t\t<section class=\"elementor-section elementor-top-section elementor-element elementor-element-1ee1e3ba elementor-section-boxed elementor-section-height-default elementor-section-height-default\" data-id=\"1ee1e3ba\" data-element_type=\"section\">\n\t\t\t\t\t\t<div class=\"elementor-container elementor-column-gap-default\">\n\t\t\t\t\t<div class=\"elementor-column elementor-col-100 elementor-top-column elementor-element elementor-element-2dc124dd\" data-id=\"2dc124dd\" data-element_type=\"column\">\n\t\t\t<div class=\"elementor-widget-wrap elementor-element-populated\">\n\t\t\t\t\t\t<div class=\"elementor-element elementor-element-71caf923 elementor-widget elementor-widget-heading\" data-id=\"71caf923\" data-element_type=\"widget\" data-widget_type=\"heading.default\">\n\t\t\t\t<div class=\"elementor-widget-container\">\n\t\t\t\t\t<h2 class=\"elementor-heading-title elementor-size-default\">UDI 2 : EL MUNDO EN MI DEDO \ud83c\udf0e<\/h2>\t\t\t\t<\/div>\n\t\t\t\t<\/div>\n\t\t\t\t<div class=\"elementor-element elementor-element-1c150883 elementor-widget elementor-widget-text-editor\" data-id=\"1c150883\" data-element_type=\"widget\" data-widget_type=\"text-editor.default\">\n\t\t\t\t<div class=\"elementor-widget-container\">\n\t\t\t\t\t\t\t\t\t<p align=\"left\"><span style=\"color: #1d2228;font-size: 12pt;font-family: tahoma, arial, helvetica, sans-serif\">En este segundo trimestre los ni\u00f1os y ni\u00f1as de 5 a\u00f1os hemos conocido muchas cosas interesantes del mundo.<\/span><\/p><p align=\"left\"><span style=\"color: #1d2228;font-size: 12pt;font-family: tahoma, arial, helvetica, sans-serif\">Nuestra tarea ha consistido en hacer un gran panel en el que a diario pod\u00edamos ver, identificar y conocer las costumbres, los monumentos y gastronom\u00eda de varios pa\u00edses del mundo.<\/span><\/p><p align=\"left\"><span style=\"color: #1d2228;font-size: 12pt;font-family: tahoma, arial, helvetica, sans-serif\">Nuestra UDI comenz\u00f3 con un mensaje secreto en el ordenador de las se\u00f1os. Supertravel nos ped\u00eda ayuda porque su abuela quer\u00eda conocer pa\u00edses del mundo y con el Covid no pod\u00eda viajar ni moverse de casa. As\u00ed que qu\u00e9 mejor manera de hacerlo que usar las nuevas tecnolog\u00edas ya que a trav\u00e9s del ordenador podemos visitar y conocer el mundo.<\/span><\/p><p align=\"left\"><span style=\"color: #1d2228;font-size: 12pt;font-family: tahoma, arial, helvetica, sans-serif\">Para ello entre todos decidimos qu\u00e9 podr\u00edamos investigar con nuestra familia y traer a los compa\u00f1eros lo que hab\u00edamos trabajado en casa. As\u00ed aprender\u00edamos todos el vocabulario, las comidas, las tradiciones y los monumentos m\u00e1s interesantes de la India, China, Italia,\u00a0 M\u00e9xico y Espa\u00f1a.\u00a0<\/span><\/p><p align=\"left\"><span style=\"color: #1d2228;font-size: 12pt;font-family: tahoma, arial, helvetica, sans-serif\">\u00a1Qu\u00e9 interesante todo!<\/span><\/p><p align=\"left\"><span style=\"color: #1d2228;font-size: 12pt;font-family: tahoma, arial, helvetica, sans-serif\">\u00a1Nos ha encantado!<\/span><\/p><p align=\"left\"><span style=\"color: #1d2228;font-size: 12pt;font-family: tahoma, arial, helvetica, sans-serif\">\u00a1Esperamos que a vosotros tambi\u00e9n!<\/span><\/p><p align=\"left\"><span style=\"color: #1d2228;font-size: 12pt;font-family: tahoma, arial, helvetica, sans-serif\">A la abuela de Supertravel le ha entusiasmado.<\/span><\/p><p align=\"left\"><span style=\"color: #1d2228;font-size: 12pt;font-family: tahoma, arial, helvetica, sans-serif\">Aqu\u00ed os dejamos unas fotos para que ve\u00e1is cuanto hemos aprendido y trabajado.\u00a0<\/span><\/p><p align=\"left\"><span style=\"color: #1d2228;font-size: 12pt;font-family: tahoma, arial, helvetica, sans-serif\">Los ni\u00f1os\/as de 5 a\u00f1os.\u00a0<\/span><\/p>\t\t\t\t\t\t\t\t<\/div>\n\t\t\t\t<\/div>\n\t\t\t\t<div class=\"elementor-element elementor-element-398075b elementor-widget elementor-widget-image-gallery\" data-id=\"398075b\" data-element_type=\"widget\" data-widget_type=\"image-gallery.default\">\n\t\t\t\t<div class=\"elementor-widget-container\">\n\t\t\t\t\t\t\t<div class=\"elementor-image-gallery\">\n\t\t\t\n\t\t<style>\n\t\t\t#gallery-1 {\n\t\t\t\tmargin: auto;\n\t\t\t}\n\t\t\t#gallery-1 .gallery-item {\n\t\t\t\tfloat: left;\n\t\t\t\tmargin-top: 10px;\n\t\t\t\ttext-align: center;\n\t\t\t\twidth: 33%;\n\t\t\t}\n\t\t\t#gallery-1 img {\n\t\t\t\tborder: 2px solid #cfcfcf;\n\t\t\t}\n\t\t\t#gallery-1 .gallery-caption {\n\t\t\t\tmargin-left: 0;\n\t\t\t}\n\t\t\t\/* see gallery_shortcode() in wp-includes\/media.php *\/\n\t\t<\/style>\n\t\t<div id='gallery-1' class='gallery galleryid-3805 gallery-columns-3 gallery-size-thumbnail'><dl class='gallery-item'>\n\t\t\t<dt class='gallery-icon portrait'>\n\t\t\t\t<a data-elementor-open-lightbox=\"yes\" data-elementor-lightbox-slideshow=\"398075b\" data-elementor-lightbox-title=\"20210315_131851\" data-e-action-hash=\"#elementor-action%3Aaction%3Dlightbox%26settings%3DeyJpZCI6MzgwOCwidXJsIjoiaHR0cHM6XC9cL2Jsb2dzYXZlcnJvZXMuanVudGFkZWFuZGFsdWNpYS5lc1wvY2VpcHBvc2lkb25pYVwvZmlsZXNcLzIwMjFcLzAzXC8yMDIxMDMxNV8xMzE4NTEtc2NhbGVkLmpwZyIsInNsaWRlc2hvdyI6IjM5ODA3NWIifQ%3D%3D\" href='https:\/\/blogsaverroes.juntadeandalucia.es\/ceipposidonia\/files\/2021\/03\/20210315_131851-scaled.jpg'><img decoding=\"async\" width=\"150\" height=\"150\" src=\"https:\/\/blogsaverroes.juntadeandalucia.es\/ceipposidonia\/files\/2021\/03\/20210315_131851-150x150.jpg\" class=\"attachment-thumbnail size-thumbnail\" alt=\"\" srcset=\"https:\/\/blogsaverroes.juntadeandalucia.es\/ceipposidonia\/files\/2021\/03\/20210315_131851-150x150.jpg 150w, https:\/\/blogsaverroes.juntadeandalucia.es\/ceipposidonia\/files\/2021\/03\/20210315_131851-80x80.jpg 80w, https:\/\/blogsaverroes.juntadeandalucia.es\/ceipposidonia\/files\/2021\/03\/20210315_131851-320x320.jpg 320w\" sizes=\"(max-width: 150px) 100vw, 150px\" \/><\/a>\n\t\t\t<\/dt><\/dl><dl class='gallery-item'>\n\t\t\t<dt class='gallery-icon landscape'>\n\t\t\t\t<a data-elementor-open-lightbox=\"yes\" data-elementor-lightbox-slideshow=\"398075b\" data-elementor-lightbox-title=\"20210315_131930\" data-e-action-hash=\"#elementor-action%3Aaction%3Dlightbox%26settings%3DeyJpZCI6MzgwOSwidXJsIjoiaHR0cHM6XC9cL2Jsb2dzYXZlcnJvZXMuanVudGFkZWFuZGFsdWNpYS5lc1wvY2VpcHBvc2lkb25pYVwvZmlsZXNcLzIwMjFcLzAzXC8yMDIxMDMxNV8xMzE5MzAtc2NhbGVkLmpwZyIsInNsaWRlc2hvdyI6IjM5ODA3NWIifQ%3D%3D\" href='https:\/\/blogsaverroes.juntadeandalucia.es\/ceipposidonia\/files\/2021\/03\/20210315_131930-scaled.jpg'><img decoding=\"async\" width=\"150\" height=\"150\" src=\"https:\/\/blogsaverroes.juntadeandalucia.es\/ceipposidonia\/files\/2021\/03\/20210315_131930-150x150.jpg\" class=\"attachment-thumbnail size-thumbnail\" alt=\"\" srcset=\"https:\/\/blogsaverroes.juntadeandalucia.es\/ceipposidonia\/files\/2021\/03\/20210315_131930-150x150.jpg 150w, https:\/\/blogsaverroes.juntadeandalucia.es\/ceipposidonia\/files\/2021\/03\/20210315_131930-80x80.jpg 80w, https:\/\/blogsaverroes.juntadeandalucia.es\/ceipposidonia\/files\/2021\/03\/20210315_131930-320x320.jpg 320w\" sizes=\"(max-width: 150px) 100vw, 150px\" \/><\/a>\n\t\t\t<\/dt><\/dl><dl class='gallery-item'>\n\t\t\t<dt class='gallery-icon portrait'>\n\t\t\t\t<a data-elementor-open-lightbox=\"yes\" data-elementor-lightbox-slideshow=\"398075b\" data-elementor-lightbox-title=\"20210315_132017\" data-e-action-hash=\"#elementor-action%3Aaction%3Dlightbox%26settings%3DeyJpZCI6MzgxMCwidXJsIjoiaHR0cHM6XC9cL2Jsb2dzYXZlcnJvZXMuanVudGFkZWFuZGFsdWNpYS5lc1wvY2VpcHBvc2lkb25pYVwvZmlsZXNcLzIwMjFcLzAzXC8yMDIxMDMxNV8xMzIwMTctc2NhbGVkLmpwZyIsInNsaWRlc2hvdyI6IjM5ODA3NWIifQ%3D%3D\" href='https:\/\/blogsaverroes.juntadeandalucia.es\/ceipposidonia\/files\/2021\/03\/20210315_132017-scaled.jpg'><img loading=\"lazy\" decoding=\"async\" width=\"150\" height=\"150\" src=\"https:\/\/blogsaverroes.juntadeandalucia.es\/ceipposidonia\/files\/2021\/03\/20210315_132017-150x150.jpg\" class=\"attachment-thumbnail size-thumbnail\" alt=\"\" srcset=\"https:\/\/blogsaverroes.juntadeandalucia.es\/ceipposidonia\/files\/2021\/03\/20210315_132017-150x150.jpg 150w, https:\/\/blogsaverroes.juntadeandalucia.es\/ceipposidonia\/files\/2021\/03\/20210315_132017-80x80.jpg 80w, https:\/\/blogsaverroes.juntadeandalucia.es\/ceipposidonia\/files\/2021\/03\/20210315_132017-320x320.jpg 320w\" sizes=\"(max-width: 150px) 100vw, 150px\" \/><\/a>\n\t\t\t<\/dt><\/dl><br style=\"clear: both\" \/><dl class='gallery-item'>\n\t\t\t<dt class='gallery-icon portrait'>\n\t\t\t\t<a data-elementor-open-lightbox=\"yes\" data-elementor-lightbox-slideshow=\"398075b\" data-elementor-lightbox-title=\"IMG_20210211_093001\" data-e-action-hash=\"#elementor-action%3Aaction%3Dlightbox%26settings%3DeyJpZCI6MzgxMSwidXJsIjoiaHR0cHM6XC9cL2Jsb2dzYXZlcnJvZXMuanVudGFkZWFuZGFsdWNpYS5lc1wvY2VpcHBvc2lkb25pYVwvZmlsZXNcLzIwMjFcLzAzXC9JTUdfMjAyMTAyMTFfMDkzMDAxLXNjYWxlZC5qcGciLCJzbGlkZXNob3ciOiIzOTgwNzViIn0%3D\" href='https:\/\/blogsaverroes.juntadeandalucia.es\/ceipposidonia\/files\/2021\/03\/IMG_20210211_093001-scaled.jpg'><img loading=\"lazy\" decoding=\"async\" width=\"150\" height=\"150\" src=\"https:\/\/blogsaverroes.juntadeandalucia.es\/ceipposidonia\/files\/2021\/03\/IMG_20210211_093001-150x150.jpg\" class=\"attachment-thumbnail size-thumbnail\" alt=\"\" srcset=\"https:\/\/blogsaverroes.juntadeandalucia.es\/ceipposidonia\/files\/2021\/03\/IMG_20210211_093001-150x150.jpg 150w, https:\/\/blogsaverroes.juntadeandalucia.es\/ceipposidonia\/files\/2021\/03\/IMG_20210211_093001-80x80.jpg 80w, https:\/\/blogsaverroes.juntadeandalucia.es\/ceipposidonia\/files\/2021\/03\/IMG_20210211_093001-320x320.jpg 320w\" sizes=\"(max-width: 150px) 100vw, 150px\" \/><\/a>\n\t\t\t<\/dt><\/dl><dl class='gallery-item'>\n\t\t\t<dt class='gallery-icon portrait'>\n\t\t\t\t<a data-elementor-open-lightbox=\"yes\" data-elementor-lightbox-slideshow=\"398075b\" data-elementor-lightbox-title=\"IMG_20210216_091539\" data-e-action-hash=\"#elementor-action%3Aaction%3Dlightbox%26settings%3DeyJpZCI6MzgxMiwidXJsIjoiaHR0cHM6XC9cL2Jsb2dzYXZlcnJvZXMuanVudGFkZWFuZGFsdWNpYS5lc1wvY2VpcHBvc2lkb25pYVwvZmlsZXNcLzIwMjFcLzAzXC9JTUdfMjAyMTAyMTZfMDkxNTM5LXNjYWxlZC5qcGciLCJzbGlkZXNob3ciOiIzOTgwNzViIn0%3D\" href='https:\/\/blogsaverroes.juntadeandalucia.es\/ceipposidonia\/files\/2021\/03\/IMG_20210216_091539-scaled.jpg'><img loading=\"lazy\" decoding=\"async\" width=\"150\" height=\"150\" src=\"https:\/\/blogsaverroes.juntadeandalucia.es\/ceipposidonia\/files\/2021\/03\/IMG_20210216_091539-150x150.jpg\" class=\"attachment-thumbnail size-thumbnail\" alt=\"\" srcset=\"https:\/\/blogsaverroes.juntadeandalucia.es\/ceipposidonia\/files\/2021\/03\/IMG_20210216_091539-150x150.jpg 150w, https:\/\/blogsaverroes.juntadeandalucia.es\/ceipposidonia\/files\/2021\/03\/IMG_20210216_091539-80x80.jpg 80w, https:\/\/blogsaverroes.juntadeandalucia.es\/ceipposidonia\/files\/2021\/03\/IMG_20210216_091539-320x320.jpg 320w\" sizes=\"(max-width: 150px) 100vw, 150px\" \/><\/a>\n\t\t\t<\/dt><\/dl><dl class='gallery-item'>\n\t\t\t<dt class='gallery-icon landscape'>\n\t\t\t\t<a data-elementor-open-lightbox=\"yes\" data-elementor-lightbox-slideshow=\"398075b\" data-elementor-lightbox-title=\"IMG_20210224_103246\" data-e-action-hash=\"#elementor-action%3Aaction%3Dlightbox%26settings%3DeyJpZCI6MzgxMywidXJsIjoiaHR0cHM6XC9cL2Jsb2dzYXZlcnJvZXMuanVudGFkZWFuZGFsdWNpYS5lc1wvY2VpcHBvc2lkb25pYVwvZmlsZXNcLzIwMjFcLzAzXC9JTUdfMjAyMTAyMjRfMTAzMjQ2LXNjYWxlZC5qcGciLCJzbGlkZXNob3ciOiIzOTgwNzViIn0%3D\" href='https:\/\/blogsaverroes.juntadeandalucia.es\/ceipposidonia\/files\/2021\/03\/IMG_20210224_103246-scaled.jpg'><img loading=\"lazy\" decoding=\"async\" width=\"150\" height=\"150\" src=\"https:\/\/blogsaverroes.juntadeandalucia.es\/ceipposidonia\/files\/2021\/03\/IMG_20210224_103246-150x150.jpg\" class=\"attachment-thumbnail size-thumbnail\" alt=\"\" srcset=\"https:\/\/blogsaverroes.juntadeandalucia.es\/ceipposidonia\/files\/2021\/03\/IMG_20210224_103246-150x150.jpg 150w, https:\/\/blogsaverroes.juntadeandalucia.es\/ceipposidonia\/files\/2021\/03\/IMG_20210224_103246-80x80.jpg 80w, https:\/\/blogsaverroes.juntadeandalucia.es\/ceipposidonia\/files\/2021\/03\/IMG_20210224_103246-320x320.jpg 320w\" sizes=\"(max-width: 150px) 100vw, 150px\" \/><\/a>\n\t\t\t<\/dt><\/dl><br style=\"clear: both\" \/><dl class='gallery-item'>\n\t\t\t<dt class='gallery-icon landscape'>\n\t\t\t\t<a data-elementor-open-lightbox=\"yes\" data-elementor-lightbox-slideshow=\"398075b\" data-elementor-lightbox-title=\"IMG-20210315-WA0053\" data-e-action-hash=\"#elementor-action%3Aaction%3Dlightbox%26settings%3DeyJpZCI6MzgxNCwidXJsIjoiaHR0cHM6XC9cL2Jsb2dzYXZlcnJvZXMuanVudGFkZWFuZGFsdWNpYS5lc1wvY2VpcHBvc2lkb25pYVwvZmlsZXNcLzIwMjFcLzAzXC9JTUctMjAyMTAzMTUtV0EwMDUzLmpwZyIsInNsaWRlc2hvdyI6IjM5ODA3NWIifQ%3D%3D\" href='https:\/\/blogsaverroes.juntadeandalucia.es\/ceipposidonia\/files\/2021\/03\/IMG-20210315-WA0053.jpg'><img loading=\"lazy\" decoding=\"async\" width=\"150\" height=\"150\" src=\"https:\/\/blogsaverroes.juntadeandalucia.es\/ceipposidonia\/files\/2021\/03\/IMG-20210315-WA0053-150x150.jpg\" class=\"attachment-thumbnail size-thumbnail\" alt=\"\" srcset=\"https:\/\/blogsaverroes.juntadeandalucia.es\/ceipposidonia\/files\/2021\/03\/IMG-20210315-WA0053-150x150.jpg 150w, https:\/\/blogsaverroes.juntadeandalucia.es\/ceipposidonia\/files\/2021\/03\/IMG-20210315-WA0053-80x80.jpg 80w, https:\/\/blogsaverroes.juntadeandalucia.es\/ceipposidonia\/files\/2021\/03\/IMG-20210315-WA0053-320x320.jpg 320w\" sizes=\"(max-width: 150px) 100vw, 150px\" \/><\/a>\n\t\t\t<\/dt><\/dl><dl class='gallery-item'>\n\t\t\t<dt class='gallery-icon portrait'>\n\t\t\t\t<a data-elementor-open-lightbox=\"yes\" data-elementor-lightbox-slideshow=\"398075b\" data-elementor-lightbox-title=\"IMG-20210315-WA0054\" data-e-action-hash=\"#elementor-action%3Aaction%3Dlightbox%26settings%3DeyJpZCI6MzgxNSwidXJsIjoiaHR0cHM6XC9cL2Jsb2dzYXZlcnJvZXMuanVudGFkZWFuZGFsdWNpYS5lc1wvY2VpcHBvc2lkb25pYVwvZmlsZXNcLzIwMjFcLzAzXC9JTUctMjAyMTAzMTUtV0EwMDU0LmpwZyIsInNsaWRlc2hvdyI6IjM5ODA3NWIifQ%3D%3D\" href='https:\/\/blogsaverroes.juntadeandalucia.es\/ceipposidonia\/files\/2021\/03\/IMG-20210315-WA0054.jpg'><img loading=\"lazy\" decoding=\"async\" width=\"150\" height=\"150\" src=\"https:\/\/blogsaverroes.juntadeandalucia.es\/ceipposidonia\/files\/2021\/03\/IMG-20210315-WA0054-150x150.jpg\" class=\"attachment-thumbnail size-thumbnail\" alt=\"\" srcset=\"https:\/\/blogsaverroes.juntadeandalucia.es\/ceipposidonia\/files\/2021\/03\/IMG-20210315-WA0054-150x150.jpg 150w, https:\/\/blogsaverroes.juntadeandalucia.es\/ceipposidonia\/files\/2021\/03\/IMG-20210315-WA0054-80x80.jpg 80w, https:\/\/blogsaverroes.juntadeandalucia.es\/ceipposidonia\/files\/2021\/03\/IMG-20210315-WA0054-320x320.jpg 320w\" sizes=\"(max-width: 150px) 100vw, 150px\" \/><\/a>\n\t\t\t<\/dt><\/dl><dl class='gallery-item'>\n\t\t\t<dt class='gallery-icon portrait'>\n\t\t\t\t<a data-elementor-open-lightbox=\"yes\" data-elementor-lightbox-slideshow=\"398075b\" data-elementor-lightbox-title=\"IMG-20210315-WA0055\" data-e-action-hash=\"#elementor-action%3Aaction%3Dlightbox%26settings%3DeyJpZCI6MzgxNiwidXJsIjoiaHR0cHM6XC9cL2Jsb2dzYXZlcnJvZXMuanVudGFkZWFuZGFsdWNpYS5lc1wvY2VpcHBvc2lkb25pYVwvZmlsZXNcLzIwMjFcLzAzXC9JTUctMjAyMTAzMTUtV0EwMDU1LmpwZyIsInNsaWRlc2hvdyI6IjM5ODA3NWIifQ%3D%3D\" href='https:\/\/blogsaverroes.juntadeandalucia.es\/ceipposidonia\/files\/2021\/03\/IMG-20210315-WA0055.jpg'><img loading=\"lazy\" decoding=\"async\" width=\"150\" height=\"150\" src=\"https:\/\/blogsaverroes.juntadeandalucia.es\/ceipposidonia\/files\/2021\/03\/IMG-20210315-WA0055-150x150.jpg\" class=\"attachment-thumbnail size-thumbnail\" alt=\"\" srcset=\"https:\/\/blogsaverroes.juntadeandalucia.es\/ceipposidonia\/files\/2021\/03\/IMG-20210315-WA0055-150x150.jpg 150w, https:\/\/blogsaverroes.juntadeandalucia.es\/ceipposidonia\/files\/2021\/03\/IMG-20210315-WA0055-80x80.jpg 80w, https:\/\/blogsaverroes.juntadeandalucia.es\/ceipposidonia\/files\/2021\/03\/IMG-20210315-WA0055-320x320.jpg 320w\" sizes=\"(max-width: 150px) 100vw, 150px\" \/><\/a>\n\t\t\t<\/dt><\/dl><br style=\"clear: both\" \/><dl class='gallery-item'>\n\t\t\t<dt class='gallery-icon portrait'>\n\t\t\t\t<a data-elementor-open-lightbox=\"yes\" data-elementor-lightbox-slideshow=\"398075b\" data-elementor-lightbox-title=\"IMG-20210315-WA0056\" data-e-action-hash=\"#elementor-action%3Aaction%3Dlightbox%26settings%3DeyJpZCI6MzgxNywidXJsIjoiaHR0cHM6XC9cL2Jsb2dzYXZlcnJvZXMuanVudGFkZWFuZGFsdWNpYS5lc1wvY2VpcHBvc2lkb25pYVwvZmlsZXNcLzIwMjFcLzAzXC9JTUctMjAyMTAzMTUtV0EwMDU2LmpwZyIsInNsaWRlc2hvdyI6IjM5ODA3NWIifQ%3D%3D\" href='https:\/\/blogsaverroes.juntadeandalucia.es\/ceipposidonia\/files\/2021\/03\/IMG-20210315-WA0056.jpg'><img loading=\"lazy\" decoding=\"async\" width=\"150\" height=\"150\" src=\"https:\/\/blogsaverroes.juntadeandalucia.es\/ceipposidonia\/files\/2021\/03\/IMG-20210315-WA0056-150x150.jpg\" class=\"attachment-thumbnail size-thumbnail\" alt=\"\" srcset=\"https:\/\/blogsaverroes.juntadeandalucia.es\/ceipposidonia\/files\/2021\/03\/IMG-20210315-WA0056-150x150.jpg 150w, https:\/\/blogsaverroes.juntadeandalucia.es\/ceipposidonia\/files\/2021\/03\/IMG-20210315-WA0056-80x80.jpg 80w, https:\/\/blogsaverroes.juntadeandalucia.es\/ceipposidonia\/files\/2021\/03\/IMG-20210315-WA0056-320x320.jpg 320w\" sizes=\"(max-width: 150px) 100vw, 150px\" \/><\/a>\n\t\t\t<\/dt><\/dl>\n\t\t\t<br style='clear: both' \/>\n\t\t<\/div>\n\t\t<\/div>\n\t\t\t\t\t\t<\/div>\n\t\t\t\t<\/div>\n\t\t\t\t<div class=\"elementor-element elementor-element-3da86911 elementor-widget elementor-widget-image\" data-id=\"3da86911\" data-element_type=\"widget\" data-widget_type=\"image.default\">\n\t\t\t\t<div class=\"elementor-widget-container\">\n\t\t\t\t\t\t\t\t\t\t\t\t\t\t\t<img loading=\"lazy\" decoding=\"async\" width=\"150\" height=\"66\" src=\"https:\/\/blogsaverroes.juntadeandalucia.es\/ceipposidonia\/files\/2020\/06\/logo-cole-sin-fondo-e1592417035740.png\" class=\"attachment-full size-full wp-image-2272\" alt=\"logocole\" srcset=\"https:\/\/blogsaverroes.juntadeandalucia.es\/ceipposidonia\/files\/2020\/06\/logo-cole-sin-fondo-e1592417035740.png 150w, https:\/\/blogsaverroes.juntadeandalucia.es\/ceipposidonia\/files\/2020\/06\/logo-cole-sin-fondo-e1592417035740-24x11.png 24w, https:\/\/blogsaverroes.juntadeandalucia.es\/ceipposidonia\/files\/2020\/06\/logo-cole-sin-fondo-e1592417035740-36x16.png 36w, https:\/\/blogsaverroes.juntadeandalucia.es\/ceipposidonia\/files\/2020\/06\/logo-cole-sin-fondo-e1592417035740-48x21.png 48w\" sizes=\"(max-width: 150px) 100vw, 150px\" \/>\t\t\t\t\t\t\t\t\t\t\t\t\t\t\t<\/div>\n\t\t\t\t<\/div>\n\t\t\t\t\t<\/div>\n\t\t<\/div>\n\t\t\t\t\t<\/div>\n\t\t<\/section>\n\t\t\t\t<\/div>\n\t\t","protected":false},"excerpt":{"rendered":"<p>INFANTIL 3, 4 Y 5 A\u00d1OS. UDI: LOS SUPERH\u00c9ROES UDI de los superh\u00e9roes: los ni\u00f1os y ni\u00f1as de Infantil del CEIP Posidonia han realizado una exposici\u00f3n en clase sobre sus caracter\u00edsticas, valores y un cuento. UDI 2 : EL MUNDO EN MI DEDO \ud83c\udf0e En este segundo trimestre los ni\u00f1os y ni\u00f1as de 5 a\u00f1os hemos conocido muchas cosas interesantes del mundo. Nuestra tarea ha consistido en hacer un gran panel en el que a diario pod\u00edamos ver, identificar y conocer las costumbres, los monumentos y gastronom\u00eda de varios pa\u00edses del mundo. Nuestra UDI comenz\u00f3 con un mensaje secreto en el ordenador de las se\u00f1os. Supertravel nos ped\u00eda ayuda porque su abuela quer\u00eda conocer pa\u00edses del mundo y con el Covid no pod\u00eda viajar ni moverse de casa. As\u00ed que qu\u00e9 mejor manera de hacerlo que usar las nuevas tecnolog\u00edas ya que a trav\u00e9s del ordenador podemos visitar y conocer el mundo. Para ello entre todos decidimos qu\u00e9 podr\u00edamos investigar con nuestra familia y traer a los compa\u00f1eros lo que hab\u00edamos trabajado en casa. As\u00ed aprender\u00edamos todos el vocabulario, las comidas, las tradiciones y los monumentos m\u00e1s interesantes de la India, China, Italia,&nbsp; M\u00e9xico y Espa\u00f1a.&nbsp; \u00a1Qu\u00e9 interesante todo! \u00a1Nos&#46;&#46;&#46;<\/p>\n","protected":false},"author":10296,"featured_media":0,"parent":2984,"menu_order":0,"comment_status":"closed","ping_status":"closed","template":"","meta":{"ngg_post_thumbnail":0,"footnotes":"","_mc_calendar":[]},"aioseo_notices":[],"_links":{"self":[{"href":"https:\/\/blogsaverroes.juntadeandalucia.es\/ceipposidonia\/wp-json\/wp\/v2\/pages\/3805"}],"collection":[{"href":"https:\/\/blogsaverroes.juntadeandalucia.es\/ceipposidonia\/wp-json\/wp\/v2\/pages"}],"about":[{"href":"https:\/\/blogsaverroes.juntadeandalucia.es\/ceipposidonia\/wp-json\/wp\/v2\/types\/page"}],"author":[{"embeddable":true,"href":"https:\/\/blogsaverroes.juntadeandalucia.es\/ceipposidonia\/wp-json\/wp\/v2\/users\/10296"}],"replies":[{"embeddable":true,"href":"https:\/\/blogsaverroes.juntadeandalucia.es\/ceipposidonia\/wp-json\/wp\/v2\/comments?post=3805"}],"version-history":[{"count":4,"href":"https:\/\/blogsaverroes.juntadeandalucia.es\/ceipposidonia\/wp-json\/wp\/v2\/pages\/3805\/revisions"}],"predecessor-version":[{"id":4100,"href":"https:\/\/blogsaverroes.juntadeandalucia.es\/ceipposidonia\/wp-json\/wp\/v2\/pages\/3805\/revisions\/4100"}],"up":[{"embeddable":true,"href":"https:\/\/blogsaverroes.juntadeandalucia.es\/ceipposidonia\/wp-json\/wp\/v2\/pages\/2984"}],"wp:attachment":[{"href":"https:\/\/blogsaverroes.juntadeandalucia.es\/ceipposidonia\/wp-json\/wp\/v2\/media?parent=3805"}],"curies":[{"name":"wp","href":"https:\/\/api.w.org\/{rel}","templated":true}]}}