{"id":3894,"date":"2021-06-16T09:21:57","date_gmt":"2021-06-16T07:21:57","guid":{"rendered":"https:\/\/blogsaverroes.juntadeandalucia.es\/ceipposidonia\/?page_id=3894"},"modified":"2021-06-16T09:45:59","modified_gmt":"2021-06-16T07:45:59","slug":"alegacion-servcompl","status":"publish","type":"page","link":"https:\/\/blogsaverroes.juntadeandalucia.es\/ceipposidonia\/tramites\/alegacion-servcompl\/","title":{"rendered":"Alegaciones servicios complementarios"},"content":{"rendered":"\t\t<div data-elementor-type=\"wp-page\" data-elementor-id=\"3894\" class=\"elementor elementor-3894\">\n\t\t\t\t\t\t<section class=\"elementor-section elementor-top-section elementor-element elementor-element-2e22d74c elementor-section-boxed elementor-section-height-default elementor-section-height-default\" data-id=\"2e22d74c\" data-element_type=\"section\">\n\t\t\t\t\t\t<div class=\"elementor-container elementor-column-gap-default\">\n\t\t\t\t\t<div class=\"elementor-column elementor-col-100 elementor-top-column elementor-element elementor-element-7d8680a\" data-id=\"7d8680a\" data-element_type=\"column\">\n\t\t\t<div class=\"elementor-widget-wrap elementor-element-populated\">\n\t\t\t\t\t\t<div class=\"elementor-element elementor-element-3a675192 elementor-widget elementor-widget-heading\" data-id=\"3a675192\" data-element_type=\"widget\" data-widget_type=\"heading.default\">\n\t\t\t\t<div class=\"elementor-widget-container\">\n\t\t\t\t\t<h2 class=\"elementor-heading-title elementor-size-default\">ALEGACIONES SERVICIOS COMPLEMENTARIOS<\/h2>\t\t\t\t<\/div>\n\t\t\t\t<\/div>\n\t\t\t\t\t<\/div>\n\t\t<\/div>\n\t\t\t\t\t<\/div>\n\t\t<\/section>\n\t\t\t\t<section class=\"elementor-section elementor-top-section elementor-element elementor-element-84c0d79 elementor-section-boxed elementor-section-height-default elementor-section-height-default\" data-id=\"84c0d79\" data-element_type=\"section\">\n\t\t\t\t\t\t<div class=\"elementor-container elementor-column-gap-default\">\n\t\t\t\t\t<div class=\"elementor-column elementor-col-100 elementor-top-column elementor-element elementor-element-b0d6c81\" data-id=\"b0d6c81\" data-element_type=\"column\">\n\t\t\t<div class=\"elementor-widget-wrap elementor-element-populated\">\n\t\t\t\t\t\t<div class=\"elementor-element elementor-element-fb0c9b9 elementor-widget elementor-widget-text-editor\" data-id=\"fb0c9b9\" data-element_type=\"widget\" data-widget_type=\"text-editor.default\">\n\t\t\t\t<div class=\"elementor-widget-container\">\n\t\t\t\t\t\t\t\t\t<p><strong>Antes de presentar una alegaci\u00f3n, contactad con el centro para que se informe sobre la documentaci\u00f3n que falta:<\/strong><br \/>Tel\u00e9fono de contacto: <strong>600149011<\/strong><br \/>e-mail: <strong>04009381.edu@juntadeandalucia.es<\/strong><\/p><p>Para presentar la alegaci\u00f3n se accede a la p\u00e1gina web de la <span style=\"text-decoration: underline;color: #008000\"><a style=\"color: #008000;text-decoration: underline\" href=\"https:\/\/www.juntadeandalucia.es\/educacion\/secretariavirtual\/accesoTramite\/462\/\">Secretar\u00eda Virtual de la Junta de Andaluc\u00eda (pincha aqu\u00ed).<\/a><\/span><\/p><p><a href=\"https:\/\/www.juntadeandalucia.es\/educacion\/secretariavirtual\/accesoTramite\/462\/\"><img decoding=\"async\" class=\"wp-image-3273 alignleft\" src=\"https:\/\/blogsaverroes.juntadeandalucia.es\/ceipposidonia\/files\/2020\/08\/acceso-tramite-e1598633208575-300x185.png\" alt=\"\" width=\"179\" height=\"111\" srcset=\"https:\/\/blogsaverroes.juntadeandalucia.es\/ceipposidonia\/files\/2020\/08\/acceso-tramite-e1598633208575-300x185.png 300w, https:\/\/blogsaverroes.juntadeandalucia.es\/ceipposidonia\/files\/2020\/08\/acceso-tramite-e1598633208575-768x472.png 768w, https:\/\/blogsaverroes.juntadeandalucia.es\/ceipposidonia\/files\/2020\/08\/acceso-tramite-e1598633208575-24x15.png 24w, https:\/\/blogsaverroes.juntadeandalucia.es\/ceipposidonia\/files\/2020\/08\/acceso-tramite-e1598633208575-36x22.png 36w, https:\/\/blogsaverroes.juntadeandalucia.es\/ceipposidonia\/files\/2020\/08\/acceso-tramite-e1598633208575-48x30.png 48w, https:\/\/blogsaverroes.juntadeandalucia.es\/ceipposidonia\/files\/2020\/08\/acceso-tramite-e1598633208575.png 920w\" sizes=\"(max-width: 179px) 100vw, 179px\" \/><\/a><\/p><p>Se puede acceder con:<\/p><p style=\"padding-left: 40px\">&#8211; Certificado Digital<br \/>&#8211; Autenticaci\u00f3n \u2013 Idea (usuario y contrase\u00f1a de Pasen)<br \/>&#8211; Autenticaci\u00f3n Cl@ve<\/p><p style=\"padding-left: 40px\">Si no tiene ninguno de estos m\u00e9todos de acceso (por ejemplo alumnado nuevo en 3 a\u00f1os para el curso 21\/22 que a\u00fan no tiene clave iPasen) realizar\u00e1n la alegaci\u00f3n a trav\u00e9s del e-mail.<\/p><p>Tras comprobar tus datos de contacto (recuerda rellenar todas las casillas con un asterisco rojo), aparecer\u00e1 un buscador de centros (Denominaci\u00f3n: CEIP Posidonia). Pulse en la lupa y seleccione el centro.<\/p><p>A continuaci\u00f3n, cumplimentar el apartado<\/p><p>\u201c<strong>Expone<\/strong>\u201d con el <strong>Nombre y apellidos del alumno.<\/strong><\/p><p>\u201c<strong>Solicita<\/strong>\u201d indicar que presenta una <strong>alegaci\u00f3n al listado provisional de servicios complementarios (aula matinal o comedor). <\/strong><\/p><p>No olvide a\u00f1adir un archivo de tama\u00f1o m\u00e1ximo 10 MB con la documentaci\u00f3n que acredite su situaci\u00f3n laboral.<\/p><p>Recomendamos un archivo PDF. (APPs m\u00f3viles gratuitas como CamScanner convierten varias fotos en un documento PDF de varias p\u00e1ginas )<\/p><p><span style=\"text-decoration: underline;color: #ff0000\"><strong>Importante:<\/strong><\/span> para que nos llegue correctamente se debe <span style=\"text-decoration: underline\"><strong>Firmar y presentar<\/strong><\/span> la solicitud mediante confirmaci\u00f3n por SMS.<\/p><p>Ante cualquier problema no dude en ponerse en contacto con la Secretar\u00eda del centro en el tel\u00e9fono: <strong>600 149 011<\/strong><\/p>\t\t\t\t\t\t\t\t<\/div>\n\t\t\t\t<\/div>\n\t\t\t\t\t<\/div>\n\t\t<\/div>\n\t\t\t\t\t<\/div>\n\t\t<\/section>\n\t\t\t\t<section class=\"elementor-section elementor-top-section elementor-element elementor-element-e532cf4 elementor-section-boxed elementor-section-height-default elementor-section-height-default\" data-id=\"e532cf4\" data-element_type=\"section\">\n\t\t\t\t\t\t<div class=\"elementor-container elementor-column-gap-default\">\n\t\t\t\t\t<div class=\"elementor-column elementor-col-100 elementor-top-column elementor-element elementor-element-64f8647\" data-id=\"64f8647\" data-element_type=\"column\">\n\t\t\t<div class=\"elementor-widget-wrap elementor-element-populated\">\n\t\t\t\t\t\t<div class=\"elementor-element elementor-element-97c5a19 elementor-widget elementor-widget-image\" data-id=\"97c5a19\" data-element_type=\"widget\" data-widget_type=\"image.default\">\n\t\t\t\t<div class=\"elementor-widget-container\">\n\t\t\t\t\t\t\t\t\t\t\t\t\t\t\t<img decoding=\"async\" width=\"150\" height=\"66\" src=\"https:\/\/blogsaverroes.juntadeandalucia.es\/ceipposidonia\/files\/2020\/06\/logo-cole-sin-fondo-e1592417035740.png\" class=\"attachment-medium size-medium wp-image-2272\" alt=\"logocole\" srcset=\"https:\/\/blogsaverroes.juntadeandalucia.es\/ceipposidonia\/files\/2020\/06\/logo-cole-sin-fondo-e1592417035740.png 150w, https:\/\/blogsaverroes.juntadeandalucia.es\/ceipposidonia\/files\/2020\/06\/logo-cole-sin-fondo-e1592417035740-24x11.png 24w, https:\/\/blogsaverroes.juntadeandalucia.es\/ceipposidonia\/files\/2020\/06\/logo-cole-sin-fondo-e1592417035740-36x16.png 36w, https:\/\/blogsaverroes.juntadeandalucia.es\/ceipposidonia\/files\/2020\/06\/logo-cole-sin-fondo-e1592417035740-48x21.png 48w\" sizes=\"(max-width: 150px) 100vw, 150px\" \/>\t\t\t\t\t\t\t\t\t\t\t\t\t\t\t<\/div>\n\t\t\t\t<\/div>\n\t\t\t\t<div class=\"elementor-element elementor-element-9b8ba6e animated-slow elementor-widget-divider--view-line elementor-invisible elementor-widget elementor-widget-divider\" data-id=\"9b8ba6e\" data-element_type=\"widget\" data-settings=\"{&quot;_animation&quot;:&quot;rubberBand&quot;}\" data-widget_type=\"divider.default\">\n\t\t\t\t<div class=\"elementor-widget-container\">\n\t\t\t\t\t\t\t<div class=\"elementor-divider\">\n\t\t\t<span class=\"elementor-divider-separator\">\n\t\t\t\t\t\t<\/span>\n\t\t<\/div>\n\t\t\t\t\t\t<\/div>\n\t\t\t\t<\/div>\n\t\t\t\t\t<\/div>\n\t\t<\/div>\n\t\t\t\t\t<\/div>\n\t\t<\/section>\n\t\t\t\t<\/div>\n\t\t","protected":false},"excerpt":{"rendered":"<p>ALEGACIONES SERVICIOS COMPLEMENTARIOS Antes de presentar una alegaci\u00f3n, contactad con el centro para que se informe sobre la documentaci\u00f3n que falta:Tel\u00e9fono de contacto: 600149011e-mail: 04009381.edu@juntadeandalucia.es Para presentar la alegaci\u00f3n se accede a la p\u00e1gina web de la Secretar\u00eda Virtual de la Junta de Andaluc\u00eda (pincha aqu\u00ed). Se puede acceder con: &#8211; Certificado Digital&#8211; Autenticaci\u00f3n \u2013 Idea (usuario y contrase\u00f1a de Pasen)&#8211; Autenticaci\u00f3n Cl@ve Si no tiene ninguno de estos m\u00e9todos de acceso (por ejemplo alumnado nuevo en 3 a\u00f1os para el curso 21\/22 que a\u00fan no tiene clave iPasen) realizar\u00e1n la alegaci\u00f3n a trav\u00e9s del e-mail. Tras comprobar tus datos de contacto (recuerda rellenar todas las casillas con un asterisco rojo), aparecer\u00e1 un buscador de centros (Denominaci\u00f3n: CEIP Posidonia). Pulse en la lupa y seleccione el centro. A continuaci\u00f3n, cumplimentar el apartado \u201cExpone\u201d con el Nombre y apellidos del alumno. \u201cSolicita\u201d indicar que presenta una alegaci\u00f3n al listado provisional de servicios complementarios (aula matinal o comedor). No olvide a\u00f1adir un archivo de tama\u00f1o m\u00e1ximo 10 MB con la documentaci\u00f3n que acredite su situaci\u00f3n laboral. Recomendamos un archivo PDF. (APPs m\u00f3viles gratuitas como CamScanner convierten varias fotos en un documento PDF de varias p\u00e1ginas ) Importante: para que nos llegue correctamente&#46;&#46;&#46;<\/p>\n","protected":false},"author":3608,"featured_media":0,"parent":2596,"menu_order":6,"comment_status":"closed","ping_status":"closed","template":"","meta":{"ngg_post_thumbnail":0,"footnotes":"","_mc_calendar":[]},"aioseo_notices":[],"_links":{"self":[{"href":"https:\/\/blogsaverroes.juntadeandalucia.es\/ceipposidonia\/wp-json\/wp\/v2\/pages\/3894"}],"collection":[{"href":"https:\/\/blogsaverroes.juntadeandalucia.es\/ceipposidonia\/wp-json\/wp\/v2\/pages"}],"about":[{"href":"https:\/\/blogsaverroes.juntadeandalucia.es\/ceipposidonia\/wp-json\/wp\/v2\/types\/page"}],"author":[{"embeddable":true,"href":"https:\/\/blogsaverroes.juntadeandalucia.es\/ceipposidonia\/wp-json\/wp\/v2\/users\/3608"}],"replies":[{"embeddable":true,"href":"https:\/\/blogsaverroes.juntadeandalucia.es\/ceipposidonia\/wp-json\/wp\/v2\/comments?post=3894"}],"version-history":[{"count":7,"href":"https:\/\/blogsaverroes.juntadeandalucia.es\/ceipposidonia\/wp-json\/wp\/v2\/pages\/3894\/revisions"}],"predecessor-version":[{"id":3904,"href":"https:\/\/blogsaverroes.juntadeandalucia.es\/ceipposidonia\/wp-json\/wp\/v2\/pages\/3894\/revisions\/3904"}],"up":[{"embeddable":true,"href":"https:\/\/blogsaverroes.juntadeandalucia.es\/ceipposidonia\/wp-json\/wp\/v2\/pages\/2596"}],"wp:attachment":[{"href":"https:\/\/blogsaverroes.juntadeandalucia.es\/ceipposidonia\/wp-json\/wp\/v2\/media?parent=3894"}],"curies":[{"name":"wp","href":"https:\/\/api.w.org\/{rel}","templated":true}]}}