{"id":4266,"date":"2022-02-01T09:20:21","date_gmt":"2022-02-01T08:20:21","guid":{"rendered":"https:\/\/blogsaverroes.juntadeandalucia.es\/ceipposidonia\/?page_id=4266"},"modified":"2022-05-19T17:40:53","modified_gmt":"2022-05-19T15:40:53","slug":"udis-21-22-pr2o","status":"publish","type":"page","link":"https:\/\/blogsaverroes.juntadeandalucia.es\/ceipposidonia\/udis\/udis-anteriores\/udis-2021-2022\/udis-21-22-pr2o\/","title":{"rendered":"UDIS 21-22 PR2o"},"content":{"rendered":"\t\t<div data-elementor-type=\"wp-page\" data-elementor-id=\"4266\" class=\"elementor elementor-4266\">\n\t\t\t\t\t\t<section class=\"elementor-section elementor-top-section elementor-element elementor-element-186d09bb elementor-section-boxed elementor-section-height-default elementor-section-height-default\" data-id=\"186d09bb\" data-element_type=\"section\">\n\t\t\t\t\t\t<div class=\"elementor-container elementor-column-gap-default\">\n\t\t\t\t\t<div class=\"elementor-column elementor-col-100 elementor-top-column elementor-element elementor-element-554b5a20\" data-id=\"554b5a20\" data-element_type=\"column\">\n\t\t\t<div class=\"elementor-widget-wrap elementor-element-populated\">\n\t\t\t\t\t\t<div class=\"elementor-element elementor-element-638d3dbf elementor-widget elementor-widget-heading\" data-id=\"638d3dbf\" data-element_type=\"widget\" data-widget_type=\"heading.default\">\n\t\t\t\t<div class=\"elementor-widget-container\">\n\t\t\t\t\t<h2 class=\"elementor-heading-title elementor-size-default\">PRODUCTO FINAL UDI 2: POSIPOKEMON<\/h2>\t\t\t\t<\/div>\n\t\t\t\t<\/div>\n\t\t\t\t<div class=\"elementor-element elementor-element-2adc702f elementor-widget elementor-widget-text-editor\" data-id=\"2adc702f\" data-element_type=\"widget\" data-widget_type=\"text-editor.default\">\n\t\t\t\t<div class=\"elementor-widget-container\">\n\t\t\t\t\t\t\t\t\t<p>En el primer trimestre se ha realizado la Unidad Did\u00e1ctica Integrada \u00abPosipokemon\u00bb. Desde mediados de noviembre y durante todo el mes de diciembre el alumnado ha estado trabajando para conseguir realizar su propia carta pokemon. Gracias a los contenidos adquiridos en diferentes \u00e1reas han podido crear sus propias cartas de manera satisfactoria.<\/p><p>En esta ocasi\u00f3n se ha trabajado de manera gamificada ya que el alumnado ha conseguido medallas, ataques, defensas y evoluciones para su pokemon gracias a las actividades realizadas tanto en casa como en el colegio.<\/p><p>Desde el \u00e1rea de lengua hemos trabajado las descripciones de animales para poder colmar a nuestro pokemon de adjetivos y detalles que lo enriquezcan.<\/p><p>Desde el \u00e1rea de ciencias hemos aprendido las caracter\u00edsticas de los animales vertebrados para poder as\u00ed realizar un pokemon \u00fanico y excepcional, aunando varias de estas cualidades y creando ataques y defensas de acuerdo a las singularidades de cada uno.<\/p><p>Desde el \u00e1rea de matem\u00e1ticas hemos trabajado con los n\u00fameros para dar valor a cada una de las propiedades de nuestro pokemon, ya sea peso, medidas, fuerza de ataque y defensa\u2026<\/p><p>Desde el \u00e1rea de ingl\u00e9s se ha dise\u00f1ado la casa de un entrenador pokemon.<\/p><p>El resultado de estas cartas pokemon realizadas por el alumnado de segundo de primaria es el que se ve a continuaci\u00f3n.<\/p>\t\t\t\t\t\t\t\t<\/div>\n\t\t\t\t<\/div>\n\t\t\t\t<div class=\"elementor-element elementor-element-1f22b8c elementor-widget elementor-widget-image-gallery\" data-id=\"1f22b8c\" data-element_type=\"widget\" data-widget_type=\"image-gallery.default\">\n\t\t\t\t<div class=\"elementor-widget-container\">\n\t\t\t\t\t\t\t<div class=\"elementor-image-gallery\">\n\t\t\t\n\t\t<style>\n\t\t\t#gallery-1 {\n\t\t\t\tmargin: auto;\n\t\t\t}\n\t\t\t#gallery-1 .gallery-item {\n\t\t\t\tfloat: left;\n\t\t\t\tmargin-top: 10px;\n\t\t\t\ttext-align: center;\n\t\t\t\twidth: 25%;\n\t\t\t}\n\t\t\t#gallery-1 img {\n\t\t\t\tborder: 2px solid #cfcfcf;\n\t\t\t}\n\t\t\t#gallery-1 .gallery-caption {\n\t\t\t\tmargin-left: 0;\n\t\t\t}\n\t\t\t\/* see gallery_shortcode() in wp-includes\/media.php *\/\n\t\t<\/style>\n\t\t<div id='gallery-1' class='gallery galleryid-4266 gallery-columns-4 gallery-size-thumbnail'><dl class='gallery-item'>\n\t\t\t<dt class='gallery-icon portrait'>\n\t\t\t\t<a data-elementor-open-lightbox=\"yes\" data-elementor-lightbox-slideshow=\"1f22b8c\" data-elementor-lightbox-title=\"f57eb148-4fbd-4168-b011-52cf9aa6813f\" data-e-action-hash=\"#elementor-action%3Aaction%3Dlightbox%26settings%3DeyJpZCI6NDI3NywidXJsIjoiaHR0cHM6XC9cL2Jsb2dzYXZlcnJvZXMuanVudGFkZWFuZGFsdWNpYS5lc1wvY2VpcHBvc2lkb25pYVwvZmlsZXNcLzIwMjJcLzAyXC9mNTdlYjE0OC00ZmJkLTQxNjgtYjAxMS01MmNmOWFhNjgxM2YuanBnIiwic2xpZGVzaG93IjoiMWYyMmI4YyJ9\" href='https:\/\/blogsaverroes.juntadeandalucia.es\/ceipposidonia\/files\/2022\/02\/f57eb148-4fbd-4168-b011-52cf9aa6813f.jpg'><img decoding=\"async\" width=\"150\" height=\"150\" src=\"https:\/\/blogsaverroes.juntadeandalucia.es\/ceipposidonia\/files\/2022\/02\/f57eb148-4fbd-4168-b011-52cf9aa6813f-150x150.jpg\" class=\"attachment-thumbnail size-thumbnail\" alt=\"\" srcset=\"https:\/\/blogsaverroes.juntadeandalucia.es\/ceipposidonia\/files\/2022\/02\/f57eb148-4fbd-4168-b011-52cf9aa6813f-150x150.jpg 150w, https:\/\/blogsaverroes.juntadeandalucia.es\/ceipposidonia\/files\/2022\/02\/f57eb148-4fbd-4168-b011-52cf9aa6813f-80x80.jpg 80w, https:\/\/blogsaverroes.juntadeandalucia.es\/ceipposidonia\/files\/2022\/02\/f57eb148-4fbd-4168-b011-52cf9aa6813f-320x320.jpg 320w\" sizes=\"(max-width: 150px) 100vw, 150px\" \/><\/a>\n\t\t\t<\/dt><\/dl><dl class='gallery-item'>\n\t\t\t<dt class='gallery-icon portrait'>\n\t\t\t\t<a data-elementor-open-lightbox=\"yes\" data-elementor-lightbox-slideshow=\"1f22b8c\" data-elementor-lightbox-title=\"af32305b-a4cf-4296-b78e-7a3f84145e59\" data-e-action-hash=\"#elementor-action%3Aaction%3Dlightbox%26settings%3DeyJpZCI6NDI3NiwidXJsIjoiaHR0cHM6XC9cL2Jsb2dzYXZlcnJvZXMuanVudGFkZWFuZGFsdWNpYS5lc1wvY2VpcHBvc2lkb25pYVwvZmlsZXNcLzIwMjJcLzAyXC9hZjMyMzA1Yi1hNGNmLTQyOTYtYjc4ZS03YTNmODQxNDVlNTkuanBnIiwic2xpZGVzaG93IjoiMWYyMmI4YyJ9\" href='https:\/\/blogsaverroes.juntadeandalucia.es\/ceipposidonia\/files\/2022\/02\/af32305b-a4cf-4296-b78e-7a3f84145e59.jpg'><img decoding=\"async\" width=\"150\" height=\"150\" src=\"https:\/\/blogsaverroes.juntadeandalucia.es\/ceipposidonia\/files\/2022\/02\/af32305b-a4cf-4296-b78e-7a3f84145e59-150x150.jpg\" class=\"attachment-thumbnail size-thumbnail\" alt=\"\" srcset=\"https:\/\/blogsaverroes.juntadeandalucia.es\/ceipposidonia\/files\/2022\/02\/af32305b-a4cf-4296-b78e-7a3f84145e59-150x150.jpg 150w, https:\/\/blogsaverroes.juntadeandalucia.es\/ceipposidonia\/files\/2022\/02\/af32305b-a4cf-4296-b78e-7a3f84145e59-80x80.jpg 80w, https:\/\/blogsaverroes.juntadeandalucia.es\/ceipposidonia\/files\/2022\/02\/af32305b-a4cf-4296-b78e-7a3f84145e59-320x320.jpg 320w\" sizes=\"(max-width: 150px) 100vw, 150px\" \/><\/a>\n\t\t\t<\/dt><\/dl><dl class='gallery-item'>\n\t\t\t<dt class='gallery-icon portrait'>\n\t\t\t\t<a data-elementor-open-lightbox=\"yes\" data-elementor-lightbox-slideshow=\"1f22b8c\" data-elementor-lightbox-title=\"850a3243-91b0-4003-9b64-45d3ed341d5a\" data-e-action-hash=\"#elementor-action%3Aaction%3Dlightbox%26settings%3DeyJpZCI6NDI3NSwidXJsIjoiaHR0cHM6XC9cL2Jsb2dzYXZlcnJvZXMuanVudGFkZWFuZGFsdWNpYS5lc1wvY2VpcHBvc2lkb25pYVwvZmlsZXNcLzIwMjJcLzAyXC84NTBhMzI0My05MWIwLTQwMDMtOWI2NC00NWQzZWQzNDFkNWEuanBnIiwic2xpZGVzaG93IjoiMWYyMmI4YyJ9\" href='https:\/\/blogsaverroes.juntadeandalucia.es\/ceipposidonia\/files\/2022\/02\/850a3243-91b0-4003-9b64-45d3ed341d5a.jpg'><img decoding=\"async\" width=\"150\" height=\"150\" src=\"https:\/\/blogsaverroes.juntadeandalucia.es\/ceipposidonia\/files\/2022\/02\/850a3243-91b0-4003-9b64-45d3ed341d5a-150x150.jpg\" class=\"attachment-thumbnail size-thumbnail\" alt=\"\" srcset=\"https:\/\/blogsaverroes.juntadeandalucia.es\/ceipposidonia\/files\/2022\/02\/850a3243-91b0-4003-9b64-45d3ed341d5a-150x150.jpg 150w, https:\/\/blogsaverroes.juntadeandalucia.es\/ceipposidonia\/files\/2022\/02\/850a3243-91b0-4003-9b64-45d3ed341d5a-80x80.jpg 80w, https:\/\/blogsaverroes.juntadeandalucia.es\/ceipposidonia\/files\/2022\/02\/850a3243-91b0-4003-9b64-45d3ed341d5a-320x320.jpg 320w\" sizes=\"(max-width: 150px) 100vw, 150px\" \/><\/a>\n\t\t\t<\/dt><\/dl><dl class='gallery-item'>\n\t\t\t<dt class='gallery-icon portrait'>\n\t\t\t\t<a data-elementor-open-lightbox=\"yes\" data-elementor-lightbox-slideshow=\"1f22b8c\" data-elementor-lightbox-title=\"423c8199-0f5d-4ad0-a689-79e593922b9d\" data-e-action-hash=\"#elementor-action%3Aaction%3Dlightbox%26settings%3DeyJpZCI6NDI3NCwidXJsIjoiaHR0cHM6XC9cL2Jsb2dzYXZlcnJvZXMuanVudGFkZWFuZGFsdWNpYS5lc1wvY2VpcHBvc2lkb25pYVwvZmlsZXNcLzIwMjJcLzAyXC80MjNjODE5OS0wZjVkLTRhZDAtYTY4OS03OWU1OTM5MjJiOWQuanBnIiwic2xpZGVzaG93IjoiMWYyMmI4YyJ9\" href='https:\/\/blogsaverroes.juntadeandalucia.es\/ceipposidonia\/files\/2022\/02\/423c8199-0f5d-4ad0-a689-79e593922b9d.jpg'><img loading=\"lazy\" decoding=\"async\" width=\"150\" height=\"150\" src=\"https:\/\/blogsaverroes.juntadeandalucia.es\/ceipposidonia\/files\/2022\/02\/423c8199-0f5d-4ad0-a689-79e593922b9d-150x150.jpg\" class=\"attachment-thumbnail size-thumbnail\" alt=\"\" srcset=\"https:\/\/blogsaverroes.juntadeandalucia.es\/ceipposidonia\/files\/2022\/02\/423c8199-0f5d-4ad0-a689-79e593922b9d-150x150.jpg 150w, https:\/\/blogsaverroes.juntadeandalucia.es\/ceipposidonia\/files\/2022\/02\/423c8199-0f5d-4ad0-a689-79e593922b9d-80x80.jpg 80w, https:\/\/blogsaverroes.juntadeandalucia.es\/ceipposidonia\/files\/2022\/02\/423c8199-0f5d-4ad0-a689-79e593922b9d-320x320.jpg 320w\" sizes=\"(max-width: 150px) 100vw, 150px\" \/><\/a>\n\t\t\t<\/dt><\/dl><br style=\"clear: both\" \/><dl class='gallery-item'>\n\t\t\t<dt class='gallery-icon portrait'>\n\t\t\t\t<a data-elementor-open-lightbox=\"yes\" data-elementor-lightbox-slideshow=\"1f22b8c\" data-elementor-lightbox-title=\"53c545be-b00b-4135-b1f0-2b40d5fa3385\" data-e-action-hash=\"#elementor-action%3Aaction%3Dlightbox%26settings%3DeyJpZCI6NDI3MywidXJsIjoiaHR0cHM6XC9cL2Jsb2dzYXZlcnJvZXMuanVudGFkZWFuZGFsdWNpYS5lc1wvY2VpcHBvc2lkb25pYVwvZmlsZXNcLzIwMjJcLzAyXC81M2M1NDViZS1iMDBiLTQxMzUtYjFmMC0yYjQwZDVmYTMzODUuanBnIiwic2xpZGVzaG93IjoiMWYyMmI4YyJ9\" href='https:\/\/blogsaverroes.juntadeandalucia.es\/ceipposidonia\/files\/2022\/02\/53c545be-b00b-4135-b1f0-2b40d5fa3385.jpg'><img loading=\"lazy\" decoding=\"async\" width=\"150\" height=\"150\" src=\"https:\/\/blogsaverroes.juntadeandalucia.es\/ceipposidonia\/files\/2022\/02\/53c545be-b00b-4135-b1f0-2b40d5fa3385-150x150.jpg\" class=\"attachment-thumbnail size-thumbnail\" alt=\"\" srcset=\"https:\/\/blogsaverroes.juntadeandalucia.es\/ceipposidonia\/files\/2022\/02\/53c545be-b00b-4135-b1f0-2b40d5fa3385-150x150.jpg 150w, https:\/\/blogsaverroes.juntadeandalucia.es\/ceipposidonia\/files\/2022\/02\/53c545be-b00b-4135-b1f0-2b40d5fa3385-80x80.jpg 80w, https:\/\/blogsaverroes.juntadeandalucia.es\/ceipposidonia\/files\/2022\/02\/53c545be-b00b-4135-b1f0-2b40d5fa3385-320x320.jpg 320w\" sizes=\"(max-width: 150px) 100vw, 150px\" \/><\/a>\n\t\t\t<\/dt><\/dl><dl class='gallery-item'>\n\t\t\t<dt class='gallery-icon portrait'>\n\t\t\t\t<a data-elementor-open-lightbox=\"yes\" data-elementor-lightbox-slideshow=\"1f22b8c\" data-elementor-lightbox-title=\"9a5a54db-a584-4f1f-bb94-2953ef56676a\" data-e-action-hash=\"#elementor-action%3Aaction%3Dlightbox%26settings%3DeyJpZCI6NDI3MiwidXJsIjoiaHR0cHM6XC9cL2Jsb2dzYXZlcnJvZXMuanVudGFkZWFuZGFsdWNpYS5lc1wvY2VpcHBvc2lkb25pYVwvZmlsZXNcLzIwMjJcLzAyXC85YTVhNTRkYi1hNTg0LTRmMWYtYmI5NC0yOTUzZWY1NjY3NmEuanBnIiwic2xpZGVzaG93IjoiMWYyMmI4YyJ9\" href='https:\/\/blogsaverroes.juntadeandalucia.es\/ceipposidonia\/files\/2022\/02\/9a5a54db-a584-4f1f-bb94-2953ef56676a.jpg'><img loading=\"lazy\" decoding=\"async\" width=\"150\" height=\"150\" src=\"https:\/\/blogsaverroes.juntadeandalucia.es\/ceipposidonia\/files\/2022\/02\/9a5a54db-a584-4f1f-bb94-2953ef56676a-150x150.jpg\" class=\"attachment-thumbnail size-thumbnail\" alt=\"\" srcset=\"https:\/\/blogsaverroes.juntadeandalucia.es\/ceipposidonia\/files\/2022\/02\/9a5a54db-a584-4f1f-bb94-2953ef56676a-150x150.jpg 150w, https:\/\/blogsaverroes.juntadeandalucia.es\/ceipposidonia\/files\/2022\/02\/9a5a54db-a584-4f1f-bb94-2953ef56676a-80x80.jpg 80w, https:\/\/blogsaverroes.juntadeandalucia.es\/ceipposidonia\/files\/2022\/02\/9a5a54db-a584-4f1f-bb94-2953ef56676a-320x320.jpg 320w\" sizes=\"(max-width: 150px) 100vw, 150px\" \/><\/a>\n\t\t\t<\/dt><\/dl><dl class='gallery-item'>\n\t\t\t<dt class='gallery-icon portrait'>\n\t\t\t\t<a data-elementor-open-lightbox=\"yes\" data-elementor-lightbox-slideshow=\"1f22b8c\" data-elementor-lightbox-title=\"7d077153-3e80-4a34-acd3-8a662d54b4fa\" data-e-action-hash=\"#elementor-action%3Aaction%3Dlightbox%26settings%3DeyJpZCI6NDI3MSwidXJsIjoiaHR0cHM6XC9cL2Jsb2dzYXZlcnJvZXMuanVudGFkZWFuZGFsdWNpYS5lc1wvY2VpcHBvc2lkb25pYVwvZmlsZXNcLzIwMjJcLzAyXC83ZDA3NzE1My0zZTgwLTRhMzQtYWNkMy04YTY2MmQ1NGI0ZmEuanBnIiwic2xpZGVzaG93IjoiMWYyMmI4YyJ9\" href='https:\/\/blogsaverroes.juntadeandalucia.es\/ceipposidonia\/files\/2022\/02\/7d077153-3e80-4a34-acd3-8a662d54b4fa.jpg'><img loading=\"lazy\" decoding=\"async\" width=\"150\" height=\"150\" src=\"https:\/\/blogsaverroes.juntadeandalucia.es\/ceipposidonia\/files\/2022\/02\/7d077153-3e80-4a34-acd3-8a662d54b4fa-150x150.jpg\" class=\"attachment-thumbnail size-thumbnail\" alt=\"\" srcset=\"https:\/\/blogsaverroes.juntadeandalucia.es\/ceipposidonia\/files\/2022\/02\/7d077153-3e80-4a34-acd3-8a662d54b4fa-150x150.jpg 150w, https:\/\/blogsaverroes.juntadeandalucia.es\/ceipposidonia\/files\/2022\/02\/7d077153-3e80-4a34-acd3-8a662d54b4fa-80x80.jpg 80w, https:\/\/blogsaverroes.juntadeandalucia.es\/ceipposidonia\/files\/2022\/02\/7d077153-3e80-4a34-acd3-8a662d54b4fa-320x320.jpg 320w\" sizes=\"(max-width: 150px) 100vw, 150px\" \/><\/a>\n\t\t\t<\/dt><\/dl><dl class='gallery-item'>\n\t\t\t<dt class='gallery-icon portrait'>\n\t\t\t\t<a data-elementor-open-lightbox=\"yes\" data-elementor-lightbox-slideshow=\"1f22b8c\" data-elementor-lightbox-title=\"2d44c49e-0909-4955-a797-d35905c5b813\" data-e-action-hash=\"#elementor-action%3Aaction%3Dlightbox%26settings%3DeyJpZCI6NDI3MCwidXJsIjoiaHR0cHM6XC9cL2Jsb2dzYXZlcnJvZXMuanVudGFkZWFuZGFsdWNpYS5lc1wvY2VpcHBvc2lkb25pYVwvZmlsZXNcLzIwMjJcLzAyXC8yZDQ0YzQ5ZS0wOTA5LTQ5NTUtYTc5Ny1kMzU5MDVjNWI4MTMuanBnIiwic2xpZGVzaG93IjoiMWYyMmI4YyJ9\" href='https:\/\/blogsaverroes.juntadeandalucia.es\/ceipposidonia\/files\/2022\/02\/2d44c49e-0909-4955-a797-d35905c5b813.jpg'><img loading=\"lazy\" decoding=\"async\" width=\"150\" height=\"150\" src=\"https:\/\/blogsaverroes.juntadeandalucia.es\/ceipposidonia\/files\/2022\/02\/2d44c49e-0909-4955-a797-d35905c5b813-150x150.jpg\" class=\"attachment-thumbnail size-thumbnail\" alt=\"\" srcset=\"https:\/\/blogsaverroes.juntadeandalucia.es\/ceipposidonia\/files\/2022\/02\/2d44c49e-0909-4955-a797-d35905c5b813-150x150.jpg 150w, https:\/\/blogsaverroes.juntadeandalucia.es\/ceipposidonia\/files\/2022\/02\/2d44c49e-0909-4955-a797-d35905c5b813-80x80.jpg 80w, https:\/\/blogsaverroes.juntadeandalucia.es\/ceipposidonia\/files\/2022\/02\/2d44c49e-0909-4955-a797-d35905c5b813-320x320.jpg 320w\" sizes=\"(max-width: 150px) 100vw, 150px\" \/><\/a>\n\t\t\t<\/dt><\/dl><br style=\"clear: both\" \/><dl class='gallery-item'>\n\t\t\t<dt class='gallery-icon portrait'>\n\t\t\t\t<a data-elementor-open-lightbox=\"yes\" data-elementor-lightbox-slideshow=\"1f22b8c\" data-elementor-lightbox-title=\"1cfcda9c-4de7-4f3e-b6f3-e1ec6388cb13\" data-e-action-hash=\"#elementor-action%3Aaction%3Dlightbox%26settings%3DeyJpZCI6NDI2OSwidXJsIjoiaHR0cHM6XC9cL2Jsb2dzYXZlcnJvZXMuanVudGFkZWFuZGFsdWNpYS5lc1wvY2VpcHBvc2lkb25pYVwvZmlsZXNcLzIwMjJcLzAyXC8xY2ZjZGE5Yy00ZGU3LTRmM2UtYjZmMy1lMWVjNjM4OGNiMTMuanBnIiwic2xpZGVzaG93IjoiMWYyMmI4YyJ9\" href='https:\/\/blogsaverroes.juntadeandalucia.es\/ceipposidonia\/files\/2022\/02\/1cfcda9c-4de7-4f3e-b6f3-e1ec6388cb13.jpg'><img loading=\"lazy\" decoding=\"async\" width=\"150\" height=\"150\" src=\"https:\/\/blogsaverroes.juntadeandalucia.es\/ceipposidonia\/files\/2022\/02\/1cfcda9c-4de7-4f3e-b6f3-e1ec6388cb13-150x150.jpg\" class=\"attachment-thumbnail size-thumbnail\" alt=\"\" srcset=\"https:\/\/blogsaverroes.juntadeandalucia.es\/ceipposidonia\/files\/2022\/02\/1cfcda9c-4de7-4f3e-b6f3-e1ec6388cb13-150x150.jpg 150w, https:\/\/blogsaverroes.juntadeandalucia.es\/ceipposidonia\/files\/2022\/02\/1cfcda9c-4de7-4f3e-b6f3-e1ec6388cb13-80x80.jpg 80w, https:\/\/blogsaverroes.juntadeandalucia.es\/ceipposidonia\/files\/2022\/02\/1cfcda9c-4de7-4f3e-b6f3-e1ec6388cb13-320x320.jpg 320w\" sizes=\"(max-width: 150px) 100vw, 150px\" \/><\/a>\n\t\t\t<\/dt><\/dl>\n\t\t\t<br style='clear: both' \/>\n\t\t<\/div>\n\t\t<\/div>\n\t\t\t\t\t\t<\/div>\n\t\t\t\t<\/div>\n\t\t\t\t<div class=\"elementor-element elementor-element-7e0d2dae elementor-widget elementor-widget-image\" data-id=\"7e0d2dae\" data-element_type=\"widget\" data-widget_type=\"image.default\">\n\t\t\t\t<div class=\"elementor-widget-container\">\n\t\t\t\t\t\t\t\t\t\t\t\t\t\t\t<img loading=\"lazy\" decoding=\"async\" width=\"150\" height=\"66\" src=\"https:\/\/blogsaverroes.juntadeandalucia.es\/ceipposidonia\/files\/2020\/06\/logo-cole-sin-fondo-e1592417035740.png\" class=\"attachment-medium size-medium wp-image-2272\" alt=\"logocole\" srcset=\"https:\/\/blogsaverroes.juntadeandalucia.es\/ceipposidonia\/files\/2020\/06\/logo-cole-sin-fondo-e1592417035740.png 150w, https:\/\/blogsaverroes.juntadeandalucia.es\/ceipposidonia\/files\/2020\/06\/logo-cole-sin-fondo-e1592417035740-24x11.png 24w, https:\/\/blogsaverroes.juntadeandalucia.es\/ceipposidonia\/files\/2020\/06\/logo-cole-sin-fondo-e1592417035740-36x16.png 36w, https:\/\/blogsaverroes.juntadeandalucia.es\/ceipposidonia\/files\/2020\/06\/logo-cole-sin-fondo-e1592417035740-48x21.png 48w\" sizes=\"(max-width: 150px) 100vw, 150px\" \/>\t\t\t\t\t\t\t\t\t\t\t\t\t\t\t<\/div>\n\t\t\t\t<\/div>\n\t\t\t\t<div class=\"elementor-element elementor-element-b29822e animated-slow elementor-widget-divider--view-line elementor-invisible elementor-widget elementor-widget-divider\" data-id=\"b29822e\" data-element_type=\"widget\" data-settings=\"{&quot;_animation&quot;:&quot;rubberBand&quot;}\" data-widget_type=\"divider.default\">\n\t\t\t\t<div class=\"elementor-widget-container\">\n\t\t\t\t\t\t\t<div class=\"elementor-divider\">\n\t\t\t<span class=\"elementor-divider-separator\">\n\t\t\t\t\t\t<\/span>\n\t\t<\/div>\n\t\t\t\t\t\t<\/div>\n\t\t\t\t<\/div>\n\t\t\t\t\t<\/div>\n\t\t<\/div>\n\t\t\t\t\t<\/div>\n\t\t<\/section>\n\t\t\t\t<\/div>\n\t\t","protected":false},"excerpt":{"rendered":"<p>PRODUCTO FINAL UDI 2: POSIPOKEMON En el primer trimestre se ha realizado la Unidad Did\u00e1ctica Integrada \u00abPosipokemon\u00bb. Desde mediados de noviembre y durante todo el mes de diciembre el alumnado ha estado trabajando para conseguir realizar su propia carta pokemon. Gracias a los contenidos adquiridos en diferentes \u00e1reas han podido crear sus propias cartas de manera satisfactoria. En esta ocasi\u00f3n se ha trabajado de manera gamificada ya que el alumnado ha conseguido medallas, ataques, defensas y evoluciones para su pokemon gracias a las actividades realizadas tanto en casa como en el colegio. Desde el \u00e1rea de lengua hemos trabajado las descripciones de animales para poder colmar a nuestro pokemon de adjetivos y detalles que lo enriquezcan. Desde el \u00e1rea de ciencias hemos aprendido las caracter\u00edsticas de los animales vertebrados para poder as\u00ed realizar un pokemon \u00fanico y excepcional, aunando varias de estas cualidades y creando ataques y defensas de acuerdo a las singularidades de cada uno. Desde el \u00e1rea de matem\u00e1ticas hemos trabajado con los n\u00fameros para dar valor a cada una de las propiedades de nuestro pokemon, ya sea peso, medidas, fuerza de ataque y defensa\u2026 Desde el \u00e1rea de ingl\u00e9s se ha dise\u00f1ado la casa de un entrenador&#46;&#46;&#46;<\/p>\n","protected":false},"author":10296,"featured_media":0,"parent":4072,"menu_order":5,"comment_status":"closed","ping_status":"closed","template":"","meta":{"ngg_post_thumbnail":0,"footnotes":"","_mc_calendar":[]},"aioseo_notices":[],"_links":{"self":[{"href":"https:\/\/blogsaverroes.juntadeandalucia.es\/ceipposidonia\/wp-json\/wp\/v2\/pages\/4266"}],"collection":[{"href":"https:\/\/blogsaverroes.juntadeandalucia.es\/ceipposidonia\/wp-json\/wp\/v2\/pages"}],"about":[{"href":"https:\/\/blogsaverroes.juntadeandalucia.es\/ceipposidonia\/wp-json\/wp\/v2\/types\/page"}],"author":[{"embeddable":true,"href":"https:\/\/blogsaverroes.juntadeandalucia.es\/ceipposidonia\/wp-json\/wp\/v2\/users\/10296"}],"replies":[{"embeddable":true,"href":"https:\/\/blogsaverroes.juntadeandalucia.es\/ceipposidonia\/wp-json\/wp\/v2\/comments?post=4266"}],"version-history":[{"count":5,"href":"https:\/\/blogsaverroes.juntadeandalucia.es\/ceipposidonia\/wp-json\/wp\/v2\/pages\/4266\/revisions"}],"predecessor-version":[{"id":4789,"href":"https:\/\/blogsaverroes.juntadeandalucia.es\/ceipposidonia\/wp-json\/wp\/v2\/pages\/4266\/revisions\/4789"}],"up":[{"embeddable":true,"href":"https:\/\/blogsaverroes.juntadeandalucia.es\/ceipposidonia\/wp-json\/wp\/v2\/pages\/4072"}],"wp:attachment":[{"href":"https:\/\/blogsaverroes.juntadeandalucia.es\/ceipposidonia\/wp-json\/wp\/v2\/media?parent=4266"}],"curies":[{"name":"wp","href":"https:\/\/api.w.org\/{rel}","templated":true}]}}