{"id":4788,"date":"2022-05-19T17:42:00","date_gmt":"2022-05-19T15:42:00","guid":{"rendered":"https:\/\/blogsaverroes.juntadeandalucia.es\/ceipposidonia\/?page_id=4788"},"modified":"2022-05-19T17:46:07","modified_gmt":"2022-05-19T15:46:07","slug":"udis-21-22-pr1o","status":"publish","type":"page","link":"https:\/\/blogsaverroes.juntadeandalucia.es\/ceipposidonia\/udis\/udis-anteriores\/udis-2021-2022\/udis-21-22-pr1o\/","title":{"rendered":"UDIS 21-22 Pr1o"},"content":{"rendered":"\t\t<div data-elementor-type=\"wp-page\" data-elementor-id=\"4788\" class=\"elementor elementor-4788\">\n\t\t\t\t\t\t<section class=\"elementor-section elementor-top-section elementor-element elementor-element-588a6a83 elementor-section-boxed elementor-section-height-default elementor-section-height-default\" data-id=\"588a6a83\" data-element_type=\"section\">\n\t\t\t\t\t\t<div class=\"elementor-container elementor-column-gap-default\">\n\t\t\t\t\t<div class=\"elementor-column elementor-col-100 elementor-top-column elementor-element elementor-element-48006ffe\" data-id=\"48006ffe\" data-element_type=\"column\">\n\t\t\t<div class=\"elementor-widget-wrap elementor-element-populated\">\n\t\t\t\t\t\t<div class=\"elementor-element elementor-element-6c31e5f5 elementor-widget elementor-widget-heading\" data-id=\"6c31e5f5\" data-element_type=\"widget\" data-widget_type=\"heading.default\">\n\t\t\t\t<div class=\"elementor-widget-container\">\n\t\t\t\t\t<h2 class=\"elementor-heading-title elementor-size-default\">PRODUCTO FINAL UDI 4 DE 1\u00b0: LOS MINIMUNDOS<\/h2>\t\t\t\t<\/div>\n\t\t\t\t<\/div>\n\t\t\t\t<div class=\"elementor-element elementor-element-5b2784fa elementor-widget elementor-widget-text-editor\" data-id=\"5b2784fa\" data-element_type=\"widget\" data-widget_type=\"text-editor.default\">\n\t\t\t\t<div class=\"elementor-widget-container\">\n\t\t\t\t\t\t\t\t\t<p>El alumnado de 1\u00b0 de Primaria ha realizado, como producto final de la UDI 4: \u00bfD\u00f3nde est\u00e1 Rasi?, maquetas de los minimundos trabajados en clase (jungle, sea, hot desert, cold desert, forest and savannah) . Han elaborado, utilizando diferentes materiales, peque\u00f1os ecosistemas incorporando los detalles m\u00e1s caracter\u00edsticos y animales que conviven en ellos. <br \/>Os mostramos, a continuaci\u00f3n, algunas im\u00e1genes de nuestro trabajo. \u00a1Esperamos que disfrut\u00e9is tanto vi\u00e9ndolo como nosotros elabor\u00e1ndolos!<\/p>\t\t\t\t\t\t\t\t<\/div>\n\t\t\t\t<\/div>\n\t\t\t\t<div class=\"elementor-element elementor-element-e0198b0 elementor-widget elementor-widget-video\" data-id=\"e0198b0\" data-element_type=\"widget\" data-settings=\"{&quot;youtube_url&quot;:&quot;https:\\\/\\\/www.youtube.com\\\/watch?v=Lf7rkpGFwZY&quot;,&quot;video_type&quot;:&quot;youtube&quot;,&quot;controls&quot;:&quot;yes&quot;}\" data-widget_type=\"video.default\">\n\t\t\t\t<div class=\"elementor-widget-container\">\n\t\t\t\t\t\t\t<div class=\"elementor-wrapper elementor-open-inline\">\n\t\t\t<div class=\"elementor-video\"><\/div>\t\t<\/div>\n\t\t\t\t\t\t<\/div>\n\t\t\t\t<\/div>\n\t\t\t\t<div class=\"elementor-element elementor-element-f6c6428 elementor-widget elementor-widget-image\" data-id=\"f6c6428\" data-element_type=\"widget\" data-widget_type=\"image.default\">\n\t\t\t\t<div class=\"elementor-widget-container\">\n\t\t\t\t\t\t\t\t\t\t\t\t\t\t\t<img decoding=\"async\" width=\"150\" height=\"66\" src=\"https:\/\/blogsaverroes.juntadeandalucia.es\/ceipposidonia\/files\/2020\/06\/logo-cole-sin-fondo-e1592417035740.png\" class=\"attachment-full size-full wp-image-2272\" alt=\"logocole\" srcset=\"https:\/\/blogsaverroes.juntadeandalucia.es\/ceipposidonia\/files\/2020\/06\/logo-cole-sin-fondo-e1592417035740.png 150w, https:\/\/blogsaverroes.juntadeandalucia.es\/ceipposidonia\/files\/2020\/06\/logo-cole-sin-fondo-e1592417035740-24x11.png 24w, https:\/\/blogsaverroes.juntadeandalucia.es\/ceipposidonia\/files\/2020\/06\/logo-cole-sin-fondo-e1592417035740-36x16.png 36w, https:\/\/blogsaverroes.juntadeandalucia.es\/ceipposidonia\/files\/2020\/06\/logo-cole-sin-fondo-e1592417035740-48x21.png 48w\" sizes=\"(max-width: 150px) 100vw, 150px\" \/>\t\t\t\t\t\t\t\t\t\t\t\t\t\t\t<\/div>\n\t\t\t\t<\/div>\n\t\t\t\t\t<\/div>\n\t\t<\/div>\n\t\t\t\t\t<\/div>\n\t\t<\/section>\n\t\t\t\t<\/div>\n\t\t","protected":false},"excerpt":{"rendered":"<p>PRODUCTO FINAL UDI 4 DE 1\u00b0: LOS MINIMUNDOS El alumnado de 1\u00b0 de Primaria ha realizado, como producto final de la UDI 4: \u00bfD\u00f3nde est\u00e1 Rasi?, maquetas de los minimundos trabajados en clase (jungle, sea, hot desert, cold desert, forest and savannah) . Han elaborado, utilizando diferentes materiales, peque\u00f1os ecosistemas incorporando los detalles m\u00e1s caracter\u00edsticos y animales que conviven en ellos. Os mostramos, a continuaci\u00f3n, algunas im\u00e1genes de nuestro trabajo. \u00a1Esperamos que disfrut\u00e9is tanto vi\u00e9ndolo como nosotros elabor\u00e1ndolos! https:\/\/www.youtube.com\/watch?v=Lf7rkpGFwZY<\/p>\n","protected":false},"author":10296,"featured_media":0,"parent":4072,"menu_order":6,"comment_status":"closed","ping_status":"closed","template":"","meta":{"ngg_post_thumbnail":0,"footnotes":"","_mc_calendar":[]},"aioseo_notices":[],"_links":{"self":[{"href":"https:\/\/blogsaverroes.juntadeandalucia.es\/ceipposidonia\/wp-json\/wp\/v2\/pages\/4788"}],"collection":[{"href":"https:\/\/blogsaverroes.juntadeandalucia.es\/ceipposidonia\/wp-json\/wp\/v2\/pages"}],"about":[{"href":"https:\/\/blogsaverroes.juntadeandalucia.es\/ceipposidonia\/wp-json\/wp\/v2\/types\/page"}],"author":[{"embeddable":true,"href":"https:\/\/blogsaverroes.juntadeandalucia.es\/ceipposidonia\/wp-json\/wp\/v2\/users\/10296"}],"replies":[{"embeddable":true,"href":"https:\/\/blogsaverroes.juntadeandalucia.es\/ceipposidonia\/wp-json\/wp\/v2\/comments?post=4788"}],"version-history":[{"count":4,"href":"https:\/\/blogsaverroes.juntadeandalucia.es\/ceipposidonia\/wp-json\/wp\/v2\/pages\/4788\/revisions"}],"predecessor-version":[{"id":4797,"href":"https:\/\/blogsaverroes.juntadeandalucia.es\/ceipposidonia\/wp-json\/wp\/v2\/pages\/4788\/revisions\/4797"}],"up":[{"embeddable":true,"href":"https:\/\/blogsaverroes.juntadeandalucia.es\/ceipposidonia\/wp-json\/wp\/v2\/pages\/4072"}],"wp:attachment":[{"href":"https:\/\/blogsaverroes.juntadeandalucia.es\/ceipposidonia\/wp-json\/wp\/v2\/media?parent=4788"}],"curies":[{"name":"wp","href":"https:\/\/api.w.org\/{rel}","templated":true}]}}