{"id":6113,"date":"2023-04-10T10:38:26","date_gmt":"2023-04-10T08:38:26","guid":{"rendered":"https:\/\/blogsaverroes.juntadeandalucia.es\/ceipposidonia\/?page_id=6113"},"modified":"2023-06-22T11:45:41","modified_gmt":"2023-06-22T09:45:41","slug":"sda-infantil4-22-23","status":"publish","type":"page","link":"https:\/\/blogsaverroes.juntadeandalucia.es\/ceipposidonia\/udis\/udis-y-sdas-2022-23\/sda-infantil4-22-23\/","title":{"rendered":"sda-Infantil4-22-23"},"content":{"rendered":"\t\t<div data-elementor-type=\"wp-page\" data-elementor-id=\"6113\" class=\"elementor elementor-6113\">\n\t\t\t\t\t\t<section class=\"elementor-section elementor-top-section elementor-element elementor-element-71fc06c3 elementor-section-boxed elementor-section-height-default elementor-section-height-default\" data-id=\"71fc06c3\" data-element_type=\"section\">\n\t\t\t\t\t\t<div class=\"elementor-container elementor-column-gap-default\">\n\t\t\t\t\t<div class=\"elementor-column elementor-col-100 elementor-top-column elementor-element elementor-element-1cfbf839\" data-id=\"1cfbf839\" data-element_type=\"column\" data-settings=\"{&quot;background_background&quot;:&quot;gradient&quot;}\">\n\t\t\t<div class=\"elementor-widget-wrap elementor-element-populated\">\n\t\t\t\t\t\t<div class=\"elementor-element elementor-element-24a55465 elementor-widget elementor-widget-heading\" data-id=\"24a55465\" data-element_type=\"widget\" data-widget_type=\"heading.default\">\n\t\t\t\t<div class=\"elementor-widget-container\">\n\t\t\t\t\t<h2 class=\"elementor-heading-title elementor-size-default\">REVISTA DIGITAL INGL\u00c9S 3er TRIMESTRE<\/h2>\t\t\t\t<\/div>\n\t\t\t\t<\/div>\n\t\t\t\t<div class=\"elementor-element elementor-element-45a06824 elementor-widget elementor-widget-text-editor\" data-id=\"45a06824\" data-element_type=\"widget\" data-widget_type=\"text-editor.default\">\n\t\t\t\t<div class=\"elementor-widget-container\">\n\t\t\t\t\t\t\t\t\t<p><span style=\"color: #000000\">Este trimestre, los ni\u00f1os y ni\u00f1as de 4 a\u00f1os han trabajado en ingl\u00e9s con la tem\u00e1tica \u00abEmergencies\u00bb; en coordinaci\u00f3n con el proyecto que han desarrollado con las tutoras. Queremos compartir con toda la comunidad educativa un folleto que hemos preparado con todo lo que hemos trabajado. Esperamos que os guste y lo disfrut\u00e9is tanto como nosotros aprendiendo y prepar\u00e1ndolo.<\/span><\/p><p><a href=\"https:\/\/www.calameo.com\/read\/007198966e582637d246d\" target=\"_blank\" rel=\"noopener\">Pincha en el siguiente enlace para visualizar nuestro dosier<\/a>: <a href=\"https:\/\/www.calameo.com\/read\/007198966e582637d246d\" target=\"_blank\" rel=\"noopener\">https:\/\/www.calameo.com\/read\/007198966e582637d246d<\/a><\/p>\t\t\t\t\t\t\t\t<\/div>\n\t\t\t\t<\/div>\n\t\t\t\t<div class=\"elementor-element elementor-element-78ff2756 elementor-widget elementor-widget-image\" data-id=\"78ff2756\" data-element_type=\"widget\" data-widget_type=\"image.default\">\n\t\t\t\t<div class=\"elementor-widget-container\">\n\t\t\t\t\t\t\t\t\t\t\t\t\t\t\t<img decoding=\"async\" width=\"150\" height=\"66\" src=\"https:\/\/blogsaverroes.juntadeandalucia.es\/ceipposidonia\/files\/2020\/06\/logo-cole-sin-fondo-e1592417035740.png\" class=\"attachment-medium size-medium wp-image-2272\" alt=\"logocole\" srcset=\"https:\/\/blogsaverroes.juntadeandalucia.es\/ceipposidonia\/files\/2020\/06\/logo-cole-sin-fondo-e1592417035740.png 150w, https:\/\/blogsaverroes.juntadeandalucia.es\/ceipposidonia\/files\/2020\/06\/logo-cole-sin-fondo-e1592417035740-24x11.png 24w, https:\/\/blogsaverroes.juntadeandalucia.es\/ceipposidonia\/files\/2020\/06\/logo-cole-sin-fondo-e1592417035740-36x16.png 36w, https:\/\/blogsaverroes.juntadeandalucia.es\/ceipposidonia\/files\/2020\/06\/logo-cole-sin-fondo-e1592417035740-48x21.png 48w\" sizes=\"(max-width: 150px) 100vw, 150px\" \/>\t\t\t\t\t\t\t\t\t\t\t\t\t\t\t<\/div>\n\t\t\t\t<\/div>\n\t\t\t\t<div class=\"elementor-element elementor-element-28cbadeb animated-slow elementor-widget-divider--view-line elementor-invisible elementor-widget elementor-widget-divider\" data-id=\"28cbadeb\" data-element_type=\"widget\" data-settings=\"{&quot;_animation&quot;:&quot;rubberBand&quot;}\" data-widget_type=\"divider.default\">\n\t\t\t\t<div class=\"elementor-widget-container\">\n\t\t\t\t\t\t\t<div class=\"elementor-divider\">\n\t\t\t<span class=\"elementor-divider-separator\">\n\t\t\t\t\t\t<\/span>\n\t\t<\/div>\n\t\t\t\t\t\t<\/div>\n\t\t\t\t<\/div>\n\t\t\t\t\t<\/div>\n\t\t<\/div>\n\t\t\t\t\t<\/div>\n\t\t<\/section>\n\t\t\t\t<section class=\"elementor-section elementor-top-section elementor-element elementor-element-5e1bd863 elementor-section-boxed elementor-section-height-default elementor-section-height-default\" data-id=\"5e1bd863\" data-element_type=\"section\">\n\t\t\t\t\t\t<div class=\"elementor-container elementor-column-gap-default\">\n\t\t\t\t\t<div class=\"elementor-column elementor-col-100 elementor-top-column elementor-element elementor-element-29116a3e\" data-id=\"29116a3e\" data-element_type=\"column\" data-settings=\"{&quot;background_background&quot;:&quot;gradient&quot;}\">\n\t\t\t<div class=\"elementor-widget-wrap elementor-element-populated\">\n\t\t\t\t\t\t<div class=\"elementor-element elementor-element-3719a7e1 elementor-widget elementor-widget-heading\" data-id=\"3719a7e1\" data-element_type=\"widget\" data-widget_type=\"heading.default\">\n\t\t\t\t<div class=\"elementor-widget-container\">\n\t\t\t\t\t<h2 class=\"elementor-heading-title elementor-size-default\">REVISTA DIGITAL INGL\u00c9S<\/h2>\t\t\t\t<\/div>\n\t\t\t\t<\/div>\n\t\t\t\t<div class=\"elementor-element elementor-element-37943c79 elementor-widget elementor-widget-text-editor\" data-id=\"37943c79\" data-element_type=\"widget\" data-widget_type=\"text-editor.default\">\n\t\t\t\t<div class=\"elementor-widget-container\">\n\t\t\t\t\t\t\t\t\t<p><span style=\"color: #000000\">Queremos compartir con vosotros y vosotras los dosieres digitales que hemos elaborado en ingl\u00e9s en Infantil de 4 a\u00f1os. En ellos, se recoge un resumen de todo lo trabajado en el segundo trimestre dentro de la Situaci\u00f3n de Aprendizaje \u00abJungle Ahoy!\u00bb (\u00a1Selva a la vista!), con la tem\u00e1tica de la selva; en coordinaci\u00f3n con el trabajo de las tutoras. <\/span><\/p><p>Esperamos que los disfrut\u00e9is tanto como nosotros.<\/p><p>4 a\u00f1os A <a title=\"enlace revista digital 4A\" href=\"https:\/\/www.calameo.com\/read\/0071989661a3eb9458207\" target=\"_blank\" rel=\"noopener\">https:\/\/www.calameo.com\/read\/0071989661a3eb9458207<\/a><\/p><p>4 a\u00f1os B <a title=\"enlace revista digital 4B\" href=\"https:\/\/www.calameo.com\/read\/007198966e16c397b786f\" target=\"_blank\" rel=\"noopener\">https:\/\/www.calameo.com\/read\/007198966e16c397b786f<\/a><\/p><p>4 a\u00f1os C <a title=\"enlace revista digital 4C\" href=\"https:\/\/www.calameo.com\/read\/00719896608bed67cfdfb\" target=\"_blank\" rel=\"noopener\">https:\/\/www.calameo.com\/read\/00719896608bed67cfdfb<\/a><\/p>\t\t\t\t\t\t\t\t<\/div>\n\t\t\t\t<\/div>\n\t\t\t\t<div class=\"elementor-element elementor-element-7519790c elementor-widget elementor-widget-image\" data-id=\"7519790c\" data-element_type=\"widget\" data-widget_type=\"image.default\">\n\t\t\t\t<div class=\"elementor-widget-container\">\n\t\t\t\t\t\t\t\t\t\t\t\t\t\t\t<img decoding=\"async\" width=\"150\" height=\"66\" src=\"https:\/\/blogsaverroes.juntadeandalucia.es\/ceipposidonia\/files\/2020\/06\/logo-cole-sin-fondo-e1592417035740.png\" class=\"attachment-medium size-medium wp-image-2272\" alt=\"logocole\" srcset=\"https:\/\/blogsaverroes.juntadeandalucia.es\/ceipposidonia\/files\/2020\/06\/logo-cole-sin-fondo-e1592417035740.png 150w, https:\/\/blogsaverroes.juntadeandalucia.es\/ceipposidonia\/files\/2020\/06\/logo-cole-sin-fondo-e1592417035740-24x11.png 24w, https:\/\/blogsaverroes.juntadeandalucia.es\/ceipposidonia\/files\/2020\/06\/logo-cole-sin-fondo-e1592417035740-36x16.png 36w, https:\/\/blogsaverroes.juntadeandalucia.es\/ceipposidonia\/files\/2020\/06\/logo-cole-sin-fondo-e1592417035740-48x21.png 48w\" sizes=\"(max-width: 150px) 100vw, 150px\" \/>\t\t\t\t\t\t\t\t\t\t\t\t\t\t\t<\/div>\n\t\t\t\t<\/div>\n\t\t\t\t<div class=\"elementor-element elementor-element-773458e animated-slow elementor-widget-divider--view-line elementor-invisible elementor-widget elementor-widget-divider\" data-id=\"773458e\" data-element_type=\"widget\" data-settings=\"{&quot;_animation&quot;:&quot;rubberBand&quot;}\" data-widget_type=\"divider.default\">\n\t\t\t\t<div class=\"elementor-widget-container\">\n\t\t\t\t\t\t\t<div class=\"elementor-divider\">\n\t\t\t<span class=\"elementor-divider-separator\">\n\t\t\t\t\t\t<\/span>\n\t\t<\/div>\n\t\t\t\t\t\t<\/div>\n\t\t\t\t<\/div>\n\t\t\t\t\t<\/div>\n\t\t<\/div>\n\t\t\t\t\t<\/div>\n\t\t<\/section>\n\t\t\t\t<\/div>\n\t\t","protected":false},"excerpt":{"rendered":"<p>REVISTA DIGITAL INGL\u00c9S 3er TRIMESTRE Este trimestre, los ni\u00f1os y ni\u00f1as de 4 a\u00f1os han trabajado en ingl\u00e9s con la tem\u00e1tica \u00abEmergencies\u00bb; en coordinaci\u00f3n con el proyecto que han desarrollado con las tutoras. Queremos compartir con toda la comunidad educativa un folleto que hemos preparado con todo lo que hemos trabajado. Esperamos que os guste y lo disfrut\u00e9is tanto como nosotros aprendiendo y prepar\u00e1ndolo. Pincha en el siguiente enlace para visualizar nuestro dosier: https:\/\/www.calameo.com\/read\/007198966e582637d246d REVISTA DIGITAL INGL\u00c9S Queremos compartir con vosotros y vosotras los dosieres digitales que hemos elaborado en ingl\u00e9s en Infantil de 4 a\u00f1os. En ellos, se recoge un resumen de todo lo trabajado en el segundo trimestre dentro de la Situaci\u00f3n de Aprendizaje \u00abJungle Ahoy!\u00bb (\u00a1Selva a la vista!), con la tem\u00e1tica de la selva; en coordinaci\u00f3n con el trabajo de las tutoras. Esperamos que los disfrut\u00e9is tanto como nosotros. 4 a\u00f1os A https:\/\/www.calameo.com\/read\/0071989661a3eb9458207 4 a\u00f1os B https:\/\/www.calameo.com\/read\/007198966e16c397b786f 4 a\u00f1os C https:\/\/www.calameo.com\/read\/00719896608bed67cfdfb<\/p>\n","protected":false},"author":10296,"featured_media":0,"parent":5832,"menu_order":2,"comment_status":"closed","ping_status":"closed","template":"","meta":{"ngg_post_thumbnail":0,"footnotes":"","_mc_calendar":[]},"aioseo_notices":[],"_links":{"self":[{"href":"https:\/\/blogsaverroes.juntadeandalucia.es\/ceipposidonia\/wp-json\/wp\/v2\/pages\/6113"}],"collection":[{"href":"https:\/\/blogsaverroes.juntadeandalucia.es\/ceipposidonia\/wp-json\/wp\/v2\/pages"}],"about":[{"href":"https:\/\/blogsaverroes.juntadeandalucia.es\/ceipposidonia\/wp-json\/wp\/v2\/types\/page"}],"author":[{"embeddable":true,"href":"https:\/\/blogsaverroes.juntadeandalucia.es\/ceipposidonia\/wp-json\/wp\/v2\/users\/10296"}],"replies":[{"embeddable":true,"href":"https:\/\/blogsaverroes.juntadeandalucia.es\/ceipposidonia\/wp-json\/wp\/v2\/comments?post=6113"}],"version-history":[{"count":7,"href":"https:\/\/blogsaverroes.juntadeandalucia.es\/ceipposidonia\/wp-json\/wp\/v2\/pages\/6113\/revisions"}],"predecessor-version":[{"id":6281,"href":"https:\/\/blogsaverroes.juntadeandalucia.es\/ceipposidonia\/wp-json\/wp\/v2\/pages\/6113\/revisions\/6281"}],"up":[{"embeddable":true,"href":"https:\/\/blogsaverroes.juntadeandalucia.es\/ceipposidonia\/wp-json\/wp\/v2\/pages\/5832"}],"wp:attachment":[{"href":"https:\/\/blogsaverroes.juntadeandalucia.es\/ceipposidonia\/wp-json\/wp\/v2\/media?parent=6113"}],"curies":[{"name":"wp","href":"https:\/\/api.w.org\/{rel}","templated":true}]}}