{"id":6238,"date":"2023-06-19T16:58:12","date_gmt":"2023-06-19T14:58:12","guid":{"rendered":"https:\/\/blogsaverroes.juntadeandalucia.es\/ceipposidonia\/?page_id=6238"},"modified":"2023-06-19T17:28:46","modified_gmt":"2023-06-19T15:28:46","slug":"udis-22-23-2o-p","status":"publish","type":"page","link":"https:\/\/blogsaverroes.juntadeandalucia.es\/ceipposidonia\/udis\/udis-y-sdas-2022-23\/udis-22-23-2o-p\/","title":{"rendered":"Udis 22-23 2o p"},"content":{"rendered":"\t\t<div data-elementor-type=\"wp-page\" data-elementor-id=\"6238\" class=\"elementor elementor-6238\">\n\t\t\t\t\t\t<section class=\"elementor-section elementor-top-section elementor-element elementor-element-1caebd62 elementor-section-boxed elementor-section-height-default elementor-section-height-default\" data-id=\"1caebd62\" data-element_type=\"section\">\n\t\t\t\t\t\t<div class=\"elementor-container elementor-column-gap-default\">\n\t\t\t\t\t<div class=\"elementor-column elementor-col-100 elementor-top-column elementor-element elementor-element-78fb7d46\" data-id=\"78fb7d46\" data-element_type=\"column\" data-settings=\"{&quot;background_background&quot;:&quot;gradient&quot;}\">\n\t\t\t<div class=\"elementor-widget-wrap elementor-element-populated\">\n\t\t\t\t\t\t<div class=\"elementor-element elementor-element-d6a646c elementor-widget elementor-widget-heading\" data-id=\"d6a646c\" data-element_type=\"widget\" data-widget_type=\"heading.default\">\n\t\t\t\t<div class=\"elementor-widget-container\">\n\t\t\t\t\t<h2 class=\"elementor-heading-title elementor-size-default\">2\u00ba PRIMARIA. PRODUCTO FINAL UDI 4 : SOBRE RUEDAS<\/h2>\t\t\t\t<\/div>\n\t\t\t\t<\/div>\n\t\t\t\t<div class=\"elementor-element elementor-element-9325ccb elementor-widget elementor-widget-text-editor\" data-id=\"9325ccb\" data-element_type=\"widget\" data-widget_type=\"text-editor.default\">\n\t\t\t\t<div class=\"elementor-widget-container\">\n\t\t\t\t\t\t\t\t\t<p><span style=\"color: #000000\">La educaci\u00f3n vial en la escuela es fundamental para la formaci\u00f3n de buenos futuros ciudadanos, ya que ella promueve el aprendizaje y cumplimiento de las normas y reglamentos creados con el fin de preservar la seguridad y la vida de las personas que vivimos en sociedad a trav\u00e9s de la prevenci\u00f3n de accidentes de tr\u00e1nsito. <br \/>Por ello nuestro alumnado de 2\u00ba de Primaria ha estado trabajando para tal fin, concienciados con los medios de transporte ecol\u00f3gicos y sostenibles han culminado la UDI 4 con un circuito de educaci\u00f3n vial dise\u00f1ado y elaborado por ellos mismos. \u00a1Aprendizajes para la vida!<\/span><\/p>\t\t\t\t\t\t\t\t<\/div>\n\t\t\t\t<\/div>\n\t\t\t\t<div class=\"elementor-element elementor-element-66d4af3 elementor-widget elementor-widget-image-gallery\" data-id=\"66d4af3\" data-element_type=\"widget\" data-widget_type=\"image-gallery.default\">\n\t\t\t\t<div class=\"elementor-widget-container\">\n\t\t\t\t\t\t\t<div class=\"elementor-image-gallery\">\n\t\t\t\n\t\t<style>\n\t\t\t#gallery-1 {\n\t\t\t\tmargin: auto;\n\t\t\t}\n\t\t\t#gallery-1 .gallery-item {\n\t\t\t\tfloat: left;\n\t\t\t\tmargin-top: 10px;\n\t\t\t\ttext-align: center;\n\t\t\t\twidth: 25%;\n\t\t\t}\n\t\t\t#gallery-1 img {\n\t\t\t\tborder: 2px solid #cfcfcf;\n\t\t\t}\n\t\t\t#gallery-1 .gallery-caption {\n\t\t\t\tmargin-left: 0;\n\t\t\t}\n\t\t\t\/* see gallery_shortcode() in wp-includes\/media.php *\/\n\t\t<\/style>\n\t\t<div id='gallery-1' class='gallery galleryid-6238 gallery-columns-4 gallery-size-thumbnail'><dl class='gallery-item'>\n\t\t\t<dt class='gallery-icon portrait'>\n\t\t\t\t<a data-elementor-open-lightbox=\"yes\" data-elementor-lightbox-slideshow=\"66d4af3\" data-elementor-lightbox-title=\"WhatsApp Image 2023-05-08 at 14.47.57(1)\" data-e-action-hash=\"#elementor-action%3Aaction%3Dlightbox%26settings%3DeyJpZCI6NjI0MiwidXJsIjoiaHR0cHM6XC9cL2Jsb2dzYXZlcnJvZXMuanVudGFkZWFuZGFsdWNpYS5lc1wvY2VpcHBvc2lkb25pYVwvZmlsZXNcLzIwMjNcLzA2XC9XaGF0c0FwcC1JbWFnZS0yMDIzLTA1LTA4LWF0LTE0LjQ3LjU3MS5qcGVnIiwic2xpZGVzaG93IjoiNjZkNGFmMyJ9\" href='https:\/\/blogsaverroes.juntadeandalucia.es\/ceipposidonia\/files\/2023\/06\/WhatsApp-Image-2023-05-08-at-14.47.571.jpeg'><img decoding=\"async\" width=\"150\" height=\"150\" src=\"https:\/\/blogsaverroes.juntadeandalucia.es\/ceipposidonia\/files\/2023\/06\/WhatsApp-Image-2023-05-08-at-14.47.571-150x150.jpeg\" class=\"attachment-thumbnail size-thumbnail\" alt=\"\" \/><\/a>\n\t\t\t<\/dt><\/dl><dl class='gallery-item'>\n\t\t\t<dt class='gallery-icon portrait'>\n\t\t\t\t<a data-elementor-open-lightbox=\"yes\" data-elementor-lightbox-slideshow=\"66d4af3\" data-elementor-lightbox-title=\"WhatsApp Image 2023-05-08 at 14.47.43(1)\" data-e-action-hash=\"#elementor-action%3Aaction%3Dlightbox%26settings%3DeyJpZCI6NjI0OCwidXJsIjoiaHR0cHM6XC9cL2Jsb2dzYXZlcnJvZXMuanVudGFkZWFuZGFsdWNpYS5lc1wvY2VpcHBvc2lkb25pYVwvZmlsZXNcLzIwMjNcLzA2XC9XaGF0c0FwcC1JbWFnZS0yMDIzLTA1LTA4LWF0LTE0LjQ3LjQzMS5qcGVnIiwic2xpZGVzaG93IjoiNjZkNGFmMyJ9\" href='https:\/\/blogsaverroes.juntadeandalucia.es\/ceipposidonia\/files\/2023\/06\/WhatsApp-Image-2023-05-08-at-14.47.431.jpeg'><img decoding=\"async\" width=\"150\" height=\"150\" src=\"https:\/\/blogsaverroes.juntadeandalucia.es\/ceipposidonia\/files\/2023\/06\/WhatsApp-Image-2023-05-08-at-14.47.431-150x150.jpeg\" class=\"attachment-thumbnail size-thumbnail\" alt=\"\" \/><\/a>\n\t\t\t<\/dt><\/dl><dl class='gallery-item'>\n\t\t\t<dt class='gallery-icon portrait'>\n\t\t\t\t<a data-elementor-open-lightbox=\"yes\" data-elementor-lightbox-slideshow=\"66d4af3\" data-elementor-lightbox-title=\"WhatsApp Image 2023-05-08 at 14.47.57(2)\" data-e-action-hash=\"#elementor-action%3Aaction%3Dlightbox%26settings%3DeyJpZCI6NjI0MSwidXJsIjoiaHR0cHM6XC9cL2Jsb2dzYXZlcnJvZXMuanVudGFkZWFuZGFsdWNpYS5lc1wvY2VpcHBvc2lkb25pYVwvZmlsZXNcLzIwMjNcLzA2XC9XaGF0c0FwcC1JbWFnZS0yMDIzLTA1LTA4LWF0LTE0LjQ3LjU3Mi5qcGVnIiwic2xpZGVzaG93IjoiNjZkNGFmMyJ9\" href='https:\/\/blogsaverroes.juntadeandalucia.es\/ceipposidonia\/files\/2023\/06\/WhatsApp-Image-2023-05-08-at-14.47.572.jpeg'><img decoding=\"async\" width=\"150\" height=\"150\" src=\"https:\/\/blogsaverroes.juntadeandalucia.es\/ceipposidonia\/files\/2023\/06\/WhatsApp-Image-2023-05-08-at-14.47.572-150x150.jpeg\" class=\"attachment-thumbnail size-thumbnail\" alt=\"\" \/><\/a>\n\t\t\t<\/dt><\/dl><dl class='gallery-item'>\n\t\t\t<dt class='gallery-icon portrait'>\n\t\t\t\t<a data-elementor-open-lightbox=\"yes\" data-elementor-lightbox-slideshow=\"66d4af3\" data-elementor-lightbox-title=\"WhatsApp Image 2023-05-08 at 14.47.57\" data-e-action-hash=\"#elementor-action%3Aaction%3Dlightbox%26settings%3DeyJpZCI6NjI0MywidXJsIjoiaHR0cHM6XC9cL2Jsb2dzYXZlcnJvZXMuanVudGFkZWFuZGFsdWNpYS5lc1wvY2VpcHBvc2lkb25pYVwvZmlsZXNcLzIwMjNcLzA2XC9XaGF0c0FwcC1JbWFnZS0yMDIzLTA1LTA4LWF0LTE0LjQ3LjU3LmpwZWciLCJzbGlkZXNob3ciOiI2NmQ0YWYzIn0%3D\" href='https:\/\/blogsaverroes.juntadeandalucia.es\/ceipposidonia\/files\/2023\/06\/WhatsApp-Image-2023-05-08-at-14.47.57.jpeg'><img loading=\"lazy\" decoding=\"async\" width=\"150\" height=\"150\" src=\"https:\/\/blogsaverroes.juntadeandalucia.es\/ceipposidonia\/files\/2023\/06\/WhatsApp-Image-2023-05-08-at-14.47.57-150x150.jpeg\" class=\"attachment-thumbnail size-thumbnail\" alt=\"\" \/><\/a>\n\t\t\t<\/dt><\/dl><br style=\"clear: both\" \/><dl class='gallery-item'>\n\t\t\t<dt class='gallery-icon portrait'>\n\t\t\t\t<a data-elementor-open-lightbox=\"yes\" data-elementor-lightbox-slideshow=\"66d4af3\" data-elementor-lightbox-title=\"WhatsApp Image 2023-05-08 at 14.47.56(2)\" data-e-action-hash=\"#elementor-action%3Aaction%3Dlightbox%26settings%3DeyJpZCI6NjI0NCwidXJsIjoiaHR0cHM6XC9cL2Jsb2dzYXZlcnJvZXMuanVudGFkZWFuZGFsdWNpYS5lc1wvY2VpcHBvc2lkb25pYVwvZmlsZXNcLzIwMjNcLzA2XC9XaGF0c0FwcC1JbWFnZS0yMDIzLTA1LTA4LWF0LTE0LjQ3LjU2Mi5qcGVnIiwic2xpZGVzaG93IjoiNjZkNGFmMyJ9\" href='https:\/\/blogsaverroes.juntadeandalucia.es\/ceipposidonia\/files\/2023\/06\/WhatsApp-Image-2023-05-08-at-14.47.562.jpeg'><img loading=\"lazy\" decoding=\"async\" width=\"150\" height=\"150\" src=\"https:\/\/blogsaverroes.juntadeandalucia.es\/ceipposidonia\/files\/2023\/06\/WhatsApp-Image-2023-05-08-at-14.47.562-150x150.jpeg\" class=\"attachment-thumbnail size-thumbnail\" alt=\"\" \/><\/a>\n\t\t\t<\/dt><\/dl><dl class='gallery-item'>\n\t\t\t<dt class='gallery-icon portrait'>\n\t\t\t\t<a data-elementor-open-lightbox=\"yes\" data-elementor-lightbox-slideshow=\"66d4af3\" data-elementor-lightbox-title=\"WhatsApp Image 2023-05-08 at 14.47.56(1)\" data-e-action-hash=\"#elementor-action%3Aaction%3Dlightbox%26settings%3DeyJpZCI6NjI0NSwidXJsIjoiaHR0cHM6XC9cL2Jsb2dzYXZlcnJvZXMuanVudGFkZWFuZGFsdWNpYS5lc1wvY2VpcHBvc2lkb25pYVwvZmlsZXNcLzIwMjNcLzA2XC9XaGF0c0FwcC1JbWFnZS0yMDIzLTA1LTA4LWF0LTE0LjQ3LjU2MS5qcGVnIiwic2xpZGVzaG93IjoiNjZkNGFmMyJ9\" href='https:\/\/blogsaverroes.juntadeandalucia.es\/ceipposidonia\/files\/2023\/06\/WhatsApp-Image-2023-05-08-at-14.47.561.jpeg'><img loading=\"lazy\" decoding=\"async\" width=\"150\" height=\"150\" src=\"https:\/\/blogsaverroes.juntadeandalucia.es\/ceipposidonia\/files\/2023\/06\/WhatsApp-Image-2023-05-08-at-14.47.561-150x150.jpeg\" class=\"attachment-thumbnail size-thumbnail\" alt=\"\" \/><\/a>\n\t\t\t<\/dt><\/dl><dl class='gallery-item'>\n\t\t\t<dt class='gallery-icon portrait'>\n\t\t\t\t<a data-elementor-open-lightbox=\"yes\" data-elementor-lightbox-slideshow=\"66d4af3\" data-elementor-lightbox-title=\"WhatsApp Image 2023-05-08 at 14.47.56\" data-e-action-hash=\"#elementor-action%3Aaction%3Dlightbox%26settings%3DeyJpZCI6NjI0NiwidXJsIjoiaHR0cHM6XC9cL2Jsb2dzYXZlcnJvZXMuanVudGFkZWFuZGFsdWNpYS5lc1wvY2VpcHBvc2lkb25pYVwvZmlsZXNcLzIwMjNcLzA2XC9XaGF0c0FwcC1JbWFnZS0yMDIzLTA1LTA4LWF0LTE0LjQ3LjU2LmpwZWciLCJzbGlkZXNob3ciOiI2NmQ0YWYzIn0%3D\" href='https:\/\/blogsaverroes.juntadeandalucia.es\/ceipposidonia\/files\/2023\/06\/WhatsApp-Image-2023-05-08-at-14.47.56.jpeg'><img loading=\"lazy\" decoding=\"async\" width=\"150\" height=\"150\" src=\"https:\/\/blogsaverroes.juntadeandalucia.es\/ceipposidonia\/files\/2023\/06\/WhatsApp-Image-2023-05-08-at-14.47.56-150x150.jpeg\" class=\"attachment-thumbnail size-thumbnail\" alt=\"\" \/><\/a>\n\t\t\t<\/dt><\/dl><dl class='gallery-item'>\n\t\t\t<dt class='gallery-icon portrait'>\n\t\t\t\t<a data-elementor-open-lightbox=\"yes\" data-elementor-lightbox-slideshow=\"66d4af3\" data-elementor-lightbox-title=\"WhatsApp Image 2023-05-08 at 14.47.48\" data-e-action-hash=\"#elementor-action%3Aaction%3Dlightbox%26settings%3DeyJpZCI6NjI0NywidXJsIjoiaHR0cHM6XC9cL2Jsb2dzYXZlcnJvZXMuanVudGFkZWFuZGFsdWNpYS5lc1wvY2VpcHBvc2lkb25pYVwvZmlsZXNcLzIwMjNcLzA2XC9XaGF0c0FwcC1JbWFnZS0yMDIzLTA1LTA4LWF0LTE0LjQ3LjQ4LmpwZWciLCJzbGlkZXNob3ciOiI2NmQ0YWYzIn0%3D\" href='https:\/\/blogsaverroes.juntadeandalucia.es\/ceipposidonia\/files\/2023\/06\/WhatsApp-Image-2023-05-08-at-14.47.48.jpeg'><img loading=\"lazy\" decoding=\"async\" width=\"150\" height=\"150\" src=\"https:\/\/blogsaverroes.juntadeandalucia.es\/ceipposidonia\/files\/2023\/06\/WhatsApp-Image-2023-05-08-at-14.47.48-150x150.jpeg\" class=\"attachment-thumbnail size-thumbnail\" alt=\"\" \/><\/a>\n\t\t\t<\/dt><\/dl><br style=\"clear: both\" \/><dl class='gallery-item'>\n\t\t\t<dt class='gallery-icon portrait'>\n\t\t\t\t<a data-elementor-open-lightbox=\"yes\" data-elementor-lightbox-slideshow=\"66d4af3\" data-elementor-lightbox-title=\"WhatsApp Image 2023-05-08 at 14.47.43\" data-e-action-hash=\"#elementor-action%3Aaction%3Dlightbox%26settings%3DeyJpZCI6NjI0OSwidXJsIjoiaHR0cHM6XC9cL2Jsb2dzYXZlcnJvZXMuanVudGFkZWFuZGFsdWNpYS5lc1wvY2VpcHBvc2lkb25pYVwvZmlsZXNcLzIwMjNcLzA2XC9XaGF0c0FwcC1JbWFnZS0yMDIzLTA1LTA4LWF0LTE0LjQ3LjQzLmpwZWciLCJzbGlkZXNob3ciOiI2NmQ0YWYzIn0%3D\" href='https:\/\/blogsaverroes.juntadeandalucia.es\/ceipposidonia\/files\/2023\/06\/WhatsApp-Image-2023-05-08-at-14.47.43.jpeg'><img loading=\"lazy\" decoding=\"async\" width=\"150\" height=\"150\" src=\"https:\/\/blogsaverroes.juntadeandalucia.es\/ceipposidonia\/files\/2023\/06\/WhatsApp-Image-2023-05-08-at-14.47.43-150x150.jpeg\" class=\"attachment-thumbnail size-thumbnail\" alt=\"\" \/><\/a>\n\t\t\t<\/dt><\/dl><dl class='gallery-item'>\n\t\t\t<dt class='gallery-icon portrait'>\n\t\t\t\t<a data-elementor-open-lightbox=\"yes\" data-elementor-lightbox-slideshow=\"66d4af3\" data-elementor-lightbox-title=\"WhatsApp Image 2023-05-08 at 14.47.42(2)\" data-e-action-hash=\"#elementor-action%3Aaction%3Dlightbox%26settings%3DeyJpZCI6NjI1MCwidXJsIjoiaHR0cHM6XC9cL2Jsb2dzYXZlcnJvZXMuanVudGFkZWFuZGFsdWNpYS5lc1wvY2VpcHBvc2lkb25pYVwvZmlsZXNcLzIwMjNcLzA2XC9XaGF0c0FwcC1JbWFnZS0yMDIzLTA1LTA4LWF0LTE0LjQ3LjQyMi5qcGVnIiwic2xpZGVzaG93IjoiNjZkNGFmMyJ9\" href='https:\/\/blogsaverroes.juntadeandalucia.es\/ceipposidonia\/files\/2023\/06\/WhatsApp-Image-2023-05-08-at-14.47.422.jpeg'><img loading=\"lazy\" decoding=\"async\" width=\"150\" height=\"150\" src=\"https:\/\/blogsaverroes.juntadeandalucia.es\/ceipposidonia\/files\/2023\/06\/WhatsApp-Image-2023-05-08-at-14.47.422-150x150.jpeg\" class=\"attachment-thumbnail size-thumbnail\" alt=\"\" \/><\/a>\n\t\t\t<\/dt><\/dl><dl class='gallery-item'>\n\t\t\t<dt class='gallery-icon portrait'>\n\t\t\t\t<a data-elementor-open-lightbox=\"yes\" data-elementor-lightbox-slideshow=\"66d4af3\" data-elementor-lightbox-title=\"WhatsApp Image 2023-05-08 at 14.47.42(1)\" data-e-action-hash=\"#elementor-action%3Aaction%3Dlightbox%26settings%3DeyJpZCI6NjI1MSwidXJsIjoiaHR0cHM6XC9cL2Jsb2dzYXZlcnJvZXMuanVudGFkZWFuZGFsdWNpYS5lc1wvY2VpcHBvc2lkb25pYVwvZmlsZXNcLzIwMjNcLzA2XC9XaGF0c0FwcC1JbWFnZS0yMDIzLTA1LTA4LWF0LTE0LjQ3LjQyMS5qcGVnIiwic2xpZGVzaG93IjoiNjZkNGFmMyJ9\" href='https:\/\/blogsaverroes.juntadeandalucia.es\/ceipposidonia\/files\/2023\/06\/WhatsApp-Image-2023-05-08-at-14.47.421.jpeg'><img loading=\"lazy\" decoding=\"async\" width=\"150\" height=\"150\" src=\"https:\/\/blogsaverroes.juntadeandalucia.es\/ceipposidonia\/files\/2023\/06\/WhatsApp-Image-2023-05-08-at-14.47.421-150x150.jpeg\" class=\"attachment-thumbnail size-thumbnail\" alt=\"\" \/><\/a>\n\t\t\t<\/dt><\/dl><dl class='gallery-item'>\n\t\t\t<dt class='gallery-icon portrait'>\n\t\t\t\t<a data-elementor-open-lightbox=\"yes\" data-elementor-lightbox-slideshow=\"66d4af3\" data-elementor-lightbox-title=\"WhatsApp Image 2023-05-08 at 14.47.42\" data-e-action-hash=\"#elementor-action%3Aaction%3Dlightbox%26settings%3DeyJpZCI6NjI1MiwidXJsIjoiaHR0cHM6XC9cL2Jsb2dzYXZlcnJvZXMuanVudGFkZWFuZGFsdWNpYS5lc1wvY2VpcHBvc2lkb25pYVwvZmlsZXNcLzIwMjNcLzA2XC9XaGF0c0FwcC1JbWFnZS0yMDIzLTA1LTA4LWF0LTE0LjQ3LjQyLmpwZWciLCJzbGlkZXNob3ciOiI2NmQ0YWYzIn0%3D\" href='https:\/\/blogsaverroes.juntadeandalucia.es\/ceipposidonia\/files\/2023\/06\/WhatsApp-Image-2023-05-08-at-14.47.42.jpeg'><img loading=\"lazy\" decoding=\"async\" width=\"150\" height=\"150\" src=\"https:\/\/blogsaverroes.juntadeandalucia.es\/ceipposidonia\/files\/2023\/06\/WhatsApp-Image-2023-05-08-at-14.47.42-150x150.jpeg\" class=\"attachment-thumbnail size-thumbnail\" alt=\"\" \/><\/a>\n\t\t\t<\/dt><\/dl><br style=\"clear: both\" \/>\n\t\t<\/div>\n\t\t<\/div>\n\t\t\t\t\t\t<\/div>\n\t\t\t\t<\/div>\n\t\t\t\t<div class=\"elementor-element elementor-element-2e698cf5 elementor-widget elementor-widget-image\" data-id=\"2e698cf5\" data-element_type=\"widget\" data-widget_type=\"image.default\">\n\t\t\t\t<div class=\"elementor-widget-container\">\n\t\t\t\t\t\t\t\t\t\t\t\t\t\t\t<img loading=\"lazy\" decoding=\"async\" width=\"150\" height=\"66\" src=\"https:\/\/blogsaverroes.juntadeandalucia.es\/ceipposidonia\/files\/2020\/06\/logo-cole-sin-fondo-e1592417035740.png\" class=\"attachment-medium size-medium wp-image-2272\" alt=\"logocole\" srcset=\"https:\/\/blogsaverroes.juntadeandalucia.es\/ceipposidonia\/files\/2020\/06\/logo-cole-sin-fondo-e1592417035740.png 150w, https:\/\/blogsaverroes.juntadeandalucia.es\/ceipposidonia\/files\/2020\/06\/logo-cole-sin-fondo-e1592417035740-24x11.png 24w, https:\/\/blogsaverroes.juntadeandalucia.es\/ceipposidonia\/files\/2020\/06\/logo-cole-sin-fondo-e1592417035740-36x16.png 36w, https:\/\/blogsaverroes.juntadeandalucia.es\/ceipposidonia\/files\/2020\/06\/logo-cole-sin-fondo-e1592417035740-48x21.png 48w\" sizes=\"(max-width: 150px) 100vw, 150px\" \/>\t\t\t\t\t\t\t\t\t\t\t\t\t\t\t<\/div>\n\t\t\t\t<\/div>\n\t\t\t\t<div class=\"elementor-element elementor-element-46a61f0d animated-slow elementor-widget-divider--view-line elementor-invisible elementor-widget elementor-widget-divider\" data-id=\"46a61f0d\" data-element_type=\"widget\" data-settings=\"{&quot;_animation&quot;:&quot;rubberBand&quot;}\" data-widget_type=\"divider.default\">\n\t\t\t\t<div class=\"elementor-widget-container\">\n\t\t\t\t\t\t\t<div class=\"elementor-divider\">\n\t\t\t<span class=\"elementor-divider-separator\">\n\t\t\t\t\t\t<\/span>\n\t\t<\/div>\n\t\t\t\t\t\t<\/div>\n\t\t\t\t<\/div>\n\t\t\t\t\t<\/div>\n\t\t<\/div>\n\t\t\t\t\t<\/div>\n\t\t<\/section>\n\t\t\t\t<\/div>\n\t\t","protected":false},"excerpt":{"rendered":"<p>2\u00ba PRIMARIA. PRODUCTO FINAL UDI 4 : SOBRE RUEDAS La educaci\u00f3n vial en la escuela es fundamental para la formaci\u00f3n de buenos futuros ciudadanos, ya que ella promueve el aprendizaje y cumplimiento de las normas y reglamentos creados con el fin de preservar la seguridad y la vida de las personas que vivimos en sociedad a trav\u00e9s de la prevenci\u00f3n de accidentes de tr\u00e1nsito. Por ello nuestro alumnado de 2\u00ba de Primaria ha estado trabajando para tal fin, concienciados con los medios de transporte ecol\u00f3gicos y sostenibles han culminado la UDI 4 con un circuito de educaci\u00f3n vial dise\u00f1ado y elaborado por ellos mismos. \u00a1Aprendizajes para la vida! #gallery-1 { margin: auto; } #gallery-1 .gallery-item { float: left; margin-top: 10px; text-align: center; width: 25%; } #gallery-1 img { border: 2px solid #cfcfcf; } #gallery-1 .gallery-caption { margin-left: 0; } \/* see gallery_shortcode() in wp-includes\/media.php *\/<\/p>\n","protected":false},"author":10296,"featured_media":0,"parent":5832,"menu_order":5,"comment_status":"closed","ping_status":"closed","template":"","meta":{"ngg_post_thumbnail":0,"footnotes":"","_mc_calendar":[]},"aioseo_notices":[],"_links":{"self":[{"href":"https:\/\/blogsaverroes.juntadeandalucia.es\/ceipposidonia\/wp-json\/wp\/v2\/pages\/6238"}],"collection":[{"href":"https:\/\/blogsaverroes.juntadeandalucia.es\/ceipposidonia\/wp-json\/wp\/v2\/pages"}],"about":[{"href":"https:\/\/blogsaverroes.juntadeandalucia.es\/ceipposidonia\/wp-json\/wp\/v2\/types\/page"}],"author":[{"embeddable":true,"href":"https:\/\/blogsaverroes.juntadeandalucia.es\/ceipposidonia\/wp-json\/wp\/v2\/users\/10296"}],"replies":[{"embeddable":true,"href":"https:\/\/blogsaverroes.juntadeandalucia.es\/ceipposidonia\/wp-json\/wp\/v2\/comments?post=6238"}],"version-history":[{"count":4,"href":"https:\/\/blogsaverroes.juntadeandalucia.es\/ceipposidonia\/wp-json\/wp\/v2\/pages\/6238\/revisions"}],"predecessor-version":[{"id":6255,"href":"https:\/\/blogsaverroes.juntadeandalucia.es\/ceipposidonia\/wp-json\/wp\/v2\/pages\/6238\/revisions\/6255"}],"up":[{"embeddable":true,"href":"https:\/\/blogsaverroes.juntadeandalucia.es\/ceipposidonia\/wp-json\/wp\/v2\/pages\/5832"}],"wp:attachment":[{"href":"https:\/\/blogsaverroes.juntadeandalucia.es\/ceipposidonia\/wp-json\/wp\/v2\/media?parent=6238"}],"curies":[{"name":"wp","href":"https:\/\/api.w.org\/{rel}","templated":true}]}}