{"id":7148,"date":"2026-02-12T13:34:11","date_gmt":"2026-02-12T12:34:11","guid":{"rendered":"https:\/\/blogsaverroes.juntadeandalucia.es\/ceipposidonia\/?page_id=7148"},"modified":"2026-02-12T13:41:17","modified_gmt":"2026-02-12T12:41:17","slug":"actualiz-plancentro","status":"publish","type":"page","link":"https:\/\/blogsaverroes.juntadeandalucia.es\/ceipposidonia\/centro\/plan-de-centro\/actualiz-plancentro\/","title":{"rendered":"ACTUALIZACI\u00d3N PLAN DE CENTRO"},"content":{"rendered":"\t\t<div data-elementor-type=\"wp-page\" data-elementor-id=\"7148\" class=\"elementor elementor-7148\">\n\t\t\t\t\t\t<section class=\"elementor-section elementor-top-section elementor-element elementor-element-1f2909b0 elementor-section-full_width elementor-section-height-default elementor-section-height-default\" data-id=\"1f2909b0\" data-element_type=\"section\">\n\t\t\t\t\t\t<div class=\"elementor-container elementor-column-gap-default\">\n\t\t\t\t\t<div class=\"elementor-column elementor-col-100 elementor-top-column elementor-element elementor-element-a241cb6\" data-id=\"a241cb6\" data-element_type=\"column\" data-settings=\"{&quot;background_background&quot;:&quot;gradient&quot;,&quot;animation&quot;:&quot;none&quot;}\">\n\t\t\t<div class=\"elementor-widget-wrap elementor-element-populated\">\n\t\t\t\t\t<div class=\"elementor-background-overlay\"><\/div>\n\t\t\t\t\t\t<div class=\"elementor-element elementor-element-4c534889 elementor-widget elementor-widget-heading\" data-id=\"4c534889\" data-element_type=\"widget\" data-widget_type=\"heading.default\">\n\t\t\t\t<div class=\"elementor-widget-container\">\n\t\t\t\t\t<h2 class=\"elementor-heading-title elementor-size-default\">ACTUALIZACIONES Y MODIFICACIONES ANUALES AL PLAN DE CENTRO<\/h2>\t\t\t\t<\/div>\n\t\t\t\t<\/div>\n\t\t\t\t<div class=\"elementor-element elementor-element-343dca15 elementor-widget elementor-widget-text-editor\" data-id=\"343dca15\" data-element_type=\"widget\" data-widget_type=\"text-editor.default\">\n\t\t\t\t<div class=\"elementor-widget-container\">\n\t\t\t\t\t\t\t\t\t<p><span style=\"color: #000000\">Tomando como documento base el Plan de Centro del curso 24\/25 se ir\u00e1n haciendo las sucesivas modificaciones que se enlazan a continuaci\u00f3n para mantener dicho plan actualizado en los a\u00f1os sucesivos.<\/span><\/p>\t\t\t\t\t\t\t\t<\/div>\n\t\t\t\t<\/div>\n\t\t\t\t<div class=\"elementor-element elementor-element-c931356 elementor-align-center elementor-widget elementor-widget-button\" data-id=\"c931356\" data-element_type=\"widget\" data-widget_type=\"button.default\">\n\t\t\t\t<div class=\"elementor-widget-container\">\n\t\t\t\t\t\t\t\t\t<div class=\"elementor-button-wrapper\">\n\t\t\t\t\t<a class=\"elementor-button elementor-button-link elementor-size-sm\" href=\"https:\/\/blogsaverroes.juntadeandalucia.es\/ceipposidonia\/files\/2026\/02\/RESUMEN_MODIFICACIONES_PLAN_DE_CENTRO_2026.-2-1.pdf\">\n\t\t\t\t\t\t<span class=\"elementor-button-content-wrapper\">\n\t\t\t\t\t\t\t\t\t<span class=\"elementor-button-text\">MODIFICACI\u00d3N PLAN DE CENTRO CURSO 2025\/26<\/span>\n\t\t\t\t\t<\/span>\n\t\t\t\t\t<\/a>\n\t\t\t\t<\/div>\n\t\t\t\t\t\t\t\t<\/div>\n\t\t\t\t<\/div>\n\t\t\t\t<div class=\"elementor-element elementor-element-4a57a112 elementor-widget elementor-widget-image\" data-id=\"4a57a112\" data-element_type=\"widget\" data-widget_type=\"image.default\">\n\t\t\t\t<div class=\"elementor-widget-container\">\n\t\t\t\t\t\t\t\t\t\t\t\t\t\t\t<img decoding=\"async\" width=\"150\" height=\"66\" src=\"https:\/\/blogsaverroes.juntadeandalucia.es\/ceipposidonia\/files\/2020\/06\/logo-cole-sin-fondo-e1592417035740-150x66.png\" class=\"attachment-thumbnail size-thumbnail wp-image-2272\" alt=\"logocole\" srcset=\"https:\/\/blogsaverroes.juntadeandalucia.es\/ceipposidonia\/files\/2020\/06\/logo-cole-sin-fondo-e1592417035740.png 150w, https:\/\/blogsaverroes.juntadeandalucia.es\/ceipposidonia\/files\/2020\/06\/logo-cole-sin-fondo-e1592417035740-24x11.png 24w, https:\/\/blogsaverroes.juntadeandalucia.es\/ceipposidonia\/files\/2020\/06\/logo-cole-sin-fondo-e1592417035740-36x16.png 36w, https:\/\/blogsaverroes.juntadeandalucia.es\/ceipposidonia\/files\/2020\/06\/logo-cole-sin-fondo-e1592417035740-48x21.png 48w\" sizes=\"(max-width: 150px) 100vw, 150px\" \/>\t\t\t\t\t\t\t\t\t\t\t\t\t\t\t<\/div>\n\t\t\t\t<\/div>\n\t\t\t\t<div class=\"elementor-element elementor-element-5cf49d3d animated-slow elementor-widget-divider--separator-type-pattern elementor-widget-divider--view-line elementor-invisible elementor-widget elementor-widget-divider\" data-id=\"5cf49d3d\" data-element_type=\"widget\" data-settings=\"{&quot;_animation&quot;:&quot;rubberBand&quot;}\" data-widget_type=\"divider.default\">\n\t\t\t\t<div class=\"elementor-widget-container\">\n\t\t\t\t\t\t\t<div class=\"elementor-divider\" style=\"--divider-pattern-url: url(&quot;data:image\/svg+xml,%3Csvg xmlns=&#039;http:\/\/www.w3.org\/2000\/svg&#039; preserveAspectRatio=&#039;none&#039; overflow=&#039;visible&#039; height=&#039;100%&#039; viewBox=&#039;0 0 24 24&#039; fill=&#039;none&#039; stroke=&#039;black&#039; stroke-width=&#039;1&#039; stroke-linecap=&#039;square&#039; stroke-miterlimit=&#039;10&#039;%3E%3Cpath d=&#039;M0,21c3.3,0,8.3-0.9,15.7-7.1c6.6-5.4,4.4-9.3,2.4-10.3c-3.4-1.8-7.7,1.3-7.3,8.8C11.2,20,17.1,21,24,21&#039;\/%3E%3C\/svg%3E&quot;);\">\n\t\t\t<span class=\"elementor-divider-separator\">\n\t\t\t\t\t\t<\/span>\n\t\t<\/div>\n\t\t\t\t\t\t<\/div>\n\t\t\t\t<\/div>\n\t\t\t\t\t<\/div>\n\t\t<\/div>\n\t\t\t\t\t<\/div>\n\t\t<\/section>\n\t\t\t\t<\/div>\n\t\t","protected":false},"excerpt":{"rendered":"<p>ACTUALIZACIONES Y MODIFICACIONES ANUALES AL PLAN DE CENTRO Tomando como documento base el Plan de Centro del curso 24\/25 se ir\u00e1n haciendo las sucesivas modificaciones que se enlazan a continuaci\u00f3n para mantener dicho plan actualizado en los a\u00f1os sucesivos. MODIFICACI\u00d3N PLAN DE CENTRO CURSO 2025\/26<\/p>\n","protected":false},"author":10296,"featured_media":0,"parent":2719,"menu_order":1,"comment_status":"closed","ping_status":"closed","template":"","meta":{"ngg_post_thumbnail":0,"footnotes":"","_mc_calendar":[]},"aioseo_notices":[],"_links":{"self":[{"href":"https:\/\/blogsaverroes.juntadeandalucia.es\/ceipposidonia\/wp-json\/wp\/v2\/pages\/7148"}],"collection":[{"href":"https:\/\/blogsaverroes.juntadeandalucia.es\/ceipposidonia\/wp-json\/wp\/v2\/pages"}],"about":[{"href":"https:\/\/blogsaverroes.juntadeandalucia.es\/ceipposidonia\/wp-json\/wp\/v2\/types\/page"}],"author":[{"embeddable":true,"href":"https:\/\/blogsaverroes.juntadeandalucia.es\/ceipposidonia\/wp-json\/wp\/v2\/users\/10296"}],"replies":[{"embeddable":true,"href":"https:\/\/blogsaverroes.juntadeandalucia.es\/ceipposidonia\/wp-json\/wp\/v2\/comments?post=7148"}],"version-history":[{"count":11,"href":"https:\/\/blogsaverroes.juntadeandalucia.es\/ceipposidonia\/wp-json\/wp\/v2\/pages\/7148\/revisions"}],"predecessor-version":[{"id":7162,"href":"https:\/\/blogsaverroes.juntadeandalucia.es\/ceipposidonia\/wp-json\/wp\/v2\/pages\/7148\/revisions\/7162"}],"up":[{"embeddable":true,"href":"https:\/\/blogsaverroes.juntadeandalucia.es\/ceipposidonia\/wp-json\/wp\/v2\/pages\/2719"}],"wp:attachment":[{"href":"https:\/\/blogsaverroes.juntadeandalucia.es\/ceipposidonia\/wp-json\/wp\/v2\/media?parent=7148"}],"curies":[{"name":"wp","href":"https:\/\/api.w.org\/{rel}","templated":true}]}}