{"id":2176,"date":"2016-11-04T09:30:48","date_gmt":"2016-11-04T09:30:48","guid":{"rendered":"http:\/\/blogsaverroes.juntadeandalucia.es\/ceipprincipedeasturias\/?page_id=2176"},"modified":"2020-07-02T14:54:58","modified_gmt":"2020-07-02T14:54:58","slug":"plan-de-igualdad-y-coeducacion","status":"publish","type":"page","link":"https:\/\/blogsaverroes.juntadeandalucia.es\/ceipprincipedeasturias\/planes_programas_proyectos\/plan-de-igualdad-y-coeducacion\/","title":{"rendered":"Plan de Igualdad y Coeducaci\u00f3n"},"content":{"rendered":"<p>Es una necesidad social impulsar la igualdad dentro del sistema educativo, tanto en aspectos estructurales y culturales de la Administraci\u00f3n, como en los relacionados con la vida y las actuaciones de los centros docentes contemplando, asimismo, la diversidad de identidades de g\u00e9nero, de orientaciones sexuales, de modelos de familia y de formas de convivencia, evitando cualquier tipo de discriminaci\u00f3n por causa de estas. El dise\u00f1o de las pol\u00edticas a favor de las mujeres ha encontrado su desarrollo en los Planes de Igualdad que vienen a dar respuesta a la necesidad de conquistar derechos igualitarios para las mujeres, eliminando los obst\u00e1culos que se interponen a la igualdad real y al acceso al \u00e1mbito de lo p\u00fablico.<\/p>\n<p>Por todo ello, desde nuestro Centro, trabajamos y trabajaremos para llevar a cabo actuaciones en este mismo sentido a favor de los derechos de las mujeres y, adem\u00e1s, incorporar actuaciones que incidan en la cultura real que sustenta la desigualdad, con actuaciones a favor de los hombres y de las mujeres en aquellas desigualdades espec\u00edficas que produce la tradicional socializaci\u00f3n diferenciada. De esta forma tanto las chicas como los chicos refuerzan los aspectos que, en cada caso, les son favorables y recuperan los que se les hab\u00eda prohibido, posibilitando su pleno desarrollo como personas.<\/p>\n<p>Coordinadora del Plan de Igualdad y coeducaci\u00f3n.<\/p>\n<p>Inmaculada Cuendes Riau<\/p>\n<p>&nbsp;<\/p>\n<p><a href=\"https:\/\/blogsaverroes.juntadeandalucia.es\/ceipprincipedeasturias\/files\/2020\/07\/78c17079707798900bf2ab0d6902b33f.jpg\"><img loading=\"lazy\" decoding=\"async\" class=\"alignnone size-full wp-image-3000\" src=\"https:\/\/blogsaverroes.juntadeandalucia.es\/ceipprincipedeasturias\/files\/2020\/07\/78c17079707798900bf2ab0d6902b33f.jpg\" alt=\"\" width=\"216\" height=\"316\" srcset=\"https:\/\/blogsaverroes.juntadeandalucia.es\/ceipprincipedeasturias\/files\/2020\/07\/78c17079707798900bf2ab0d6902b33f.jpg 216w, https:\/\/blogsaverroes.juntadeandalucia.es\/ceipprincipedeasturias\/files\/2020\/07\/78c17079707798900bf2ab0d6902b33f-205x300.jpg 205w, https:\/\/blogsaverroes.juntadeandalucia.es\/ceipprincipedeasturias\/files\/2020\/07\/78c17079707798900bf2ab0d6902b33f-16x24.jpg 16w, https:\/\/blogsaverroes.juntadeandalucia.es\/ceipprincipedeasturias\/files\/2020\/07\/78c17079707798900bf2ab0d6902b33f-25x36.jpg 25w, https:\/\/blogsaverroes.juntadeandalucia.es\/ceipprincipedeasturias\/files\/2020\/07\/78c17079707798900bf2ab0d6902b33f-33x48.jpg 33w\" sizes=\"(max-width: 216px) 100vw, 216px\" \/><\/a>&nbsp; &nbsp;<\/p>\n","protected":false},"excerpt":{"rendered":"<p>Es una necesidad social impulsar la igualdad dentro del sistema educativo, tanto en aspectos estructurales y culturales de la Administraci\u00f3n, como en los relacionados con&hellip;<\/p>\n","protected":false},"author":3012,"featured_media":0,"parent":44,"menu_order":0,"comment_status":"open","ping_status":"open","template":"","meta":{"ngg_post_thumbnail":0,"footnotes":"","_mc_calendar":[]},"aioseo_notices":[],"_links":{"self":[{"href":"https:\/\/blogsaverroes.juntadeandalucia.es\/ceipprincipedeasturias\/wp-json\/wp\/v2\/pages\/2176"}],"collection":[{"href":"https:\/\/blogsaverroes.juntadeandalucia.es\/ceipprincipedeasturias\/wp-json\/wp\/v2\/pages"}],"about":[{"href":"https:\/\/blogsaverroes.juntadeandalucia.es\/ceipprincipedeasturias\/wp-json\/wp\/v2\/types\/page"}],"author":[{"embeddable":true,"href":"https:\/\/blogsaverroes.juntadeandalucia.es\/ceipprincipedeasturias\/wp-json\/wp\/v2\/users\/3012"}],"replies":[{"embeddable":true,"href":"https:\/\/blogsaverroes.juntadeandalucia.es\/ceipprincipedeasturias\/wp-json\/wp\/v2\/comments?post=2176"}],"version-history":[{"count":7,"href":"https:\/\/blogsaverroes.juntadeandalucia.es\/ceipprincipedeasturias\/wp-json\/wp\/v2\/pages\/2176\/revisions"}],"predecessor-version":[{"id":3004,"href":"https:\/\/blogsaverroes.juntadeandalucia.es\/ceipprincipedeasturias\/wp-json\/wp\/v2\/pages\/2176\/revisions\/3004"}],"up":[{"embeddable":true,"href":"https:\/\/blogsaverroes.juntadeandalucia.es\/ceipprincipedeasturias\/wp-json\/wp\/v2\/pages\/44"}],"wp:attachment":[{"href":"https:\/\/blogsaverroes.juntadeandalucia.es\/ceipprincipedeasturias\/wp-json\/wp\/v2\/media?parent=2176"}],"curies":[{"name":"wp","href":"https:\/\/api.w.org\/{rel}","templated":true}]}}